{"id":1773,"date":"2015-10-09T07:55:59","date_gmt":"2015-10-09T07:55:59","guid":{"rendered":"http:\/\/demo.snstheme.com\/wp\/simen\/\/?page_id=1773"},"modified":"2022-01-24T10:50:46","modified_gmt":"2022-01-24T03:50:46","slug":"lien-he","status":"publish","type":"page","link":"https:\/\/lovemyhome.vn\/en\/lien-he\/","title":{"rendered":"Li\u00ean h\u1ec7"},"content":{"rendered":"<p><\/p>\r\n\r\n\r\n<div class=\"vc_row wpb_row vc_row-fluid vc_custom_1498917058460\"><div class=\"wpb_column vc_column_container vc_col-sm-12\"><div class=\"vc_column-inner \"><div class=\"wpb_wrapper\">\n\t<div class=\"wpb_text_column wpb_content_element \">\n\t\t<div class=\"wpb_wrapper\">\n\t\t\t<div>\n<h3 style=\"text-align: left;\"><strong>C\u00d4NG TY TNHH THI\u1ebeT B\u1eca B\u1ea2O KIM<\/strong><\/h3>\n<p style=\"text-align: left; font-size: 14px;\"><i class=\"fa fa-map-marker\"><\/i>\u00a0\u00a0\u00a0V\u0103n ph\u00f2ng HCM: 26. Cao \u0110\u1ee9c L\u00e2n, P. An Ph\u00fa, Qu\u1eadn 2<\/p>\n<p style=\"text-align: left; font-size: 14px;\"><i class=\"fa fa-map-marker\"><\/i>\u00a0\u00a0\u00a0V\u0103n ph\u00f2ng H\u00e0 N\u1ed9i: S\u1ed1 28. Ng\u00f5 12, Nguy\u1ec5n Ng\u1ecdc N\u1ea1i, Qu\u1eadn Thanh Xu\u00e2n<\/p>\n<p style=\"text-align: left; font-size: 14px;\"><i class=\"fa fa-phone\"><\/i>\u00a0\u00a0\u00a00913.123.345<\/p>\n<p style=\"text-align: left; font-size: 14px;\"><i class=\"fa fa-envelope-o\"><\/i>\u00a0\u00a0\u00a0info@lovemyhome.vn<\/p>\n<h4 style=\"text-align: center;\">Hotline: 0938 006 577 &#8211; 0938 500 095 &#8211; 0934 088 139<\/h4>\n<h4 style=\"text-align: center;\"><span style=\"font-size: inherit;\">&gt;&gt;&gt;&gt;&gt;&gt;&gt;&gt;\u00a0<\/span><a style=\"font-size: inherit;\" href=\"https:\/\/youtu.be\/CCiSqpWvB6o\">https:\/\/youtu.be\/CCiSqpWvB6o<\/a><\/h4>\n<h4 style=\"text-align: center;\"><span style=\"font-size: inherit;\">&gt;&gt; <\/span><a style=\"font-size: inherit;\" href=\"https:\/\/www.facebook.com\/Forboflooringbaokim\">https:\/\/www.facebook.com\/Forboflooringbaokim<\/a><\/h4>\n<h4 style=\"text-align: center;\">&gt;&gt;&gt;&gt;&gt;&gt;&gt;&gt;&gt;&gt; <a href=\"https:\/\/sanbaokim.com\/\">sanbaokim.com<\/a><\/h4>\n<h4 style=\"text-align: center;\">&gt;&gt;&gt;&gt;&gt;&gt;&gt;&gt;&gt;&gt; <a href=\"http:\/\/mayphunsonwagner.vn\">mayphunsonwagner.vn\u00a0<\/a><\/h4>\n<h4 style=\"text-align: center;\">&gt;&gt;&gt;&gt;&gt;&gt;&gt;&gt;&gt;&gt;&gt;&gt;&gt;&gt;&gt;&gt;&gt; <a href=\"https:\/\/danhantaodupont.com\/\">https:\/\/danhantaodupont.com\/<\/a><\/h4>\n<\/div>\n\n\t\t<\/div>\n\t<\/div>\n<\/div><\/div><\/div><\/div>\n\r\n\r\n\r\n<div class=\"vc_row wpb_row vc_row-fluid vc_custom_1447043410212\"><div class=\"wpb_column vc_column_container vc_col-sm-12\"><div class=\"vc_column-inner \"><div class=\"wpb_wrapper\"><div class=\"wpb_gmaps_widget wpb_content_element\">\n\t\t<div class=\"wpb_wrapper\">\n\t\t<div class=\"wpb_map_wraper\">\n\t\t\t<iframe src=\"https:\/\/www.google.com\/maps\/embed?pb=!1m18!1m12!1m3!1d3919.203815879314!2d106.74208044978374!3d10.795696161753446!2m3!1f0!2f0!3f0!3m2!1i1024!2i768!4f13.1!3m3!1m2!1s0x3175260dac267343%3A0xa890b074677a703e!2zQ8O0bmcgdHkgVE5ISCB0aGnhur90IGLhu4sgQuG6o28gS2lt!5e0!3m2!1sen!2s!4v1498916511367\" width=\"600\" height=\"450\" frameborder=\"0\" style=\"border:0\" allowfullscreen><\/iframe>\t\t<\/div>\n\t<\/div>\n<\/div>\n<\/div><\/div><\/div><\/div>","protected":false},"excerpt":{"rendered":"[:vi] &nbsp; C\u00d4NG TY TNHH THI\u1ebeT B\u1eca B\u1ea2O KIM \u00a0\u00a0\u00a0V\u0103n ph\u00f2ng HCM: 129 B\u00f9i T\u00e1 H\u00e1n, Ph\u01b0\u1eddng An Ph\u00fa, Qu\u1eadn 2. \u00a0\u00a0\u00a0V\u0103n ph\u00f2ng H\u00e0 N\u1ed9i: 121 L\u00f4 D4 Khu \u0111\u00f4 th\u1ecb \u0110\u1ea1i Kim, P. \u0110\u1ecbnh C\u00f4ng, Q Ho\u00e0ng Mai, H\u00e0 N\u1ed9i \u00a0\u00a0\u00a00913.123.345 \u00a0\u00a0\u00a0info@lovemyhome.vn Hotline: 0938 006 577 \u2013 0938 500 095 \u2013 0934 088 139 [...]","protected":false},"author":1,"featured_media":0,"parent":0,"menu_order":0,"comment_status":"closed","ping_status":"closed","template":"fullwidth.php","meta":[],"yoast_head":"<!-- This site is optimized with the Yoast SEO plugin v16.7 - https:\/\/yoast.com\/wordpress\/plugins\/seo\/ -->\n<title>Li\u00ean h\u1ec7 - Lovemyhome<\/title>\n<meta name=\"robots\" content=\"index, follow, max-snippet:-1, max-image-preview:large, max-video-preview:-1\" \/>\n<link rel=\"canonical\" href=\"https:\/\/lovemyhome.vn\/lien-he\/\" \/>\n<meta property=\"og:locale\" content=\"en_US\" \/>\n<meta property=\"og:type\" content=\"article\" \/>\n<meta property=\"og:title\" content=\"Li\u00ean h\u1ec7 - Lovemyhome\" \/>\n<meta property=\"og:url\" content=\"https:\/\/lovemyhome.vn\/lien-he\/\" \/>\n<meta property=\"og:site_name\" content=\"Lovemyhome\" \/>\n<meta property=\"article:modified_time\" content=\"2022-01-24T03:50:46+00:00\" \/>\n<meta name=\"twitter:card\" content=\"summary\" \/>\n<meta name=\"twitter:label1\" content=\"Est. reading time\" \/>\n\t<meta name=\"twitter:data1\" content=\"1 minute\" \/>\n<script type=\"application\/ld+json\" class=\"yoast-schema-graph\">{\"@context\":\"https:\/\/schema.org\",\"@graph\":[{\"@type\":\"WebSite\",\"@id\":\"https:\/\/lovemyhome.vn\/#website\",\"url\":\"https:\/\/lovemyhome.vn\/\",\"name\":\"Lovemyhome\",\"description\":\"t\\u00f4i y\\u00eau nh\\u00e0 t\\u00f4i\",\"potentialAction\":[{\"@type\":\"SearchAction\",\"target\":{\"@type\":\"EntryPoint\",\"urlTemplate\":\"https:\/\/lovemyhome.vn\/?s={search_term_string}\"},\"query-input\":\"required name=search_term_string\"}],\"inLanguage\":\"en-US\"},{\"@type\":\"WebPage\",\"@id\":\"https:\/\/lovemyhome.vn\/lien-he\/#webpage\",\"url\":\"https:\/\/lovemyhome.vn\/lien-he\/\",\"name\":\"Li\\u00ean h\\u1ec7 - Lovemyhome\",\"isPartOf\":{\"@id\":\"https:\/\/lovemyhome.vn\/#website\"},\"datePublished\":\"2015-10-09T07:55:59+00:00\",\"dateModified\":\"2022-01-24T03:50:46+00:00\",\"breadcrumb\":{\"@id\":\"https:\/\/lovemyhome.vn\/lien-he\/#breadcrumb\"},\"inLanguage\":\"en-US\",\"potentialAction\":[{\"@type\":\"ReadAction\",\"target\":[\"https:\/\/lovemyhome.vn\/lien-he\/\"]}]},{\"@type\":\"BreadcrumbList\",\"@id\":\"https:\/\/lovemyhome.vn\/lien-he\/#breadcrumb\",\"itemListElement\":[{\"@type\":\"ListItem\",\"position\":1,\"name\":\"Home\",\"item\":\"https:\/\/lovemyhome.vn\/\"},{\"@type\":\"ListItem\",\"position\":2,\"name\":\"Li\\u00ean h\\u1ec7\"}]}]}<\/script>\n<!-- \/ Yoast SEO plugin. -->","yoast_head_json":{"title":"Li\u00ean h\u1ec7 - Lovemyhome","robots":{"index":"index","follow":"follow","max-snippet":"max-snippet:-1","max-image-preview":"max-image-preview:large","max-video-preview":"max-video-preview:-1"},"canonical":"https:\/\/lovemyhome.vn\/lien-he\/","og_locale":"en_US","og_type":"article","og_title":"Li\u00ean h\u1ec7 - Lovemyhome","og_url":"https:\/\/lovemyhome.vn\/lien-he\/","og_site_name":"Lovemyhome","article_modified_time":"2022-01-24T03:50:46+00:00","twitter_card":"summary","twitter_misc":{"Est. reading time":"1 minute"},"schema":{"@context":"https:\/\/schema.org","@graph":[{"@type":"WebSite","@id":"https:\/\/lovemyhome.vn\/#website","url":"https:\/\/lovemyhome.vn\/","name":"Lovemyhome","description":"t\u00f4i y\u00eau nh\u00e0 t\u00f4i","potentialAction":[{"@type":"SearchAction","target":{"@type":"EntryPoint","urlTemplate":"https:\/\/lovemyhome.vn\/?s={search_term_string}"},"query-input":"required name=search_term_string"}],"inLanguage":"en-US"},{"@type":"WebPage","@id":"https:\/\/lovemyhome.vn\/lien-he\/#webpage","url":"https:\/\/lovemyhome.vn\/lien-he\/","name":"Li\u00ean h\u1ec7 - Lovemyhome","isPartOf":{"@id":"https:\/\/lovemyhome.vn\/#website"},"datePublished":"2015-10-09T07:55:59+00:00","dateModified":"2022-01-24T03:50:46+00:00","breadcrumb":{"@id":"https:\/\/lovemyhome.vn\/lien-he\/#breadcrumb"},"inLanguage":"en-US","potentialAction":[{"@type":"ReadAction","target":["https:\/\/lovemyhome.vn\/lien-he\/"]}]},{"@type":"BreadcrumbList","@id":"https:\/\/lovemyhome.vn\/lien-he\/#breadcrumb","itemListElement":[{"@type":"ListItem","position":1,"name":"Home","item":"https:\/\/lovemyhome.vn\/"},{"@type":"ListItem","position":2,"name":"Li\u00ean h\u1ec7"}]}]}},"_links":{"self":[{"href":"https:\/\/lovemyhome.vn\/en\/wp-json\/wp\/v2\/pages\/1773"}],"collection":[{"href":"https:\/\/lovemyhome.vn\/en\/wp-json\/wp\/v2\/pages"}],"about":[{"href":"https:\/\/lovemyhome.vn\/en\/wp-json\/wp\/v2\/types\/page"}],"author":[{"embeddable":true,"href":"https:\/\/lovemyhome.vn\/en\/wp-json\/wp\/v2\/users\/1"}],"replies":[{"embeddable":true,"href":"https:\/\/lovemyhome.vn\/en\/wp-json\/wp\/v2\/comments?post=1773"}],"version-history":[{"count":1,"href":"https:\/\/lovemyhome.vn\/en\/wp-json\/wp\/v2\/pages\/1773\/revisions"}],"predecessor-version":[{"id":6548,"href":"https:\/\/lovemyhome.vn\/en\/wp-json\/wp\/v2\/pages\/1773\/revisions\/6548"}],"wp:attachment":[{"href":"https:\/\/lovemyhome.vn\/en\/wp-json\/wp\/v2\/media?parent=1773"}],"curies":[{"name":"wp","href":"https:\/\/api.w.org\/{rel}","templated":true}]}}