{"id":3302,"date":"2017-08-02T15:15:53","date_gmt":"2017-08-02T15:15:53","guid":{"rendered":"http:\/\/lovemyhome.vn\/mlhome\/?page_id=3302"},"modified":"2017-08-02T15:15:53","modified_gmt":"2017-08-02T15:15:53","slug":"dieu-khoan-mua-ban-hang-hoa","status":"publish","type":"page","link":"https:\/\/lovemyhome.vn\/en\/dieu-khoan-mua-ban-hang-hoa\/","title":{"rendered":"\u0110I\u1ec0U KHO\u1ea2N MUA B\u00c1N H\u00c0NG H\u00d3A"},"content":{"rendered":"<p class=\"qtranxs-available-languages-message qtranxs-available-languages-message-en\">Sorry, this entry is only available in <a href=\"https:\/\/lovemyhome.vn\/vi\/wp-json\/wp\/v2\/pages\/3302\" class=\"qtranxs-available-language-link qtranxs-available-language-link-vi\" title=\"Ti\u1ebfng Vi\u1ec7t\">Vietnamese<\/a>.<\/p>","protected":false},"excerpt":{"rendered":"<p>Sorry, this entry is only available in Vietnamese.<\/p>\n","protected":false},"author":1,"featured_media":0,"parent":0,"menu_order":0,"comment_status":"closed","ping_status":"closed","template":"","meta":[],"yoast_head":"<!-- This site is optimized with the Yoast SEO plugin v16.7 - https:\/\/yoast.com\/wordpress\/plugins\/seo\/ -->\n<title>\u0110I\u1ec0U KHO\u1ea2N MUA B\u00c1N H\u00c0NG H\u00d3A - Lovemyhome<\/title>\n<meta name=\"robots\" content=\"index, follow, max-snippet:-1, max-image-preview:large, max-video-preview:-1\" \/>\n<link rel=\"canonical\" href=\"https:\/\/lovemyhome.vn\/dieu-khoan-mua-ban-hang-hoa\/\" \/>\n<meta property=\"og:locale\" content=\"en_US\" \/>\n<meta property=\"og:type\" content=\"article\" \/>\n<meta property=\"og:title\" content=\"\u0110I\u1ec0U KHO\u1ea2N MUA B\u00c1N H\u00c0NG H\u00d3A - Lovemyhome\" \/>\n<meta property=\"og:description\" content=\"Sorry, this entry is only available in Vietnamese.\" \/>\n<meta property=\"og:url\" content=\"https:\/\/lovemyhome.vn\/dieu-khoan-mua-ban-hang-hoa\/\" \/>\n<meta property=\"og:site_name\" content=\"Lovemyhome\" \/>\n<meta name=\"twitter:card\" content=\"summary\" \/>\n<meta name=\"twitter:label1\" content=\"Est. reading time\" \/>\n\t<meta name=\"twitter:data1\" content=\"5 minutes\" \/>\n<script type=\"application\/ld+json\" class=\"yoast-schema-graph\">{\"@context\":\"https:\/\/schema.org\",\"@graph\":[{\"@type\":\"WebSite\",\"@id\":\"https:\/\/lovemyhome.vn\/#website\",\"url\":\"https:\/\/lovemyhome.vn\/\",\"name\":\"Lovemyhome\",\"description\":\"t\\u00f4i y\\u00eau nh\\u00e0 t\\u00f4i\",\"potentialAction\":[{\"@type\":\"SearchAction\",\"target\":{\"@type\":\"EntryPoint\",\"urlTemplate\":\"https:\/\/lovemyhome.vn\/?s={search_term_string}\"},\"query-input\":\"required name=search_term_string\"}],\"inLanguage\":\"en-US\"},{\"@type\":\"WebPage\",\"@id\":\"https:\/\/lovemyhome.vn\/dieu-khoan-mua-ban-hang-hoa\/#webpage\",\"url\":\"https:\/\/lovemyhome.vn\/dieu-khoan-mua-ban-hang-hoa\/\",\"name\":\"\\u0110I\\u1ec0U KHO\\u1ea2N MUA B\\u00c1N H\\u00c0NG H\\u00d3A - Lovemyhome\",\"isPartOf\":{\"@id\":\"https:\/\/lovemyhome.vn\/#website\"},\"datePublished\":\"2017-08-02T15:15:53+00:00\",\"dateModified\":\"2017-08-02T15:15:53+00:00\",\"breadcrumb\":{\"@id\":\"https:\/\/lovemyhome.vn\/dieu-khoan-mua-ban-hang-hoa\/#breadcrumb\"},\"inLanguage\":\"en-US\",\"potentialAction\":[{\"@type\":\"ReadAction\",\"target\":[\"https:\/\/lovemyhome.vn\/dieu-khoan-mua-ban-hang-hoa\/\"]}]},{\"@type\":\"BreadcrumbList\",\"@id\":\"https:\/\/lovemyhome.vn\/dieu-khoan-mua-ban-hang-hoa\/#breadcrumb\",\"itemListElement\":[{\"@type\":\"ListItem\",\"position\":1,\"name\":\"Home\",\"item\":\"https:\/\/lovemyhome.vn\/\"},{\"@type\":\"ListItem\",\"position\":2,\"name\":\"\\u0110I\\u1ec0U KHO\\u1ea2N MUA B\\u00c1N H\\u00c0NG H\\u00d3A\"}]}]}<\/script>\n<!-- \/ Yoast SEO plugin. -->","yoast_head_json":{"title":"\u0110I\u1ec0U KHO\u1ea2N MUA B\u00c1N H\u00c0NG H\u00d3A - Lovemyhome","robots":{"index":"index","follow":"follow","max-snippet":"max-snippet:-1","max-image-preview":"max-image-preview:large","max-video-preview":"max-video-preview:-1"},"canonical":"https:\/\/lovemyhome.vn\/dieu-khoan-mua-ban-hang-hoa\/","og_locale":"en_US","og_type":"article","og_title":"\u0110I\u1ec0U KHO\u1ea2N MUA B\u00c1N H\u00c0NG H\u00d3A - Lovemyhome","og_description":"Sorry, this entry is only available in Vietnamese.","og_url":"https:\/\/lovemyhome.vn\/dieu-khoan-mua-ban-hang-hoa\/","og_site_name":"Lovemyhome","twitter_card":"summary","twitter_misc":{"Est. reading time":"5 minutes"},"schema":{"@context":"https:\/\/schema.org","@graph":[{"@type":"WebSite","@id":"https:\/\/lovemyhome.vn\/#website","url":"https:\/\/lovemyhome.vn\/","name":"Lovemyhome","description":"t\u00f4i y\u00eau nh\u00e0 t\u00f4i","potentialAction":[{"@type":"SearchAction","target":{"@type":"EntryPoint","urlTemplate":"https:\/\/lovemyhome.vn\/?s={search_term_string}"},"query-input":"required name=search_term_string"}],"inLanguage":"en-US"},{"@type":"WebPage","@id":"https:\/\/lovemyhome.vn\/dieu-khoan-mua-ban-hang-hoa\/#webpage","url":"https:\/\/lovemyhome.vn\/dieu-khoan-mua-ban-hang-hoa\/","name":"\u0110I\u1ec0U KHO\u1ea2N MUA B\u00c1N H\u00c0NG H\u00d3A - Lovemyhome","isPartOf":{"@id":"https:\/\/lovemyhome.vn\/#website"},"datePublished":"2017-08-02T15:15:53+00:00","dateModified":"2017-08-02T15:15:53+00:00","breadcrumb":{"@id":"https:\/\/lovemyhome.vn\/dieu-khoan-mua-ban-hang-hoa\/#breadcrumb"},"inLanguage":"en-US","potentialAction":[{"@type":"ReadAction","target":["https:\/\/lovemyhome.vn\/dieu-khoan-mua-ban-hang-hoa\/"]}]},{"@type":"BreadcrumbList","@id":"https:\/\/lovemyhome.vn\/dieu-khoan-mua-ban-hang-hoa\/#breadcrumb","itemListElement":[{"@type":"ListItem","position":1,"name":"Home","item":"https:\/\/lovemyhome.vn\/"},{"@type":"ListItem","position":2,"name":"\u0110I\u1ec0U KHO\u1ea2N MUA B\u00c1N H\u00c0NG H\u00d3A"}]}]}},"_links":{"self":[{"href":"https:\/\/lovemyhome.vn\/en\/wp-json\/wp\/v2\/pages\/3302"}],"collection":[{"href":"https:\/\/lovemyhome.vn\/en\/wp-json\/wp\/v2\/pages"}],"about":[{"href":"https:\/\/lovemyhome.vn\/en\/wp-json\/wp\/v2\/types\/page"}],"author":[{"embeddable":true,"href":"https:\/\/lovemyhome.vn\/en\/wp-json\/wp\/v2\/users\/1"}],"replies":[{"embeddable":true,"href":"https:\/\/lovemyhome.vn\/en\/wp-json\/wp\/v2\/comments?post=3302"}],"version-history":[{"count":0,"href":"https:\/\/lovemyhome.vn\/en\/wp-json\/wp\/v2\/pages\/3302\/revisions"}],"wp:attachment":[{"href":"https:\/\/lovemyhome.vn\/en\/wp-json\/wp\/v2\/media?parent=3302"}],"curies":[{"name":"wp","href":"https:\/\/api.w.org\/{rel}","templated":true}]}}