{"id":3458,"date":"2017-09-13T02:58:06","date_gmt":"2017-09-13T02:58:06","guid":{"rendered":"https:\/\/lovemyhome.vn\/?post_type=product&#038;p=3458"},"modified":"2021-01-27T13:39:09","modified_gmt":"2021-01-27T06:39:09","slug":"ghe-ngoi-ban","status":"publish","type":"product","link":"https:\/\/lovemyhome.vn\/en\/san-pham\/ghe-ngoi-ban\/","title":{"rendered":"Dining chairs"},"content":{"rendered":"<p class=\"qtranxs-available-languages-message qtranxs-available-languages-message-en\">Sorry, this entry is only available in <a href=\"https:\/\/lovemyhome.vn\/vi\/wp-json\/wp\/v2\/product\/3458\" class=\"qtranxs-available-language-link qtranxs-available-language-link-vi\" title=\"Ti\u1ebfng Vi\u1ec7t\">Vietnamese<\/a>.<\/p>","protected":false},"excerpt":{"rendered":"<p>Seat size: D 520 * W 450 * H 780mm Customers can choose leather chairs or cloth according to your preferences. Suitable for dining table or caf<\/p>\n","protected":false},"featured_media":3459,"template":"","meta":[],"yoast_head":"<!-- This site is optimized with the Yoast SEO plugin v16.7 - https:\/\/yoast.com\/wordpress\/plugins\/seo\/ -->\n<title>Dining chairs - Lovemyhome<\/title>\n<meta name=\"description\" content=\"(Ti\u1ebfng Vi\u1ec7t) M\u1eabu gh\u1ebf v\u1edbi k\u1ebft c\u1ea5u ch\u00e2n v\u1eefng ch\u1eafc, xinh x\u1eafn, \u0111\u1ec7m da \u00eam \u00e1i h\u1ee3p kh\u00f4ng gian ph\u00f2ng \u0103n, l\u00e0m vi\u1ec7c t\u1ea1i nh\u00e0.\u00a00913 123 345\" \/>\n<meta name=\"robots\" content=\"index, follow, max-snippet:-1, max-image-preview:large, max-video-preview:-1\" \/>\n<link rel=\"canonical\" href=\"https:\/\/lovemyhome.vn\/san-pham\/ghe-ngoi-ban\/\" \/>\n<meta property=\"og:locale\" content=\"en_US\" \/>\n<meta property=\"og:type\" content=\"article\" \/>\n<meta property=\"og:title\" content=\"Dining chairs - Lovemyhome\" \/>\n<meta property=\"og:description\" content=\"{:vi}M\u1eabu gh\u1ebf v\u1edbi k\u1ebft c\u1ea5u ch\u00e2n v\u1eefng ch\u1eafc, xinh x\u1eafn, \u0111\u1ec7m da \u00eam \u00e1i h\u1ee3p kh\u00f4ng gian ph\u00f2ng \u0103n, l\u00e0m vi\u1ec7c t\u1ea1i nh\u00e0.\u00a00913 123 345{:}\" \/>\n<meta property=\"og:url\" content=\"https:\/\/lovemyhome.vn\/san-pham\/ghe-ngoi-ban\/\" \/>\n<meta property=\"og:site_name\" content=\"Lovemyhome\" \/>\n<meta property=\"article:modified_time\" content=\"2021-01-27T06:39:09+00:00\" \/>\n<meta property=\"og:image\" content=\"https:\/\/lovemyhome.vn\/wp-content\/uploads\/2017\/09\/lg3-1.jpg\" \/>\n\t<meta property=\"og:image:width\" content=\"459\" \/>\n\t<meta property=\"og:image:height\" content=\"765\" \/>\n<meta name=\"twitter:card\" content=\"summary\" \/>\n<meta name=\"twitter:label1\" content=\"Est. reading time\" \/>\n\t<meta name=\"twitter:data1\" content=\"1 minute\" \/>\n<script type=\"application\/ld+json\" class=\"yoast-schema-graph\">{\"@context\":\"https:\/\/schema.org\",\"@graph\":[{\"@type\":\"WebSite\",\"@id\":\"https:\/\/lovemyhome.vn\/#website\",\"url\":\"https:\/\/lovemyhome.vn\/\",\"name\":\"Lovemyhome\",\"description\":\"t\\u00f4i y\\u00eau nh\\u00e0 t\\u00f4i\",\"potentialAction\":[{\"@type\":\"SearchAction\",\"target\":{\"@type\":\"EntryPoint\",\"urlTemplate\":\"https:\/\/lovemyhome.vn\/?s={search_term_string}\"},\"query-input\":\"required name=search_term_string\"}],\"inLanguage\":\"en-US\"},{\"@type\":\"ImageObject\",\"@id\":\"https:\/\/lovemyhome.vn\/san-pham\/ghe-ngoi-ban\/#primaryimage\",\"inLanguage\":\"en-US\",\"url\":\"https:\/\/lovemyhome.vn\/wp-content\/uploads\/2017\/09\/lg3-1.jpg\",\"contentUrl\":\"https:\/\/lovemyhome.vn\/wp-content\/uploads\/2017\/09\/lg3-1.jpg\",\"width\":459,\"height\":765},{\"@type\":\"WebPage\",\"@id\":\"https:\/\/lovemyhome.vn\/san-pham\/ghe-ngoi-ban\/#webpage\",\"url\":\"https:\/\/lovemyhome.vn\/san-pham\/ghe-ngoi-ban\/\",\"name\":\"Dining chairs - Lovemyhome\",\"isPartOf\":{\"@id\":\"https:\/\/lovemyhome.vn\/#website\"},\"primaryImageOfPage\":{\"@id\":\"https:\/\/lovemyhome.vn\/san-pham\/ghe-ngoi-ban\/#primaryimage\"},\"datePublished\":\"2017-09-13T02:58:06+00:00\",\"dateModified\":\"2021-01-27T06:39:09+00:00\",\"description\":\"{:vi}M\\u1eabu gh\\u1ebf v\\u1edbi k\\u1ebft c\\u1ea5u ch\\u00e2n v\\u1eefng ch\\u1eafc, xinh x\\u1eafn, \\u0111\\u1ec7m da \\u00eam \\u00e1i h\\u1ee3p kh\\u00f4ng gian ph\\u00f2ng \\u0103n, l\\u00e0m vi\\u1ec7c t\\u1ea1i nh\\u00e0.\\u00a00913 123 345{:}\",\"breadcrumb\":{\"@id\":\"https:\/\/lovemyhome.vn\/san-pham\/ghe-ngoi-ban\/#breadcrumb\"},\"inLanguage\":\"en-US\",\"potentialAction\":[{\"@type\":\"ReadAction\",\"target\":[\"https:\/\/lovemyhome.vn\/san-pham\/ghe-ngoi-ban\/\"]}]},{\"@type\":\"BreadcrumbList\",\"@id\":\"https:\/\/lovemyhome.vn\/san-pham\/ghe-ngoi-ban\/#breadcrumb\",\"itemListElement\":[{\"@type\":\"ListItem\",\"position\":1,\"name\":\"Home\",\"item\":\"https:\/\/lovemyhome.vn\/\"},{\"@type\":\"ListItem\",\"position\":2,\"name\":\"S\\u1ea3n ph\\u1ea9m\",\"item\":\"https:\/\/lovemyhome.vn\/cua-hang\/\"},{\"@type\":\"ListItem\",\"position\":3,\"name\":\"Gh\\u1ebf ng\\u1ed3i b\\u00e0n \\u0103n\"}]}]}<\/script>\n<!-- \/ Yoast SEO plugin. -->","yoast_head_json":{"title":"Dining chairs - Lovemyhome","description":"(Ti\u1ebfng Vi\u1ec7t) M\u1eabu gh\u1ebf v\u1edbi k\u1ebft c\u1ea5u ch\u00e2n v\u1eefng ch\u1eafc, xinh x\u1eafn, \u0111\u1ec7m da \u00eam \u00e1i h\u1ee3p kh\u00f4ng gian ph\u00f2ng \u0103n, l\u00e0m vi\u1ec7c t\u1ea1i nh\u00e0.\u00a00913 123 345","robots":{"index":"index","follow":"follow","max-snippet":"max-snippet:-1","max-image-preview":"max-image-preview:large","max-video-preview":"max-video-preview:-1"},"canonical":"https:\/\/lovemyhome.vn\/san-pham\/ghe-ngoi-ban\/","og_locale":"en_US","og_type":"article","og_title":"Dining chairs - Lovemyhome","og_description":"{:vi}M\u1eabu gh\u1ebf v\u1edbi k\u1ebft c\u1ea5u ch\u00e2n v\u1eefng ch\u1eafc, xinh x\u1eafn, \u0111\u1ec7m da \u00eam \u00e1i h\u1ee3p kh\u00f4ng gian ph\u00f2ng \u0103n, l\u00e0m vi\u1ec7c t\u1ea1i nh\u00e0.\u00a00913 123 345{:}","og_url":"https:\/\/lovemyhome.vn\/san-pham\/ghe-ngoi-ban\/","og_site_name":"Lovemyhome","article_modified_time":"2021-01-27T06:39:09+00:00","og_image":[{"width":459,"height":765,"url":"https:\/\/lovemyhome.vn\/wp-content\/uploads\/2017\/09\/lg3-1.jpg","path":"\/home\/lovemyho\/public_html\/wp-content\/uploads\/2017\/09\/lg3-1.jpg","size":"full","id":3459,"alt":"","pixels":351135,"type":"image\/jpeg"}],"twitter_card":"summary","twitter_misc":{"Est. reading time":"1 minute"},"schema":{"@context":"https:\/\/schema.org","@graph":[{"@type":"WebSite","@id":"https:\/\/lovemyhome.vn\/#website","url":"https:\/\/lovemyhome.vn\/","name":"Lovemyhome","description":"t\u00f4i y\u00eau nh\u00e0 t\u00f4i","potentialAction":[{"@type":"SearchAction","target":{"@type":"EntryPoint","urlTemplate":"https:\/\/lovemyhome.vn\/?s={search_term_string}"},"query-input":"required name=search_term_string"}],"inLanguage":"en-US"},{"@type":"ImageObject","@id":"https:\/\/lovemyhome.vn\/san-pham\/ghe-ngoi-ban\/#primaryimage","inLanguage":"en-US","url":"https:\/\/lovemyhome.vn\/wp-content\/uploads\/2017\/09\/lg3-1.jpg","contentUrl":"https:\/\/lovemyhome.vn\/wp-content\/uploads\/2017\/09\/lg3-1.jpg","width":459,"height":765},{"@type":"WebPage","@id":"https:\/\/lovemyhome.vn\/san-pham\/ghe-ngoi-ban\/#webpage","url":"https:\/\/lovemyhome.vn\/san-pham\/ghe-ngoi-ban\/","name":"Dining chairs - Lovemyhome","isPartOf":{"@id":"https:\/\/lovemyhome.vn\/#website"},"primaryImageOfPage":{"@id":"https:\/\/lovemyhome.vn\/san-pham\/ghe-ngoi-ban\/#primaryimage"},"datePublished":"2017-09-13T02:58:06+00:00","dateModified":"2021-01-27T06:39:09+00:00","description":"{:vi}M\u1eabu gh\u1ebf v\u1edbi k\u1ebft c\u1ea5u ch\u00e2n v\u1eefng ch\u1eafc, xinh x\u1eafn, \u0111\u1ec7m da \u00eam \u00e1i h\u1ee3p kh\u00f4ng gian ph\u00f2ng \u0103n, l\u00e0m vi\u1ec7c t\u1ea1i nh\u00e0.\u00a00913 123 345{:}","breadcrumb":{"@id":"https:\/\/lovemyhome.vn\/san-pham\/ghe-ngoi-ban\/#breadcrumb"},"inLanguage":"en-US","potentialAction":[{"@type":"ReadAction","target":["https:\/\/lovemyhome.vn\/san-pham\/ghe-ngoi-ban\/"]}]},{"@type":"BreadcrumbList","@id":"https:\/\/lovemyhome.vn\/san-pham\/ghe-ngoi-ban\/#breadcrumb","itemListElement":[{"@type":"ListItem","position":1,"name":"Home","item":"https:\/\/lovemyhome.vn\/"},{"@type":"ListItem","position":2,"name":"S\u1ea3n ph\u1ea9m","item":"https:\/\/lovemyhome.vn\/cua-hang\/"},{"@type":"ListItem","position":3,"name":"Gh\u1ebf ng\u1ed3i b\u00e0n \u0103n"}]}]}},"_links":{"self":[{"href":"https:\/\/lovemyhome.vn\/en\/wp-json\/wp\/v2\/product\/3458"}],"collection":[{"href":"https:\/\/lovemyhome.vn\/en\/wp-json\/wp\/v2\/product"}],"about":[{"href":"https:\/\/lovemyhome.vn\/en\/wp-json\/wp\/v2\/types\/product"}],"wp:featuredmedia":[{"embeddable":true,"href":"https:\/\/lovemyhome.vn\/en\/wp-json\/wp\/v2\/media\/3459"}],"wp:attachment":[{"href":"https:\/\/lovemyhome.vn\/en\/wp-json\/wp\/v2\/media?parent=3458"}],"curies":[{"name":"wp","href":"https:\/\/api.w.org\/{rel}","templated":true}]}}