{"id":3816,"date":"2018-05-03T04:19:28","date_gmt":"2018-05-02T21:19:28","guid":{"rendered":"https:\/\/lovemyhome.vn\/?post_type=product&#038;p=3816"},"modified":"2024-07-04T15:48:05","modified_gmt":"2024-07-04T08:48:05","slug":"may-phun-son-wagner-w590","status":"publish","type":"product","link":"https:\/\/lovemyhome.vn\/en\/san-pham\/may-phun-son-wagner-w590\/","title":{"rendered":"(Ti\u1ebfng Vi\u1ec7t) M\u00c1Y PHUN S\u01a0N C\u1ea6M TAY WAGNER W590"},"content":{"rendered":"<p class=\"qtranxs-available-languages-message qtranxs-available-languages-message-en\">Sorry, this entry is only available in <a href=\"https:\/\/lovemyhome.vn\/vi\/wp-json\/wp\/v2\/product\/3816\" class=\"qtranxs-available-language-link qtranxs-available-language-link-vi\" title=\"Ti\u1ebfng Vi\u1ec7t\">Vietnamese<\/a>.<\/p>","protected":false},"excerpt":{"rendered":"<p class=\"qtranxs-available-languages-message qtranxs-available-languages-message-en\">Sorry, this entry is only available in <a href=\"https:\/\/lovemyhome.vn\/vi\/wp-json\/wp\/v2\/product\/3816\" class=\"qtranxs-available-language-link qtranxs-available-language-link-vi\" title=\"Ti\u1ebfng Vi\u1ec7t\">Vietnamese<\/a>.<\/p>\n","protected":false},"featured_media":3817,"template":"","meta":[],"yoast_head":"<!-- This site is optimized with the Yoast SEO plugin v16.7 - https:\/\/yoast.com\/wordpress\/plugins\/seo\/ -->\n<title>(Ti\u1ebfng Vi\u1ec7t) (Ti\u1ebfng Vi\u1ec7t) M\u00c1Y PHUN S\u01a0N C\u1ea6M TAY WAGNER W590 Nh\u1eadp Kh\u1ea9u Lovemyhome<\/title>\n<meta name=\"description\" content=\"(Ti\u1ebfng Vi\u1ec7t) M\u00e1y phun s\u01a1n c\u1ea7m tay t\u1ed1t nh\u1ea5t hi\u1ec7n nay, \u0111a n\u0103ng, phun \u0111\u01b0\u1ee3c c\u00e1c v\u1eadt li\u1ec7u v\u1edbi \u0111\u1ed9 nh\u1edbt kh\u00e1c nhau, b\u1ea3o h\u00e0nh 12 th\u00e1ng, Hotline: 0913 123 345\" \/>\n<meta name=\"robots\" content=\"index, follow, max-snippet:-1, max-image-preview:large, max-video-preview:-1\" \/>\n<link rel=\"canonical\" href=\"https:\/\/lovemyhome.vn\/san-pham\/may-phun-son-wagner-w590\/\" \/>\n<meta property=\"og:locale\" content=\"en_US\" \/>\n<meta property=\"og:type\" content=\"article\" \/>\n<meta property=\"og:title\" content=\"[:vi](Ti\u1ebfng Vi\u1ec7t) M\u00c1Y PHUN S\u01a0N C\u1ea6M TAY WAGNER W590 Nh\u1eadp Kh\u1ea9u Lovemyhome [:]\" \/>\n<meta property=\"og:description\" content=\"{:vi}M\u00e1y phun s\u01a1n c\u1ea7m tay t\u1ed1t nh\u1ea5t hi\u1ec7n nay, \u0111a n\u0103ng, phun \u0111\u01b0\u1ee3c c\u00e1c v\u1eadt li\u1ec7u v\u1edbi \u0111\u1ed9 nh\u1edbt kh\u00e1c nhau, b\u1ea3o h\u00e0nh 12 th\u00e1ng, Hotline: 0913 123 345{:}\" \/>\n<meta property=\"og:url\" content=\"https:\/\/lovemyhome.vn\/san-pham\/may-phun-son-wagner-w590\/\" \/>\n<meta property=\"og:site_name\" content=\"Lovemyhome\" \/>\n<meta property=\"article:modified_time\" content=\"2024-07-04T08:48:05+00:00\" \/>\n<meta property=\"og:image\" content=\"https:\/\/lovemyhome.vn\/wp-content\/uploads\/2018\/05\/7w590.jpg\" \/>\n\t<meta property=\"og:image:width\" content=\"355\" \/>\n\t<meta property=\"og:image:height\" content=\"259\" \/>\n<meta name=\"twitter:card\" content=\"summary\" \/>\n<meta name=\"twitter:label1\" content=\"Est. reading time\" \/>\n\t<meta name=\"twitter:data1\" content=\"4 minutes\" \/>\n<script type=\"application\/ld+json\" class=\"yoast-schema-graph\">{\"@context\":\"https:\/\/schema.org\",\"@graph\":[{\"@type\":\"WebSite\",\"@id\":\"https:\/\/lovemyhome.vn\/#website\",\"url\":\"https:\/\/lovemyhome.vn\/\",\"name\":\"Lovemyhome\",\"description\":\"t\\u00f4i y\\u00eau nh\\u00e0 t\\u00f4i\",\"potentialAction\":[{\"@type\":\"SearchAction\",\"target\":{\"@type\":\"EntryPoint\",\"urlTemplate\":\"https:\/\/lovemyhome.vn\/?s={search_term_string}\"},\"query-input\":\"required name=search_term_string\"}],\"inLanguage\":\"en-US\"},{\"@type\":\"ImageObject\",\"@id\":\"https:\/\/lovemyhome.vn\/san-pham\/may-phun-son-wagner-w590\/#primaryimage\",\"inLanguage\":\"en-US\",\"url\":\"https:\/\/lovemyhome.vn\/wp-content\/uploads\/2018\/05\/7w590.jpg\",\"contentUrl\":\"https:\/\/lovemyhome.vn\/wp-content\/uploads\/2018\/05\/7w590.jpg\",\"width\":355,\"height\":259,\"caption\":\"May phun son W590\"},{\"@type\":\"WebPage\",\"@id\":\"https:\/\/lovemyhome.vn\/san-pham\/may-phun-son-wagner-w590\/#webpage\",\"url\":\"https:\/\/lovemyhome.vn\/san-pham\/may-phun-son-wagner-w590\/\",\"name\":\"[:vi](Ti\\u1ebfng Vi\\u1ec7t) M\\u00c1Y PHUN S\\u01a0N C\\u1ea6M TAY WAGNER W590 Nh\\u1eadp Kh\\u1ea9u Lovemyhome [:]\",\"isPartOf\":{\"@id\":\"https:\/\/lovemyhome.vn\/#website\"},\"primaryImageOfPage\":{\"@id\":\"https:\/\/lovemyhome.vn\/san-pham\/may-phun-son-wagner-w590\/#primaryimage\"},\"datePublished\":\"2018-05-02T21:19:28+00:00\",\"dateModified\":\"2024-07-04T08:48:05+00:00\",\"description\":\"{:vi}M\\u00e1y phun s\\u01a1n c\\u1ea7m tay t\\u1ed1t nh\\u1ea5t hi\\u1ec7n nay, \\u0111a n\\u0103ng, phun \\u0111\\u01b0\\u1ee3c c\\u00e1c v\\u1eadt li\\u1ec7u v\\u1edbi \\u0111\\u1ed9 nh\\u1edbt kh\\u00e1c nhau, b\\u1ea3o h\\u00e0nh 12 th\\u00e1ng, Hotline: 0913 123 345{:}\",\"breadcrumb\":{\"@id\":\"https:\/\/lovemyhome.vn\/san-pham\/may-phun-son-wagner-w590\/#breadcrumb\"},\"inLanguage\":\"en-US\",\"potentialAction\":[{\"@type\":\"ReadAction\",\"target\":[\"https:\/\/lovemyhome.vn\/san-pham\/may-phun-son-wagner-w590\/\"]}]},{\"@type\":\"BreadcrumbList\",\"@id\":\"https:\/\/lovemyhome.vn\/san-pham\/may-phun-son-wagner-w590\/#breadcrumb\",\"itemListElement\":[{\"@type\":\"ListItem\",\"position\":1,\"name\":\"Home\",\"item\":\"https:\/\/lovemyhome.vn\/\"},{\"@type\":\"ListItem\",\"position\":2,\"name\":\"S\\u1ea3n ph\\u1ea9m\",\"item\":\"https:\/\/lovemyhome.vn\/cua-hang\/\"},{\"@type\":\"ListItem\",\"position\":3,\"name\":\"M\\u00c1Y PHUN S\\u01a0N C\\u1ea6M TAY WAGNER W590\"}]}]}<\/script>\n<!-- \/ Yoast SEO plugin. -->","yoast_head_json":{"title":"(Ti\u1ebfng Vi\u1ec7t) (Ti\u1ebfng Vi\u1ec7t) M\u00c1Y PHUN S\u01a0N C\u1ea6M TAY WAGNER W590 Nh\u1eadp Kh\u1ea9u Lovemyhome","description":"(Ti\u1ebfng Vi\u1ec7t) M\u00e1y phun s\u01a1n c\u1ea7m tay t\u1ed1t nh\u1ea5t hi\u1ec7n nay, \u0111a n\u0103ng, phun \u0111\u01b0\u1ee3c c\u00e1c v\u1eadt li\u1ec7u v\u1edbi \u0111\u1ed9 nh\u1edbt kh\u00e1c nhau, b\u1ea3o h\u00e0nh 12 th\u00e1ng, Hotline: 0913 123 345","robots":{"index":"index","follow":"follow","max-snippet":"max-snippet:-1","max-image-preview":"max-image-preview:large","max-video-preview":"max-video-preview:-1"},"canonical":"https:\/\/lovemyhome.vn\/san-pham\/may-phun-son-wagner-w590\/","og_locale":"en_US","og_type":"article","og_title":"[:vi](Ti\u1ebfng Vi\u1ec7t) M\u00c1Y PHUN S\u01a0N C\u1ea6M TAY WAGNER W590 Nh\u1eadp Kh\u1ea9u Lovemyhome [:]","og_description":"{:vi}M\u00e1y phun s\u01a1n c\u1ea7m tay t\u1ed1t nh\u1ea5t hi\u1ec7n nay, \u0111a n\u0103ng, phun \u0111\u01b0\u1ee3c c\u00e1c v\u1eadt li\u1ec7u v\u1edbi \u0111\u1ed9 nh\u1edbt kh\u00e1c nhau, b\u1ea3o h\u00e0nh 12 th\u00e1ng, Hotline: 0913 123 345{:}","og_url":"https:\/\/lovemyhome.vn\/san-pham\/may-phun-son-wagner-w590\/","og_site_name":"Lovemyhome","article_modified_time":"2024-07-04T08:48:05+00:00","og_image":[{"width":355,"height":259,"url":"https:\/\/lovemyhome.vn\/wp-content\/uploads\/2018\/05\/7w590.jpg","path":"\/home\/lovemyho\/public_html\/wp-content\/uploads\/2018\/05\/7w590.jpg","size":"full","id":3817,"alt":"May phun son cam tay W590","pixels":91945,"type":"image\/jpeg"}],"twitter_card":"summary","twitter_misc":{"Est. reading time":"4 minutes"},"schema":{"@context":"https:\/\/schema.org","@graph":[{"@type":"WebSite","@id":"https:\/\/lovemyhome.vn\/#website","url":"https:\/\/lovemyhome.vn\/","name":"Lovemyhome","description":"t\u00f4i y\u00eau nh\u00e0 t\u00f4i","potentialAction":[{"@type":"SearchAction","target":{"@type":"EntryPoint","urlTemplate":"https:\/\/lovemyhome.vn\/?s={search_term_string}"},"query-input":"required name=search_term_string"}],"inLanguage":"en-US"},{"@type":"ImageObject","@id":"https:\/\/lovemyhome.vn\/san-pham\/may-phun-son-wagner-w590\/#primaryimage","inLanguage":"en-US","url":"https:\/\/lovemyhome.vn\/wp-content\/uploads\/2018\/05\/7w590.jpg","contentUrl":"https:\/\/lovemyhome.vn\/wp-content\/uploads\/2018\/05\/7w590.jpg","width":355,"height":259,"caption":"May phun son W590"},{"@type":"WebPage","@id":"https:\/\/lovemyhome.vn\/san-pham\/may-phun-son-wagner-w590\/#webpage","url":"https:\/\/lovemyhome.vn\/san-pham\/may-phun-son-wagner-w590\/","name":"[:vi](Ti\u1ebfng Vi\u1ec7t) M\u00c1Y PHUN S\u01a0N C\u1ea6M TAY WAGNER W590 Nh\u1eadp Kh\u1ea9u Lovemyhome [:]","isPartOf":{"@id":"https:\/\/lovemyhome.vn\/#website"},"primaryImageOfPage":{"@id":"https:\/\/lovemyhome.vn\/san-pham\/may-phun-son-wagner-w590\/#primaryimage"},"datePublished":"2018-05-02T21:19:28+00:00","dateModified":"2024-07-04T08:48:05+00:00","description":"{:vi}M\u00e1y phun s\u01a1n c\u1ea7m tay t\u1ed1t nh\u1ea5t hi\u1ec7n nay, \u0111a n\u0103ng, phun \u0111\u01b0\u1ee3c c\u00e1c v\u1eadt li\u1ec7u v\u1edbi \u0111\u1ed9 nh\u1edbt kh\u00e1c nhau, b\u1ea3o h\u00e0nh 12 th\u00e1ng, Hotline: 0913 123 345{:}","breadcrumb":{"@id":"https:\/\/lovemyhome.vn\/san-pham\/may-phun-son-wagner-w590\/#breadcrumb"},"inLanguage":"en-US","potentialAction":[{"@type":"ReadAction","target":["https:\/\/lovemyhome.vn\/san-pham\/may-phun-son-wagner-w590\/"]}]},{"@type":"BreadcrumbList","@id":"https:\/\/lovemyhome.vn\/san-pham\/may-phun-son-wagner-w590\/#breadcrumb","itemListElement":[{"@type":"ListItem","position":1,"name":"Home","item":"https:\/\/lovemyhome.vn\/"},{"@type":"ListItem","position":2,"name":"S\u1ea3n ph\u1ea9m","item":"https:\/\/lovemyhome.vn\/cua-hang\/"},{"@type":"ListItem","position":3,"name":"M\u00c1Y PHUN S\u01a0N C\u1ea6M TAY WAGNER W590"}]}]}},"_links":{"self":[{"href":"https:\/\/lovemyhome.vn\/en\/wp-json\/wp\/v2\/product\/3816"}],"collection":[{"href":"https:\/\/lovemyhome.vn\/en\/wp-json\/wp\/v2\/product"}],"about":[{"href":"https:\/\/lovemyhome.vn\/en\/wp-json\/wp\/v2\/types\/product"}],"wp:featuredmedia":[{"embeddable":true,"href":"https:\/\/lovemyhome.vn\/en\/wp-json\/wp\/v2\/media\/3817"}],"wp:attachment":[{"href":"https:\/\/lovemyhome.vn\/en\/wp-json\/wp\/v2\/media?parent=3816"}],"curies":[{"name":"wp","href":"https:\/\/api.w.org\/{rel}","templated":true}]}}