{"id":3818,"date":"2018-05-03T04:29:07","date_gmt":"2018-05-02T21:29:07","guid":{"rendered":"https:\/\/lovemyhome.vn\/?post_type=product&#038;p=3818"},"modified":"2020-07-17T09:47:10","modified_gmt":"2020-07-17T02:47:10","slug":"may-phun-son-wagner-w150","status":"publish","type":"product","link":"https:\/\/lovemyhome.vn\/en\/san-pham\/may-phun-son-wagner-w150\/","title":{"rendered":"(Ti\u1ebfng Vi\u1ec7t) M\u00c1Y PHUN S\u01a0N WAGNER W150"},"content":{"rendered":"<p class=\"qtranxs-available-languages-message qtranxs-available-languages-message-en\">Sorry, this entry is only available in <a href=\"https:\/\/lovemyhome.vn\/vi\/wp-json\/wp\/v2\/product\/3818\" class=\"qtranxs-available-language-link qtranxs-available-language-link-vi\" title=\"Ti\u1ebfng Vi\u1ec7t\">Vietnamese<\/a>.<\/p>","protected":false},"excerpt":{"rendered":"<p class=\"qtranxs-available-languages-message qtranxs-available-languages-message-en\">Sorry, this entry is only available in <a href=\"https:\/\/lovemyhome.vn\/vi\/wp-json\/wp\/v2\/product\/3818\" class=\"qtranxs-available-language-link qtranxs-available-language-link-vi\" title=\"Ti\u1ebfng Vi\u1ec7t\">Vietnamese<\/a>.<\/p>\n","protected":false},"featured_media":3820,"template":"","meta":[],"yoast_head":"<!-- This site is optimized with the Yoast SEO plugin v16.7 - https:\/\/yoast.com\/wordpress\/plugins\/seo\/ -->\n<title>(Ti\u1ebfng Vi\u1ec7t) M\u00c1Y PHUN S\u01a0N WAGNER W150 - Lovemyhome<\/title>\n<meta name=\"robots\" content=\"index, follow, max-snippet:-1, max-image-preview:large, max-video-preview:-1\" \/>\n<link rel=\"canonical\" href=\"https:\/\/lovemyhome.vn\/san-pham\/may-phun-son-wagner-w150\/\" \/>\n<meta property=\"og:locale\" content=\"en_US\" \/>\n<meta property=\"og:type\" content=\"article\" \/>\n<meta property=\"og:title\" content=\"(Ti\u1ebfng Vi\u1ec7t) M\u00c1Y PHUN S\u01a0N WAGNER W150 - Lovemyhome\" \/>\n<meta property=\"og:description\" content=\"[:vi]M\u00c1Y PHUN S\u01a0N C\u1ea6M TAY W150 th\u00edch h\u1ee3p cho h\u1ed9 gia \u0111\u00ecnh d\u00f9ng \u0111\u1ec3 t\u1ef1 thi c\u00f4ng s\u1eeda ch\u1eeda nh\u00e0. T\u1ef1 s\u01a1n s\u1eeda c\u00e1c v\u1eadt li\u1ec7u kim lo\u1ea1i, g\u1ed7. M\u00c1Y PHUN S\u01a0N C\u1ea6M TAY W150 c\u00f3 th\u1ec3 \u0111i\u1ec1u ch\u1ec9nh b\u00e9c phun theo chi\u1ec1u ngang, theo chi\u1ec1u d\u1ecdc v\u00e0 chi ti\u1ebft \u0111\u1ea3m b\u1ea3o \u0111\u1ed9 th\u1ea9m m\u1ef9 cao[:]\" \/>\n<meta property=\"og:url\" content=\"https:\/\/lovemyhome.vn\/san-pham\/may-phun-son-wagner-w150\/\" \/>\n<meta property=\"og:site_name\" content=\"Lovemyhome\" \/>\n<meta property=\"article:modified_time\" content=\"2020-07-17T02:47:10+00:00\" \/>\n<meta property=\"og:image\" content=\"https:\/\/lovemyhome.vn\/wp-content\/uploads\/2018\/05\/W_150_Produktbild.jpg\" \/>\n\t<meta property=\"og:image:width\" content=\"400\" \/>\n\t<meta property=\"og:image:height\" content=\"263\" \/>\n<meta name=\"twitter:card\" content=\"summary\" \/>\n<script type=\"application\/ld+json\" class=\"yoast-schema-graph\">{\"@context\":\"https:\/\/schema.org\",\"@graph\":[{\"@type\":\"WebSite\",\"@id\":\"https:\/\/lovemyhome.vn\/#website\",\"url\":\"https:\/\/lovemyhome.vn\/\",\"name\":\"Lovemyhome\",\"description\":\"t\\u00f4i y\\u00eau nh\\u00e0 t\\u00f4i\",\"potentialAction\":[{\"@type\":\"SearchAction\",\"target\":{\"@type\":\"EntryPoint\",\"urlTemplate\":\"https:\/\/lovemyhome.vn\/?s={search_term_string}\"},\"query-input\":\"required name=search_term_string\"}],\"inLanguage\":\"en-US\"},{\"@type\":\"ImageObject\",\"@id\":\"https:\/\/lovemyhome.vn\/san-pham\/may-phun-son-wagner-w150\/#primaryimage\",\"inLanguage\":\"en-US\",\"url\":\"https:\/\/lovemyhome.vn\/wp-content\/uploads\/2018\/05\/W_150_Produktbild.jpg\",\"contentUrl\":\"https:\/\/lovemyhome.vn\/wp-content\/uploads\/2018\/05\/W_150_Produktbild.jpg\",\"width\":400,\"height\":263,\"caption\":\"W150\"},{\"@type\":\"WebPage\",\"@id\":\"https:\/\/lovemyhome.vn\/san-pham\/may-phun-son-wagner-w150\/#webpage\",\"url\":\"https:\/\/lovemyhome.vn\/san-pham\/may-phun-son-wagner-w150\/\",\"name\":\"(Ti\\u1ebfng Vi\\u1ec7t) M\\u00c1Y PHUN S\\u01a0N WAGNER W150 - Lovemyhome\",\"isPartOf\":{\"@id\":\"https:\/\/lovemyhome.vn\/#website\"},\"primaryImageOfPage\":{\"@id\":\"https:\/\/lovemyhome.vn\/san-pham\/may-phun-son-wagner-w150\/#primaryimage\"},\"datePublished\":\"2018-05-02T21:29:07+00:00\",\"dateModified\":\"2020-07-17T02:47:10+00:00\",\"breadcrumb\":{\"@id\":\"https:\/\/lovemyhome.vn\/san-pham\/may-phun-son-wagner-w150\/#breadcrumb\"},\"inLanguage\":\"en-US\",\"potentialAction\":[{\"@type\":\"ReadAction\",\"target\":[\"https:\/\/lovemyhome.vn\/san-pham\/may-phun-son-wagner-w150\/\"]}]},{\"@type\":\"BreadcrumbList\",\"@id\":\"https:\/\/lovemyhome.vn\/san-pham\/may-phun-son-wagner-w150\/#breadcrumb\",\"itemListElement\":[{\"@type\":\"ListItem\",\"position\":1,\"name\":\"Home\",\"item\":\"https:\/\/lovemyhome.vn\/\"},{\"@type\":\"ListItem\",\"position\":2,\"name\":\"S\\u1ea3n ph\\u1ea9m\",\"item\":\"https:\/\/lovemyhome.vn\/cua-hang\/\"},{\"@type\":\"ListItem\",\"position\":3,\"name\":\"M\\u00c1Y PHUN S\\u01a0N WAGNER W150\"}]}]}<\/script>\n<!-- \/ Yoast SEO plugin. -->","yoast_head_json":{"title":"(Ti\u1ebfng Vi\u1ec7t) M\u00c1Y PHUN S\u01a0N WAGNER W150 - Lovemyhome","robots":{"index":"index","follow":"follow","max-snippet":"max-snippet:-1","max-image-preview":"max-image-preview:large","max-video-preview":"max-video-preview:-1"},"canonical":"https:\/\/lovemyhome.vn\/san-pham\/may-phun-son-wagner-w150\/","og_locale":"en_US","og_type":"article","og_title":"(Ti\u1ebfng Vi\u1ec7t) M\u00c1Y PHUN S\u01a0N WAGNER W150 - Lovemyhome","og_description":"[:vi]M\u00c1Y PHUN S\u01a0N C\u1ea6M TAY W150 th\u00edch h\u1ee3p cho h\u1ed9 gia \u0111\u00ecnh d\u00f9ng \u0111\u1ec3 t\u1ef1 thi c\u00f4ng s\u1eeda ch\u1eeda nh\u00e0. T\u1ef1 s\u01a1n s\u1eeda c\u00e1c v\u1eadt li\u1ec7u kim lo\u1ea1i, g\u1ed7. M\u00c1Y PHUN S\u01a0N C\u1ea6M TAY W150 c\u00f3 th\u1ec3 \u0111i\u1ec1u ch\u1ec9nh b\u00e9c phun theo chi\u1ec1u ngang, theo chi\u1ec1u d\u1ecdc v\u00e0 chi ti\u1ebft \u0111\u1ea3m b\u1ea3o \u0111\u1ed9 th\u1ea9m m\u1ef9 cao[:]","og_url":"https:\/\/lovemyhome.vn\/san-pham\/may-phun-son-wagner-w150\/","og_site_name":"Lovemyhome","article_modified_time":"2020-07-17T02:47:10+00:00","og_image":[{"width":400,"height":263,"url":"https:\/\/lovemyhome.vn\/wp-content\/uploads\/2018\/05\/W_150_Produktbild.jpg","path":"\/home\/lovemyho\/public_html\/wp-content\/uploads\/2018\/05\/W_150_Produktbild.jpg","size":"full","id":3820,"alt":"M\u00e1y phun s\u01a1n c\u1eb1m tay W150","pixels":105200,"type":"image\/jpeg"}],"twitter_card":"summary","schema":{"@context":"https:\/\/schema.org","@graph":[{"@type":"WebSite","@id":"https:\/\/lovemyhome.vn\/#website","url":"https:\/\/lovemyhome.vn\/","name":"Lovemyhome","description":"t\u00f4i y\u00eau nh\u00e0 t\u00f4i","potentialAction":[{"@type":"SearchAction","target":{"@type":"EntryPoint","urlTemplate":"https:\/\/lovemyhome.vn\/?s={search_term_string}"},"query-input":"required name=search_term_string"}],"inLanguage":"en-US"},{"@type":"ImageObject","@id":"https:\/\/lovemyhome.vn\/san-pham\/may-phun-son-wagner-w150\/#primaryimage","inLanguage":"en-US","url":"https:\/\/lovemyhome.vn\/wp-content\/uploads\/2018\/05\/W_150_Produktbild.jpg","contentUrl":"https:\/\/lovemyhome.vn\/wp-content\/uploads\/2018\/05\/W_150_Produktbild.jpg","width":400,"height":263,"caption":"W150"},{"@type":"WebPage","@id":"https:\/\/lovemyhome.vn\/san-pham\/may-phun-son-wagner-w150\/#webpage","url":"https:\/\/lovemyhome.vn\/san-pham\/may-phun-son-wagner-w150\/","name":"(Ti\u1ebfng Vi\u1ec7t) M\u00c1Y PHUN S\u01a0N WAGNER W150 - Lovemyhome","isPartOf":{"@id":"https:\/\/lovemyhome.vn\/#website"},"primaryImageOfPage":{"@id":"https:\/\/lovemyhome.vn\/san-pham\/may-phun-son-wagner-w150\/#primaryimage"},"datePublished":"2018-05-02T21:29:07+00:00","dateModified":"2020-07-17T02:47:10+00:00","breadcrumb":{"@id":"https:\/\/lovemyhome.vn\/san-pham\/may-phun-son-wagner-w150\/#breadcrumb"},"inLanguage":"en-US","potentialAction":[{"@type":"ReadAction","target":["https:\/\/lovemyhome.vn\/san-pham\/may-phun-son-wagner-w150\/"]}]},{"@type":"BreadcrumbList","@id":"https:\/\/lovemyhome.vn\/san-pham\/may-phun-son-wagner-w150\/#breadcrumb","itemListElement":[{"@type":"ListItem","position":1,"name":"Home","item":"https:\/\/lovemyhome.vn\/"},{"@type":"ListItem","position":2,"name":"S\u1ea3n ph\u1ea9m","item":"https:\/\/lovemyhome.vn\/cua-hang\/"},{"@type":"ListItem","position":3,"name":"M\u00c1Y PHUN S\u01a0N WAGNER W150"}]}]}},"_links":{"self":[{"href":"https:\/\/lovemyhome.vn\/en\/wp-json\/wp\/v2\/product\/3818"}],"collection":[{"href":"https:\/\/lovemyhome.vn\/en\/wp-json\/wp\/v2\/product"}],"about":[{"href":"https:\/\/lovemyhome.vn\/en\/wp-json\/wp\/v2\/types\/product"}],"wp:featuredmedia":[{"embeddable":true,"href":"https:\/\/lovemyhome.vn\/en\/wp-json\/wp\/v2\/media\/3820"}],"wp:attachment":[{"href":"https:\/\/lovemyhome.vn\/en\/wp-json\/wp\/v2\/media?parent=3818"}],"curies":[{"name":"wp","href":"https:\/\/api.w.org\/{rel}","templated":true}]}}