{"id":3821,"date":"2018-05-03T04:45:50","date_gmt":"2018-05-02T21:45:50","guid":{"rendered":"https:\/\/lovemyhome.vn\/?post_type=product&#038;p=3821"},"modified":"2024-07-04T15:47:57","modified_gmt":"2024-07-04T08:47:57","slug":"may-phun-son-wagner-w100","status":"publish","type":"product","link":"https:\/\/lovemyhome.vn\/en\/san-pham\/may-phun-son-wagner-w100\/","title":{"rendered":"(Ti\u1ebfng Vi\u1ec7t) M\u00c1Y PHUN S\u01a0N C\u1ea6M TAY WAGNER W100"},"content":{"rendered":"<p class=\"qtranxs-available-languages-message qtranxs-available-languages-message-en\">Sorry, this entry is only available in <a href=\"https:\/\/lovemyhome.vn\/vi\/wp-json\/wp\/v2\/product\/3821\" class=\"qtranxs-available-language-link qtranxs-available-language-link-vi\" title=\"Ti\u1ebfng Vi\u1ec7t\">Vietnamese<\/a>.<\/p>","protected":false},"excerpt":{"rendered":"<p class=\"qtranxs-available-languages-message qtranxs-available-languages-message-en\">Sorry, this entry is only available in <a href=\"https:\/\/lovemyhome.vn\/vi\/wp-json\/wp\/v2\/product\/3821\" class=\"qtranxs-available-language-link qtranxs-available-language-link-vi\" title=\"Ti\u1ebfng Vi\u1ec7t\">Vietnamese<\/a>.<\/p>\n","protected":false},"featured_media":3822,"template":"","meta":[],"yoast_head":"<!-- This site is optimized with the Yoast SEO plugin v16.7 - https:\/\/yoast.com\/wordpress\/plugins\/seo\/ -->\n<title>(Ti\u1ebfng Vi\u1ec7t) M\u00e1y Phun S\u01a1n C\u1ea7m Tay Nh\u1eadp Kh\u1ea9u Lovemyhome<\/title>\n<meta name=\"description\" content=\"(Ti\u1ebfng Vi\u1ec7t) T\u1ef1 tay phun s\u01a1n theo s\u1edf th\u00edch: s\u01a1n b\u00e0n gh\u1ebf, h\u00e0ng r\u00e0o, t\u01b0\u1eddng ph\u00f2ng ng\u1ee7, trang tr\u00ed theo ch\u1ee7 \u0111\u1ec1. B\u1ea3o h\u00e0nh 12 th\u00e1ng, 0913 123 345\" \/>\n<meta name=\"robots\" content=\"index, follow, max-snippet:-1, max-image-preview:large, max-video-preview:-1\" \/>\n<link rel=\"canonical\" href=\"https:\/\/lovemyhome.vn\/san-pham\/may-phun-son-wagner-w100\/\" \/>\n<meta property=\"og:locale\" content=\"en_US\" \/>\n<meta property=\"og:type\" content=\"article\" \/>\n<meta property=\"og:title\" content=\"[:vi]M\u00e1y Phun S\u01a1n C\u1ea7m Tay Nh\u1eadp Kh\u1ea9u Lovemyhome [:]\" \/>\n<meta property=\"og:description\" content=\"{:vi}T\u1ef1 tay phun s\u01a1n theo s\u1edf th\u00edch: s\u01a1n b\u00e0n gh\u1ebf, h\u00e0ng r\u00e0o, t\u01b0\u1eddng ph\u00f2ng ng\u1ee7, trang tr\u00ed theo ch\u1ee7 \u0111\u1ec1. B\u1ea3o h\u00e0nh 12 th\u00e1ng, 0913 123 345{:}\" \/>\n<meta property=\"og:url\" content=\"https:\/\/lovemyhome.vn\/san-pham\/may-phun-son-wagner-w100\/\" \/>\n<meta property=\"og:site_name\" content=\"Lovemyhome\" \/>\n<meta property=\"article:modified_time\" content=\"2024-07-04T08:47:57+00:00\" \/>\n<meta property=\"og:image\" content=\"https:\/\/lovemyhome.vn\/wp-content\/uploads\/2018\/05\/W100.jpg\" \/>\n\t<meta property=\"og:image:width\" content=\"466\" \/>\n\t<meta property=\"og:image:height\" content=\"540\" \/>\n<meta name=\"twitter:card\" content=\"summary\" \/>\n<meta name=\"twitter:label1\" content=\"Est. reading time\" \/>\n\t<meta name=\"twitter:data1\" content=\"4 minutes\" \/>\n<script type=\"application\/ld+json\" class=\"yoast-schema-graph\">{\"@context\":\"https:\/\/schema.org\",\"@graph\":[{\"@type\":\"WebSite\",\"@id\":\"https:\/\/lovemyhome.vn\/#website\",\"url\":\"https:\/\/lovemyhome.vn\/\",\"name\":\"Lovemyhome\",\"description\":\"t\\u00f4i y\\u00eau nh\\u00e0 t\\u00f4i\",\"potentialAction\":[{\"@type\":\"SearchAction\",\"target\":{\"@type\":\"EntryPoint\",\"urlTemplate\":\"https:\/\/lovemyhome.vn\/?s={search_term_string}\"},\"query-input\":\"required name=search_term_string\"}],\"inLanguage\":\"en-US\"},{\"@type\":\"ImageObject\",\"@id\":\"https:\/\/lovemyhome.vn\/san-pham\/may-phun-son-wagner-w100\/#primaryimage\",\"inLanguage\":\"en-US\",\"url\":\"https:\/\/lovemyhome.vn\/wp-content\/uploads\/2018\/05\/W100.jpg\",\"contentUrl\":\"https:\/\/lovemyhome.vn\/wp-content\/uploads\/2018\/05\/W100.jpg\",\"width\":466,\"height\":540,\"caption\":\"may phun son cam tay W100\"},{\"@type\":\"WebPage\",\"@id\":\"https:\/\/lovemyhome.vn\/san-pham\/may-phun-son-wagner-w100\/#webpage\",\"url\":\"https:\/\/lovemyhome.vn\/san-pham\/may-phun-son-wagner-w100\/\",\"name\":\"[:vi]M\\u00e1y Phun S\\u01a1n C\\u1ea7m Tay Nh\\u1eadp Kh\\u1ea9u Lovemyhome [:]\",\"isPartOf\":{\"@id\":\"https:\/\/lovemyhome.vn\/#website\"},\"primaryImageOfPage\":{\"@id\":\"https:\/\/lovemyhome.vn\/san-pham\/may-phun-son-wagner-w100\/#primaryimage\"},\"datePublished\":\"2018-05-02T21:45:50+00:00\",\"dateModified\":\"2024-07-04T08:47:57+00:00\",\"description\":\"{:vi}T\\u1ef1 tay phun s\\u01a1n theo s\\u1edf th\\u00edch: s\\u01a1n b\\u00e0n gh\\u1ebf, h\\u00e0ng r\\u00e0o, t\\u01b0\\u1eddng ph\\u00f2ng ng\\u1ee7, trang tr\\u00ed theo ch\\u1ee7 \\u0111\\u1ec1. B\\u1ea3o h\\u00e0nh 12 th\\u00e1ng, 0913 123 345{:}\",\"breadcrumb\":{\"@id\":\"https:\/\/lovemyhome.vn\/san-pham\/may-phun-son-wagner-w100\/#breadcrumb\"},\"inLanguage\":\"en-US\",\"potentialAction\":[{\"@type\":\"ReadAction\",\"target\":[\"https:\/\/lovemyhome.vn\/san-pham\/may-phun-son-wagner-w100\/\"]}]},{\"@type\":\"BreadcrumbList\",\"@id\":\"https:\/\/lovemyhome.vn\/san-pham\/may-phun-son-wagner-w100\/#breadcrumb\",\"itemListElement\":[{\"@type\":\"ListItem\",\"position\":1,\"name\":\"Home\",\"item\":\"https:\/\/lovemyhome.vn\/\"},{\"@type\":\"ListItem\",\"position\":2,\"name\":\"S\\u1ea3n ph\\u1ea9m\",\"item\":\"https:\/\/lovemyhome.vn\/cua-hang\/\"},{\"@type\":\"ListItem\",\"position\":3,\"name\":\"M\\u00c1Y PHUN S\\u01a0N C\\u1ea6M TAY WAGNER W100\"}]}]}<\/script>\n<!-- \/ Yoast SEO plugin. -->","yoast_head_json":{"title":"(Ti\u1ebfng Vi\u1ec7t) M\u00e1y Phun S\u01a1n C\u1ea7m Tay Nh\u1eadp Kh\u1ea9u Lovemyhome","description":"(Ti\u1ebfng Vi\u1ec7t) T\u1ef1 tay phun s\u01a1n theo s\u1edf th\u00edch: s\u01a1n b\u00e0n gh\u1ebf, h\u00e0ng r\u00e0o, t\u01b0\u1eddng ph\u00f2ng ng\u1ee7, trang tr\u00ed theo ch\u1ee7 \u0111\u1ec1. B\u1ea3o h\u00e0nh 12 th\u00e1ng, 0913 123 345","robots":{"index":"index","follow":"follow","max-snippet":"max-snippet:-1","max-image-preview":"max-image-preview:large","max-video-preview":"max-video-preview:-1"},"canonical":"https:\/\/lovemyhome.vn\/san-pham\/may-phun-son-wagner-w100\/","og_locale":"en_US","og_type":"article","og_title":"[:vi]M\u00e1y Phun S\u01a1n C\u1ea7m Tay Nh\u1eadp Kh\u1ea9u Lovemyhome [:]","og_description":"{:vi}T\u1ef1 tay phun s\u01a1n theo s\u1edf th\u00edch: s\u01a1n b\u00e0n gh\u1ebf, h\u00e0ng r\u00e0o, t\u01b0\u1eddng ph\u00f2ng ng\u1ee7, trang tr\u00ed theo ch\u1ee7 \u0111\u1ec1. B\u1ea3o h\u00e0nh 12 th\u00e1ng, 0913 123 345{:}","og_url":"https:\/\/lovemyhome.vn\/san-pham\/may-phun-son-wagner-w100\/","og_site_name":"Lovemyhome","article_modified_time":"2024-07-04T08:47:57+00:00","og_image":[{"width":466,"height":540,"url":"https:\/\/lovemyhome.vn\/wp-content\/uploads\/2018\/05\/W100.jpg","path":"\/home\/lovemyho\/public_html\/wp-content\/uploads\/2018\/05\/W100.jpg","size":"full","id":3822,"alt":"M\u00e1y phun s\u01a1n c\u1eb1m tay","pixels":251640,"type":"image\/jpeg"}],"twitter_card":"summary","twitter_misc":{"Est. reading time":"4 minutes"},"schema":{"@context":"https:\/\/schema.org","@graph":[{"@type":"WebSite","@id":"https:\/\/lovemyhome.vn\/#website","url":"https:\/\/lovemyhome.vn\/","name":"Lovemyhome","description":"t\u00f4i y\u00eau nh\u00e0 t\u00f4i","potentialAction":[{"@type":"SearchAction","target":{"@type":"EntryPoint","urlTemplate":"https:\/\/lovemyhome.vn\/?s={search_term_string}"},"query-input":"required name=search_term_string"}],"inLanguage":"en-US"},{"@type":"ImageObject","@id":"https:\/\/lovemyhome.vn\/san-pham\/may-phun-son-wagner-w100\/#primaryimage","inLanguage":"en-US","url":"https:\/\/lovemyhome.vn\/wp-content\/uploads\/2018\/05\/W100.jpg","contentUrl":"https:\/\/lovemyhome.vn\/wp-content\/uploads\/2018\/05\/W100.jpg","width":466,"height":540,"caption":"may phun son cam tay W100"},{"@type":"WebPage","@id":"https:\/\/lovemyhome.vn\/san-pham\/may-phun-son-wagner-w100\/#webpage","url":"https:\/\/lovemyhome.vn\/san-pham\/may-phun-son-wagner-w100\/","name":"[:vi]M\u00e1y Phun S\u01a1n C\u1ea7m Tay Nh\u1eadp Kh\u1ea9u Lovemyhome [:]","isPartOf":{"@id":"https:\/\/lovemyhome.vn\/#website"},"primaryImageOfPage":{"@id":"https:\/\/lovemyhome.vn\/san-pham\/may-phun-son-wagner-w100\/#primaryimage"},"datePublished":"2018-05-02T21:45:50+00:00","dateModified":"2024-07-04T08:47:57+00:00","description":"{:vi}T\u1ef1 tay phun s\u01a1n theo s\u1edf th\u00edch: s\u01a1n b\u00e0n gh\u1ebf, h\u00e0ng r\u00e0o, t\u01b0\u1eddng ph\u00f2ng ng\u1ee7, trang tr\u00ed theo ch\u1ee7 \u0111\u1ec1. B\u1ea3o h\u00e0nh 12 th\u00e1ng, 0913 123 345{:}","breadcrumb":{"@id":"https:\/\/lovemyhome.vn\/san-pham\/may-phun-son-wagner-w100\/#breadcrumb"},"inLanguage":"en-US","potentialAction":[{"@type":"ReadAction","target":["https:\/\/lovemyhome.vn\/san-pham\/may-phun-son-wagner-w100\/"]}]},{"@type":"BreadcrumbList","@id":"https:\/\/lovemyhome.vn\/san-pham\/may-phun-son-wagner-w100\/#breadcrumb","itemListElement":[{"@type":"ListItem","position":1,"name":"Home","item":"https:\/\/lovemyhome.vn\/"},{"@type":"ListItem","position":2,"name":"S\u1ea3n ph\u1ea9m","item":"https:\/\/lovemyhome.vn\/cua-hang\/"},{"@type":"ListItem","position":3,"name":"M\u00c1Y PHUN S\u01a0N C\u1ea6M TAY WAGNER W100"}]}]}},"_links":{"self":[{"href":"https:\/\/lovemyhome.vn\/en\/wp-json\/wp\/v2\/product\/3821"}],"collection":[{"href":"https:\/\/lovemyhome.vn\/en\/wp-json\/wp\/v2\/product"}],"about":[{"href":"https:\/\/lovemyhome.vn\/en\/wp-json\/wp\/v2\/types\/product"}],"wp:featuredmedia":[{"embeddable":true,"href":"https:\/\/lovemyhome.vn\/en\/wp-json\/wp\/v2\/media\/3822"}],"wp:attachment":[{"href":"https:\/\/lovemyhome.vn\/en\/wp-json\/wp\/v2\/media?parent=3821"}],"curies":[{"name":"wp","href":"https:\/\/api.w.org\/{rel}","templated":true}]}}