{"id":3823,"date":"2018-05-03T04:54:39","date_gmt":"2018-05-02T21:54:39","guid":{"rendered":"https:\/\/lovemyhome.vn\/?post_type=product&#038;p=3823"},"modified":"2024-07-04T15:47:48","modified_gmt":"2024-07-04T08:47:48","slug":"rulo-thong-minh-wagner-handiroll-550","status":"publish","type":"product","link":"https:\/\/lovemyhome.vn\/en\/san-pham\/rulo-thong-minh-wagner-handiroll-550\/","title":{"rendered":"(Ti\u1ebfng Vi\u1ec7t) Rulo Th\u00f4ng Minh WAGNER HandiRoll 550"},"content":{"rendered":"<p class=\"qtranxs-available-languages-message qtranxs-available-languages-message-en\">Sorry, this entry is only available in <a href=\"https:\/\/lovemyhome.vn\/vi\/wp-json\/wp\/v2\/product\/3823\" class=\"qtranxs-available-language-link qtranxs-available-language-link-vi\" title=\"Ti\u1ebfng Vi\u1ec7t\">Vietnamese<\/a>.<\/p>","protected":false},"excerpt":{"rendered":"<p class=\"qtranxs-available-languages-message qtranxs-available-languages-message-en\">Sorry, this entry is only available in <a href=\"https:\/\/lovemyhome.vn\/vi\/wp-json\/wp\/v2\/product\/3823\" class=\"qtranxs-available-language-link qtranxs-available-language-link-vi\" title=\"Ti\u1ebfng Vi\u1ec7t\">Vietnamese<\/a>.<\/p>\n","protected":false},"featured_media":3824,"template":"","meta":[],"yoast_head":"<!-- This site is optimized with the Yoast SEO plugin v16.7 - https:\/\/yoast.com\/wordpress\/plugins\/seo\/ -->\n<title>(Ti\u1ebfng Vi\u1ec7t) (Ti\u1ebfng Vi\u1ec7t) Rulo Th\u00f4ng Minh WAGNER HandiRoll 550 0913123345<\/title>\n<meta name=\"description\" content=\"(Ti\u1ebfng Vi\u1ec7t) Rulo Th\u00f4ng Minh WAGNER HandiRoll 550 nh\u1eadp Kh\u1ea9u \u0110\u1ee9c, kh\u00f4ng hao s\u01a1n, ti\u1ebft ki\u1ec7m th\u1eddi gian, n\u01b0\u1edbc s\u01a1n m\u1ecbn, l\u00e1ng, d\u1ec5 v\u1ec7 sinh.\" \/>\n<meta name=\"robots\" content=\"index, follow, max-snippet:-1, max-image-preview:large, max-video-preview:-1\" \/>\n<link rel=\"canonical\" href=\"https:\/\/lovemyhome.vn\/san-pham\/rulo-thong-minh-wagner-handiroll-550\/\" \/>\n<meta property=\"og:locale\" content=\"en_US\" \/>\n<meta property=\"og:type\" content=\"article\" \/>\n<meta property=\"og:title\" content=\"[:vi](Ti\u1ebfng Vi\u1ec7t) Rulo Th\u00f4ng Minh WAGNER HandiRoll 550 0913123345[:]\" \/>\n<meta property=\"og:description\" content=\"{:vi}Rulo Th\u00f4ng Minh WAGNER HandiRoll 550 nh\u1eadp Kh\u1ea9u \u0110\u1ee9c, kh\u00f4ng hao s\u01a1n, ti\u1ebft ki\u1ec7m th\u1eddi gian, n\u01b0\u1edbc s\u01a1n m\u1ecbn, l\u00e1ng, d\u1ec5 v\u1ec7 sinh.{:}\" \/>\n<meta property=\"og:url\" content=\"https:\/\/lovemyhome.vn\/san-pham\/rulo-thong-minh-wagner-handiroll-550\/\" \/>\n<meta property=\"og:site_name\" content=\"Lovemyhome\" \/>\n<meta property=\"article:modified_time\" content=\"2024-07-04T08:47:48+00:00\" \/>\n<meta property=\"og:image\" content=\"https:\/\/lovemyhome.vn\/wp-content\/uploads\/2018\/05\/rulothongminh.jpg\" \/>\n\t<meta property=\"og:image:width\" content=\"1000\" \/>\n\t<meta property=\"og:image:height\" content=\"1000\" \/>\n<meta name=\"twitter:card\" content=\"summary\" \/>\n<meta name=\"twitter:label1\" content=\"Est. reading time\" \/>\n\t<meta name=\"twitter:data1\" content=\"3 minutes\" \/>\n<script type=\"application\/ld+json\" class=\"yoast-schema-graph\">{\"@context\":\"https:\/\/schema.org\",\"@graph\":[{\"@type\":\"WebSite\",\"@id\":\"https:\/\/lovemyhome.vn\/#website\",\"url\":\"https:\/\/lovemyhome.vn\/\",\"name\":\"Lovemyhome\",\"description\":\"t\\u00f4i y\\u00eau nh\\u00e0 t\\u00f4i\",\"potentialAction\":[{\"@type\":\"SearchAction\",\"target\":{\"@type\":\"EntryPoint\",\"urlTemplate\":\"https:\/\/lovemyhome.vn\/?s={search_term_string}\"},\"query-input\":\"required name=search_term_string\"}],\"inLanguage\":\"en-US\"},{\"@type\":\"ImageObject\",\"@id\":\"https:\/\/lovemyhome.vn\/san-pham\/rulo-thong-minh-wagner-handiroll-550\/#primaryimage\",\"inLanguage\":\"en-US\",\"url\":\"https:\/\/lovemyhome.vn\/wp-content\/uploads\/2018\/05\/rulothongminh.jpg\",\"contentUrl\":\"https:\/\/lovemyhome.vn\/wp-content\/uploads\/2018\/05\/rulothongminh.jpg\",\"width\":1000,\"height\":1000,\"caption\":\"HandiRoll 550\"},{\"@type\":\"WebPage\",\"@id\":\"https:\/\/lovemyhome.vn\/san-pham\/rulo-thong-minh-wagner-handiroll-550\/#webpage\",\"url\":\"https:\/\/lovemyhome.vn\/san-pham\/rulo-thong-minh-wagner-handiroll-550\/\",\"name\":\"[:vi](Ti\\u1ebfng Vi\\u1ec7t) Rulo Th\\u00f4ng Minh WAGNER HandiRoll 550 0913123345[:]\",\"isPartOf\":{\"@id\":\"https:\/\/lovemyhome.vn\/#website\"},\"primaryImageOfPage\":{\"@id\":\"https:\/\/lovemyhome.vn\/san-pham\/rulo-thong-minh-wagner-handiroll-550\/#primaryimage\"},\"datePublished\":\"2018-05-02T21:54:39+00:00\",\"dateModified\":\"2024-07-04T08:47:48+00:00\",\"description\":\"{:vi}Rulo Th\\u00f4ng Minh WAGNER HandiRoll 550 nh\\u1eadp Kh\\u1ea9u \\u0110\\u1ee9c, kh\\u00f4ng hao s\\u01a1n, ti\\u1ebft ki\\u1ec7m th\\u1eddi gian, n\\u01b0\\u1edbc s\\u01a1n m\\u1ecbn, l\\u00e1ng, d\\u1ec5 v\\u1ec7 sinh.{:}\",\"breadcrumb\":{\"@id\":\"https:\/\/lovemyhome.vn\/san-pham\/rulo-thong-minh-wagner-handiroll-550\/#breadcrumb\"},\"inLanguage\":\"en-US\",\"potentialAction\":[{\"@type\":\"ReadAction\",\"target\":[\"https:\/\/lovemyhome.vn\/san-pham\/rulo-thong-minh-wagner-handiroll-550\/\"]}]},{\"@type\":\"BreadcrumbList\",\"@id\":\"https:\/\/lovemyhome.vn\/san-pham\/rulo-thong-minh-wagner-handiroll-550\/#breadcrumb\",\"itemListElement\":[{\"@type\":\"ListItem\",\"position\":1,\"name\":\"Home\",\"item\":\"https:\/\/lovemyhome.vn\/\"},{\"@type\":\"ListItem\",\"position\":2,\"name\":\"S\\u1ea3n ph\\u1ea9m\",\"item\":\"https:\/\/lovemyhome.vn\/cua-hang\/\"},{\"@type\":\"ListItem\",\"position\":3,\"name\":\"Rulo Th\\u00f4ng Minh WAGNER HandiRoll 550\"}]}]}<\/script>\n<!-- \/ Yoast SEO plugin. -->","yoast_head_json":{"title":"(Ti\u1ebfng Vi\u1ec7t) (Ti\u1ebfng Vi\u1ec7t) Rulo Th\u00f4ng Minh WAGNER HandiRoll 550 0913123345","description":"(Ti\u1ebfng Vi\u1ec7t) Rulo Th\u00f4ng Minh WAGNER HandiRoll 550 nh\u1eadp Kh\u1ea9u \u0110\u1ee9c, kh\u00f4ng hao s\u01a1n, ti\u1ebft ki\u1ec7m th\u1eddi gian, n\u01b0\u1edbc s\u01a1n m\u1ecbn, l\u00e1ng, d\u1ec5 v\u1ec7 sinh.","robots":{"index":"index","follow":"follow","max-snippet":"max-snippet:-1","max-image-preview":"max-image-preview:large","max-video-preview":"max-video-preview:-1"},"canonical":"https:\/\/lovemyhome.vn\/san-pham\/rulo-thong-minh-wagner-handiroll-550\/","og_locale":"en_US","og_type":"article","og_title":"[:vi](Ti\u1ebfng Vi\u1ec7t) Rulo Th\u00f4ng Minh WAGNER HandiRoll 550 0913123345[:]","og_description":"{:vi}Rulo Th\u00f4ng Minh WAGNER HandiRoll 550 nh\u1eadp Kh\u1ea9u \u0110\u1ee9c, kh\u00f4ng hao s\u01a1n, ti\u1ebft ki\u1ec7m th\u1eddi gian, n\u01b0\u1edbc s\u01a1n m\u1ecbn, l\u00e1ng, d\u1ec5 v\u1ec7 sinh.{:}","og_url":"https:\/\/lovemyhome.vn\/san-pham\/rulo-thong-minh-wagner-handiroll-550\/","og_site_name":"Lovemyhome","article_modified_time":"2024-07-04T08:47:48+00:00","og_image":[{"width":1000,"height":1000,"url":"https:\/\/lovemyhome.vn\/wp-content\/uploads\/2018\/05\/rulothongminh.jpg","path":"\/home\/lovemyho\/public_html\/wp-content\/uploads\/2018\/05\/rulothongminh.jpg","size":"full","id":3824,"alt":"Rulo th\u00f4ng minh WAGNER HandiRoll 550","pixels":1000000,"type":"image\/jpeg"}],"twitter_card":"summary","twitter_misc":{"Est. reading time":"3 minutes"},"schema":{"@context":"https:\/\/schema.org","@graph":[{"@type":"WebSite","@id":"https:\/\/lovemyhome.vn\/#website","url":"https:\/\/lovemyhome.vn\/","name":"Lovemyhome","description":"t\u00f4i y\u00eau nh\u00e0 t\u00f4i","potentialAction":[{"@type":"SearchAction","target":{"@type":"EntryPoint","urlTemplate":"https:\/\/lovemyhome.vn\/?s={search_term_string}"},"query-input":"required name=search_term_string"}],"inLanguage":"en-US"},{"@type":"ImageObject","@id":"https:\/\/lovemyhome.vn\/san-pham\/rulo-thong-minh-wagner-handiroll-550\/#primaryimage","inLanguage":"en-US","url":"https:\/\/lovemyhome.vn\/wp-content\/uploads\/2018\/05\/rulothongminh.jpg","contentUrl":"https:\/\/lovemyhome.vn\/wp-content\/uploads\/2018\/05\/rulothongminh.jpg","width":1000,"height":1000,"caption":"HandiRoll 550"},{"@type":"WebPage","@id":"https:\/\/lovemyhome.vn\/san-pham\/rulo-thong-minh-wagner-handiroll-550\/#webpage","url":"https:\/\/lovemyhome.vn\/san-pham\/rulo-thong-minh-wagner-handiroll-550\/","name":"[:vi](Ti\u1ebfng Vi\u1ec7t) Rulo Th\u00f4ng Minh WAGNER HandiRoll 550 0913123345[:]","isPartOf":{"@id":"https:\/\/lovemyhome.vn\/#website"},"primaryImageOfPage":{"@id":"https:\/\/lovemyhome.vn\/san-pham\/rulo-thong-minh-wagner-handiroll-550\/#primaryimage"},"datePublished":"2018-05-02T21:54:39+00:00","dateModified":"2024-07-04T08:47:48+00:00","description":"{:vi}Rulo Th\u00f4ng Minh WAGNER HandiRoll 550 nh\u1eadp Kh\u1ea9u \u0110\u1ee9c, kh\u00f4ng hao s\u01a1n, ti\u1ebft ki\u1ec7m th\u1eddi gian, n\u01b0\u1edbc s\u01a1n m\u1ecbn, l\u00e1ng, d\u1ec5 v\u1ec7 sinh.{:}","breadcrumb":{"@id":"https:\/\/lovemyhome.vn\/san-pham\/rulo-thong-minh-wagner-handiroll-550\/#breadcrumb"},"inLanguage":"en-US","potentialAction":[{"@type":"ReadAction","target":["https:\/\/lovemyhome.vn\/san-pham\/rulo-thong-minh-wagner-handiroll-550\/"]}]},{"@type":"BreadcrumbList","@id":"https:\/\/lovemyhome.vn\/san-pham\/rulo-thong-minh-wagner-handiroll-550\/#breadcrumb","itemListElement":[{"@type":"ListItem","position":1,"name":"Home","item":"https:\/\/lovemyhome.vn\/"},{"@type":"ListItem","position":2,"name":"S\u1ea3n ph\u1ea9m","item":"https:\/\/lovemyhome.vn\/cua-hang\/"},{"@type":"ListItem","position":3,"name":"Rulo Th\u00f4ng Minh WAGNER HandiRoll 550"}]}]}},"_links":{"self":[{"href":"https:\/\/lovemyhome.vn\/en\/wp-json\/wp\/v2\/product\/3823"}],"collection":[{"href":"https:\/\/lovemyhome.vn\/en\/wp-json\/wp\/v2\/product"}],"about":[{"href":"https:\/\/lovemyhome.vn\/en\/wp-json\/wp\/v2\/types\/product"}],"wp:featuredmedia":[{"embeddable":true,"href":"https:\/\/lovemyhome.vn\/en\/wp-json\/wp\/v2\/media\/3824"}],"wp:attachment":[{"href":"https:\/\/lovemyhome.vn\/en\/wp-json\/wp\/v2\/media?parent=3823"}],"curies":[{"name":"wp","href":"https:\/\/api.w.org\/{rel}","templated":true}]}}