{"id":4632,"date":"2019-12-11T13:42:14","date_gmt":"2019-12-11T06:42:14","guid":{"rendered":"https:\/\/lovemyhome.vn\/?post_type=product&#038;p=4632"},"modified":"2024-07-02T10:43:47","modified_gmt":"2024-07-02T03:43:47","slug":"bon-tam-sbl-2184","status":"publish","type":"product","link":"https:\/\/lovemyhome.vn\/en\/san-pham\/bon-tam-sbl-2184\/","title":{"rendered":"(Ti\u1ebfng Vi\u1ec7t) B\u1ed3n T\u1eafm SBL-2184"},"content":{"rendered":"<p class=\"qtranxs-available-languages-message qtranxs-available-languages-message-en\">Sorry, this entry is only available in <a href=\"https:\/\/lovemyhome.vn\/vi\/wp-json\/wp\/v2\/product\/4632\" class=\"qtranxs-available-language-link qtranxs-available-language-link-vi\" title=\"Ti\u1ebfng Vi\u1ec7t\">Vietnamese<\/a>.<\/p>","protected":false},"excerpt":{"rendered":"<p class=\"qtranxs-available-languages-message qtranxs-available-languages-message-en\">Sorry, this entry is only available in <a href=\"https:\/\/lovemyhome.vn\/vi\/wp-json\/wp\/v2\/product\/4632\" class=\"qtranxs-available-language-link qtranxs-available-language-link-vi\" title=\"Ti\u1ebfng Vi\u1ec7t\">Vietnamese<\/a>.<\/p>\n","protected":false},"featured_media":7297,"template":"","meta":[],"yoast_head":"<!-- This site is optimized with the Yoast SEO plugin v16.7 - https:\/\/yoast.com\/wordpress\/plugins\/seo\/ -->\n<title>(Ti\u1ebfng Vi\u1ec7t) (Ti\u1ebfng Vi\u1ec7t) B\u1ed3n T\u1eafm SBL-2184 Nh\u1eadp Kh\u1ea9u Lovemyhome 0913 123 345<\/title>\n<meta name=\"description\" content=\"(Ti\u1ebfng Vi\u1ec7t) B\u1ed3n T\u1eafm SBL-2184 Ch\u1ea5t li\u1ec7u: Nh\u1ef1a Acrylic, c\u00f3 ch\u1ee9c n\u0103ng t\u1eafm v\u00e0 ng\u00e2m body th\u00f4ng th\u01b0\u1eddng, gi\u00fap l\u00e0m s\u1ea1ch c\u01a1 th\u1ec3 v\u00e0 th\u01b0 gi\u00e3n m\u1ec7t m\u1ecfi.\" \/>\n<meta name=\"robots\" content=\"index, follow, max-snippet:-1, max-image-preview:large, max-video-preview:-1\" \/>\n<link rel=\"canonical\" href=\"https:\/\/lovemyhome.vn\/san-pham\/bon-tam-sbl-2184\/\" \/>\n<meta property=\"og:locale\" content=\"en_US\" \/>\n<meta property=\"og:type\" content=\"article\" \/>\n<meta property=\"og:title\" content=\"[:vi](Ti\u1ebfng Vi\u1ec7t) B\u1ed3n T\u1eafm SBL-2184 Nh\u1eadp Kh\u1ea9u Lovemyhome 0913 123 345[:]\" \/>\n<meta property=\"og:description\" content=\"{:vi}B\u1ed3n T\u1eafm SBL-2184 Ch\u1ea5t li\u1ec7u: Nh\u1ef1a Acrylic, c\u00f3 ch\u1ee9c n\u0103ng t\u1eafm v\u00e0 ng\u00e2m body th\u00f4ng th\u01b0\u1eddng, gi\u00fap l\u00e0m s\u1ea1ch c\u01a1 th\u1ec3 v\u00e0 th\u01b0 gi\u00e3n m\u1ec7t m\u1ecfi.{:}\" \/>\n<meta property=\"og:url\" content=\"https:\/\/lovemyhome.vn\/san-pham\/bon-tam-sbl-2184\/\" \/>\n<meta property=\"og:site_name\" content=\"Lovemyhome\" \/>\n<meta property=\"article:modified_time\" content=\"2024-07-02T03:43:47+00:00\" \/>\n<meta property=\"og:image\" content=\"https:\/\/lovemyhome.vn\/wp-content\/uploads\/2019\/12\/5cac376923337.jpg\" \/>\n\t<meta property=\"og:image:width\" content=\"600\" \/>\n\t<meta property=\"og:image:height\" content=\"600\" \/>\n<meta name=\"twitter:card\" content=\"summary\" \/>\n<meta name=\"twitter:label1\" content=\"Est. reading time\" \/>\n\t<meta name=\"twitter:data1\" content=\"5 minutes\" \/>\n<script type=\"application\/ld+json\" class=\"yoast-schema-graph\">{\"@context\":\"https:\/\/schema.org\",\"@graph\":[{\"@type\":\"WebSite\",\"@id\":\"https:\/\/lovemyhome.vn\/#website\",\"url\":\"https:\/\/lovemyhome.vn\/\",\"name\":\"Lovemyhome\",\"description\":\"t\\u00f4i y\\u00eau nh\\u00e0 t\\u00f4i\",\"potentialAction\":[{\"@type\":\"SearchAction\",\"target\":{\"@type\":\"EntryPoint\",\"urlTemplate\":\"https:\/\/lovemyhome.vn\/?s={search_term_string}\"},\"query-input\":\"required name=search_term_string\"}],\"inLanguage\":\"en-US\"},{\"@type\":\"ImageObject\",\"@id\":\"https:\/\/lovemyhome.vn\/san-pham\/bon-tam-sbl-2184\/#primaryimage\",\"inLanguage\":\"en-US\",\"url\":\"https:\/\/lovemyhome.vn\/wp-content\/uploads\/2019\/12\/5cac376923337.jpg\",\"contentUrl\":\"https:\/\/lovemyhome.vn\/wp-content\/uploads\/2019\/12\/5cac376923337.jpg\",\"width\":600,\"height\":600,\"caption\":\"bon-tam-dat-san-2184\"},{\"@type\":\"WebPage\",\"@id\":\"https:\/\/lovemyhome.vn\/san-pham\/bon-tam-sbl-2184\/#webpage\",\"url\":\"https:\/\/lovemyhome.vn\/san-pham\/bon-tam-sbl-2184\/\",\"name\":\"[:vi](Ti\\u1ebfng Vi\\u1ec7t) B\\u1ed3n T\\u1eafm SBL-2184 Nh\\u1eadp Kh\\u1ea9u Lovemyhome 0913 123 345[:]\",\"isPartOf\":{\"@id\":\"https:\/\/lovemyhome.vn\/#website\"},\"primaryImageOfPage\":{\"@id\":\"https:\/\/lovemyhome.vn\/san-pham\/bon-tam-sbl-2184\/#primaryimage\"},\"datePublished\":\"2019-12-11T06:42:14+00:00\",\"dateModified\":\"2024-07-02T03:43:47+00:00\",\"description\":\"{:vi}B\\u1ed3n T\\u1eafm SBL-2184 Ch\\u1ea5t li\\u1ec7u: Nh\\u1ef1a Acrylic, c\\u00f3 ch\\u1ee9c n\\u0103ng t\\u1eafm v\\u00e0 ng\\u00e2m body th\\u00f4ng th\\u01b0\\u1eddng, gi\\u00fap l\\u00e0m s\\u1ea1ch c\\u01a1 th\\u1ec3 v\\u00e0 th\\u01b0 gi\\u00e3n m\\u1ec7t m\\u1ecfi.{:}\",\"breadcrumb\":{\"@id\":\"https:\/\/lovemyhome.vn\/san-pham\/bon-tam-sbl-2184\/#breadcrumb\"},\"inLanguage\":\"en-US\",\"potentialAction\":[{\"@type\":\"ReadAction\",\"target\":[\"https:\/\/lovemyhome.vn\/san-pham\/bon-tam-sbl-2184\/\"]}]},{\"@type\":\"BreadcrumbList\",\"@id\":\"https:\/\/lovemyhome.vn\/san-pham\/bon-tam-sbl-2184\/#breadcrumb\",\"itemListElement\":[{\"@type\":\"ListItem\",\"position\":1,\"name\":\"Home\",\"item\":\"https:\/\/lovemyhome.vn\/\"},{\"@type\":\"ListItem\",\"position\":2,\"name\":\"S\\u1ea3n ph\\u1ea9m\",\"item\":\"https:\/\/lovemyhome.vn\/cua-hang\/\"},{\"@type\":\"ListItem\",\"position\":3,\"name\":\"B\\u1ed3n T\\u1eafm SBL-2184\"}]}]}<\/script>\n<!-- \/ Yoast SEO plugin. -->","yoast_head_json":{"title":"(Ti\u1ebfng Vi\u1ec7t) (Ti\u1ebfng Vi\u1ec7t) B\u1ed3n T\u1eafm SBL-2184 Nh\u1eadp Kh\u1ea9u Lovemyhome 0913 123 345","description":"(Ti\u1ebfng Vi\u1ec7t) B\u1ed3n T\u1eafm SBL-2184 Ch\u1ea5t li\u1ec7u: Nh\u1ef1a Acrylic, c\u00f3 ch\u1ee9c n\u0103ng t\u1eafm v\u00e0 ng\u00e2m body th\u00f4ng th\u01b0\u1eddng, gi\u00fap l\u00e0m s\u1ea1ch c\u01a1 th\u1ec3 v\u00e0 th\u01b0 gi\u00e3n m\u1ec7t m\u1ecfi.","robots":{"index":"index","follow":"follow","max-snippet":"max-snippet:-1","max-image-preview":"max-image-preview:large","max-video-preview":"max-video-preview:-1"},"canonical":"https:\/\/lovemyhome.vn\/san-pham\/bon-tam-sbl-2184\/","og_locale":"en_US","og_type":"article","og_title":"[:vi](Ti\u1ebfng Vi\u1ec7t) B\u1ed3n T\u1eafm SBL-2184 Nh\u1eadp Kh\u1ea9u Lovemyhome 0913 123 345[:]","og_description":"{:vi}B\u1ed3n T\u1eafm SBL-2184 Ch\u1ea5t li\u1ec7u: Nh\u1ef1a Acrylic, c\u00f3 ch\u1ee9c n\u0103ng t\u1eafm v\u00e0 ng\u00e2m body th\u00f4ng th\u01b0\u1eddng, gi\u00fap l\u00e0m s\u1ea1ch c\u01a1 th\u1ec3 v\u00e0 th\u01b0 gi\u00e3n m\u1ec7t m\u1ecfi.{:}","og_url":"https:\/\/lovemyhome.vn\/san-pham\/bon-tam-sbl-2184\/","og_site_name":"Lovemyhome","article_modified_time":"2024-07-02T03:43:47+00:00","og_image":[{"width":600,"height":600,"url":"https:\/\/lovemyhome.vn\/wp-content\/uploads\/2019\/12\/5cac376923337.jpg","path":"\/home\/lovemyho\/public_html\/wp-content\/uploads\/2019\/12\/5cac376923337.jpg","size":"full","id":7297,"alt":"bon-tam-dat-san-2184","pixels":360000,"type":"image\/jpeg"}],"twitter_card":"summary","twitter_misc":{"Est. reading time":"5 minutes"},"schema":{"@context":"https:\/\/schema.org","@graph":[{"@type":"WebSite","@id":"https:\/\/lovemyhome.vn\/#website","url":"https:\/\/lovemyhome.vn\/","name":"Lovemyhome","description":"t\u00f4i y\u00eau nh\u00e0 t\u00f4i","potentialAction":[{"@type":"SearchAction","target":{"@type":"EntryPoint","urlTemplate":"https:\/\/lovemyhome.vn\/?s={search_term_string}"},"query-input":"required name=search_term_string"}],"inLanguage":"en-US"},{"@type":"ImageObject","@id":"https:\/\/lovemyhome.vn\/san-pham\/bon-tam-sbl-2184\/#primaryimage","inLanguage":"en-US","url":"https:\/\/lovemyhome.vn\/wp-content\/uploads\/2019\/12\/5cac376923337.jpg","contentUrl":"https:\/\/lovemyhome.vn\/wp-content\/uploads\/2019\/12\/5cac376923337.jpg","width":600,"height":600,"caption":"bon-tam-dat-san-2184"},{"@type":"WebPage","@id":"https:\/\/lovemyhome.vn\/san-pham\/bon-tam-sbl-2184\/#webpage","url":"https:\/\/lovemyhome.vn\/san-pham\/bon-tam-sbl-2184\/","name":"[:vi](Ti\u1ebfng Vi\u1ec7t) B\u1ed3n T\u1eafm SBL-2184 Nh\u1eadp Kh\u1ea9u Lovemyhome 0913 123 345[:]","isPartOf":{"@id":"https:\/\/lovemyhome.vn\/#website"},"primaryImageOfPage":{"@id":"https:\/\/lovemyhome.vn\/san-pham\/bon-tam-sbl-2184\/#primaryimage"},"datePublished":"2019-12-11T06:42:14+00:00","dateModified":"2024-07-02T03:43:47+00:00","description":"{:vi}B\u1ed3n T\u1eafm SBL-2184 Ch\u1ea5t li\u1ec7u: Nh\u1ef1a Acrylic, c\u00f3 ch\u1ee9c n\u0103ng t\u1eafm v\u00e0 ng\u00e2m body th\u00f4ng th\u01b0\u1eddng, gi\u00fap l\u00e0m s\u1ea1ch c\u01a1 th\u1ec3 v\u00e0 th\u01b0 gi\u00e3n m\u1ec7t m\u1ecfi.{:}","breadcrumb":{"@id":"https:\/\/lovemyhome.vn\/san-pham\/bon-tam-sbl-2184\/#breadcrumb"},"inLanguage":"en-US","potentialAction":[{"@type":"ReadAction","target":["https:\/\/lovemyhome.vn\/san-pham\/bon-tam-sbl-2184\/"]}]},{"@type":"BreadcrumbList","@id":"https:\/\/lovemyhome.vn\/san-pham\/bon-tam-sbl-2184\/#breadcrumb","itemListElement":[{"@type":"ListItem","position":1,"name":"Home","item":"https:\/\/lovemyhome.vn\/"},{"@type":"ListItem","position":2,"name":"S\u1ea3n ph\u1ea9m","item":"https:\/\/lovemyhome.vn\/cua-hang\/"},{"@type":"ListItem","position":3,"name":"B\u1ed3n T\u1eafm SBL-2184"}]}]}},"_links":{"self":[{"href":"https:\/\/lovemyhome.vn\/en\/wp-json\/wp\/v2\/product\/4632"}],"collection":[{"href":"https:\/\/lovemyhome.vn\/en\/wp-json\/wp\/v2\/product"}],"about":[{"href":"https:\/\/lovemyhome.vn\/en\/wp-json\/wp\/v2\/types\/product"}],"wp:featuredmedia":[{"embeddable":true,"href":"https:\/\/lovemyhome.vn\/en\/wp-json\/wp\/v2\/media\/7297"}],"wp:attachment":[{"href":"https:\/\/lovemyhome.vn\/en\/wp-json\/wp\/v2\/media?parent=4632"}],"curies":[{"name":"wp","href":"https:\/\/api.w.org\/{rel}","templated":true}]}}