{"id":4656,"date":"2019-12-11T13:57:49","date_gmt":"2019-12-11T06:57:49","guid":{"rendered":"https:\/\/lovemyhome.vn\/?post_type=product&#038;p=4656"},"modified":"2024-07-02T09:19:08","modified_gmt":"2024-07-02T02:19:08","slug":"bon-tam-sbl-2181","status":"publish","type":"product","link":"https:\/\/lovemyhome.vn\/en\/san-pham\/bon-tam-sbl-2181\/","title":{"rendered":"(Ti\u1ebfng Vi\u1ec7t) B\u1ed3n T\u1eafm SBL-2181"},"content":{"rendered":"<p class=\"qtranxs-available-languages-message qtranxs-available-languages-message-en\">Sorry, this entry is only available in <a href=\"https:\/\/lovemyhome.vn\/vi\/wp-json\/wp\/v2\/product\/4656\" class=\"qtranxs-available-language-link qtranxs-available-language-link-vi\" title=\"Ti\u1ebfng Vi\u1ec7t\">Vietnamese<\/a>.<\/p>","protected":false},"excerpt":{"rendered":"<p class=\"qtranxs-available-languages-message qtranxs-available-languages-message-en\">Sorry, this entry is only available in <a href=\"https:\/\/lovemyhome.vn\/vi\/wp-json\/wp\/v2\/product\/4656\" class=\"qtranxs-available-language-link qtranxs-available-language-link-vi\" title=\"Ti\u1ebfng Vi\u1ec7t\">Vietnamese<\/a>.<\/p>\n","protected":false},"featured_media":4657,"template":"","meta":[],"yoast_head":"<!-- This site is optimized with the Yoast SEO plugin v16.7 - https:\/\/yoast.com\/wordpress\/plugins\/seo\/ -->\n<title>(Ti\u1ebfng Vi\u1ec7t) (Ti\u1ebfng Vi\u1ec7t) B\u1ed3n T\u1eafm SBL-2181 - Lovemyhome 0913 123 345<\/title>\n<meta name=\"description\" content=\"(Ti\u1ebfng Vi\u1ec7t) B\u1ed3n T\u1eafm SBL-2181 mang l\u1ea1i cho s\u1ee9c kh\u1ecfe v\u00e0 l\u00e0m \u0111\u1eb9p, nh\u1eadp kh\u1ea9u ch\u00e2u \u00e2u, ko \u1ed1 v\u00e0ng, ko th\u1ea5m n\u01b0\u1edbc, b\u1ea3o h\u00e0nh.\" \/>\n<meta name=\"robots\" content=\"index, follow, max-snippet:-1, max-image-preview:large, max-video-preview:-1\" \/>\n<link rel=\"canonical\" href=\"https:\/\/lovemyhome.vn\/san-pham\/bon-tam-sbl-2181\/\" \/>\n<meta property=\"og:locale\" content=\"en_US\" \/>\n<meta property=\"og:type\" content=\"article\" \/>\n<meta property=\"og:title\" content=\"[:vi](Ti\u1ebfng Vi\u1ec7t) B\u1ed3n T\u1eafm SBL-2181 - Lovemyhome 0913 123 345[:]\" \/>\n<meta property=\"og:description\" content=\"{:vi}B\u1ed3n T\u1eafm SBL-2181 mang l\u1ea1i cho s\u1ee9c kh\u1ecfe v\u00e0 l\u00e0m \u0111\u1eb9p, nh\u1eadp kh\u1ea9u ch\u00e2u \u00e2u, ko \u1ed1 v\u00e0ng, ko th\u1ea5m n\u01b0\u1edbc, b\u1ea3o h\u00e0nh. {:}\" \/>\n<meta property=\"og:url\" content=\"https:\/\/lovemyhome.vn\/san-pham\/bon-tam-sbl-2181\/\" \/>\n<meta property=\"og:site_name\" content=\"Lovemyhome\" \/>\n<meta property=\"article:modified_time\" content=\"2024-07-02T02:19:08+00:00\" \/>\n<meta property=\"og:image\" content=\"https:\/\/lovemyhome.vn\/wp-content\/uploads\/2019\/12\/SBL-2181-2.jpg\" \/>\n\t<meta property=\"og:image:width\" content=\"585\" \/>\n\t<meta property=\"og:image:height\" content=\"529\" \/>\n<meta name=\"twitter:card\" content=\"summary\" \/>\n<meta name=\"twitter:label1\" content=\"Est. reading time\" \/>\n\t<meta name=\"twitter:data1\" content=\"1 minute\" \/>\n<script type=\"application\/ld+json\" class=\"yoast-schema-graph\">{\"@context\":\"https:\/\/schema.org\",\"@graph\":[{\"@type\":\"WebSite\",\"@id\":\"https:\/\/lovemyhome.vn\/#website\",\"url\":\"https:\/\/lovemyhome.vn\/\",\"name\":\"Lovemyhome\",\"description\":\"t\\u00f4i y\\u00eau nh\\u00e0 t\\u00f4i\",\"potentialAction\":[{\"@type\":\"SearchAction\",\"target\":{\"@type\":\"EntryPoint\",\"urlTemplate\":\"https:\/\/lovemyhome.vn\/?s={search_term_string}\"},\"query-input\":\"required name=search_term_string\"}],\"inLanguage\":\"en-US\"},{\"@type\":\"ImageObject\",\"@id\":\"https:\/\/lovemyhome.vn\/san-pham\/bon-tam-sbl-2181\/#primaryimage\",\"inLanguage\":\"en-US\",\"url\":\"https:\/\/lovemyhome.vn\/wp-content\/uploads\/2019\/12\/SBL-2181-2.jpg\",\"contentUrl\":\"https:\/\/lovemyhome.vn\/wp-content\/uploads\/2019\/12\/SBL-2181-2.jpg\",\"width\":585,\"height\":529},{\"@type\":\"WebPage\",\"@id\":\"https:\/\/lovemyhome.vn\/san-pham\/bon-tam-sbl-2181\/#webpage\",\"url\":\"https:\/\/lovemyhome.vn\/san-pham\/bon-tam-sbl-2181\/\",\"name\":\"[:vi](Ti\\u1ebfng Vi\\u1ec7t) B\\u1ed3n T\\u1eafm SBL-2181 - Lovemyhome 0913 123 345[:]\",\"isPartOf\":{\"@id\":\"https:\/\/lovemyhome.vn\/#website\"},\"primaryImageOfPage\":{\"@id\":\"https:\/\/lovemyhome.vn\/san-pham\/bon-tam-sbl-2181\/#primaryimage\"},\"datePublished\":\"2019-12-11T06:57:49+00:00\",\"dateModified\":\"2024-07-02T02:19:08+00:00\",\"description\":\"{:vi}B\\u1ed3n T\\u1eafm SBL-2181 mang l\\u1ea1i cho s\\u1ee9c kh\\u1ecfe v\\u00e0 l\\u00e0m \\u0111\\u1eb9p, nh\\u1eadp kh\\u1ea9u ch\\u00e2u \\u00e2u, ko \\u1ed1 v\\u00e0ng, ko th\\u1ea5m n\\u01b0\\u1edbc, b\\u1ea3o h\\u00e0nh. {:}\",\"breadcrumb\":{\"@id\":\"https:\/\/lovemyhome.vn\/san-pham\/bon-tam-sbl-2181\/#breadcrumb\"},\"inLanguage\":\"en-US\",\"potentialAction\":[{\"@type\":\"ReadAction\",\"target\":[\"https:\/\/lovemyhome.vn\/san-pham\/bon-tam-sbl-2181\/\"]}]},{\"@type\":\"BreadcrumbList\",\"@id\":\"https:\/\/lovemyhome.vn\/san-pham\/bon-tam-sbl-2181\/#breadcrumb\",\"itemListElement\":[{\"@type\":\"ListItem\",\"position\":1,\"name\":\"Home\",\"item\":\"https:\/\/lovemyhome.vn\/\"},{\"@type\":\"ListItem\",\"position\":2,\"name\":\"S\\u1ea3n ph\\u1ea9m\",\"item\":\"https:\/\/lovemyhome.vn\/cua-hang\/\"},{\"@type\":\"ListItem\",\"position\":3,\"name\":\"B\\u1ed3n T\\u1eafm SBL-2181\"}]}]}<\/script>\n<!-- \/ Yoast SEO plugin. -->","yoast_head_json":{"title":"(Ti\u1ebfng Vi\u1ec7t) (Ti\u1ebfng Vi\u1ec7t) B\u1ed3n T\u1eafm SBL-2181 - Lovemyhome 0913 123 345","description":"(Ti\u1ebfng Vi\u1ec7t) B\u1ed3n T\u1eafm SBL-2181 mang l\u1ea1i cho s\u1ee9c kh\u1ecfe v\u00e0 l\u00e0m \u0111\u1eb9p, nh\u1eadp kh\u1ea9u ch\u00e2u \u00e2u, ko \u1ed1 v\u00e0ng, ko th\u1ea5m n\u01b0\u1edbc, b\u1ea3o h\u00e0nh.","robots":{"index":"index","follow":"follow","max-snippet":"max-snippet:-1","max-image-preview":"max-image-preview:large","max-video-preview":"max-video-preview:-1"},"canonical":"https:\/\/lovemyhome.vn\/san-pham\/bon-tam-sbl-2181\/","og_locale":"en_US","og_type":"article","og_title":"[:vi](Ti\u1ebfng Vi\u1ec7t) B\u1ed3n T\u1eafm SBL-2181 - Lovemyhome 0913 123 345[:]","og_description":"{:vi}B\u1ed3n T\u1eafm SBL-2181 mang l\u1ea1i cho s\u1ee9c kh\u1ecfe v\u00e0 l\u00e0m \u0111\u1eb9p, nh\u1eadp kh\u1ea9u ch\u00e2u \u00e2u, ko \u1ed1 v\u00e0ng, ko th\u1ea5m n\u01b0\u1edbc, b\u1ea3o h\u00e0nh. {:}","og_url":"https:\/\/lovemyhome.vn\/san-pham\/bon-tam-sbl-2181\/","og_site_name":"Lovemyhome","article_modified_time":"2024-07-02T02:19:08+00:00","og_image":[{"width":585,"height":529,"url":"https:\/\/lovemyhome.vn\/wp-content\/uploads\/2019\/12\/SBL-2181-2.jpg","path":"\/home\/lovemyho\/public_html\/wp-content\/uploads\/2019\/12\/SBL-2181-2.jpg","size":"full","id":4657,"alt":"","pixels":309465,"type":"image\/jpeg"}],"twitter_card":"summary","twitter_misc":{"Est. reading time":"1 minute"},"schema":{"@context":"https:\/\/schema.org","@graph":[{"@type":"WebSite","@id":"https:\/\/lovemyhome.vn\/#website","url":"https:\/\/lovemyhome.vn\/","name":"Lovemyhome","description":"t\u00f4i y\u00eau nh\u00e0 t\u00f4i","potentialAction":[{"@type":"SearchAction","target":{"@type":"EntryPoint","urlTemplate":"https:\/\/lovemyhome.vn\/?s={search_term_string}"},"query-input":"required name=search_term_string"}],"inLanguage":"en-US"},{"@type":"ImageObject","@id":"https:\/\/lovemyhome.vn\/san-pham\/bon-tam-sbl-2181\/#primaryimage","inLanguage":"en-US","url":"https:\/\/lovemyhome.vn\/wp-content\/uploads\/2019\/12\/SBL-2181-2.jpg","contentUrl":"https:\/\/lovemyhome.vn\/wp-content\/uploads\/2019\/12\/SBL-2181-2.jpg","width":585,"height":529},{"@type":"WebPage","@id":"https:\/\/lovemyhome.vn\/san-pham\/bon-tam-sbl-2181\/#webpage","url":"https:\/\/lovemyhome.vn\/san-pham\/bon-tam-sbl-2181\/","name":"[:vi](Ti\u1ebfng Vi\u1ec7t) B\u1ed3n T\u1eafm SBL-2181 - Lovemyhome 0913 123 345[:]","isPartOf":{"@id":"https:\/\/lovemyhome.vn\/#website"},"primaryImageOfPage":{"@id":"https:\/\/lovemyhome.vn\/san-pham\/bon-tam-sbl-2181\/#primaryimage"},"datePublished":"2019-12-11T06:57:49+00:00","dateModified":"2024-07-02T02:19:08+00:00","description":"{:vi}B\u1ed3n T\u1eafm SBL-2181 mang l\u1ea1i cho s\u1ee9c kh\u1ecfe v\u00e0 l\u00e0m \u0111\u1eb9p, nh\u1eadp kh\u1ea9u ch\u00e2u \u00e2u, ko \u1ed1 v\u00e0ng, ko th\u1ea5m n\u01b0\u1edbc, b\u1ea3o h\u00e0nh. {:}","breadcrumb":{"@id":"https:\/\/lovemyhome.vn\/san-pham\/bon-tam-sbl-2181\/#breadcrumb"},"inLanguage":"en-US","potentialAction":[{"@type":"ReadAction","target":["https:\/\/lovemyhome.vn\/san-pham\/bon-tam-sbl-2181\/"]}]},{"@type":"BreadcrumbList","@id":"https:\/\/lovemyhome.vn\/san-pham\/bon-tam-sbl-2181\/#breadcrumb","itemListElement":[{"@type":"ListItem","position":1,"name":"Home","item":"https:\/\/lovemyhome.vn\/"},{"@type":"ListItem","position":2,"name":"S\u1ea3n ph\u1ea9m","item":"https:\/\/lovemyhome.vn\/cua-hang\/"},{"@type":"ListItem","position":3,"name":"B\u1ed3n T\u1eafm SBL-2181"}]}]}},"_links":{"self":[{"href":"https:\/\/lovemyhome.vn\/en\/wp-json\/wp\/v2\/product\/4656"}],"collection":[{"href":"https:\/\/lovemyhome.vn\/en\/wp-json\/wp\/v2\/product"}],"about":[{"href":"https:\/\/lovemyhome.vn\/en\/wp-json\/wp\/v2\/types\/product"}],"wp:featuredmedia":[{"embeddable":true,"href":"https:\/\/lovemyhome.vn\/en\/wp-json\/wp\/v2\/media\/4657"}],"wp:attachment":[{"href":"https:\/\/lovemyhome.vn\/en\/wp-json\/wp\/v2\/media?parent=4656"}],"curies":[{"name":"wp","href":"https:\/\/api.w.org\/{rel}","templated":true}]}}