{"id":4662,"date":"2019-12-11T14:00:41","date_gmt":"2019-12-11T07:00:41","guid":{"rendered":"https:\/\/lovemyhome.vn\/?post_type=product&#038;p=4662"},"modified":"2024-07-02T09:17:13","modified_gmt":"2024-07-02T02:17:13","slug":"bon-tam-sbl-2182","status":"publish","type":"product","link":"https:\/\/lovemyhome.vn\/en\/san-pham\/bon-tam-sbl-2182\/","title":{"rendered":"(Ti\u1ebfng Vi\u1ec7t) B\u1ed3n T\u1eafm SBL-2182"},"content":{"rendered":"<p class=\"qtranxs-available-languages-message qtranxs-available-languages-message-en\">Sorry, this entry is only available in <a href=\"https:\/\/lovemyhome.vn\/vi\/wp-json\/wp\/v2\/product\/4662\" class=\"qtranxs-available-language-link qtranxs-available-language-link-vi\" title=\"Ti\u1ebfng Vi\u1ec7t\">Vietnamese<\/a>.<\/p>","protected":false},"excerpt":{"rendered":"<p class=\"qtranxs-available-languages-message qtranxs-available-languages-message-en\">Sorry, this entry is only available in <a href=\"https:\/\/lovemyhome.vn\/vi\/wp-json\/wp\/v2\/product\/4662\" class=\"qtranxs-available-language-link qtranxs-available-language-link-vi\" title=\"Ti\u1ebfng Vi\u1ec7t\">Vietnamese<\/a>.<\/p>\n","protected":false},"featured_media":4663,"template":"","meta":[],"yoast_head":"<!-- This site is optimized with the Yoast SEO plugin v16.7 - https:\/\/yoast.com\/wordpress\/plugins\/seo\/ -->\n<title>(Ti\u1ebfng Vi\u1ec7t) (Ti\u1ebfng Vi\u1ec7t) B\u1ed3n T\u1eafm SBL-2182 - Lovemyhome 0913 123 345<\/title>\n<meta name=\"description\" content=\"(Ti\u1ebfng Vi\u1ec7t) B\u1ed3n T\u1eafm SBL-2182 l\u00e0 m\u00f3n thi\u1ebft b\u1ecb n\u1ed9i th\u1ea5t nh\u1eadp kh\u1ea9u. \u0110\u00e2y l\u00e0 b\u1ed3n t\u1eafm sang ch\u1ea3nh, ko th\u1ea5m n\u01b0\u1edbc v\u00e0 ko b\u1ecb \u1ed1 v\u00e0ng\" \/>\n<meta name=\"robots\" content=\"index, follow, max-snippet:-1, max-image-preview:large, max-video-preview:-1\" \/>\n<link rel=\"canonical\" href=\"https:\/\/lovemyhome.vn\/san-pham\/bon-tam-sbl-2182\/\" \/>\n<meta property=\"og:locale\" content=\"en_US\" \/>\n<meta property=\"og:type\" content=\"article\" \/>\n<meta property=\"og:title\" content=\"[:vi](Ti\u1ebfng Vi\u1ec7t) B\u1ed3n T\u1eafm SBL-2182 - Lovemyhome 0913 123 345[:]\" \/>\n<meta property=\"og:description\" content=\"{:vi}B\u1ed3n T\u1eafm SBL-2182 l\u00e0 m\u00f3n thi\u1ebft b\u1ecb n\u1ed9i th\u1ea5t nh\u1eadp kh\u1ea9u. \u0110\u00e2y l\u00e0 b\u1ed3n t\u1eafm sang ch\u1ea3nh, ko th\u1ea5m n\u01b0\u1edbc v\u00e0 ko b\u1ecb \u1ed1 v\u00e0ng{:}\" \/>\n<meta property=\"og:url\" content=\"https:\/\/lovemyhome.vn\/san-pham\/bon-tam-sbl-2182\/\" \/>\n<meta property=\"og:site_name\" content=\"Lovemyhome\" \/>\n<meta property=\"article:modified_time\" content=\"2024-07-02T02:17:13+00:00\" \/>\n<meta property=\"og:image\" content=\"https:\/\/lovemyhome.vn\/wp-content\/uploads\/2019\/12\/SBL-2182.jpg\" \/>\n\t<meta property=\"og:image:width\" content=\"602\" \/>\n\t<meta property=\"og:image:height\" content=\"545\" \/>\n<meta name=\"twitter:card\" content=\"summary\" \/>\n<meta name=\"twitter:label1\" content=\"Est. reading time\" \/>\n\t<meta name=\"twitter:data1\" content=\"5 minutes\" \/>\n<script type=\"application\/ld+json\" class=\"yoast-schema-graph\">{\"@context\":\"https:\/\/schema.org\",\"@graph\":[{\"@type\":\"WebSite\",\"@id\":\"https:\/\/lovemyhome.vn\/#website\",\"url\":\"https:\/\/lovemyhome.vn\/\",\"name\":\"Lovemyhome\",\"description\":\"t\\u00f4i y\\u00eau nh\\u00e0 t\\u00f4i\",\"potentialAction\":[{\"@type\":\"SearchAction\",\"target\":{\"@type\":\"EntryPoint\",\"urlTemplate\":\"https:\/\/lovemyhome.vn\/?s={search_term_string}\"},\"query-input\":\"required name=search_term_string\"}],\"inLanguage\":\"en-US\"},{\"@type\":\"ImageObject\",\"@id\":\"https:\/\/lovemyhome.vn\/san-pham\/bon-tam-sbl-2182\/#primaryimage\",\"inLanguage\":\"en-US\",\"url\":\"https:\/\/lovemyhome.vn\/wp-content\/uploads\/2019\/12\/SBL-2182.jpg\",\"contentUrl\":\"https:\/\/lovemyhome.vn\/wp-content\/uploads\/2019\/12\/SBL-2182.jpg\",\"width\":602,\"height\":545},{\"@type\":\"WebPage\",\"@id\":\"https:\/\/lovemyhome.vn\/san-pham\/bon-tam-sbl-2182\/#webpage\",\"url\":\"https:\/\/lovemyhome.vn\/san-pham\/bon-tam-sbl-2182\/\",\"name\":\"[:vi](Ti\\u1ebfng Vi\\u1ec7t) B\\u1ed3n T\\u1eafm SBL-2182 - Lovemyhome 0913 123 345[:]\",\"isPartOf\":{\"@id\":\"https:\/\/lovemyhome.vn\/#website\"},\"primaryImageOfPage\":{\"@id\":\"https:\/\/lovemyhome.vn\/san-pham\/bon-tam-sbl-2182\/#primaryimage\"},\"datePublished\":\"2019-12-11T07:00:41+00:00\",\"dateModified\":\"2024-07-02T02:17:13+00:00\",\"description\":\"{:vi}B\\u1ed3n T\\u1eafm SBL-2182 l\\u00e0 m\\u00f3n thi\\u1ebft b\\u1ecb n\\u1ed9i th\\u1ea5t nh\\u1eadp kh\\u1ea9u. \\u0110\\u00e2y l\\u00e0 b\\u1ed3n t\\u1eafm sang ch\\u1ea3nh, ko th\\u1ea5m n\\u01b0\\u1edbc v\\u00e0 ko b\\u1ecb \\u1ed1 v\\u00e0ng{:}\",\"breadcrumb\":{\"@id\":\"https:\/\/lovemyhome.vn\/san-pham\/bon-tam-sbl-2182\/#breadcrumb\"},\"inLanguage\":\"en-US\",\"potentialAction\":[{\"@type\":\"ReadAction\",\"target\":[\"https:\/\/lovemyhome.vn\/san-pham\/bon-tam-sbl-2182\/\"]}]},{\"@type\":\"BreadcrumbList\",\"@id\":\"https:\/\/lovemyhome.vn\/san-pham\/bon-tam-sbl-2182\/#breadcrumb\",\"itemListElement\":[{\"@type\":\"ListItem\",\"position\":1,\"name\":\"Home\",\"item\":\"https:\/\/lovemyhome.vn\/\"},{\"@type\":\"ListItem\",\"position\":2,\"name\":\"S\\u1ea3n ph\\u1ea9m\",\"item\":\"https:\/\/lovemyhome.vn\/cua-hang\/\"},{\"@type\":\"ListItem\",\"position\":3,\"name\":\"B\\u1ed3n T\\u1eafm SBL-2182\"}]}]}<\/script>\n<!-- \/ Yoast SEO plugin. -->","yoast_head_json":{"title":"(Ti\u1ebfng Vi\u1ec7t) (Ti\u1ebfng Vi\u1ec7t) B\u1ed3n T\u1eafm SBL-2182 - Lovemyhome 0913 123 345","description":"(Ti\u1ebfng Vi\u1ec7t) B\u1ed3n T\u1eafm SBL-2182 l\u00e0 m\u00f3n thi\u1ebft b\u1ecb n\u1ed9i th\u1ea5t nh\u1eadp kh\u1ea9u. \u0110\u00e2y l\u00e0 b\u1ed3n t\u1eafm sang ch\u1ea3nh, ko th\u1ea5m n\u01b0\u1edbc v\u00e0 ko b\u1ecb \u1ed1 v\u00e0ng","robots":{"index":"index","follow":"follow","max-snippet":"max-snippet:-1","max-image-preview":"max-image-preview:large","max-video-preview":"max-video-preview:-1"},"canonical":"https:\/\/lovemyhome.vn\/san-pham\/bon-tam-sbl-2182\/","og_locale":"en_US","og_type":"article","og_title":"[:vi](Ti\u1ebfng Vi\u1ec7t) B\u1ed3n T\u1eafm SBL-2182 - Lovemyhome 0913 123 345[:]","og_description":"{:vi}B\u1ed3n T\u1eafm SBL-2182 l\u00e0 m\u00f3n thi\u1ebft b\u1ecb n\u1ed9i th\u1ea5t nh\u1eadp kh\u1ea9u. \u0110\u00e2y l\u00e0 b\u1ed3n t\u1eafm sang ch\u1ea3nh, ko th\u1ea5m n\u01b0\u1edbc v\u00e0 ko b\u1ecb \u1ed1 v\u00e0ng{:}","og_url":"https:\/\/lovemyhome.vn\/san-pham\/bon-tam-sbl-2182\/","og_site_name":"Lovemyhome","article_modified_time":"2024-07-02T02:17:13+00:00","og_image":[{"width":602,"height":545,"url":"https:\/\/lovemyhome.vn\/wp-content\/uploads\/2019\/12\/SBL-2182.jpg","path":"\/home\/lovemyho\/public_html\/wp-content\/uploads\/2019\/12\/SBL-2182.jpg","size":"full","id":4663,"alt":"","pixels":328090,"type":"image\/jpeg"}],"twitter_card":"summary","twitter_misc":{"Est. reading time":"5 minutes"},"schema":{"@context":"https:\/\/schema.org","@graph":[{"@type":"WebSite","@id":"https:\/\/lovemyhome.vn\/#website","url":"https:\/\/lovemyhome.vn\/","name":"Lovemyhome","description":"t\u00f4i y\u00eau nh\u00e0 t\u00f4i","potentialAction":[{"@type":"SearchAction","target":{"@type":"EntryPoint","urlTemplate":"https:\/\/lovemyhome.vn\/?s={search_term_string}"},"query-input":"required name=search_term_string"}],"inLanguage":"en-US"},{"@type":"ImageObject","@id":"https:\/\/lovemyhome.vn\/san-pham\/bon-tam-sbl-2182\/#primaryimage","inLanguage":"en-US","url":"https:\/\/lovemyhome.vn\/wp-content\/uploads\/2019\/12\/SBL-2182.jpg","contentUrl":"https:\/\/lovemyhome.vn\/wp-content\/uploads\/2019\/12\/SBL-2182.jpg","width":602,"height":545},{"@type":"WebPage","@id":"https:\/\/lovemyhome.vn\/san-pham\/bon-tam-sbl-2182\/#webpage","url":"https:\/\/lovemyhome.vn\/san-pham\/bon-tam-sbl-2182\/","name":"[:vi](Ti\u1ebfng Vi\u1ec7t) B\u1ed3n T\u1eafm SBL-2182 - Lovemyhome 0913 123 345[:]","isPartOf":{"@id":"https:\/\/lovemyhome.vn\/#website"},"primaryImageOfPage":{"@id":"https:\/\/lovemyhome.vn\/san-pham\/bon-tam-sbl-2182\/#primaryimage"},"datePublished":"2019-12-11T07:00:41+00:00","dateModified":"2024-07-02T02:17:13+00:00","description":"{:vi}B\u1ed3n T\u1eafm SBL-2182 l\u00e0 m\u00f3n thi\u1ebft b\u1ecb n\u1ed9i th\u1ea5t nh\u1eadp kh\u1ea9u. \u0110\u00e2y l\u00e0 b\u1ed3n t\u1eafm sang ch\u1ea3nh, ko th\u1ea5m n\u01b0\u1edbc v\u00e0 ko b\u1ecb \u1ed1 v\u00e0ng{:}","breadcrumb":{"@id":"https:\/\/lovemyhome.vn\/san-pham\/bon-tam-sbl-2182\/#breadcrumb"},"inLanguage":"en-US","potentialAction":[{"@type":"ReadAction","target":["https:\/\/lovemyhome.vn\/san-pham\/bon-tam-sbl-2182\/"]}]},{"@type":"BreadcrumbList","@id":"https:\/\/lovemyhome.vn\/san-pham\/bon-tam-sbl-2182\/#breadcrumb","itemListElement":[{"@type":"ListItem","position":1,"name":"Home","item":"https:\/\/lovemyhome.vn\/"},{"@type":"ListItem","position":2,"name":"S\u1ea3n ph\u1ea9m","item":"https:\/\/lovemyhome.vn\/cua-hang\/"},{"@type":"ListItem","position":3,"name":"B\u1ed3n T\u1eafm SBL-2182"}]}]}},"_links":{"self":[{"href":"https:\/\/lovemyhome.vn\/en\/wp-json\/wp\/v2\/product\/4662"}],"collection":[{"href":"https:\/\/lovemyhome.vn\/en\/wp-json\/wp\/v2\/product"}],"about":[{"href":"https:\/\/lovemyhome.vn\/en\/wp-json\/wp\/v2\/types\/product"}],"wp:featuredmedia":[{"embeddable":true,"href":"https:\/\/lovemyhome.vn\/en\/wp-json\/wp\/v2\/media\/4663"}],"wp:attachment":[{"href":"https:\/\/lovemyhome.vn\/en\/wp-json\/wp\/v2\/media?parent=4662"}],"curies":[{"name":"wp","href":"https:\/\/api.w.org\/{rel}","templated":true}]}}