{"id":4668,"date":"2019-12-11T14:03:54","date_gmt":"2019-12-11T07:03:54","guid":{"rendered":"https:\/\/lovemyhome.vn\/?post_type=product&#038;p=4668"},"modified":"2021-01-09T16:03:16","modified_gmt":"2021-01-09T09:03:16","slug":"chau-rua-swl-88-1","status":"publish","type":"product","link":"https:\/\/lovemyhome.vn\/en\/san-pham\/chau-rua-swl-88-1\/","title":{"rendered":"(Ti\u1ebfng Vi\u1ec7t) Ch\u1eadu R\u1eeda SWL 88-1"},"content":{"rendered":"<p class=\"qtranxs-available-languages-message qtranxs-available-languages-message-en\">Sorry, this entry is only available in <a href=\"https:\/\/lovemyhome.vn\/vi\/wp-json\/wp\/v2\/product\/4668\" class=\"qtranxs-available-language-link qtranxs-available-language-link-vi\" title=\"Ti\u1ebfng Vi\u1ec7t\">Vietnamese<\/a>.<\/p>","protected":false},"excerpt":{"rendered":"<p class=\"qtranxs-available-languages-message qtranxs-available-languages-message-en\">Sorry, this entry is only available in <a href=\"https:\/\/lovemyhome.vn\/vi\/wp-json\/wp\/v2\/product\/4668\" class=\"qtranxs-available-language-link qtranxs-available-language-link-vi\" title=\"Ti\u1ebfng Vi\u1ec7t\">Vietnamese<\/a>.<\/p>\n","protected":false},"featured_media":4669,"template":"","meta":[],"yoast_head":"<!-- This site is optimized with the Yoast SEO plugin v16.7 - https:\/\/yoast.com\/wordpress\/plugins\/seo\/ -->\n<title>(Ti\u1ebfng Vi\u1ec7t) (Ti\u1ebfng Vi\u1ec7t) Ch\u1eadu R\u1eeda SWL 88-1 - Lovemyhome 0913 123 345<\/title>\n<meta name=\"description\" content=\"(Ti\u1ebfng Vi\u1ec7t) Ch\u1eadu R\u1eeda ph\u1ee5 ki\u1ec7n nh\u00e0 t\u1eafm,\u00a0Ch\u1ea5t li\u1ec7u: Nh\u1ef1a Acrylic l\u1ecfng + ATHXu\u1ea5t x\u1ee9: Lucite V\u01b0\u01a1ng qu\u1ed1c Anh, Nh\u00e0 s\u1ea3n xu\u1ea5t: SATURNBATH, M\u00e0u s\u1eafc: M\u00e0u tr\u1eafng m\u1edd\" \/>\n<meta name=\"robots\" content=\"index, follow, max-snippet:-1, max-image-preview:large, max-video-preview:-1\" \/>\n<link rel=\"canonical\" href=\"https:\/\/lovemyhome.vn\/san-pham\/chau-rua-swl-88-1\/\" \/>\n<meta property=\"og:locale\" content=\"en_US\" \/>\n<meta property=\"og:type\" content=\"article\" \/>\n<meta property=\"og:title\" content=\"[:vi](Ti\u1ebfng Vi\u1ec7t) Ch\u1eadu R\u1eeda SWL 88-1 - Lovemyhome 0913 123 345[:]\" \/>\n<meta property=\"og:description\" content=\"{:vi}Ch\u1eadu R\u1eeda ph\u1ee5 ki\u1ec7n nh\u00e0 t\u1eafm,\u00a0Ch\u1ea5t li\u1ec7u: Nh\u1ef1a Acrylic l\u1ecfng + ATHXu\u1ea5t x\u1ee9: Lucite V\u01b0\u01a1ng qu\u1ed1c Anh, Nh\u00e0 s\u1ea3n xu\u1ea5t: SATURNBATH, M\u00e0u s\u1eafc: M\u00e0u tr\u1eafng m\u1edd{:}\" \/>\n<meta property=\"og:url\" content=\"https:\/\/lovemyhome.vn\/san-pham\/chau-rua-swl-88-1\/\" \/>\n<meta property=\"og:site_name\" content=\"Lovemyhome\" \/>\n<meta property=\"article:modified_time\" content=\"2021-01-09T09:03:16+00:00\" \/>\n<meta property=\"og:image\" content=\"https:\/\/lovemyhome.vn\/wp-content\/uploads\/2019\/12\/SWL-88-1.jpg\" \/>\n\t<meta property=\"og:image:width\" content=\"598\" \/>\n\t<meta property=\"og:image:height\" content=\"541\" \/>\n<meta name=\"twitter:card\" content=\"summary\" \/>\n<script type=\"application\/ld+json\" class=\"yoast-schema-graph\">{\"@context\":\"https:\/\/schema.org\",\"@graph\":[{\"@type\":\"WebSite\",\"@id\":\"https:\/\/lovemyhome.vn\/#website\",\"url\":\"https:\/\/lovemyhome.vn\/\",\"name\":\"Lovemyhome\",\"description\":\"t\\u00f4i y\\u00eau nh\\u00e0 t\\u00f4i\",\"potentialAction\":[{\"@type\":\"SearchAction\",\"target\":{\"@type\":\"EntryPoint\",\"urlTemplate\":\"https:\/\/lovemyhome.vn\/?s={search_term_string}\"},\"query-input\":\"required name=search_term_string\"}],\"inLanguage\":\"en-US\"},{\"@type\":\"ImageObject\",\"@id\":\"https:\/\/lovemyhome.vn\/san-pham\/chau-rua-swl-88-1\/#primaryimage\",\"inLanguage\":\"en-US\",\"url\":\"https:\/\/lovemyhome.vn\/wp-content\/uploads\/2019\/12\/SWL-88-1.jpg\",\"contentUrl\":\"https:\/\/lovemyhome.vn\/wp-content\/uploads\/2019\/12\/SWL-88-1.jpg\",\"width\":598,\"height\":541},{\"@type\":\"WebPage\",\"@id\":\"https:\/\/lovemyhome.vn\/san-pham\/chau-rua-swl-88-1\/#webpage\",\"url\":\"https:\/\/lovemyhome.vn\/san-pham\/chau-rua-swl-88-1\/\",\"name\":\"[:vi](Ti\\u1ebfng Vi\\u1ec7t) Ch\\u1eadu R\\u1eeda SWL 88-1 - Lovemyhome 0913 123 345[:]\",\"isPartOf\":{\"@id\":\"https:\/\/lovemyhome.vn\/#website\"},\"primaryImageOfPage\":{\"@id\":\"https:\/\/lovemyhome.vn\/san-pham\/chau-rua-swl-88-1\/#primaryimage\"},\"datePublished\":\"2019-12-11T07:03:54+00:00\",\"dateModified\":\"2021-01-09T09:03:16+00:00\",\"description\":\"{:vi}Ch\\u1eadu R\\u1eeda ph\\u1ee5 ki\\u1ec7n nh\\u00e0 t\\u1eafm,\\u00a0Ch\\u1ea5t li\\u1ec7u: Nh\\u1ef1a Acrylic l\\u1ecfng + ATHXu\\u1ea5t x\\u1ee9: Lucite V\\u01b0\\u01a1ng qu\\u1ed1c Anh, Nh\\u00e0 s\\u1ea3n xu\\u1ea5t: SATURNBATH, M\\u00e0u s\\u1eafc: M\\u00e0u tr\\u1eafng m\\u1edd{:}\",\"breadcrumb\":{\"@id\":\"https:\/\/lovemyhome.vn\/san-pham\/chau-rua-swl-88-1\/#breadcrumb\"},\"inLanguage\":\"en-US\",\"potentialAction\":[{\"@type\":\"ReadAction\",\"target\":[\"https:\/\/lovemyhome.vn\/san-pham\/chau-rua-swl-88-1\/\"]}]},{\"@type\":\"BreadcrumbList\",\"@id\":\"https:\/\/lovemyhome.vn\/san-pham\/chau-rua-swl-88-1\/#breadcrumb\",\"itemListElement\":[{\"@type\":\"ListItem\",\"position\":1,\"name\":\"Home\",\"item\":\"https:\/\/lovemyhome.vn\/\"},{\"@type\":\"ListItem\",\"position\":2,\"name\":\"S\\u1ea3n ph\\u1ea9m\",\"item\":\"https:\/\/lovemyhome.vn\/cua-hang\/\"},{\"@type\":\"ListItem\",\"position\":3,\"name\":\"Ch\\u1eadu R\\u1eeda SWL 88-1\"}]}]}<\/script>\n<!-- \/ Yoast SEO plugin. -->","yoast_head_json":{"title":"(Ti\u1ebfng Vi\u1ec7t) (Ti\u1ebfng Vi\u1ec7t) Ch\u1eadu R\u1eeda SWL 88-1 - Lovemyhome 0913 123 345","description":"(Ti\u1ebfng Vi\u1ec7t) Ch\u1eadu R\u1eeda ph\u1ee5 ki\u1ec7n nh\u00e0 t\u1eafm,\u00a0Ch\u1ea5t li\u1ec7u: Nh\u1ef1a Acrylic l\u1ecfng + ATHXu\u1ea5t x\u1ee9: Lucite V\u01b0\u01a1ng qu\u1ed1c Anh, Nh\u00e0 s\u1ea3n xu\u1ea5t: SATURNBATH, M\u00e0u s\u1eafc: M\u00e0u tr\u1eafng m\u1edd","robots":{"index":"index","follow":"follow","max-snippet":"max-snippet:-1","max-image-preview":"max-image-preview:large","max-video-preview":"max-video-preview:-1"},"canonical":"https:\/\/lovemyhome.vn\/san-pham\/chau-rua-swl-88-1\/","og_locale":"en_US","og_type":"article","og_title":"[:vi](Ti\u1ebfng Vi\u1ec7t) Ch\u1eadu R\u1eeda SWL 88-1 - Lovemyhome 0913 123 345[:]","og_description":"{:vi}Ch\u1eadu R\u1eeda ph\u1ee5 ki\u1ec7n nh\u00e0 t\u1eafm,\u00a0Ch\u1ea5t li\u1ec7u: Nh\u1ef1a Acrylic l\u1ecfng + ATHXu\u1ea5t x\u1ee9: Lucite V\u01b0\u01a1ng qu\u1ed1c Anh, Nh\u00e0 s\u1ea3n xu\u1ea5t: SATURNBATH, M\u00e0u s\u1eafc: M\u00e0u tr\u1eafng m\u1edd{:}","og_url":"https:\/\/lovemyhome.vn\/san-pham\/chau-rua-swl-88-1\/","og_site_name":"Lovemyhome","article_modified_time":"2021-01-09T09:03:16+00:00","og_image":[{"width":598,"height":541,"url":"https:\/\/lovemyhome.vn\/wp-content\/uploads\/2019\/12\/SWL-88-1.jpg","path":"\/home\/lovemyho\/public_html\/wp-content\/uploads\/2019\/12\/SWL-88-1.jpg","size":"full","id":4669,"alt":"","pixels":323518,"type":"image\/jpeg"}],"twitter_card":"summary","schema":{"@context":"https:\/\/schema.org","@graph":[{"@type":"WebSite","@id":"https:\/\/lovemyhome.vn\/#website","url":"https:\/\/lovemyhome.vn\/","name":"Lovemyhome","description":"t\u00f4i y\u00eau nh\u00e0 t\u00f4i","potentialAction":[{"@type":"SearchAction","target":{"@type":"EntryPoint","urlTemplate":"https:\/\/lovemyhome.vn\/?s={search_term_string}"},"query-input":"required name=search_term_string"}],"inLanguage":"en-US"},{"@type":"ImageObject","@id":"https:\/\/lovemyhome.vn\/san-pham\/chau-rua-swl-88-1\/#primaryimage","inLanguage":"en-US","url":"https:\/\/lovemyhome.vn\/wp-content\/uploads\/2019\/12\/SWL-88-1.jpg","contentUrl":"https:\/\/lovemyhome.vn\/wp-content\/uploads\/2019\/12\/SWL-88-1.jpg","width":598,"height":541},{"@type":"WebPage","@id":"https:\/\/lovemyhome.vn\/san-pham\/chau-rua-swl-88-1\/#webpage","url":"https:\/\/lovemyhome.vn\/san-pham\/chau-rua-swl-88-1\/","name":"[:vi](Ti\u1ebfng Vi\u1ec7t) Ch\u1eadu R\u1eeda SWL 88-1 - Lovemyhome 0913 123 345[:]","isPartOf":{"@id":"https:\/\/lovemyhome.vn\/#website"},"primaryImageOfPage":{"@id":"https:\/\/lovemyhome.vn\/san-pham\/chau-rua-swl-88-1\/#primaryimage"},"datePublished":"2019-12-11T07:03:54+00:00","dateModified":"2021-01-09T09:03:16+00:00","description":"{:vi}Ch\u1eadu R\u1eeda ph\u1ee5 ki\u1ec7n nh\u00e0 t\u1eafm,\u00a0Ch\u1ea5t li\u1ec7u: Nh\u1ef1a Acrylic l\u1ecfng + ATHXu\u1ea5t x\u1ee9: Lucite V\u01b0\u01a1ng qu\u1ed1c Anh, Nh\u00e0 s\u1ea3n xu\u1ea5t: SATURNBATH, M\u00e0u s\u1eafc: M\u00e0u tr\u1eafng m\u1edd{:}","breadcrumb":{"@id":"https:\/\/lovemyhome.vn\/san-pham\/chau-rua-swl-88-1\/#breadcrumb"},"inLanguage":"en-US","potentialAction":[{"@type":"ReadAction","target":["https:\/\/lovemyhome.vn\/san-pham\/chau-rua-swl-88-1\/"]}]},{"@type":"BreadcrumbList","@id":"https:\/\/lovemyhome.vn\/san-pham\/chau-rua-swl-88-1\/#breadcrumb","itemListElement":[{"@type":"ListItem","position":1,"name":"Home","item":"https:\/\/lovemyhome.vn\/"},{"@type":"ListItem","position":2,"name":"S\u1ea3n ph\u1ea9m","item":"https:\/\/lovemyhome.vn\/cua-hang\/"},{"@type":"ListItem","position":3,"name":"Ch\u1eadu R\u1eeda SWL 88-1"}]}]}},"_links":{"self":[{"href":"https:\/\/lovemyhome.vn\/en\/wp-json\/wp\/v2\/product\/4668"}],"collection":[{"href":"https:\/\/lovemyhome.vn\/en\/wp-json\/wp\/v2\/product"}],"about":[{"href":"https:\/\/lovemyhome.vn\/en\/wp-json\/wp\/v2\/types\/product"}],"wp:featuredmedia":[{"embeddable":true,"href":"https:\/\/lovemyhome.vn\/en\/wp-json\/wp\/v2\/media\/4669"}],"wp:attachment":[{"href":"https:\/\/lovemyhome.vn\/en\/wp-json\/wp\/v2\/media?parent=4668"}],"curies":[{"name":"wp","href":"https:\/\/api.w.org\/{rel}","templated":true}]}}