{"id":4672,"date":"2019-12-11T14:05:21","date_gmt":"2019-12-11T07:05:21","guid":{"rendered":"https:\/\/lovemyhome.vn\/?post_type=product&#038;p=4672"},"modified":"2021-01-08T15:02:42","modified_gmt":"2021-01-08T08:02:42","slug":"chau-rua-swl-0089-2","status":"publish","type":"product","link":"https:\/\/lovemyhome.vn\/en\/san-pham\/chau-rua-swl-0089-2\/","title":{"rendered":"(Ti\u1ebfng Vi\u1ec7t) Ch\u1eadu R\u1eeda SWL 0089-2"},"content":{"rendered":"<p class=\"qtranxs-available-languages-message qtranxs-available-languages-message-en\">Sorry, this entry is only available in <a href=\"https:\/\/lovemyhome.vn\/vi\/wp-json\/wp\/v2\/product\/4672\" class=\"qtranxs-available-language-link qtranxs-available-language-link-vi\" title=\"Ti\u1ebfng Vi\u1ec7t\">Vietnamese<\/a>.<\/p>","protected":false},"excerpt":{"rendered":"<p class=\"qtranxs-available-languages-message qtranxs-available-languages-message-en\">Sorry, this entry is only available in <a href=\"https:\/\/lovemyhome.vn\/vi\/wp-json\/wp\/v2\/product\/4672\" class=\"qtranxs-available-language-link qtranxs-available-language-link-vi\" title=\"Ti\u1ebfng Vi\u1ec7t\">Vietnamese<\/a>.<\/p>\n","protected":false},"featured_media":4673,"template":"","meta":[],"yoast_head":"<!-- This site is optimized with the Yoast SEO plugin v16.7 - https:\/\/yoast.com\/wordpress\/plugins\/seo\/ -->\n<title>(Ti\u1ebfng Vi\u1ec7t) (Ti\u1ebfng Vi\u1ec7t) Ch\u1eadu R\u1eeda SWL 0089-2 - Lovemyhome 0913 123 345<\/title>\n<meta name=\"description\" content=\"(Ti\u1ebfng Vi\u1ec7t) Ch\u1eadu r\u1eeda cao b\u1eb1ng s\u1ee9 ca c\u1ea5p, nh\u1eadp kh\u1ea9u t\u1eeb Anh Qu\u1ed1c, ko \u1ed1 v\u00e0ng, ko th\u1ea5m n\u01b0\u1edbc, ph\u1ee5 ki\u1ec7n trong nh\u00e0 t\u1eafm.\" \/>\n<meta name=\"robots\" content=\"index, follow, max-snippet:-1, max-image-preview:large, max-video-preview:-1\" \/>\n<link rel=\"canonical\" href=\"https:\/\/lovemyhome.vn\/san-pham\/chau-rua-swl-0089-2\/\" \/>\n<meta property=\"og:locale\" content=\"en_US\" \/>\n<meta property=\"og:type\" content=\"article\" \/>\n<meta property=\"og:title\" content=\"[:vi](Ti\u1ebfng Vi\u1ec7t) Ch\u1eadu R\u1eeda SWL 0089-2 - Lovemyhome 0913 123 345[:]\" \/>\n<meta property=\"og:description\" content=\"{:vi}Ch\u1eadu r\u1eeda cao b\u1eb1ng s\u1ee9 ca c\u1ea5p, nh\u1eadp kh\u1ea9u t\u1eeb Anh Qu\u1ed1c, ko \u1ed1 v\u00e0ng, ko th\u1ea5m n\u01b0\u1edbc, ph\u1ee5 ki\u1ec7n trong nh\u00e0 t\u1eafm. {:}\" \/>\n<meta property=\"og:url\" content=\"https:\/\/lovemyhome.vn\/san-pham\/chau-rua-swl-0089-2\/\" \/>\n<meta property=\"og:site_name\" content=\"Lovemyhome\" \/>\n<meta property=\"article:modified_time\" content=\"2021-01-08T08:02:42+00:00\" \/>\n<meta property=\"og:image\" content=\"https:\/\/lovemyhome.vn\/wp-content\/uploads\/2019\/12\/SWL-0089-2-3.jpg\" \/>\n\t<meta property=\"og:image:width\" content=\"402\" \/>\n\t<meta property=\"og:image:height\" content=\"363\" \/>\n<meta name=\"twitter:card\" content=\"summary\" \/>\n<script type=\"application\/ld+json\" class=\"yoast-schema-graph\">{\"@context\":\"https:\/\/schema.org\",\"@graph\":[{\"@type\":\"WebSite\",\"@id\":\"https:\/\/lovemyhome.vn\/#website\",\"url\":\"https:\/\/lovemyhome.vn\/\",\"name\":\"Lovemyhome\",\"description\":\"t\\u00f4i y\\u00eau nh\\u00e0 t\\u00f4i\",\"potentialAction\":[{\"@type\":\"SearchAction\",\"target\":{\"@type\":\"EntryPoint\",\"urlTemplate\":\"https:\/\/lovemyhome.vn\/?s={search_term_string}\"},\"query-input\":\"required name=search_term_string\"}],\"inLanguage\":\"en-US\"},{\"@type\":\"ImageObject\",\"@id\":\"https:\/\/lovemyhome.vn\/san-pham\/chau-rua-swl-0089-2\/#primaryimage\",\"inLanguage\":\"en-US\",\"url\":\"https:\/\/lovemyhome.vn\/wp-content\/uploads\/2019\/12\/SWL-0089-2-3.jpg\",\"contentUrl\":\"https:\/\/lovemyhome.vn\/wp-content\/uploads\/2019\/12\/SWL-0089-2-3.jpg\",\"width\":402,\"height\":363},{\"@type\":\"WebPage\",\"@id\":\"https:\/\/lovemyhome.vn\/san-pham\/chau-rua-swl-0089-2\/#webpage\",\"url\":\"https:\/\/lovemyhome.vn\/san-pham\/chau-rua-swl-0089-2\/\",\"name\":\"[:vi](Ti\\u1ebfng Vi\\u1ec7t) Ch\\u1eadu R\\u1eeda SWL 0089-2 - Lovemyhome 0913 123 345[:]\",\"isPartOf\":{\"@id\":\"https:\/\/lovemyhome.vn\/#website\"},\"primaryImageOfPage\":{\"@id\":\"https:\/\/lovemyhome.vn\/san-pham\/chau-rua-swl-0089-2\/#primaryimage\"},\"datePublished\":\"2019-12-11T07:05:21+00:00\",\"dateModified\":\"2021-01-08T08:02:42+00:00\",\"description\":\"{:vi}Ch\\u1eadu r\\u1eeda cao b\\u1eb1ng s\\u1ee9 ca c\\u1ea5p, nh\\u1eadp kh\\u1ea9u t\\u1eeb Anh Qu\\u1ed1c, ko \\u1ed1 v\\u00e0ng, ko th\\u1ea5m n\\u01b0\\u1edbc, ph\\u1ee5 ki\\u1ec7n trong nh\\u00e0 t\\u1eafm. {:}\",\"breadcrumb\":{\"@id\":\"https:\/\/lovemyhome.vn\/san-pham\/chau-rua-swl-0089-2\/#breadcrumb\"},\"inLanguage\":\"en-US\",\"potentialAction\":[{\"@type\":\"ReadAction\",\"target\":[\"https:\/\/lovemyhome.vn\/san-pham\/chau-rua-swl-0089-2\/\"]}]},{\"@type\":\"BreadcrumbList\",\"@id\":\"https:\/\/lovemyhome.vn\/san-pham\/chau-rua-swl-0089-2\/#breadcrumb\",\"itemListElement\":[{\"@type\":\"ListItem\",\"position\":1,\"name\":\"Home\",\"item\":\"https:\/\/lovemyhome.vn\/\"},{\"@type\":\"ListItem\",\"position\":2,\"name\":\"S\\u1ea3n ph\\u1ea9m\",\"item\":\"https:\/\/lovemyhome.vn\/cua-hang\/\"},{\"@type\":\"ListItem\",\"position\":3,\"name\":\"Ch\\u1eadu R\\u1eeda SWL 0089-2\"}]}]}<\/script>\n<!-- \/ Yoast SEO plugin. -->","yoast_head_json":{"title":"(Ti\u1ebfng Vi\u1ec7t) (Ti\u1ebfng Vi\u1ec7t) Ch\u1eadu R\u1eeda SWL 0089-2 - Lovemyhome 0913 123 345","description":"(Ti\u1ebfng Vi\u1ec7t) Ch\u1eadu r\u1eeda cao b\u1eb1ng s\u1ee9 ca c\u1ea5p, nh\u1eadp kh\u1ea9u t\u1eeb Anh Qu\u1ed1c, ko \u1ed1 v\u00e0ng, ko th\u1ea5m n\u01b0\u1edbc, ph\u1ee5 ki\u1ec7n trong nh\u00e0 t\u1eafm.","robots":{"index":"index","follow":"follow","max-snippet":"max-snippet:-1","max-image-preview":"max-image-preview:large","max-video-preview":"max-video-preview:-1"},"canonical":"https:\/\/lovemyhome.vn\/san-pham\/chau-rua-swl-0089-2\/","og_locale":"en_US","og_type":"article","og_title":"[:vi](Ti\u1ebfng Vi\u1ec7t) Ch\u1eadu R\u1eeda SWL 0089-2 - Lovemyhome 0913 123 345[:]","og_description":"{:vi}Ch\u1eadu r\u1eeda cao b\u1eb1ng s\u1ee9 ca c\u1ea5p, nh\u1eadp kh\u1ea9u t\u1eeb Anh Qu\u1ed1c, ko \u1ed1 v\u00e0ng, ko th\u1ea5m n\u01b0\u1edbc, ph\u1ee5 ki\u1ec7n trong nh\u00e0 t\u1eafm. {:}","og_url":"https:\/\/lovemyhome.vn\/san-pham\/chau-rua-swl-0089-2\/","og_site_name":"Lovemyhome","article_modified_time":"2021-01-08T08:02:42+00:00","og_image":[{"width":402,"height":363,"url":"https:\/\/lovemyhome.vn\/wp-content\/uploads\/2019\/12\/SWL-0089-2-3.jpg","path":"\/home\/lovemyho\/public_html\/wp-content\/uploads\/2019\/12\/SWL-0089-2-3.jpg","size":"full","id":4673,"alt":"","pixels":145926,"type":"image\/jpeg"}],"twitter_card":"summary","schema":{"@context":"https:\/\/schema.org","@graph":[{"@type":"WebSite","@id":"https:\/\/lovemyhome.vn\/#website","url":"https:\/\/lovemyhome.vn\/","name":"Lovemyhome","description":"t\u00f4i y\u00eau nh\u00e0 t\u00f4i","potentialAction":[{"@type":"SearchAction","target":{"@type":"EntryPoint","urlTemplate":"https:\/\/lovemyhome.vn\/?s={search_term_string}"},"query-input":"required name=search_term_string"}],"inLanguage":"en-US"},{"@type":"ImageObject","@id":"https:\/\/lovemyhome.vn\/san-pham\/chau-rua-swl-0089-2\/#primaryimage","inLanguage":"en-US","url":"https:\/\/lovemyhome.vn\/wp-content\/uploads\/2019\/12\/SWL-0089-2-3.jpg","contentUrl":"https:\/\/lovemyhome.vn\/wp-content\/uploads\/2019\/12\/SWL-0089-2-3.jpg","width":402,"height":363},{"@type":"WebPage","@id":"https:\/\/lovemyhome.vn\/san-pham\/chau-rua-swl-0089-2\/#webpage","url":"https:\/\/lovemyhome.vn\/san-pham\/chau-rua-swl-0089-2\/","name":"[:vi](Ti\u1ebfng Vi\u1ec7t) Ch\u1eadu R\u1eeda SWL 0089-2 - Lovemyhome 0913 123 345[:]","isPartOf":{"@id":"https:\/\/lovemyhome.vn\/#website"},"primaryImageOfPage":{"@id":"https:\/\/lovemyhome.vn\/san-pham\/chau-rua-swl-0089-2\/#primaryimage"},"datePublished":"2019-12-11T07:05:21+00:00","dateModified":"2021-01-08T08:02:42+00:00","description":"{:vi}Ch\u1eadu r\u1eeda cao b\u1eb1ng s\u1ee9 ca c\u1ea5p, nh\u1eadp kh\u1ea9u t\u1eeb Anh Qu\u1ed1c, ko \u1ed1 v\u00e0ng, ko th\u1ea5m n\u01b0\u1edbc, ph\u1ee5 ki\u1ec7n trong nh\u00e0 t\u1eafm. {:}","breadcrumb":{"@id":"https:\/\/lovemyhome.vn\/san-pham\/chau-rua-swl-0089-2\/#breadcrumb"},"inLanguage":"en-US","potentialAction":[{"@type":"ReadAction","target":["https:\/\/lovemyhome.vn\/san-pham\/chau-rua-swl-0089-2\/"]}]},{"@type":"BreadcrumbList","@id":"https:\/\/lovemyhome.vn\/san-pham\/chau-rua-swl-0089-2\/#breadcrumb","itemListElement":[{"@type":"ListItem","position":1,"name":"Home","item":"https:\/\/lovemyhome.vn\/"},{"@type":"ListItem","position":2,"name":"S\u1ea3n ph\u1ea9m","item":"https:\/\/lovemyhome.vn\/cua-hang\/"},{"@type":"ListItem","position":3,"name":"Ch\u1eadu R\u1eeda SWL 0089-2"}]}]}},"_links":{"self":[{"href":"https:\/\/lovemyhome.vn\/en\/wp-json\/wp\/v2\/product\/4672"}],"collection":[{"href":"https:\/\/lovemyhome.vn\/en\/wp-json\/wp\/v2\/product"}],"about":[{"href":"https:\/\/lovemyhome.vn\/en\/wp-json\/wp\/v2\/types\/product"}],"wp:featuredmedia":[{"embeddable":true,"href":"https:\/\/lovemyhome.vn\/en\/wp-json\/wp\/v2\/media\/4673"}],"wp:attachment":[{"href":"https:\/\/lovemyhome.vn\/en\/wp-json\/wp\/v2\/media?parent=4672"}],"curies":[{"name":"wp","href":"https:\/\/api.w.org\/{rel}","templated":true}]}}