{"id":4674,"date":"2019-12-11T14:06:37","date_gmt":"2019-12-11T07:06:37","guid":{"rendered":"https:\/\/lovemyhome.vn\/?post_type=product&#038;p=4674"},"modified":"2021-01-07T19:55:58","modified_gmt":"2021-01-07T12:55:58","slug":"guong-nha-tam-sr-0606m","status":"publish","type":"product","link":"https:\/\/lovemyhome.vn\/en\/san-pham\/guong-nha-tam-sr-0606m\/","title":{"rendered":"(Ti\u1ebfng Vi\u1ec7t) G\u01b0\u01a1ng nh\u00e0 t\u1eafm SR-0606M"},"content":{"rendered":"<p class=\"qtranxs-available-languages-message qtranxs-available-languages-message-en\">Sorry, this entry is only available in <a href=\"https:\/\/lovemyhome.vn\/vi\/wp-json\/wp\/v2\/product\/4674\" class=\"qtranxs-available-language-link qtranxs-available-language-link-vi\" title=\"Ti\u1ebfng Vi\u1ec7t\">Vietnamese<\/a>.<\/p>","protected":false},"excerpt":{"rendered":"<p class=\"qtranxs-available-languages-message qtranxs-available-languages-message-en\">Sorry, this entry is only available in <a href=\"https:\/\/lovemyhome.vn\/vi\/wp-json\/wp\/v2\/product\/4674\" class=\"qtranxs-available-language-link qtranxs-available-language-link-vi\" title=\"Ti\u1ebfng Vi\u1ec7t\">Vietnamese<\/a>.<\/p>\n","protected":false},"featured_media":4675,"template":"","meta":[],"yoast_head":"<!-- This site is optimized with the Yoast SEO plugin v16.7 - https:\/\/yoast.com\/wordpress\/plugins\/seo\/ -->\n<title>(Ti\u1ebfng Vi\u1ec7t) (Ti\u1ebfng Vi\u1ec7t) G\u01b0\u01a1ng nh\u00e0 t\u1eafm SR-0606M - Lovemyhome 0913 123 345<\/title>\n<meta name=\"description\" content=\"(Ti\u1ebfng Vi\u1ec7t) G\u01b0\u01a1ng nh\u00e0 t\u1eafm sang ch\u1ea3nh, v\u1eadt li\u1ec7u kh\u00f4ng th\u1ec3 thi\u1ebfu trong ph\u00f2ng t\u1eafm. Ch\u1ea5t li\u1ec7u: Nh\u1ef1a Acrylic l\u1ecfng v\u00e0 ATH nh\u1eadp V\u01b0\u01a1ng qu\u1ed1c Anh.\" \/>\n<meta name=\"robots\" content=\"index, follow, max-snippet:-1, max-image-preview:large, max-video-preview:-1\" \/>\n<link rel=\"canonical\" href=\"https:\/\/lovemyhome.vn\/san-pham\/guong-nha-tam-sr-0606m\/\" \/>\n<meta property=\"og:locale\" content=\"en_US\" \/>\n<meta property=\"og:type\" content=\"article\" \/>\n<meta property=\"og:title\" content=\"[:vi](Ti\u1ebfng Vi\u1ec7t) G\u01b0\u01a1ng nh\u00e0 t\u1eafm SR-0606M - Lovemyhome 0913 123 345[:]\" \/>\n<meta property=\"og:description\" content=\"{:vi}G\u01b0\u01a1ng nh\u00e0 t\u1eafm sang ch\u1ea3nh, v\u1eadt li\u1ec7u kh\u00f4ng th\u1ec3 thi\u1ebfu trong ph\u00f2ng t\u1eafm. Ch\u1ea5t li\u1ec7u: Nh\u1ef1a Acrylic l\u1ecfng v\u00e0 ATH nh\u1eadp V\u01b0\u01a1ng qu\u1ed1c Anh.{:}\" \/>\n<meta property=\"og:url\" content=\"https:\/\/lovemyhome.vn\/san-pham\/guong-nha-tam-sr-0606m\/\" \/>\n<meta property=\"og:site_name\" content=\"Lovemyhome\" \/>\n<meta property=\"article:modified_time\" content=\"2021-01-07T12:55:58+00:00\" \/>\n<meta property=\"og:image\" content=\"https:\/\/lovemyhome.vn\/wp-content\/uploads\/2019\/12\/SR-0606M.jpg\" \/>\n\t<meta property=\"og:image:width\" content=\"831\" \/>\n\t<meta property=\"og:image:height\" content=\"752\" \/>\n<meta name=\"twitter:card\" content=\"summary\" \/>\n<meta name=\"twitter:label1\" content=\"Est. reading time\" \/>\n\t<meta name=\"twitter:data1\" content=\"1 minute\" \/>\n<script type=\"application\/ld+json\" class=\"yoast-schema-graph\">{\"@context\":\"https:\/\/schema.org\",\"@graph\":[{\"@type\":\"WebSite\",\"@id\":\"https:\/\/lovemyhome.vn\/#website\",\"url\":\"https:\/\/lovemyhome.vn\/\",\"name\":\"Lovemyhome\",\"description\":\"t\\u00f4i y\\u00eau nh\\u00e0 t\\u00f4i\",\"potentialAction\":[{\"@type\":\"SearchAction\",\"target\":{\"@type\":\"EntryPoint\",\"urlTemplate\":\"https:\/\/lovemyhome.vn\/?s={search_term_string}\"},\"query-input\":\"required name=search_term_string\"}],\"inLanguage\":\"en-US\"},{\"@type\":\"ImageObject\",\"@id\":\"https:\/\/lovemyhome.vn\/san-pham\/guong-nha-tam-sr-0606m\/#primaryimage\",\"inLanguage\":\"en-US\",\"url\":\"https:\/\/lovemyhome.vn\/wp-content\/uploads\/2019\/12\/SR-0606M.jpg\",\"contentUrl\":\"https:\/\/lovemyhome.vn\/wp-content\/uploads\/2019\/12\/SR-0606M.jpg\",\"width\":831,\"height\":752},{\"@type\":\"WebPage\",\"@id\":\"https:\/\/lovemyhome.vn\/san-pham\/guong-nha-tam-sr-0606m\/#webpage\",\"url\":\"https:\/\/lovemyhome.vn\/san-pham\/guong-nha-tam-sr-0606m\/\",\"name\":\"[:vi](Ti\\u1ebfng Vi\\u1ec7t) G\\u01b0\\u01a1ng nh\\u00e0 t\\u1eafm SR-0606M - Lovemyhome 0913 123 345[:]\",\"isPartOf\":{\"@id\":\"https:\/\/lovemyhome.vn\/#website\"},\"primaryImageOfPage\":{\"@id\":\"https:\/\/lovemyhome.vn\/san-pham\/guong-nha-tam-sr-0606m\/#primaryimage\"},\"datePublished\":\"2019-12-11T07:06:37+00:00\",\"dateModified\":\"2021-01-07T12:55:58+00:00\",\"description\":\"{:vi}G\\u01b0\\u01a1ng nh\\u00e0 t\\u1eafm sang ch\\u1ea3nh, v\\u1eadt li\\u1ec7u kh\\u00f4ng th\\u1ec3 thi\\u1ebfu trong ph\\u00f2ng t\\u1eafm. Ch\\u1ea5t li\\u1ec7u: Nh\\u1ef1a Acrylic l\\u1ecfng v\\u00e0 ATH nh\\u1eadp V\\u01b0\\u01a1ng qu\\u1ed1c Anh.{:}\",\"breadcrumb\":{\"@id\":\"https:\/\/lovemyhome.vn\/san-pham\/guong-nha-tam-sr-0606m\/#breadcrumb\"},\"inLanguage\":\"en-US\",\"potentialAction\":[{\"@type\":\"ReadAction\",\"target\":[\"https:\/\/lovemyhome.vn\/san-pham\/guong-nha-tam-sr-0606m\/\"]}]},{\"@type\":\"BreadcrumbList\",\"@id\":\"https:\/\/lovemyhome.vn\/san-pham\/guong-nha-tam-sr-0606m\/#breadcrumb\",\"itemListElement\":[{\"@type\":\"ListItem\",\"position\":1,\"name\":\"Home\",\"item\":\"https:\/\/lovemyhome.vn\/\"},{\"@type\":\"ListItem\",\"position\":2,\"name\":\"S\\u1ea3n ph\\u1ea9m\",\"item\":\"https:\/\/lovemyhome.vn\/cua-hang\/\"},{\"@type\":\"ListItem\",\"position\":3,\"name\":\"G\\u01b0\\u01a1ng nh\\u00e0 t\\u1eafm SR-0606M\"}]}]}<\/script>\n<!-- \/ Yoast SEO plugin. -->","yoast_head_json":{"title":"(Ti\u1ebfng Vi\u1ec7t) (Ti\u1ebfng Vi\u1ec7t) G\u01b0\u01a1ng nh\u00e0 t\u1eafm SR-0606M - Lovemyhome 0913 123 345","description":"(Ti\u1ebfng Vi\u1ec7t) G\u01b0\u01a1ng nh\u00e0 t\u1eafm sang ch\u1ea3nh, v\u1eadt li\u1ec7u kh\u00f4ng th\u1ec3 thi\u1ebfu trong ph\u00f2ng t\u1eafm. Ch\u1ea5t li\u1ec7u: Nh\u1ef1a Acrylic l\u1ecfng v\u00e0 ATH nh\u1eadp V\u01b0\u01a1ng qu\u1ed1c Anh.","robots":{"index":"index","follow":"follow","max-snippet":"max-snippet:-1","max-image-preview":"max-image-preview:large","max-video-preview":"max-video-preview:-1"},"canonical":"https:\/\/lovemyhome.vn\/san-pham\/guong-nha-tam-sr-0606m\/","og_locale":"en_US","og_type":"article","og_title":"[:vi](Ti\u1ebfng Vi\u1ec7t) G\u01b0\u01a1ng nh\u00e0 t\u1eafm SR-0606M - Lovemyhome 0913 123 345[:]","og_description":"{:vi}G\u01b0\u01a1ng nh\u00e0 t\u1eafm sang ch\u1ea3nh, v\u1eadt li\u1ec7u kh\u00f4ng th\u1ec3 thi\u1ebfu trong ph\u00f2ng t\u1eafm. Ch\u1ea5t li\u1ec7u: Nh\u1ef1a Acrylic l\u1ecfng v\u00e0 ATH nh\u1eadp V\u01b0\u01a1ng qu\u1ed1c Anh.{:}","og_url":"https:\/\/lovemyhome.vn\/san-pham\/guong-nha-tam-sr-0606m\/","og_site_name":"Lovemyhome","article_modified_time":"2021-01-07T12:55:58+00:00","og_image":[{"width":831,"height":752,"url":"https:\/\/lovemyhome.vn\/wp-content\/uploads\/2019\/12\/SR-0606M.jpg","path":"\/home\/lovemyho\/public_html\/wp-content\/uploads\/2019\/12\/SR-0606M.jpg","size":"full","id":4675,"alt":"","pixels":624912,"type":"image\/jpeg"}],"twitter_card":"summary","twitter_misc":{"Est. reading time":"1 minute"},"schema":{"@context":"https:\/\/schema.org","@graph":[{"@type":"WebSite","@id":"https:\/\/lovemyhome.vn\/#website","url":"https:\/\/lovemyhome.vn\/","name":"Lovemyhome","description":"t\u00f4i y\u00eau nh\u00e0 t\u00f4i","potentialAction":[{"@type":"SearchAction","target":{"@type":"EntryPoint","urlTemplate":"https:\/\/lovemyhome.vn\/?s={search_term_string}"},"query-input":"required name=search_term_string"}],"inLanguage":"en-US"},{"@type":"ImageObject","@id":"https:\/\/lovemyhome.vn\/san-pham\/guong-nha-tam-sr-0606m\/#primaryimage","inLanguage":"en-US","url":"https:\/\/lovemyhome.vn\/wp-content\/uploads\/2019\/12\/SR-0606M.jpg","contentUrl":"https:\/\/lovemyhome.vn\/wp-content\/uploads\/2019\/12\/SR-0606M.jpg","width":831,"height":752},{"@type":"WebPage","@id":"https:\/\/lovemyhome.vn\/san-pham\/guong-nha-tam-sr-0606m\/#webpage","url":"https:\/\/lovemyhome.vn\/san-pham\/guong-nha-tam-sr-0606m\/","name":"[:vi](Ti\u1ebfng Vi\u1ec7t) G\u01b0\u01a1ng nh\u00e0 t\u1eafm SR-0606M - Lovemyhome 0913 123 345[:]","isPartOf":{"@id":"https:\/\/lovemyhome.vn\/#website"},"primaryImageOfPage":{"@id":"https:\/\/lovemyhome.vn\/san-pham\/guong-nha-tam-sr-0606m\/#primaryimage"},"datePublished":"2019-12-11T07:06:37+00:00","dateModified":"2021-01-07T12:55:58+00:00","description":"{:vi}G\u01b0\u01a1ng nh\u00e0 t\u1eafm sang ch\u1ea3nh, v\u1eadt li\u1ec7u kh\u00f4ng th\u1ec3 thi\u1ebfu trong ph\u00f2ng t\u1eafm. Ch\u1ea5t li\u1ec7u: Nh\u1ef1a Acrylic l\u1ecfng v\u00e0 ATH nh\u1eadp V\u01b0\u01a1ng qu\u1ed1c Anh.{:}","breadcrumb":{"@id":"https:\/\/lovemyhome.vn\/san-pham\/guong-nha-tam-sr-0606m\/#breadcrumb"},"inLanguage":"en-US","potentialAction":[{"@type":"ReadAction","target":["https:\/\/lovemyhome.vn\/san-pham\/guong-nha-tam-sr-0606m\/"]}]},{"@type":"BreadcrumbList","@id":"https:\/\/lovemyhome.vn\/san-pham\/guong-nha-tam-sr-0606m\/#breadcrumb","itemListElement":[{"@type":"ListItem","position":1,"name":"Home","item":"https:\/\/lovemyhome.vn\/"},{"@type":"ListItem","position":2,"name":"S\u1ea3n ph\u1ea9m","item":"https:\/\/lovemyhome.vn\/cua-hang\/"},{"@type":"ListItem","position":3,"name":"G\u01b0\u01a1ng nh\u00e0 t\u1eafm SR-0606M"}]}]}},"_links":{"self":[{"href":"https:\/\/lovemyhome.vn\/en\/wp-json\/wp\/v2\/product\/4674"}],"collection":[{"href":"https:\/\/lovemyhome.vn\/en\/wp-json\/wp\/v2\/product"}],"about":[{"href":"https:\/\/lovemyhome.vn\/en\/wp-json\/wp\/v2\/types\/product"}],"wp:featuredmedia":[{"embeddable":true,"href":"https:\/\/lovemyhome.vn\/en\/wp-json\/wp\/v2\/media\/4675"}],"wp:attachment":[{"href":"https:\/\/lovemyhome.vn\/en\/wp-json\/wp\/v2\/media?parent=4674"}],"curies":[{"name":"wp","href":"https:\/\/api.w.org\/{rel}","templated":true}]}}