{"id":4678,"date":"2019-12-11T14:08:14","date_gmt":"2019-12-11T07:08:14","guid":{"rendered":"https:\/\/lovemyhome.vn\/?post_type=product&#038;p=4678"},"modified":"2021-01-27T18:58:40","modified_gmt":"2021-01-27T11:58:40","slug":"guong-nha-tam-pss-1000-magic-sliding-cabinet","status":"publish","type":"product","link":"https:\/\/lovemyhome.vn\/en\/san-pham\/guong-nha-tam-pss-1000-magic-sliding-cabinet\/","title":{"rendered":"(Ti\u1ebfng Vi\u1ec7t) G\u01b0\u01a1ng Nh\u00e0 T\u1eafm PSS-1000 (Magic Sliding Cabinet)"},"content":{"rendered":"<p class=\"qtranxs-available-languages-message qtranxs-available-languages-message-en\">Sorry, this entry is only available in <a href=\"https:\/\/lovemyhome.vn\/vi\/wp-json\/wp\/v2\/product\/4678\" class=\"qtranxs-available-language-link qtranxs-available-language-link-vi\" title=\"Ti\u1ebfng Vi\u1ec7t\">Vietnamese<\/a>.<\/p>","protected":false},"excerpt":{"rendered":"<p class=\"qtranxs-available-languages-message qtranxs-available-languages-message-en\">Sorry, this entry is only available in <a href=\"https:\/\/lovemyhome.vn\/vi\/wp-json\/wp\/v2\/product\/4678\" class=\"qtranxs-available-language-link qtranxs-available-language-link-vi\" title=\"Ti\u1ebfng Vi\u1ec7t\">Vietnamese<\/a>.<\/p>\n","protected":false},"featured_media":4679,"template":"","meta":[],"yoast_head":"<!-- This site is optimized with the Yoast SEO plugin v16.7 - https:\/\/yoast.com\/wordpress\/plugins\/seo\/ -->\n<title>(Ti\u1ebfng Vi\u1ec7t) G\u01b0\u01a1ng Nh\u00e0 T\u1eafm PSS-1000 (Magic Sliding Cabinet) 0913 123 345<\/title>\n<meta name=\"description\" content=\"(Ti\u1ebfng Vi\u1ec7t) G\u01b0\u01a1ng g\u1eafn t\u01b0\u1eddng trong nh\u00e0 t\u1eafm. G\u01b0\u01a1ng &amp; nh\u00f4mXu\u1ea5t x\u1ee9: SATURNBATH, nh\u1eadp kh\u1ea9u H\u00e0n Qu\u1ed1c. S\u00e1ng trong, l\u00e0m ph\u00f2ng t\u1eafm s\u00e1ng.\" \/>\n<meta name=\"robots\" content=\"index, follow, max-snippet:-1, max-image-preview:large, max-video-preview:-1\" \/>\n<link rel=\"canonical\" href=\"https:\/\/lovemyhome.vn\/san-pham\/guong-nha-tam-pss-1000-magic-sliding-cabinet\/\" \/>\n<meta property=\"og:locale\" content=\"en_US\" \/>\n<meta property=\"og:type\" content=\"article\" \/>\n<meta property=\"og:title\" content=\"[:vi]G\u01b0\u01a1ng Nh\u00e0 T\u1eafm PSS-1000 (Magic Sliding Cabinet) 0913 123 345[:]\" \/>\n<meta property=\"og:description\" content=\"{:vi}G\u01b0\u01a1ng g\u1eafn t\u01b0\u1eddng trong nh\u00e0 t\u1eafm. G\u01b0\u01a1ng &amp; nh\u00f4mXu\u1ea5t x\u1ee9: SATURNBATH, nh\u1eadp kh\u1ea9u H\u00e0n Qu\u1ed1c. S\u00e1ng trong, l\u00e0m ph\u00f2ng t\u1eafm s\u00e1ng.{:}\" \/>\n<meta property=\"og:url\" content=\"https:\/\/lovemyhome.vn\/san-pham\/guong-nha-tam-pss-1000-magic-sliding-cabinet\/\" \/>\n<meta property=\"og:site_name\" content=\"Lovemyhome\" \/>\n<meta property=\"article:modified_time\" content=\"2021-01-27T11:58:40+00:00\" \/>\n<meta property=\"og:image\" content=\"https:\/\/lovemyhome.vn\/wp-content\/uploads\/2019\/12\/PSS-1000-Magic-Sliding-Cabinet.png\" \/>\n\t<meta property=\"og:image:width\" content=\"631\" \/>\n\t<meta property=\"og:image:height\" content=\"571\" \/>\n<meta name=\"twitter:card\" content=\"summary\" \/>\n<meta name=\"twitter:label1\" content=\"Est. reading time\" \/>\n\t<meta name=\"twitter:data1\" content=\"1 minute\" \/>\n<script type=\"application\/ld+json\" class=\"yoast-schema-graph\">{\"@context\":\"https:\/\/schema.org\",\"@graph\":[{\"@type\":\"WebSite\",\"@id\":\"https:\/\/lovemyhome.vn\/#website\",\"url\":\"https:\/\/lovemyhome.vn\/\",\"name\":\"Lovemyhome\",\"description\":\"t\\u00f4i y\\u00eau nh\\u00e0 t\\u00f4i\",\"potentialAction\":[{\"@type\":\"SearchAction\",\"target\":{\"@type\":\"EntryPoint\",\"urlTemplate\":\"https:\/\/lovemyhome.vn\/?s={search_term_string}\"},\"query-input\":\"required name=search_term_string\"}],\"inLanguage\":\"en-US\"},{\"@type\":\"ImageObject\",\"@id\":\"https:\/\/lovemyhome.vn\/san-pham\/guong-nha-tam-pss-1000-magic-sliding-cabinet\/#primaryimage\",\"inLanguage\":\"en-US\",\"url\":\"https:\/\/lovemyhome.vn\/wp-content\/uploads\/2019\/12\/PSS-1000-Magic-Sliding-Cabinet.png\",\"contentUrl\":\"https:\/\/lovemyhome.vn\/wp-content\/uploads\/2019\/12\/PSS-1000-Magic-Sliding-Cabinet.png\",\"width\":631,\"height\":571},{\"@type\":\"WebPage\",\"@id\":\"https:\/\/lovemyhome.vn\/san-pham\/guong-nha-tam-pss-1000-magic-sliding-cabinet\/#webpage\",\"url\":\"https:\/\/lovemyhome.vn\/san-pham\/guong-nha-tam-pss-1000-magic-sliding-cabinet\/\",\"name\":\"[:vi]G\\u01b0\\u01a1ng Nh\\u00e0 T\\u1eafm PSS-1000 (Magic Sliding Cabinet) 0913 123 345[:]\",\"isPartOf\":{\"@id\":\"https:\/\/lovemyhome.vn\/#website\"},\"primaryImageOfPage\":{\"@id\":\"https:\/\/lovemyhome.vn\/san-pham\/guong-nha-tam-pss-1000-magic-sliding-cabinet\/#primaryimage\"},\"datePublished\":\"2019-12-11T07:08:14+00:00\",\"dateModified\":\"2021-01-27T11:58:40+00:00\",\"description\":\"{:vi}G\\u01b0\\u01a1ng g\\u1eafn t\\u01b0\\u1eddng trong nh\\u00e0 t\\u1eafm. G\\u01b0\\u01a1ng & nh\\u00f4mXu\\u1ea5t x\\u1ee9: SATURNBATH, nh\\u1eadp kh\\u1ea9u H\\u00e0n Qu\\u1ed1c. S\\u00e1ng trong, l\\u00e0m ph\\u00f2ng t\\u1eafm s\\u00e1ng.{:}\",\"breadcrumb\":{\"@id\":\"https:\/\/lovemyhome.vn\/san-pham\/guong-nha-tam-pss-1000-magic-sliding-cabinet\/#breadcrumb\"},\"inLanguage\":\"en-US\",\"potentialAction\":[{\"@type\":\"ReadAction\",\"target\":[\"https:\/\/lovemyhome.vn\/san-pham\/guong-nha-tam-pss-1000-magic-sliding-cabinet\/\"]}]},{\"@type\":\"BreadcrumbList\",\"@id\":\"https:\/\/lovemyhome.vn\/san-pham\/guong-nha-tam-pss-1000-magic-sliding-cabinet\/#breadcrumb\",\"itemListElement\":[{\"@type\":\"ListItem\",\"position\":1,\"name\":\"Home\",\"item\":\"https:\/\/lovemyhome.vn\/\"},{\"@type\":\"ListItem\",\"position\":2,\"name\":\"S\\u1ea3n ph\\u1ea9m\",\"item\":\"https:\/\/lovemyhome.vn\/cua-hang\/\"},{\"@type\":\"ListItem\",\"position\":3,\"name\":\"G\\u01b0\\u01a1ng Nh\\u00e0 T\\u1eafm PSS-1000 (Magic Sliding Cabinet)\"}]}]}<\/script>\n<!-- \/ Yoast SEO plugin. -->","yoast_head_json":{"title":"(Ti\u1ebfng Vi\u1ec7t) G\u01b0\u01a1ng Nh\u00e0 T\u1eafm PSS-1000 (Magic Sliding Cabinet) 0913 123 345","description":"(Ti\u1ebfng Vi\u1ec7t) G\u01b0\u01a1ng g\u1eafn t\u01b0\u1eddng trong nh\u00e0 t\u1eafm. G\u01b0\u01a1ng & nh\u00f4mXu\u1ea5t x\u1ee9: SATURNBATH, nh\u1eadp kh\u1ea9u H\u00e0n Qu\u1ed1c. S\u00e1ng trong, l\u00e0m ph\u00f2ng t\u1eafm s\u00e1ng.","robots":{"index":"index","follow":"follow","max-snippet":"max-snippet:-1","max-image-preview":"max-image-preview:large","max-video-preview":"max-video-preview:-1"},"canonical":"https:\/\/lovemyhome.vn\/san-pham\/guong-nha-tam-pss-1000-magic-sliding-cabinet\/","og_locale":"en_US","og_type":"article","og_title":"[:vi]G\u01b0\u01a1ng Nh\u00e0 T\u1eafm PSS-1000 (Magic Sliding Cabinet) 0913 123 345[:]","og_description":"{:vi}G\u01b0\u01a1ng g\u1eafn t\u01b0\u1eddng trong nh\u00e0 t\u1eafm. G\u01b0\u01a1ng & nh\u00f4mXu\u1ea5t x\u1ee9: SATURNBATH, nh\u1eadp kh\u1ea9u H\u00e0n Qu\u1ed1c. S\u00e1ng trong, l\u00e0m ph\u00f2ng t\u1eafm s\u00e1ng.{:}","og_url":"https:\/\/lovemyhome.vn\/san-pham\/guong-nha-tam-pss-1000-magic-sliding-cabinet\/","og_site_name":"Lovemyhome","article_modified_time":"2021-01-27T11:58:40+00:00","og_image":[{"width":631,"height":571,"url":"https:\/\/lovemyhome.vn\/wp-content\/uploads\/2019\/12\/PSS-1000-Magic-Sliding-Cabinet.png","path":"\/home\/lovemyho\/public_html\/wp-content\/uploads\/2019\/12\/PSS-1000-Magic-Sliding-Cabinet.png","size":"full","id":4679,"alt":"","pixels":360301,"type":"image\/png"}],"twitter_card":"summary","twitter_misc":{"Est. reading time":"1 minute"},"schema":{"@context":"https:\/\/schema.org","@graph":[{"@type":"WebSite","@id":"https:\/\/lovemyhome.vn\/#website","url":"https:\/\/lovemyhome.vn\/","name":"Lovemyhome","description":"t\u00f4i y\u00eau nh\u00e0 t\u00f4i","potentialAction":[{"@type":"SearchAction","target":{"@type":"EntryPoint","urlTemplate":"https:\/\/lovemyhome.vn\/?s={search_term_string}"},"query-input":"required name=search_term_string"}],"inLanguage":"en-US"},{"@type":"ImageObject","@id":"https:\/\/lovemyhome.vn\/san-pham\/guong-nha-tam-pss-1000-magic-sliding-cabinet\/#primaryimage","inLanguage":"en-US","url":"https:\/\/lovemyhome.vn\/wp-content\/uploads\/2019\/12\/PSS-1000-Magic-Sliding-Cabinet.png","contentUrl":"https:\/\/lovemyhome.vn\/wp-content\/uploads\/2019\/12\/PSS-1000-Magic-Sliding-Cabinet.png","width":631,"height":571},{"@type":"WebPage","@id":"https:\/\/lovemyhome.vn\/san-pham\/guong-nha-tam-pss-1000-magic-sliding-cabinet\/#webpage","url":"https:\/\/lovemyhome.vn\/san-pham\/guong-nha-tam-pss-1000-magic-sliding-cabinet\/","name":"[:vi]G\u01b0\u01a1ng Nh\u00e0 T\u1eafm PSS-1000 (Magic Sliding Cabinet) 0913 123 345[:]","isPartOf":{"@id":"https:\/\/lovemyhome.vn\/#website"},"primaryImageOfPage":{"@id":"https:\/\/lovemyhome.vn\/san-pham\/guong-nha-tam-pss-1000-magic-sliding-cabinet\/#primaryimage"},"datePublished":"2019-12-11T07:08:14+00:00","dateModified":"2021-01-27T11:58:40+00:00","description":"{:vi}G\u01b0\u01a1ng g\u1eafn t\u01b0\u1eddng trong nh\u00e0 t\u1eafm. G\u01b0\u01a1ng & nh\u00f4mXu\u1ea5t x\u1ee9: SATURNBATH, nh\u1eadp kh\u1ea9u H\u00e0n Qu\u1ed1c. S\u00e1ng trong, l\u00e0m ph\u00f2ng t\u1eafm s\u00e1ng.{:}","breadcrumb":{"@id":"https:\/\/lovemyhome.vn\/san-pham\/guong-nha-tam-pss-1000-magic-sliding-cabinet\/#breadcrumb"},"inLanguage":"en-US","potentialAction":[{"@type":"ReadAction","target":["https:\/\/lovemyhome.vn\/san-pham\/guong-nha-tam-pss-1000-magic-sliding-cabinet\/"]}]},{"@type":"BreadcrumbList","@id":"https:\/\/lovemyhome.vn\/san-pham\/guong-nha-tam-pss-1000-magic-sliding-cabinet\/#breadcrumb","itemListElement":[{"@type":"ListItem","position":1,"name":"Home","item":"https:\/\/lovemyhome.vn\/"},{"@type":"ListItem","position":2,"name":"S\u1ea3n ph\u1ea9m","item":"https:\/\/lovemyhome.vn\/cua-hang\/"},{"@type":"ListItem","position":3,"name":"G\u01b0\u01a1ng Nh\u00e0 T\u1eafm PSS-1000 (Magic Sliding Cabinet)"}]}]}},"_links":{"self":[{"href":"https:\/\/lovemyhome.vn\/en\/wp-json\/wp\/v2\/product\/4678"}],"collection":[{"href":"https:\/\/lovemyhome.vn\/en\/wp-json\/wp\/v2\/product"}],"about":[{"href":"https:\/\/lovemyhome.vn\/en\/wp-json\/wp\/v2\/types\/product"}],"wp:featuredmedia":[{"embeddable":true,"href":"https:\/\/lovemyhome.vn\/en\/wp-json\/wp\/v2\/media\/4679"}],"wp:attachment":[{"href":"https:\/\/lovemyhome.vn\/en\/wp-json\/wp\/v2\/media?parent=4678"}],"curies":[{"name":"wp","href":"https:\/\/api.w.org\/{rel}","templated":true}]}}