{"id":4680,"date":"2019-12-11T14:09:13","date_gmt":"2019-12-11T07:09:13","guid":{"rendered":"https:\/\/lovemyhome.vn\/?post_type=product&#038;p=4680"},"modified":"2021-01-27T18:55:36","modified_gmt":"2021-01-27T11:55:36","slug":"tu-va-chau-rua-rsa-6520","status":"publish","type":"product","link":"https:\/\/lovemyhome.vn\/en\/san-pham\/tu-va-chau-rua-rsa-6520\/","title":{"rendered":"(Ti\u1ebfng Vi\u1ec7t) T\u1ee7 V\u00e0 Ch\u1eadu R\u1eeda RSA-6520"},"content":{"rendered":"<p class=\"qtranxs-available-languages-message qtranxs-available-languages-message-en\">Sorry, this entry is only available in <a href=\"https:\/\/lovemyhome.vn\/vi\/wp-json\/wp\/v2\/product\/4680\" class=\"qtranxs-available-language-link qtranxs-available-language-link-vi\" title=\"Ti\u1ebfng Vi\u1ec7t\">Vietnamese<\/a>.<\/p>","protected":false},"excerpt":{"rendered":"<p class=\"qtranxs-available-languages-message qtranxs-available-languages-message-en\">Sorry, this entry is only available in <a href=\"https:\/\/lovemyhome.vn\/vi\/wp-json\/wp\/v2\/product\/4680\" class=\"qtranxs-available-language-link qtranxs-available-language-link-vi\" title=\"Ti\u1ebfng Vi\u1ec7t\">Vietnamese<\/a>.<\/p>\n","protected":false},"featured_media":4681,"template":"","meta":[],"yoast_head":"<!-- This site is optimized with the Yoast SEO plugin v16.7 - https:\/\/yoast.com\/wordpress\/plugins\/seo\/ -->\n<title>(Ti\u1ebfng Vi\u1ec7t) (Ti\u1ebfng Vi\u1ec7t) T\u1ee7 V\u00e0 Ch\u1eadu R\u1eeda RSA-6520 - Lovemyhome 0913 123 345<\/title>\n<meta name=\"description\" content=\"(Ti\u1ebfng Vi\u1ec7t) T\u1ee7 V\u00e0 Ch\u1eadu R\u1eeda RSA c\u1ee7a SATURNBATH, h\u00e0ng nh\u1eadp kh\u1ea9u, b\u1ea3o h\u00e0nh chu\u1ea9n qu\u1ed1c t\u1ebf. Giao h\u00e0ng t\u1eadn c\u00f4ng tr\u00ecnh. Kh\u00f4ng \u1ed1 v\u00e0ng.\" \/>\n<meta name=\"robots\" content=\"index, follow, max-snippet:-1, max-image-preview:large, max-video-preview:-1\" \/>\n<link rel=\"canonical\" href=\"https:\/\/lovemyhome.vn\/san-pham\/tu-va-chau-rua-rsa-6520\/\" \/>\n<meta property=\"og:locale\" content=\"en_US\" \/>\n<meta property=\"og:type\" content=\"article\" \/>\n<meta property=\"og:title\" content=\"[:vi](Ti\u1ebfng Vi\u1ec7t) T\u1ee7 V\u00e0 Ch\u1eadu R\u1eeda RSA-6520 - Lovemyhome 0913 123 345[:]\" \/>\n<meta property=\"og:description\" content=\"{:vi}T\u1ee7 V\u00e0 Ch\u1eadu R\u1eeda RSA c\u1ee7a SATURNBATH, h\u00e0ng nh\u1eadp kh\u1ea9u, b\u1ea3o h\u00e0nh chu\u1ea9n qu\u1ed1c t\u1ebf. Giao h\u00e0ng t\u1eadn c\u00f4ng tr\u00ecnh. Kh\u00f4ng \u1ed1 v\u00e0ng.{:}\" \/>\n<meta property=\"og:url\" content=\"https:\/\/lovemyhome.vn\/san-pham\/tu-va-chau-rua-rsa-6520\/\" \/>\n<meta property=\"og:site_name\" content=\"Lovemyhome\" \/>\n<meta property=\"article:modified_time\" content=\"2021-01-27T11:55:36+00:00\" \/>\n<meta property=\"og:image\" content=\"https:\/\/lovemyhome.vn\/wp-content\/uploads\/2019\/12\/RSA-6520.jpg\" \/>\n\t<meta property=\"og:image:width\" content=\"1335\" \/>\n\t<meta property=\"og:image:height\" content=\"1208\" \/>\n<meta name=\"twitter:card\" content=\"summary\" \/>\n<meta name=\"twitter:label1\" content=\"Est. reading time\" \/>\n\t<meta name=\"twitter:data1\" content=\"1 minute\" \/>\n<script type=\"application\/ld+json\" class=\"yoast-schema-graph\">{\"@context\":\"https:\/\/schema.org\",\"@graph\":[{\"@type\":\"WebSite\",\"@id\":\"https:\/\/lovemyhome.vn\/#website\",\"url\":\"https:\/\/lovemyhome.vn\/\",\"name\":\"Lovemyhome\",\"description\":\"t\\u00f4i y\\u00eau nh\\u00e0 t\\u00f4i\",\"potentialAction\":[{\"@type\":\"SearchAction\",\"target\":{\"@type\":\"EntryPoint\",\"urlTemplate\":\"https:\/\/lovemyhome.vn\/?s={search_term_string}\"},\"query-input\":\"required name=search_term_string\"}],\"inLanguage\":\"en-US\"},{\"@type\":\"ImageObject\",\"@id\":\"https:\/\/lovemyhome.vn\/san-pham\/tu-va-chau-rua-rsa-6520\/#primaryimage\",\"inLanguage\":\"en-US\",\"url\":\"https:\/\/lovemyhome.vn\/wp-content\/uploads\/2019\/12\/RSA-6520.jpg\",\"contentUrl\":\"https:\/\/lovemyhome.vn\/wp-content\/uploads\/2019\/12\/RSA-6520.jpg\",\"width\":1335,\"height\":1208},{\"@type\":\"WebPage\",\"@id\":\"https:\/\/lovemyhome.vn\/san-pham\/tu-va-chau-rua-rsa-6520\/#webpage\",\"url\":\"https:\/\/lovemyhome.vn\/san-pham\/tu-va-chau-rua-rsa-6520\/\",\"name\":\"[:vi](Ti\\u1ebfng Vi\\u1ec7t) T\\u1ee7 V\\u00e0 Ch\\u1eadu R\\u1eeda RSA-6520 - Lovemyhome 0913 123 345[:]\",\"isPartOf\":{\"@id\":\"https:\/\/lovemyhome.vn\/#website\"},\"primaryImageOfPage\":{\"@id\":\"https:\/\/lovemyhome.vn\/san-pham\/tu-va-chau-rua-rsa-6520\/#primaryimage\"},\"datePublished\":\"2019-12-11T07:09:13+00:00\",\"dateModified\":\"2021-01-27T11:55:36+00:00\",\"description\":\"{:vi}T\\u1ee7 V\\u00e0 Ch\\u1eadu R\\u1eeda RSA c\\u1ee7a SATURNBATH, h\\u00e0ng nh\\u1eadp kh\\u1ea9u, b\\u1ea3o h\\u00e0nh chu\\u1ea9n qu\\u1ed1c t\\u1ebf. Giao h\\u00e0ng t\\u1eadn c\\u00f4ng tr\\u00ecnh. Kh\\u00f4ng \\u1ed1 v\\u00e0ng.{:}\",\"breadcrumb\":{\"@id\":\"https:\/\/lovemyhome.vn\/san-pham\/tu-va-chau-rua-rsa-6520\/#breadcrumb\"},\"inLanguage\":\"en-US\",\"potentialAction\":[{\"@type\":\"ReadAction\",\"target\":[\"https:\/\/lovemyhome.vn\/san-pham\/tu-va-chau-rua-rsa-6520\/\"]}]},{\"@type\":\"BreadcrumbList\",\"@id\":\"https:\/\/lovemyhome.vn\/san-pham\/tu-va-chau-rua-rsa-6520\/#breadcrumb\",\"itemListElement\":[{\"@type\":\"ListItem\",\"position\":1,\"name\":\"Home\",\"item\":\"https:\/\/lovemyhome.vn\/\"},{\"@type\":\"ListItem\",\"position\":2,\"name\":\"S\\u1ea3n ph\\u1ea9m\",\"item\":\"https:\/\/lovemyhome.vn\/cua-hang\/\"},{\"@type\":\"ListItem\",\"position\":3,\"name\":\"T\\u1ee7 V\\u00e0 Ch\\u1eadu R\\u1eeda RSA-6520\"}]}]}<\/script>\n<!-- \/ Yoast SEO plugin. -->","yoast_head_json":{"title":"(Ti\u1ebfng Vi\u1ec7t) (Ti\u1ebfng Vi\u1ec7t) T\u1ee7 V\u00e0 Ch\u1eadu R\u1eeda RSA-6520 - Lovemyhome 0913 123 345","description":"(Ti\u1ebfng Vi\u1ec7t) T\u1ee7 V\u00e0 Ch\u1eadu R\u1eeda RSA c\u1ee7a SATURNBATH, h\u00e0ng nh\u1eadp kh\u1ea9u, b\u1ea3o h\u00e0nh chu\u1ea9n qu\u1ed1c t\u1ebf. Giao h\u00e0ng t\u1eadn c\u00f4ng tr\u00ecnh. Kh\u00f4ng \u1ed1 v\u00e0ng.","robots":{"index":"index","follow":"follow","max-snippet":"max-snippet:-1","max-image-preview":"max-image-preview:large","max-video-preview":"max-video-preview:-1"},"canonical":"https:\/\/lovemyhome.vn\/san-pham\/tu-va-chau-rua-rsa-6520\/","og_locale":"en_US","og_type":"article","og_title":"[:vi](Ti\u1ebfng Vi\u1ec7t) T\u1ee7 V\u00e0 Ch\u1eadu R\u1eeda RSA-6520 - Lovemyhome 0913 123 345[:]","og_description":"{:vi}T\u1ee7 V\u00e0 Ch\u1eadu R\u1eeda RSA c\u1ee7a SATURNBATH, h\u00e0ng nh\u1eadp kh\u1ea9u, b\u1ea3o h\u00e0nh chu\u1ea9n qu\u1ed1c t\u1ebf. Giao h\u00e0ng t\u1eadn c\u00f4ng tr\u00ecnh. Kh\u00f4ng \u1ed1 v\u00e0ng.{:}","og_url":"https:\/\/lovemyhome.vn\/san-pham\/tu-va-chau-rua-rsa-6520\/","og_site_name":"Lovemyhome","article_modified_time":"2021-01-27T11:55:36+00:00","og_image":[{"width":1335,"height":1208,"url":"https:\/\/lovemyhome.vn\/wp-content\/uploads\/2019\/12\/RSA-6520.jpg","path":"\/home\/lovemyho\/public_html\/wp-content\/uploads\/2019\/12\/RSA-6520.jpg","size":"full","id":4681,"alt":"","pixels":1612680,"type":"image\/jpeg"}],"twitter_card":"summary","twitter_misc":{"Est. reading time":"1 minute"},"schema":{"@context":"https:\/\/schema.org","@graph":[{"@type":"WebSite","@id":"https:\/\/lovemyhome.vn\/#website","url":"https:\/\/lovemyhome.vn\/","name":"Lovemyhome","description":"t\u00f4i y\u00eau nh\u00e0 t\u00f4i","potentialAction":[{"@type":"SearchAction","target":{"@type":"EntryPoint","urlTemplate":"https:\/\/lovemyhome.vn\/?s={search_term_string}"},"query-input":"required name=search_term_string"}],"inLanguage":"en-US"},{"@type":"ImageObject","@id":"https:\/\/lovemyhome.vn\/san-pham\/tu-va-chau-rua-rsa-6520\/#primaryimage","inLanguage":"en-US","url":"https:\/\/lovemyhome.vn\/wp-content\/uploads\/2019\/12\/RSA-6520.jpg","contentUrl":"https:\/\/lovemyhome.vn\/wp-content\/uploads\/2019\/12\/RSA-6520.jpg","width":1335,"height":1208},{"@type":"WebPage","@id":"https:\/\/lovemyhome.vn\/san-pham\/tu-va-chau-rua-rsa-6520\/#webpage","url":"https:\/\/lovemyhome.vn\/san-pham\/tu-va-chau-rua-rsa-6520\/","name":"[:vi](Ti\u1ebfng Vi\u1ec7t) T\u1ee7 V\u00e0 Ch\u1eadu R\u1eeda RSA-6520 - Lovemyhome 0913 123 345[:]","isPartOf":{"@id":"https:\/\/lovemyhome.vn\/#website"},"primaryImageOfPage":{"@id":"https:\/\/lovemyhome.vn\/san-pham\/tu-va-chau-rua-rsa-6520\/#primaryimage"},"datePublished":"2019-12-11T07:09:13+00:00","dateModified":"2021-01-27T11:55:36+00:00","description":"{:vi}T\u1ee7 V\u00e0 Ch\u1eadu R\u1eeda RSA c\u1ee7a SATURNBATH, h\u00e0ng nh\u1eadp kh\u1ea9u, b\u1ea3o h\u00e0nh chu\u1ea9n qu\u1ed1c t\u1ebf. Giao h\u00e0ng t\u1eadn c\u00f4ng tr\u00ecnh. Kh\u00f4ng \u1ed1 v\u00e0ng.{:}","breadcrumb":{"@id":"https:\/\/lovemyhome.vn\/san-pham\/tu-va-chau-rua-rsa-6520\/#breadcrumb"},"inLanguage":"en-US","potentialAction":[{"@type":"ReadAction","target":["https:\/\/lovemyhome.vn\/san-pham\/tu-va-chau-rua-rsa-6520\/"]}]},{"@type":"BreadcrumbList","@id":"https:\/\/lovemyhome.vn\/san-pham\/tu-va-chau-rua-rsa-6520\/#breadcrumb","itemListElement":[{"@type":"ListItem","position":1,"name":"Home","item":"https:\/\/lovemyhome.vn\/"},{"@type":"ListItem","position":2,"name":"S\u1ea3n ph\u1ea9m","item":"https:\/\/lovemyhome.vn\/cua-hang\/"},{"@type":"ListItem","position":3,"name":"T\u1ee7 V\u00e0 Ch\u1eadu R\u1eeda RSA-6520"}]}]}},"_links":{"self":[{"href":"https:\/\/lovemyhome.vn\/en\/wp-json\/wp\/v2\/product\/4680"}],"collection":[{"href":"https:\/\/lovemyhome.vn\/en\/wp-json\/wp\/v2\/product"}],"about":[{"href":"https:\/\/lovemyhome.vn\/en\/wp-json\/wp\/v2\/types\/product"}],"wp:featuredmedia":[{"embeddable":true,"href":"https:\/\/lovemyhome.vn\/en\/wp-json\/wp\/v2\/media\/4681"}],"wp:attachment":[{"href":"https:\/\/lovemyhome.vn\/en\/wp-json\/wp\/v2\/media?parent=4680"}],"curies":[{"name":"wp","href":"https:\/\/api.w.org\/{rel}","templated":true}]}}