{"id":5663,"date":"2020-12-29T18:41:58","date_gmt":"2020-12-29T11:41:58","guid":{"rendered":"https:\/\/lovemyhome.vn\/?post_type=product&#038;p=5663"},"modified":"2020-12-29T18:45:33","modified_gmt":"2020-12-29T11:45:33","slug":"san-nhua-hem-khoa","status":"publish","type":"product","link":"https:\/\/lovemyhome.vn\/en\/san-pham\/san-nhua-hem-khoa\/","title":{"rendered":"(Ti\u1ebfng Vi\u1ec7t) S\u00e0n Nh\u1ef1a H\u00e8m Kh\u00f3a"},"content":{"rendered":"<p class=\"qtranxs-available-languages-message qtranxs-available-languages-message-en\">Sorry, this entry is only available in <a href=\"https:\/\/lovemyhome.vn\/vi\/wp-json\/wp\/v2\/product\/5663\" class=\"qtranxs-available-language-link qtranxs-available-language-link-vi\" title=\"Ti\u1ebfng Vi\u1ec7t\">Vietnamese<\/a>.<\/p>","protected":false},"excerpt":{"rendered":"<p class=\"qtranxs-available-languages-message qtranxs-available-languages-message-en\">Sorry, this entry is only available in <a href=\"https:\/\/lovemyhome.vn\/vi\/wp-json\/wp\/v2\/product\/5663\" class=\"qtranxs-available-language-link qtranxs-available-language-link-vi\" title=\"Ti\u1ebfng Vi\u1ec7t\">Vietnamese<\/a>.<\/p>\n","protected":false},"featured_media":5667,"template":"","meta":[],"yoast_head":"<!-- This site is optimized with the Yoast SEO plugin v16.7 - https:\/\/yoast.com\/wordpress\/plugins\/seo\/ -->\n<title>(Ti\u1ebfng Vi\u1ec7t) (Ti\u1ebfng Vi\u1ec7t) S\u00e0n Nh\u1ef1a H\u00e8m Kh\u00f3a - Nh\u1eadp Kh\u1ea9u Ch\u00e2u \u00c2u 0934 088 139<\/title>\n<meta name=\"description\" content=\"(Ti\u1ebfng Vi\u1ec7t) S\u00e0n nh\u1ef1a h\u00e8m kh\u00f3a Allura Click\u00a0l\u00e0 lo\u1ea1i s\u00e0n duy nh\u1ea5t c\u00f3 khung \u0111\u01b0\u1ee3c l\u1eafp th\u1ee7y tinh nh\u1eb1m t\u1ea1o n\u00ean s\u1ef1 \u1ed5n \u0111\u1ecbnh, \u0111\u1ed9 b\u1ec1n cao, \u0111\u1eb9p, b\u1ea3o h\u00e0nh 10 n\u0103m.\" \/>\n<meta name=\"robots\" content=\"index, follow, max-snippet:-1, max-image-preview:large, max-video-preview:-1\" \/>\n<link rel=\"canonical\" href=\"https:\/\/lovemyhome.vn\/san-pham\/san-nhua-hem-khoa\/\" \/>\n<meta property=\"og:locale\" content=\"en_US\" \/>\n<meta property=\"og:type\" content=\"article\" \/>\n<meta property=\"og:title\" content=\"[:vi](Ti\u1ebfng Vi\u1ec7t) S\u00e0n Nh\u1ef1a H\u00e8m Kh\u00f3a - Nh\u1eadp Kh\u1ea9u Ch\u00e2u \u00c2u 0934 088 139[:]\" \/>\n<meta property=\"og:description\" content=\"{:vi}{:vi}S\u00e0n nh\u1ef1a h\u00e8m kh\u00f3a Allura Click\u00a0l\u00e0 lo\u1ea1i s\u00e0n duy nh\u1ea5t c\u00f3 khung \u0111\u01b0\u1ee3c l\u1eafp th\u1ee7y tinh nh\u1eb1m t\u1ea1o n\u00ean s\u1ef1 \u1ed5n \u0111\u1ecbnh, \u0111\u1ed9 b\u1ec1n cao, \u0111\u1eb9p, b\u1ea3o h\u00e0nh 10 n\u0103m.{:}{:}\" \/>\n<meta property=\"og:url\" content=\"https:\/\/lovemyhome.vn\/san-pham\/san-nhua-hem-khoa\/\" \/>\n<meta property=\"og:site_name\" content=\"Lovemyhome\" \/>\n<meta property=\"article:modified_time\" content=\"2020-12-29T11:45:33+00:00\" \/>\n<meta property=\"og:image\" content=\"https:\/\/lovemyhome.vn\/wp-content\/uploads\/2020\/12\/220488_60306CL5.jpg\" \/>\n\t<meta property=\"og:image:width\" content=\"540\" \/>\n\t<meta property=\"og:image:height\" content=\"520\" \/>\n<meta name=\"twitter:card\" content=\"summary\" \/>\n<meta name=\"twitter:label1\" content=\"Est. reading time\" \/>\n\t<meta name=\"twitter:data1\" content=\"7 minutes\" \/>\n<script type=\"application\/ld+json\" class=\"yoast-schema-graph\">{\"@context\":\"https:\/\/schema.org\",\"@graph\":[{\"@type\":\"WebSite\",\"@id\":\"https:\/\/lovemyhome.vn\/#website\",\"url\":\"https:\/\/lovemyhome.vn\/\",\"name\":\"Lovemyhome\",\"description\":\"t\\u00f4i y\\u00eau nh\\u00e0 t\\u00f4i\",\"potentialAction\":[{\"@type\":\"SearchAction\",\"target\":{\"@type\":\"EntryPoint\",\"urlTemplate\":\"https:\/\/lovemyhome.vn\/?s={search_term_string}\"},\"query-input\":\"required name=search_term_string\"}],\"inLanguage\":\"en-US\"},{\"@type\":\"ImageObject\",\"@id\":\"https:\/\/lovemyhome.vn\/san-pham\/san-nhua-hem-khoa\/#primaryimage\",\"inLanguage\":\"en-US\",\"url\":\"https:\/\/lovemyhome.vn\/wp-content\/uploads\/2020\/12\/220488_60306CL5.jpg\",\"contentUrl\":\"https:\/\/lovemyhome.vn\/wp-content\/uploads\/2020\/12\/220488_60306CL5.jpg\",\"width\":540,\"height\":520,\"caption\":\"s\\u00e0n nh\\u1ef1a h\\u00e8m kh\\u00f3a\"},{\"@type\":\"WebPage\",\"@id\":\"https:\/\/lovemyhome.vn\/san-pham\/san-nhua-hem-khoa\/#webpage\",\"url\":\"https:\/\/lovemyhome.vn\/san-pham\/san-nhua-hem-khoa\/\",\"name\":\"[:vi](Ti\\u1ebfng Vi\\u1ec7t) S\\u00e0n Nh\\u1ef1a H\\u00e8m Kh\\u00f3a - Nh\\u1eadp Kh\\u1ea9u Ch\\u00e2u \\u00c2u 0934 088 139[:]\",\"isPartOf\":{\"@id\":\"https:\/\/lovemyhome.vn\/#website\"},\"primaryImageOfPage\":{\"@id\":\"https:\/\/lovemyhome.vn\/san-pham\/san-nhua-hem-khoa\/#primaryimage\"},\"datePublished\":\"2020-12-29T11:41:58+00:00\",\"dateModified\":\"2020-12-29T11:45:33+00:00\",\"description\":\"{:vi}{:vi}S\\u00e0n nh\\u1ef1a h\\u00e8m kh\\u00f3a Allura Click\\u00a0l\\u00e0 lo\\u1ea1i s\\u00e0n duy nh\\u1ea5t c\\u00f3 khung \\u0111\\u01b0\\u1ee3c l\\u1eafp th\\u1ee7y tinh nh\\u1eb1m t\\u1ea1o n\\u00ean s\\u1ef1 \\u1ed5n \\u0111\\u1ecbnh, \\u0111\\u1ed9 b\\u1ec1n cao, \\u0111\\u1eb9p, b\\u1ea3o h\\u00e0nh 10 n\\u0103m.{:}{:}\",\"breadcrumb\":{\"@id\":\"https:\/\/lovemyhome.vn\/san-pham\/san-nhua-hem-khoa\/#breadcrumb\"},\"inLanguage\":\"en-US\",\"potentialAction\":[{\"@type\":\"ReadAction\",\"target\":[\"https:\/\/lovemyhome.vn\/san-pham\/san-nhua-hem-khoa\/\"]}]},{\"@type\":\"BreadcrumbList\",\"@id\":\"https:\/\/lovemyhome.vn\/san-pham\/san-nhua-hem-khoa\/#breadcrumb\",\"itemListElement\":[{\"@type\":\"ListItem\",\"position\":1,\"name\":\"Home\",\"item\":\"https:\/\/lovemyhome.vn\/\"},{\"@type\":\"ListItem\",\"position\":2,\"name\":\"S\\u1ea3n ph\\u1ea9m\",\"item\":\"https:\/\/lovemyhome.vn\/cua-hang\/\"},{\"@type\":\"ListItem\",\"position\":3,\"name\":\"S\\u00e0n Nh\\u1ef1a H\\u00e8m Kh\\u00f3a\"}]}]}<\/script>\n<!-- \/ Yoast SEO plugin. -->","yoast_head_json":{"title":"(Ti\u1ebfng Vi\u1ec7t) (Ti\u1ebfng Vi\u1ec7t) S\u00e0n Nh\u1ef1a H\u00e8m Kh\u00f3a - Nh\u1eadp Kh\u1ea9u Ch\u00e2u \u00c2u 0934 088 139","description":"(Ti\u1ebfng Vi\u1ec7t) S\u00e0n nh\u1ef1a h\u00e8m kh\u00f3a Allura Click\u00a0l\u00e0 lo\u1ea1i s\u00e0n duy nh\u1ea5t c\u00f3 khung \u0111\u01b0\u1ee3c l\u1eafp th\u1ee7y tinh nh\u1eb1m t\u1ea1o n\u00ean s\u1ef1 \u1ed5n \u0111\u1ecbnh, \u0111\u1ed9 b\u1ec1n cao, \u0111\u1eb9p, b\u1ea3o h\u00e0nh 10 n\u0103m.","robots":{"index":"index","follow":"follow","max-snippet":"max-snippet:-1","max-image-preview":"max-image-preview:large","max-video-preview":"max-video-preview:-1"},"canonical":"https:\/\/lovemyhome.vn\/san-pham\/san-nhua-hem-khoa\/","og_locale":"en_US","og_type":"article","og_title":"[:vi](Ti\u1ebfng Vi\u1ec7t) S\u00e0n Nh\u1ef1a H\u00e8m Kh\u00f3a - Nh\u1eadp Kh\u1ea9u Ch\u00e2u \u00c2u 0934 088 139[:]","og_description":"{:vi}{:vi}S\u00e0n nh\u1ef1a h\u00e8m kh\u00f3a Allura Click\u00a0l\u00e0 lo\u1ea1i s\u00e0n duy nh\u1ea5t c\u00f3 khung \u0111\u01b0\u1ee3c l\u1eafp th\u1ee7y tinh nh\u1eb1m t\u1ea1o n\u00ean s\u1ef1 \u1ed5n \u0111\u1ecbnh, \u0111\u1ed9 b\u1ec1n cao, \u0111\u1eb9p, b\u1ea3o h\u00e0nh 10 n\u0103m.{:}{:}","og_url":"https:\/\/lovemyhome.vn\/san-pham\/san-nhua-hem-khoa\/","og_site_name":"Lovemyhome","article_modified_time":"2020-12-29T11:45:33+00:00","og_image":[{"width":540,"height":520,"url":"https:\/\/lovemyhome.vn\/wp-content\/uploads\/2020\/12\/220488_60306CL5.jpg","path":"\/home\/lovemyho\/public_html\/wp-content\/uploads\/2020\/12\/220488_60306CL5.jpg","size":"full","id":5667,"alt":"s\u00e0n nh\u1ef1a h\u00e8m kh\u00f3a","pixels":280800,"type":"image\/jpeg"}],"twitter_card":"summary","twitter_misc":{"Est. reading time":"7 minutes"},"schema":{"@context":"https:\/\/schema.org","@graph":[{"@type":"WebSite","@id":"https:\/\/lovemyhome.vn\/#website","url":"https:\/\/lovemyhome.vn\/","name":"Lovemyhome","description":"t\u00f4i y\u00eau nh\u00e0 t\u00f4i","potentialAction":[{"@type":"SearchAction","target":{"@type":"EntryPoint","urlTemplate":"https:\/\/lovemyhome.vn\/?s={search_term_string}"},"query-input":"required name=search_term_string"}],"inLanguage":"en-US"},{"@type":"ImageObject","@id":"https:\/\/lovemyhome.vn\/san-pham\/san-nhua-hem-khoa\/#primaryimage","inLanguage":"en-US","url":"https:\/\/lovemyhome.vn\/wp-content\/uploads\/2020\/12\/220488_60306CL5.jpg","contentUrl":"https:\/\/lovemyhome.vn\/wp-content\/uploads\/2020\/12\/220488_60306CL5.jpg","width":540,"height":520,"caption":"s\u00e0n nh\u1ef1a h\u00e8m kh\u00f3a"},{"@type":"WebPage","@id":"https:\/\/lovemyhome.vn\/san-pham\/san-nhua-hem-khoa\/#webpage","url":"https:\/\/lovemyhome.vn\/san-pham\/san-nhua-hem-khoa\/","name":"[:vi](Ti\u1ebfng Vi\u1ec7t) S\u00e0n Nh\u1ef1a H\u00e8m Kh\u00f3a - Nh\u1eadp Kh\u1ea9u Ch\u00e2u \u00c2u 0934 088 139[:]","isPartOf":{"@id":"https:\/\/lovemyhome.vn\/#website"},"primaryImageOfPage":{"@id":"https:\/\/lovemyhome.vn\/san-pham\/san-nhua-hem-khoa\/#primaryimage"},"datePublished":"2020-12-29T11:41:58+00:00","dateModified":"2020-12-29T11:45:33+00:00","description":"{:vi}{:vi}S\u00e0n nh\u1ef1a h\u00e8m kh\u00f3a Allura Click\u00a0l\u00e0 lo\u1ea1i s\u00e0n duy nh\u1ea5t c\u00f3 khung \u0111\u01b0\u1ee3c l\u1eafp th\u1ee7y tinh nh\u1eb1m t\u1ea1o n\u00ean s\u1ef1 \u1ed5n \u0111\u1ecbnh, \u0111\u1ed9 b\u1ec1n cao, \u0111\u1eb9p, b\u1ea3o h\u00e0nh 10 n\u0103m.{:}{:}","breadcrumb":{"@id":"https:\/\/lovemyhome.vn\/san-pham\/san-nhua-hem-khoa\/#breadcrumb"},"inLanguage":"en-US","potentialAction":[{"@type":"ReadAction","target":["https:\/\/lovemyhome.vn\/san-pham\/san-nhua-hem-khoa\/"]}]},{"@type":"BreadcrumbList","@id":"https:\/\/lovemyhome.vn\/san-pham\/san-nhua-hem-khoa\/#breadcrumb","itemListElement":[{"@type":"ListItem","position":1,"name":"Home","item":"https:\/\/lovemyhome.vn\/"},{"@type":"ListItem","position":2,"name":"S\u1ea3n ph\u1ea9m","item":"https:\/\/lovemyhome.vn\/cua-hang\/"},{"@type":"ListItem","position":3,"name":"S\u00e0n Nh\u1ef1a H\u00e8m Kh\u00f3a"}]}]}},"_links":{"self":[{"href":"https:\/\/lovemyhome.vn\/en\/wp-json\/wp\/v2\/product\/5663"}],"collection":[{"href":"https:\/\/lovemyhome.vn\/en\/wp-json\/wp\/v2\/product"}],"about":[{"href":"https:\/\/lovemyhome.vn\/en\/wp-json\/wp\/v2\/types\/product"}],"wp:featuredmedia":[{"embeddable":true,"href":"https:\/\/lovemyhome.vn\/en\/wp-json\/wp\/v2\/media\/5667"}],"wp:attachment":[{"href":"https:\/\/lovemyhome.vn\/en\/wp-json\/wp\/v2\/media?parent=5663"}],"curies":[{"name":"wp","href":"https:\/\/api.w.org\/{rel}","templated":true}]}}