{"id":5676,"date":"2020-12-30T19:17:28","date_gmt":"2020-12-30T12:17:28","guid":{"rendered":"https:\/\/lovemyhome.vn\/?post_type=product&#038;p=5676"},"modified":"2020-12-30T19:39:59","modified_gmt":"2020-12-30T12:39:59","slug":"san-marmoleum-linear-san-huu-co-mau-song-thang","status":"publish","type":"product","link":"https:\/\/lovemyhome.vn\/en\/san-pham\/san-marmoleum-linear-san-huu-co-mau-song-thang\/","title":{"rendered":"(Ti\u1ebfng Vi\u1ec7t) S\u00e0n Marmoleum Linear &#8211; S\u00e0n H\u1eefu C\u01a1 M\u00e0u Song Th\u1eb3ng"},"content":{"rendered":"<p class=\"qtranxs-available-languages-message qtranxs-available-languages-message-en\">Sorry, this entry is only available in <a href=\"https:\/\/lovemyhome.vn\/vi\/wp-json\/wp\/v2\/product\/5676\" class=\"qtranxs-available-language-link qtranxs-available-language-link-vi\" title=\"Ti\u1ebfng Vi\u1ec7t\">Vietnamese<\/a>.<\/p>","protected":false},"excerpt":{"rendered":"<p class=\"qtranxs-available-languages-message qtranxs-available-languages-message-en\">Sorry, this entry is only available in <a href=\"https:\/\/lovemyhome.vn\/vi\/wp-json\/wp\/v2\/product\/5676\" class=\"qtranxs-available-language-link qtranxs-available-language-link-vi\" title=\"Ti\u1ebfng Vi\u1ec7t\">Vietnamese<\/a>.<\/p>\n","protected":false},"featured_media":5678,"template":"","meta":[],"yoast_head":"<!-- This site is optimized with the Yoast SEO plugin v16.7 - https:\/\/yoast.com\/wordpress\/plugins\/seo\/ -->\n<title>(Ti\u1ebfng Vi\u1ec7t) (Ti\u1ebfng Vi\u1ec7t) S\u00e0n Marmoleum Linear - S\u00e0n H\u1eefu C\u01a1 M\u00e0u Song Th\u1eb3ng - 0913 123 345<\/title>\n<meta name=\"description\" content=\"(Ti\u1ebfng Vi\u1ec7t) S\u00e0n Marmoleum Linear nh\u1eadp kh\u1ea9u Ch\u00e2u \u00c2u, d\u1ea1ng cu\u1ed9n, s\u1ea3n ph\u1ea9m xanh, d\u1ec5 l\u1eafp \u0111\u1eb7t, ch\u1ed1ng th\u1ea5m n\u01b0\u1edbc, b\u1ea3o h\u00e0nh 10 n\u0103m.\" \/>\n<meta name=\"robots\" content=\"index, follow, max-snippet:-1, max-image-preview:large, max-video-preview:-1\" \/>\n<link rel=\"canonical\" href=\"https:\/\/lovemyhome.vn\/san-pham\/san-marmoleum-linear-san-huu-co-mau-song-thang\/\" \/>\n<meta property=\"og:locale\" content=\"en_US\" \/>\n<meta property=\"og:type\" content=\"article\" \/>\n<meta property=\"og:title\" content=\"[:vi](Ti\u1ebfng Vi\u1ec7t) S\u00e0n Marmoleum Linear - S\u00e0n H\u1eefu C\u01a1 M\u00e0u Song Th\u1eb3ng - 0913 123 345[:]\" \/>\n<meta property=\"og:description\" content=\"{:vi}S\u00e0n Marmoleum Linear nh\u1eadp kh\u1ea9u Ch\u00e2u \u00c2u, d\u1ea1ng cu\u1ed9n, s\u1ea3n ph\u1ea9m xanh, d\u1ec5 l\u1eafp \u0111\u1eb7t, ch\u1ed1ng th\u1ea5m n\u01b0\u1edbc, b\u1ea3o h\u00e0nh 10 n\u0103m.{:}\" \/>\n<meta property=\"og:url\" content=\"https:\/\/lovemyhome.vn\/san-pham\/san-marmoleum-linear-san-huu-co-mau-song-thang\/\" \/>\n<meta property=\"og:site_name\" content=\"Lovemyhome\" \/>\n<meta property=\"article:modified_time\" content=\"2020-12-30T12:39:59+00:00\" \/>\n<meta property=\"og:image\" content=\"https:\/\/lovemyhome.vn\/wp-content\/uploads\/2020\/12\/83113_5218-1.jpg\" \/>\n\t<meta property=\"og:image:width\" content=\"540\" \/>\n\t<meta property=\"og:image:height\" content=\"520\" \/>\n<meta name=\"twitter:card\" content=\"summary\" \/>\n<meta name=\"twitter:label1\" content=\"Est. reading time\" \/>\n\t<meta name=\"twitter:data1\" content=\"5 minutes\" \/>\n<script type=\"application\/ld+json\" class=\"yoast-schema-graph\">{\"@context\":\"https:\/\/schema.org\",\"@graph\":[{\"@type\":\"WebSite\",\"@id\":\"https:\/\/lovemyhome.vn\/#website\",\"url\":\"https:\/\/lovemyhome.vn\/\",\"name\":\"Lovemyhome\",\"description\":\"t\\u00f4i y\\u00eau nh\\u00e0 t\\u00f4i\",\"potentialAction\":[{\"@type\":\"SearchAction\",\"target\":{\"@type\":\"EntryPoint\",\"urlTemplate\":\"https:\/\/lovemyhome.vn\/?s={search_term_string}\"},\"query-input\":\"required name=search_term_string\"}],\"inLanguage\":\"en-US\"},{\"@type\":\"ImageObject\",\"@id\":\"https:\/\/lovemyhome.vn\/san-pham\/san-marmoleum-linear-san-huu-co-mau-song-thang\/#primaryimage\",\"inLanguage\":\"en-US\",\"url\":\"https:\/\/lovemyhome.vn\/wp-content\/uploads\/2020\/12\/83113_5218-1.jpg\",\"contentUrl\":\"https:\/\/lovemyhome.vn\/wp-content\/uploads\/2020\/12\/83113_5218-1.jpg\",\"width\":540,\"height\":520,\"caption\":\"M\\u00e0u song th\\u1eb3ng\"},{\"@type\":\"WebPage\",\"@id\":\"https:\/\/lovemyhome.vn\/san-pham\/san-marmoleum-linear-san-huu-co-mau-song-thang\/#webpage\",\"url\":\"https:\/\/lovemyhome.vn\/san-pham\/san-marmoleum-linear-san-huu-co-mau-song-thang\/\",\"name\":\"[:vi](Ti\\u1ebfng Vi\\u1ec7t) S\\u00e0n Marmoleum Linear - S\\u00e0n H\\u1eefu C\\u01a1 M\\u00e0u Song Th\\u1eb3ng - 0913 123 345[:]\",\"isPartOf\":{\"@id\":\"https:\/\/lovemyhome.vn\/#website\"},\"primaryImageOfPage\":{\"@id\":\"https:\/\/lovemyhome.vn\/san-pham\/san-marmoleum-linear-san-huu-co-mau-song-thang\/#primaryimage\"},\"datePublished\":\"2020-12-30T12:17:28+00:00\",\"dateModified\":\"2020-12-30T12:39:59+00:00\",\"description\":\"{:vi}S\\u00e0n Marmoleum Linear nh\\u1eadp kh\\u1ea9u Ch\\u00e2u \\u00c2u, d\\u1ea1ng cu\\u1ed9n, s\\u1ea3n ph\\u1ea9m xanh, d\\u1ec5 l\\u1eafp \\u0111\\u1eb7t, ch\\u1ed1ng th\\u1ea5m n\\u01b0\\u1edbc, b\\u1ea3o h\\u00e0nh 10 n\\u0103m.{:}\",\"breadcrumb\":{\"@id\":\"https:\/\/lovemyhome.vn\/san-pham\/san-marmoleum-linear-san-huu-co-mau-song-thang\/#breadcrumb\"},\"inLanguage\":\"en-US\",\"potentialAction\":[{\"@type\":\"ReadAction\",\"target\":[\"https:\/\/lovemyhome.vn\/san-pham\/san-marmoleum-linear-san-huu-co-mau-song-thang\/\"]}]},{\"@type\":\"BreadcrumbList\",\"@id\":\"https:\/\/lovemyhome.vn\/san-pham\/san-marmoleum-linear-san-huu-co-mau-song-thang\/#breadcrumb\",\"itemListElement\":[{\"@type\":\"ListItem\",\"position\":1,\"name\":\"Home\",\"item\":\"https:\/\/lovemyhome.vn\/\"},{\"@type\":\"ListItem\",\"position\":2,\"name\":\"S\\u1ea3n ph\\u1ea9m\",\"item\":\"https:\/\/lovemyhome.vn\/cua-hang\/\"},{\"@type\":\"ListItem\",\"position\":3,\"name\":\"S\\u00e0n Marmoleum Linear &#8211; S\\u00e0n H\\u1eefu C\\u01a1 M\\u00e0u Song Th\\u1eb3ng\"}]}]}<\/script>\n<!-- \/ Yoast SEO plugin. -->","yoast_head_json":{"title":"(Ti\u1ebfng Vi\u1ec7t) (Ti\u1ebfng Vi\u1ec7t) S\u00e0n Marmoleum Linear - S\u00e0n H\u1eefu C\u01a1 M\u00e0u Song Th\u1eb3ng - 0913 123 345","description":"(Ti\u1ebfng Vi\u1ec7t) S\u00e0n Marmoleum Linear nh\u1eadp kh\u1ea9u Ch\u00e2u \u00c2u, d\u1ea1ng cu\u1ed9n, s\u1ea3n ph\u1ea9m xanh, d\u1ec5 l\u1eafp \u0111\u1eb7t, ch\u1ed1ng th\u1ea5m n\u01b0\u1edbc, b\u1ea3o h\u00e0nh 10 n\u0103m.","robots":{"index":"index","follow":"follow","max-snippet":"max-snippet:-1","max-image-preview":"max-image-preview:large","max-video-preview":"max-video-preview:-1"},"canonical":"https:\/\/lovemyhome.vn\/san-pham\/san-marmoleum-linear-san-huu-co-mau-song-thang\/","og_locale":"en_US","og_type":"article","og_title":"[:vi](Ti\u1ebfng Vi\u1ec7t) S\u00e0n Marmoleum Linear - S\u00e0n H\u1eefu C\u01a1 M\u00e0u Song Th\u1eb3ng - 0913 123 345[:]","og_description":"{:vi}S\u00e0n Marmoleum Linear nh\u1eadp kh\u1ea9u Ch\u00e2u \u00c2u, d\u1ea1ng cu\u1ed9n, s\u1ea3n ph\u1ea9m xanh, d\u1ec5 l\u1eafp \u0111\u1eb7t, ch\u1ed1ng th\u1ea5m n\u01b0\u1edbc, b\u1ea3o h\u00e0nh 10 n\u0103m.{:}","og_url":"https:\/\/lovemyhome.vn\/san-pham\/san-marmoleum-linear-san-huu-co-mau-song-thang\/","og_site_name":"Lovemyhome","article_modified_time":"2020-12-30T12:39:59+00:00","og_image":[{"width":540,"height":520,"url":"https:\/\/lovemyhome.vn\/wp-content\/uploads\/2020\/12\/83113_5218-1.jpg","path":"\/home\/lovemyho\/public_html\/wp-content\/uploads\/2020\/12\/83113_5218-1.jpg","size":"full","id":5678,"alt":"s\u00e0n M\u00e0u song th\u1eb3ng","pixels":280800,"type":"image\/jpeg"}],"twitter_card":"summary","twitter_misc":{"Est. reading time":"5 minutes"},"schema":{"@context":"https:\/\/schema.org","@graph":[{"@type":"WebSite","@id":"https:\/\/lovemyhome.vn\/#website","url":"https:\/\/lovemyhome.vn\/","name":"Lovemyhome","description":"t\u00f4i y\u00eau nh\u00e0 t\u00f4i","potentialAction":[{"@type":"SearchAction","target":{"@type":"EntryPoint","urlTemplate":"https:\/\/lovemyhome.vn\/?s={search_term_string}"},"query-input":"required name=search_term_string"}],"inLanguage":"en-US"},{"@type":"ImageObject","@id":"https:\/\/lovemyhome.vn\/san-pham\/san-marmoleum-linear-san-huu-co-mau-song-thang\/#primaryimage","inLanguage":"en-US","url":"https:\/\/lovemyhome.vn\/wp-content\/uploads\/2020\/12\/83113_5218-1.jpg","contentUrl":"https:\/\/lovemyhome.vn\/wp-content\/uploads\/2020\/12\/83113_5218-1.jpg","width":540,"height":520,"caption":"M\u00e0u song th\u1eb3ng"},{"@type":"WebPage","@id":"https:\/\/lovemyhome.vn\/san-pham\/san-marmoleum-linear-san-huu-co-mau-song-thang\/#webpage","url":"https:\/\/lovemyhome.vn\/san-pham\/san-marmoleum-linear-san-huu-co-mau-song-thang\/","name":"[:vi](Ti\u1ebfng Vi\u1ec7t) S\u00e0n Marmoleum Linear - S\u00e0n H\u1eefu C\u01a1 M\u00e0u Song Th\u1eb3ng - 0913 123 345[:]","isPartOf":{"@id":"https:\/\/lovemyhome.vn\/#website"},"primaryImageOfPage":{"@id":"https:\/\/lovemyhome.vn\/san-pham\/san-marmoleum-linear-san-huu-co-mau-song-thang\/#primaryimage"},"datePublished":"2020-12-30T12:17:28+00:00","dateModified":"2020-12-30T12:39:59+00:00","description":"{:vi}S\u00e0n Marmoleum Linear nh\u1eadp kh\u1ea9u Ch\u00e2u \u00c2u, d\u1ea1ng cu\u1ed9n, s\u1ea3n ph\u1ea9m xanh, d\u1ec5 l\u1eafp \u0111\u1eb7t, ch\u1ed1ng th\u1ea5m n\u01b0\u1edbc, b\u1ea3o h\u00e0nh 10 n\u0103m.{:}","breadcrumb":{"@id":"https:\/\/lovemyhome.vn\/san-pham\/san-marmoleum-linear-san-huu-co-mau-song-thang\/#breadcrumb"},"inLanguage":"en-US","potentialAction":[{"@type":"ReadAction","target":["https:\/\/lovemyhome.vn\/san-pham\/san-marmoleum-linear-san-huu-co-mau-song-thang\/"]}]},{"@type":"BreadcrumbList","@id":"https:\/\/lovemyhome.vn\/san-pham\/san-marmoleum-linear-san-huu-co-mau-song-thang\/#breadcrumb","itemListElement":[{"@type":"ListItem","position":1,"name":"Home","item":"https:\/\/lovemyhome.vn\/"},{"@type":"ListItem","position":2,"name":"S\u1ea3n ph\u1ea9m","item":"https:\/\/lovemyhome.vn\/cua-hang\/"},{"@type":"ListItem","position":3,"name":"S\u00e0n Marmoleum Linear &#8211; S\u00e0n H\u1eefu C\u01a1 M\u00e0u Song Th\u1eb3ng"}]}]}},"_links":{"self":[{"href":"https:\/\/lovemyhome.vn\/en\/wp-json\/wp\/v2\/product\/5676"}],"collection":[{"href":"https:\/\/lovemyhome.vn\/en\/wp-json\/wp\/v2\/product"}],"about":[{"href":"https:\/\/lovemyhome.vn\/en\/wp-json\/wp\/v2\/types\/product"}],"wp:featuredmedia":[{"embeddable":true,"href":"https:\/\/lovemyhome.vn\/en\/wp-json\/wp\/v2\/media\/5678"}],"wp:attachment":[{"href":"https:\/\/lovemyhome.vn\/en\/wp-json\/wp\/v2\/media?parent=5676"}],"curies":[{"name":"wp","href":"https:\/\/api.w.org\/{rel}","templated":true}]}}