{"id":5710,"date":"2020-12-31T12:44:32","date_gmt":"2020-12-31T05:44:32","guid":{"rendered":"https:\/\/lovemyhome.vn\/?post_type=product&#038;p=5710"},"modified":"2020-12-31T12:46:24","modified_gmt":"2020-12-31T05:46:24","slug":"san-nhua-gia-be-tong-san-vinyl-eter%e2%80%8bnal-material","status":"publish","type":"product","link":"https:\/\/lovemyhome.vn\/en\/san-pham\/san-nhua-gia-be-tong-san-vinyl-eter%e2%80%8bnal-material\/","title":{"rendered":"(Ti\u1ebfng Vi\u1ec7t) S\u00e0n Nh\u1ef1a Gi\u1ea3 B\u00ea T\u00f4ng &#8211; S\u00e0n Vinyl Eter\u200bnal Material"},"content":{"rendered":"<p class=\"qtranxs-available-languages-message qtranxs-available-languages-message-en\">Sorry, this entry is only available in <a href=\"https:\/\/lovemyhome.vn\/vi\/wp-json\/wp\/v2\/product\/5710\" class=\"qtranxs-available-language-link qtranxs-available-language-link-vi\" title=\"Ti\u1ebfng Vi\u1ec7t\">Vietnamese<\/a>.<\/p>","protected":false},"excerpt":{"rendered":"<p class=\"qtranxs-available-languages-message qtranxs-available-languages-message-en\">Sorry, this entry is only available in <a href=\"https:\/\/lovemyhome.vn\/vi\/wp-json\/wp\/v2\/product\/5710\" class=\"qtranxs-available-language-link qtranxs-available-language-link-vi\" title=\"Ti\u1ebfng Vi\u1ec7t\">Vietnamese<\/a>.<\/p>\n","protected":false},"featured_media":5715,"template":"","meta":[],"yoast_head":"<!-- This site is optimized with the Yoast SEO plugin v16.7 - https:\/\/yoast.com\/wordpress\/plugins\/seo\/ -->\n<title>(Ti\u1ebfng Vi\u1ec7t) (Ti\u1ebfng Vi\u1ec7t) S\u00e0n Nh\u1ef1a Gi\u1ea3 B\u00ea T\u00f4ng - S\u00e0n Vinyl Eter\u200bnal Material 0934088139<\/title>\n<meta name=\"description\" content=\"(Ti\u1ebfng Vi\u1ec7t) S\u00e0n Nh\u1ef1a Gi\u1ea3 B\u00ea T\u00f4ng nh\u1eadp kh\u1ea9u Ch\u00e2u \u00c2u: l\u1ee3i \u00edch s\u1ee9c kh\u1ecfe v\u00f4 c\u00f9ng l\u1edbn, b\u1ea3o h\u00e0nh 10 n\u0103m, d\u1ec5 v\u1ec7 sinh, h\u1ee3p t\u00fai ti\u1ec1n, nhi\u1ec1u m\u00e0u s\u1eafc.\" \/>\n<meta name=\"robots\" content=\"index, follow, max-snippet:-1, max-image-preview:large, max-video-preview:-1\" \/>\n<link rel=\"canonical\" href=\"https:\/\/lovemyhome.vn\/san-pham\/san-nhua-gia-be-tong-san-vinyl-eter\u200bnal-material\/\" \/>\n<meta property=\"og:locale\" content=\"en_US\" \/>\n<meta property=\"og:type\" content=\"article\" \/>\n<meta property=\"og:title\" content=\"[:vi](Ti\u1ebfng Vi\u1ec7t) S\u00e0n Nh\u1ef1a Gi\u1ea3 B\u00ea T\u00f4ng - S\u00e0n Vinyl Eter\u200bnal Material 0934088139[:]\" \/>\n<meta property=\"og:description\" content=\"{:vi}S\u00e0n Nh\u1ef1a Gi\u1ea3 B\u00ea T\u00f4ng nh\u1eadp kh\u1ea9u Ch\u00e2u \u00c2u: l\u1ee3i \u00edch s\u1ee9c kh\u1ecfe v\u00f4 c\u00f9ng l\u1edbn, b\u1ea3o h\u00e0nh 10 n\u0103m, d\u1ec5 v\u1ec7 sinh, h\u1ee3p t\u00fai ti\u1ec1n, nhi\u1ec1u m\u00e0u s\u1eafc. {:}\" \/>\n<meta property=\"og:url\" content=\"https:\/\/lovemyhome.vn\/san-pham\/san-nhua-gia-be-tong-san-vinyl-eter\u200bnal-material\/\" \/>\n<meta property=\"og:site_name\" content=\"Lovemyhome\" \/>\n<meta property=\"article:modified_time\" content=\"2020-12-31T05:46:24+00:00\" \/>\n<meta property=\"og:image\" content=\"https:\/\/lovemyhome.vn\/wp-content\/uploads\/2020\/12\/213968_12752.jpg\" \/>\n\t<meta property=\"og:image:width\" content=\"540\" \/>\n\t<meta property=\"og:image:height\" content=\"520\" \/>\n<meta name=\"twitter:card\" content=\"summary\" \/>\n<meta name=\"twitter:label1\" content=\"Est. reading time\" \/>\n\t<meta name=\"twitter:data1\" content=\"8 minutes\" \/>\n<script type=\"application\/ld+json\" class=\"yoast-schema-graph\">{\"@context\":\"https:\/\/schema.org\",\"@graph\":[{\"@type\":\"WebSite\",\"@id\":\"https:\/\/lovemyhome.vn\/#website\",\"url\":\"https:\/\/lovemyhome.vn\/\",\"name\":\"Lovemyhome\",\"description\":\"t\\u00f4i y\\u00eau nh\\u00e0 t\\u00f4i\",\"potentialAction\":[{\"@type\":\"SearchAction\",\"target\":{\"@type\":\"EntryPoint\",\"urlTemplate\":\"https:\/\/lovemyhome.vn\/?s={search_term_string}\"},\"query-input\":\"required name=search_term_string\"}],\"inLanguage\":\"en-US\"},{\"@type\":\"ImageObject\",\"@id\":\"https:\/\/lovemyhome.vn\/san-pham\/san-nhua-gia-be-tong-san-vinyl-eter%e2%80%8bnal-material\/#primaryimage\",\"inLanguage\":\"en-US\",\"url\":\"https:\/\/lovemyhome.vn\/wp-content\/uploads\/2020\/12\/213968_12752.jpg\",\"contentUrl\":\"https:\/\/lovemyhome.vn\/wp-content\/uploads\/2020\/12\/213968_12752.jpg\",\"width\":540,\"height\":520,\"caption\":\"s\\u00e0n vinyl m\\u00e0u b\\u00ea t\\u00f4ng\"},{\"@type\":\"WebPage\",\"@id\":\"https:\/\/lovemyhome.vn\/san-pham\/san-nhua-gia-be-tong-san-vinyl-eter%e2%80%8bnal-material\/#webpage\",\"url\":\"https:\/\/lovemyhome.vn\/san-pham\/san-nhua-gia-be-tong-san-vinyl-eter%e2%80%8bnal-material\/\",\"name\":\"[:vi](Ti\\u1ebfng Vi\\u1ec7t) S\\u00e0n Nh\\u1ef1a Gi\\u1ea3 B\\u00ea T\\u00f4ng - S\\u00e0n Vinyl Eter\\u200bnal Material 0934088139[:]\",\"isPartOf\":{\"@id\":\"https:\/\/lovemyhome.vn\/#website\"},\"primaryImageOfPage\":{\"@id\":\"https:\/\/lovemyhome.vn\/san-pham\/san-nhua-gia-be-tong-san-vinyl-eter%e2%80%8bnal-material\/#primaryimage\"},\"datePublished\":\"2020-12-31T05:44:32+00:00\",\"dateModified\":\"2020-12-31T05:46:24+00:00\",\"description\":\"{:vi}S\\u00e0n Nh\\u1ef1a Gi\\u1ea3 B\\u00ea T\\u00f4ng nh\\u1eadp kh\\u1ea9u Ch\\u00e2u \\u00c2u: l\\u1ee3i \\u00edch s\\u1ee9c kh\\u1ecfe v\\u00f4 c\\u00f9ng l\\u1edbn, b\\u1ea3o h\\u00e0nh 10 n\\u0103m, d\\u1ec5 v\\u1ec7 sinh, h\\u1ee3p t\\u00fai ti\\u1ec1n, nhi\\u1ec1u m\\u00e0u s\\u1eafc. {:}\",\"breadcrumb\":{\"@id\":\"https:\/\/lovemyhome.vn\/san-pham\/san-nhua-gia-be-tong-san-vinyl-eter%e2%80%8bnal-material\/#breadcrumb\"},\"inLanguage\":\"en-US\",\"potentialAction\":[{\"@type\":\"ReadAction\",\"target\":[\"https:\/\/lovemyhome.vn\/san-pham\/san-nhua-gia-be-tong-san-vinyl-eter%e2%80%8bnal-material\/\"]}]},{\"@type\":\"BreadcrumbList\",\"@id\":\"https:\/\/lovemyhome.vn\/san-pham\/san-nhua-gia-be-tong-san-vinyl-eter%e2%80%8bnal-material\/#breadcrumb\",\"itemListElement\":[{\"@type\":\"ListItem\",\"position\":1,\"name\":\"Home\",\"item\":\"https:\/\/lovemyhome.vn\/\"},{\"@type\":\"ListItem\",\"position\":2,\"name\":\"S\\u1ea3n ph\\u1ea9m\",\"item\":\"https:\/\/lovemyhome.vn\/cua-hang\/\"},{\"@type\":\"ListItem\",\"position\":3,\"name\":\"S\\u00e0n Nh\\u1ef1a Gi\\u1ea3 B\\u00ea T\\u00f4ng &#8211; S\\u00e0n Vinyl Eter\\u200bnal Material\"}]}]}<\/script>\n<!-- \/ Yoast SEO plugin. -->","yoast_head_json":{"title":"(Ti\u1ebfng Vi\u1ec7t) (Ti\u1ebfng Vi\u1ec7t) S\u00e0n Nh\u1ef1a Gi\u1ea3 B\u00ea T\u00f4ng - S\u00e0n Vinyl Eter\u200bnal Material 0934088139","description":"(Ti\u1ebfng Vi\u1ec7t) S\u00e0n Nh\u1ef1a Gi\u1ea3 B\u00ea T\u00f4ng nh\u1eadp kh\u1ea9u Ch\u00e2u \u00c2u: l\u1ee3i \u00edch s\u1ee9c kh\u1ecfe v\u00f4 c\u00f9ng l\u1edbn, b\u1ea3o h\u00e0nh 10 n\u0103m, d\u1ec5 v\u1ec7 sinh, h\u1ee3p t\u00fai ti\u1ec1n, nhi\u1ec1u m\u00e0u s\u1eafc.","robots":{"index":"index","follow":"follow","max-snippet":"max-snippet:-1","max-image-preview":"max-image-preview:large","max-video-preview":"max-video-preview:-1"},"canonical":"https:\/\/lovemyhome.vn\/san-pham\/san-nhua-gia-be-tong-san-vinyl-eter\u200bnal-material\/","og_locale":"en_US","og_type":"article","og_title":"[:vi](Ti\u1ebfng Vi\u1ec7t) S\u00e0n Nh\u1ef1a Gi\u1ea3 B\u00ea T\u00f4ng - S\u00e0n Vinyl Eter\u200bnal Material 0934088139[:]","og_description":"{:vi}S\u00e0n Nh\u1ef1a Gi\u1ea3 B\u00ea T\u00f4ng nh\u1eadp kh\u1ea9u Ch\u00e2u \u00c2u: l\u1ee3i \u00edch s\u1ee9c kh\u1ecfe v\u00f4 c\u00f9ng l\u1edbn, b\u1ea3o h\u00e0nh 10 n\u0103m, d\u1ec5 v\u1ec7 sinh, h\u1ee3p t\u00fai ti\u1ec1n, nhi\u1ec1u m\u00e0u s\u1eafc. {:}","og_url":"https:\/\/lovemyhome.vn\/san-pham\/san-nhua-gia-be-tong-san-vinyl-eter\u200bnal-material\/","og_site_name":"Lovemyhome","article_modified_time":"2020-12-31T05:46:24+00:00","og_image":[{"width":540,"height":520,"url":"https:\/\/lovemyhome.vn\/wp-content\/uploads\/2020\/12\/213968_12752.jpg","path":"\/home\/lovemyho\/public_html\/wp-content\/uploads\/2020\/12\/213968_12752.jpg","size":"full","id":5715,"alt":"s\u00e0n vinyl m\u00e0u b\u00ea t\u00f4ng","pixels":280800,"type":"image\/jpeg"}],"twitter_card":"summary","twitter_misc":{"Est. reading time":"8 minutes"},"schema":{"@context":"https:\/\/schema.org","@graph":[{"@type":"WebSite","@id":"https:\/\/lovemyhome.vn\/#website","url":"https:\/\/lovemyhome.vn\/","name":"Lovemyhome","description":"t\u00f4i y\u00eau nh\u00e0 t\u00f4i","potentialAction":[{"@type":"SearchAction","target":{"@type":"EntryPoint","urlTemplate":"https:\/\/lovemyhome.vn\/?s={search_term_string}"},"query-input":"required name=search_term_string"}],"inLanguage":"en-US"},{"@type":"ImageObject","@id":"https:\/\/lovemyhome.vn\/san-pham\/san-nhua-gia-be-tong-san-vinyl-eter%e2%80%8bnal-material\/#primaryimage","inLanguage":"en-US","url":"https:\/\/lovemyhome.vn\/wp-content\/uploads\/2020\/12\/213968_12752.jpg","contentUrl":"https:\/\/lovemyhome.vn\/wp-content\/uploads\/2020\/12\/213968_12752.jpg","width":540,"height":520,"caption":"s\u00e0n vinyl m\u00e0u b\u00ea t\u00f4ng"},{"@type":"WebPage","@id":"https:\/\/lovemyhome.vn\/san-pham\/san-nhua-gia-be-tong-san-vinyl-eter%e2%80%8bnal-material\/#webpage","url":"https:\/\/lovemyhome.vn\/san-pham\/san-nhua-gia-be-tong-san-vinyl-eter%e2%80%8bnal-material\/","name":"[:vi](Ti\u1ebfng Vi\u1ec7t) S\u00e0n Nh\u1ef1a Gi\u1ea3 B\u00ea T\u00f4ng - S\u00e0n Vinyl Eter\u200bnal Material 0934088139[:]","isPartOf":{"@id":"https:\/\/lovemyhome.vn\/#website"},"primaryImageOfPage":{"@id":"https:\/\/lovemyhome.vn\/san-pham\/san-nhua-gia-be-tong-san-vinyl-eter%e2%80%8bnal-material\/#primaryimage"},"datePublished":"2020-12-31T05:44:32+00:00","dateModified":"2020-12-31T05:46:24+00:00","description":"{:vi}S\u00e0n Nh\u1ef1a Gi\u1ea3 B\u00ea T\u00f4ng nh\u1eadp kh\u1ea9u Ch\u00e2u \u00c2u: l\u1ee3i \u00edch s\u1ee9c kh\u1ecfe v\u00f4 c\u00f9ng l\u1edbn, b\u1ea3o h\u00e0nh 10 n\u0103m, d\u1ec5 v\u1ec7 sinh, h\u1ee3p t\u00fai ti\u1ec1n, nhi\u1ec1u m\u00e0u s\u1eafc. {:}","breadcrumb":{"@id":"https:\/\/lovemyhome.vn\/san-pham\/san-nhua-gia-be-tong-san-vinyl-eter%e2%80%8bnal-material\/#breadcrumb"},"inLanguage":"en-US","potentialAction":[{"@type":"ReadAction","target":["https:\/\/lovemyhome.vn\/san-pham\/san-nhua-gia-be-tong-san-vinyl-eter%e2%80%8bnal-material\/"]}]},{"@type":"BreadcrumbList","@id":"https:\/\/lovemyhome.vn\/san-pham\/san-nhua-gia-be-tong-san-vinyl-eter%e2%80%8bnal-material\/#breadcrumb","itemListElement":[{"@type":"ListItem","position":1,"name":"Home","item":"https:\/\/lovemyhome.vn\/"},{"@type":"ListItem","position":2,"name":"S\u1ea3n ph\u1ea9m","item":"https:\/\/lovemyhome.vn\/cua-hang\/"},{"@type":"ListItem","position":3,"name":"S\u00e0n Nh\u1ef1a Gi\u1ea3 B\u00ea T\u00f4ng &#8211; S\u00e0n Vinyl Eter\u200bnal Material"}]}]}},"_links":{"self":[{"href":"https:\/\/lovemyhome.vn\/en\/wp-json\/wp\/v2\/product\/5710"}],"collection":[{"href":"https:\/\/lovemyhome.vn\/en\/wp-json\/wp\/v2\/product"}],"about":[{"href":"https:\/\/lovemyhome.vn\/en\/wp-json\/wp\/v2\/types\/product"}],"wp:featuredmedia":[{"embeddable":true,"href":"https:\/\/lovemyhome.vn\/en\/wp-json\/wp\/v2\/media\/5715"}],"wp:attachment":[{"href":"https:\/\/lovemyhome.vn\/en\/wp-json\/wp\/v2\/media?parent=5710"}],"curies":[{"name":"wp","href":"https:\/\/api.w.org\/{rel}","templated":true}]}}