{"id":5717,"date":"2020-12-31T15:26:25","date_gmt":"2020-12-31T08:26:25","guid":{"rendered":"https:\/\/lovemyhome.vn\/?post_type=product&#038;p=5717"},"modified":"2020-12-31T15:26:25","modified_gmt":"2020-12-31T08:26:25","slug":"san-nhua-van-go-san-vinyl-allura-wood","status":"publish","type":"product","link":"https:\/\/lovemyhome.vn\/en\/san-pham\/san-nhua-van-go-san-vinyl-allura-wood\/","title":{"rendered":"(Ti\u1ebfng Vi\u1ec7t) S\u00e0n Nh\u1ef1a V\u00e2n G\u1ed7 &#8211; S\u00e0n Vinyl Allura Wood"},"content":{"rendered":"<p class=\"qtranxs-available-languages-message qtranxs-available-languages-message-en\">Sorry, this entry is only available in <a href=\"https:\/\/lovemyhome.vn\/vi\/wp-json\/wp\/v2\/product\/5717\" class=\"qtranxs-available-language-link qtranxs-available-language-link-vi\" title=\"Ti\u1ebfng Vi\u1ec7t\">Vietnamese<\/a>.<\/p>","protected":false},"excerpt":{"rendered":"<p class=\"qtranxs-available-languages-message qtranxs-available-languages-message-en\">Sorry, this entry is only available in <a href=\"https:\/\/lovemyhome.vn\/vi\/wp-json\/wp\/v2\/product\/5717\" class=\"qtranxs-available-language-link qtranxs-available-language-link-vi\" title=\"Ti\u1ebfng Vi\u1ec7t\">Vietnamese<\/a>.<\/p>\n","protected":false},"featured_media":5722,"template":"","meta":[],"yoast_head":"<!-- This site is optimized with the Yoast SEO plugin v16.7 - https:\/\/yoast.com\/wordpress\/plugins\/seo\/ -->\n<title>(Ti\u1ebfng Vi\u1ec7t) (Ti\u1ebfng Vi\u1ec7t) S\u00e0n Nh\u1ef1a V\u00e2n G\u1ed7 - S\u00e0n Vinyl Allura Wood - Lovemyhome 0934088139<\/title>\n<meta name=\"description\" content=\"(Ti\u1ebfng Vi\u1ec7t) S\u00e0n nh\u1ef1a v\u00e2n g\u1ed7 nh\u1eadp kh\u1ea9u Ch\u00e2u \u00c2u, s\u1ea3n ph\u1ea9m xanh, 49 m\u00e0u l\u1ef1a ch\u1ecdn, ch\u1ed1ng n\u01b0\u1edbc, kh\u00f4ng cong v\u00eanh, kh\u00e1ng khu\u1ea9n, b\u1ea3o h\u00e0nh 10 n\u0103m.\" \/>\n<meta name=\"robots\" content=\"index, follow, max-snippet:-1, max-image-preview:large, max-video-preview:-1\" \/>\n<link rel=\"canonical\" href=\"https:\/\/lovemyhome.vn\/san-pham\/san-nhua-van-go-san-vinyl-allura-wood\/\" \/>\n<meta property=\"og:locale\" content=\"en_US\" \/>\n<meta property=\"og:type\" content=\"article\" \/>\n<meta property=\"og:title\" content=\"[:vi](Ti\u1ebfng Vi\u1ec7t) S\u00e0n Nh\u1ef1a V\u00e2n G\u1ed7 - S\u00e0n Vinyl Allura Wood - Lovemyhome 0934088139[:]\" \/>\n<meta property=\"og:description\" content=\"{:vi}S\u00e0n nh\u1ef1a v\u00e2n g\u1ed7 nh\u1eadp kh\u1ea9u Ch\u00e2u \u00c2u, s\u1ea3n ph\u1ea9m xanh, 49 m\u00e0u l\u1ef1a ch\u1ecdn, ch\u1ed1ng n\u01b0\u1edbc, kh\u00f4ng cong v\u00eanh, kh\u00e1ng khu\u1ea9n, b\u1ea3o h\u00e0nh 10 n\u0103m.{:}\" \/>\n<meta property=\"og:url\" content=\"https:\/\/lovemyhome.vn\/san-pham\/san-nhua-van-go-san-vinyl-allura-wood\/\" \/>\n<meta property=\"og:site_name\" content=\"Lovemyhome\" \/>\n<meta property=\"og:image\" content=\"https:\/\/lovemyhome.vn\/wp-content\/uploads\/2020\/12\/218938_60185DR7.jpg\" \/>\n\t<meta property=\"og:image:width\" content=\"540\" \/>\n\t<meta property=\"og:image:height\" content=\"520\" \/>\n<meta name=\"twitter:card\" content=\"summary\" \/>\n<meta name=\"twitter:label1\" content=\"Est. reading time\" \/>\n\t<meta name=\"twitter:data1\" content=\"7 minutes\" \/>\n<script type=\"application\/ld+json\" class=\"yoast-schema-graph\">{\"@context\":\"https:\/\/schema.org\",\"@graph\":[{\"@type\":\"WebSite\",\"@id\":\"https:\/\/lovemyhome.vn\/#website\",\"url\":\"https:\/\/lovemyhome.vn\/\",\"name\":\"Lovemyhome\",\"description\":\"t\\u00f4i y\\u00eau nh\\u00e0 t\\u00f4i\",\"potentialAction\":[{\"@type\":\"SearchAction\",\"target\":{\"@type\":\"EntryPoint\",\"urlTemplate\":\"https:\/\/lovemyhome.vn\/?s={search_term_string}\"},\"query-input\":\"required name=search_term_string\"}],\"inLanguage\":\"en-US\"},{\"@type\":\"ImageObject\",\"@id\":\"https:\/\/lovemyhome.vn\/san-pham\/san-nhua-van-go-san-vinyl-allura-wood\/#primaryimage\",\"inLanguage\":\"en-US\",\"url\":\"https:\/\/lovemyhome.vn\/wp-content\/uploads\/2020\/12\/218938_60185DR7.jpg\",\"contentUrl\":\"https:\/\/lovemyhome.vn\/wp-content\/uploads\/2020\/12\/218938_60185DR7.jpg\",\"width\":540,\"height\":520,\"caption\":\"s\\u00e0n nh\\u00e0 v\\u00e2n g\\u1ed7\"},{\"@type\":\"WebPage\",\"@id\":\"https:\/\/lovemyhome.vn\/san-pham\/san-nhua-van-go-san-vinyl-allura-wood\/#webpage\",\"url\":\"https:\/\/lovemyhome.vn\/san-pham\/san-nhua-van-go-san-vinyl-allura-wood\/\",\"name\":\"[:vi](Ti\\u1ebfng Vi\\u1ec7t) S\\u00e0n Nh\\u1ef1a V\\u00e2n G\\u1ed7 - S\\u00e0n Vinyl Allura Wood - Lovemyhome 0934088139[:]\",\"isPartOf\":{\"@id\":\"https:\/\/lovemyhome.vn\/#website\"},\"primaryImageOfPage\":{\"@id\":\"https:\/\/lovemyhome.vn\/san-pham\/san-nhua-van-go-san-vinyl-allura-wood\/#primaryimage\"},\"datePublished\":\"2020-12-31T08:26:25+00:00\",\"dateModified\":\"2020-12-31T08:26:25+00:00\",\"description\":\"{:vi}S\\u00e0n nh\\u1ef1a v\\u00e2n g\\u1ed7 nh\\u1eadp kh\\u1ea9u Ch\\u00e2u \\u00c2u, s\\u1ea3n ph\\u1ea9m xanh, 49 m\\u00e0u l\\u1ef1a ch\\u1ecdn, ch\\u1ed1ng n\\u01b0\\u1edbc, kh\\u00f4ng cong v\\u00eanh, kh\\u00e1ng khu\\u1ea9n, b\\u1ea3o h\\u00e0nh 10 n\\u0103m.{:}\",\"breadcrumb\":{\"@id\":\"https:\/\/lovemyhome.vn\/san-pham\/san-nhua-van-go-san-vinyl-allura-wood\/#breadcrumb\"},\"inLanguage\":\"en-US\",\"potentialAction\":[{\"@type\":\"ReadAction\",\"target\":[\"https:\/\/lovemyhome.vn\/san-pham\/san-nhua-van-go-san-vinyl-allura-wood\/\"]}]},{\"@type\":\"BreadcrumbList\",\"@id\":\"https:\/\/lovemyhome.vn\/san-pham\/san-nhua-van-go-san-vinyl-allura-wood\/#breadcrumb\",\"itemListElement\":[{\"@type\":\"ListItem\",\"position\":1,\"name\":\"Home\",\"item\":\"https:\/\/lovemyhome.vn\/\"},{\"@type\":\"ListItem\",\"position\":2,\"name\":\"S\\u1ea3n ph\\u1ea9m\",\"item\":\"https:\/\/lovemyhome.vn\/cua-hang\/\"},{\"@type\":\"ListItem\",\"position\":3,\"name\":\"S\\u00e0n Nh\\u1ef1a V\\u00e2n G\\u1ed7 &#8211; S\\u00e0n Vinyl Allura Wood\"}]}]}<\/script>\n<!-- \/ Yoast SEO plugin. -->","yoast_head_json":{"title":"(Ti\u1ebfng Vi\u1ec7t) (Ti\u1ebfng Vi\u1ec7t) S\u00e0n Nh\u1ef1a V\u00e2n G\u1ed7 - S\u00e0n Vinyl Allura Wood - Lovemyhome 0934088139","description":"(Ti\u1ebfng Vi\u1ec7t) S\u00e0n nh\u1ef1a v\u00e2n g\u1ed7 nh\u1eadp kh\u1ea9u Ch\u00e2u \u00c2u, s\u1ea3n ph\u1ea9m xanh, 49 m\u00e0u l\u1ef1a ch\u1ecdn, ch\u1ed1ng n\u01b0\u1edbc, kh\u00f4ng cong v\u00eanh, kh\u00e1ng khu\u1ea9n, b\u1ea3o h\u00e0nh 10 n\u0103m.","robots":{"index":"index","follow":"follow","max-snippet":"max-snippet:-1","max-image-preview":"max-image-preview:large","max-video-preview":"max-video-preview:-1"},"canonical":"https:\/\/lovemyhome.vn\/san-pham\/san-nhua-van-go-san-vinyl-allura-wood\/","og_locale":"en_US","og_type":"article","og_title":"[:vi](Ti\u1ebfng Vi\u1ec7t) S\u00e0n Nh\u1ef1a V\u00e2n G\u1ed7 - S\u00e0n Vinyl Allura Wood - Lovemyhome 0934088139[:]","og_description":"{:vi}S\u00e0n nh\u1ef1a v\u00e2n g\u1ed7 nh\u1eadp kh\u1ea9u Ch\u00e2u \u00c2u, s\u1ea3n ph\u1ea9m xanh, 49 m\u00e0u l\u1ef1a ch\u1ecdn, ch\u1ed1ng n\u01b0\u1edbc, kh\u00f4ng cong v\u00eanh, kh\u00e1ng khu\u1ea9n, b\u1ea3o h\u00e0nh 10 n\u0103m.{:}","og_url":"https:\/\/lovemyhome.vn\/san-pham\/san-nhua-van-go-san-vinyl-allura-wood\/","og_site_name":"Lovemyhome","og_image":[{"width":540,"height":520,"url":"https:\/\/lovemyhome.vn\/wp-content\/uploads\/2020\/12\/218938_60185DR7.jpg","path":"\/home\/lovemyho\/public_html\/wp-content\/uploads\/2020\/12\/218938_60185DR7.jpg","size":"full","id":5722,"alt":"s\u00e0n nh\u00e0 v\u00e2n g\u1ed7","pixels":280800,"type":"image\/jpeg"}],"twitter_card":"summary","twitter_misc":{"Est. reading time":"7 minutes"},"schema":{"@context":"https:\/\/schema.org","@graph":[{"@type":"WebSite","@id":"https:\/\/lovemyhome.vn\/#website","url":"https:\/\/lovemyhome.vn\/","name":"Lovemyhome","description":"t\u00f4i y\u00eau nh\u00e0 t\u00f4i","potentialAction":[{"@type":"SearchAction","target":{"@type":"EntryPoint","urlTemplate":"https:\/\/lovemyhome.vn\/?s={search_term_string}"},"query-input":"required name=search_term_string"}],"inLanguage":"en-US"},{"@type":"ImageObject","@id":"https:\/\/lovemyhome.vn\/san-pham\/san-nhua-van-go-san-vinyl-allura-wood\/#primaryimage","inLanguage":"en-US","url":"https:\/\/lovemyhome.vn\/wp-content\/uploads\/2020\/12\/218938_60185DR7.jpg","contentUrl":"https:\/\/lovemyhome.vn\/wp-content\/uploads\/2020\/12\/218938_60185DR7.jpg","width":540,"height":520,"caption":"s\u00e0n nh\u00e0 v\u00e2n g\u1ed7"},{"@type":"WebPage","@id":"https:\/\/lovemyhome.vn\/san-pham\/san-nhua-van-go-san-vinyl-allura-wood\/#webpage","url":"https:\/\/lovemyhome.vn\/san-pham\/san-nhua-van-go-san-vinyl-allura-wood\/","name":"[:vi](Ti\u1ebfng Vi\u1ec7t) S\u00e0n Nh\u1ef1a V\u00e2n G\u1ed7 - S\u00e0n Vinyl Allura Wood - Lovemyhome 0934088139[:]","isPartOf":{"@id":"https:\/\/lovemyhome.vn\/#website"},"primaryImageOfPage":{"@id":"https:\/\/lovemyhome.vn\/san-pham\/san-nhua-van-go-san-vinyl-allura-wood\/#primaryimage"},"datePublished":"2020-12-31T08:26:25+00:00","dateModified":"2020-12-31T08:26:25+00:00","description":"{:vi}S\u00e0n nh\u1ef1a v\u00e2n g\u1ed7 nh\u1eadp kh\u1ea9u Ch\u00e2u \u00c2u, s\u1ea3n ph\u1ea9m xanh, 49 m\u00e0u l\u1ef1a ch\u1ecdn, ch\u1ed1ng n\u01b0\u1edbc, kh\u00f4ng cong v\u00eanh, kh\u00e1ng khu\u1ea9n, b\u1ea3o h\u00e0nh 10 n\u0103m.{:}","breadcrumb":{"@id":"https:\/\/lovemyhome.vn\/san-pham\/san-nhua-van-go-san-vinyl-allura-wood\/#breadcrumb"},"inLanguage":"en-US","potentialAction":[{"@type":"ReadAction","target":["https:\/\/lovemyhome.vn\/san-pham\/san-nhua-van-go-san-vinyl-allura-wood\/"]}]},{"@type":"BreadcrumbList","@id":"https:\/\/lovemyhome.vn\/san-pham\/san-nhua-van-go-san-vinyl-allura-wood\/#breadcrumb","itemListElement":[{"@type":"ListItem","position":1,"name":"Home","item":"https:\/\/lovemyhome.vn\/"},{"@type":"ListItem","position":2,"name":"S\u1ea3n ph\u1ea9m","item":"https:\/\/lovemyhome.vn\/cua-hang\/"},{"@type":"ListItem","position":3,"name":"S\u00e0n Nh\u1ef1a V\u00e2n G\u1ed7 &#8211; S\u00e0n Vinyl Allura Wood"}]}]}},"_links":{"self":[{"href":"https:\/\/lovemyhome.vn\/en\/wp-json\/wp\/v2\/product\/5717"}],"collection":[{"href":"https:\/\/lovemyhome.vn\/en\/wp-json\/wp\/v2\/product"}],"about":[{"href":"https:\/\/lovemyhome.vn\/en\/wp-json\/wp\/v2\/types\/product"}],"wp:featuredmedia":[{"embeddable":true,"href":"https:\/\/lovemyhome.vn\/en\/wp-json\/wp\/v2\/media\/5722"}],"wp:attachment":[{"href":"https:\/\/lovemyhome.vn\/en\/wp-json\/wp\/v2\/media?parent=5717"}],"curies":[{"name":"wp","href":"https:\/\/api.w.org\/{rel}","templated":true}]}}