{"id":5809,"date":"2021-01-19T16:12:02","date_gmt":"2021-01-19T09:12:02","guid":{"rendered":"https:\/\/lovemyhome.vn\/?post_type=product&#038;p=5809"},"modified":"2024-07-04T15:47:38","modified_gmt":"2024-07-04T08:47:38","slug":"may-phun-son-cam-tay-fc-3500","status":"publish","type":"product","link":"https:\/\/lovemyhome.vn\/en\/san-pham\/may-phun-son-cam-tay-fc-3500\/","title":{"rendered":"(Ti\u1ebfng Vi\u1ec7t) M\u00e1y phun s\u01a1n c\u1ea7m tay FC 3500"},"content":{"rendered":"<p class=\"qtranxs-available-languages-message qtranxs-available-languages-message-en\">Sorry, this entry is only available in <a href=\"https:\/\/lovemyhome.vn\/vi\/wp-json\/wp\/v2\/product\/5809\" class=\"qtranxs-available-language-link qtranxs-available-language-link-vi\" title=\"Ti\u1ebfng Vi\u1ec7t\">Vietnamese<\/a>.<\/p>","protected":false},"excerpt":{"rendered":"<p class=\"qtranxs-available-languages-message qtranxs-available-languages-message-en\">Sorry, this entry is only available in <a href=\"https:\/\/lovemyhome.vn\/vi\/wp-json\/wp\/v2\/product\/5809\" class=\"qtranxs-available-language-link qtranxs-available-language-link-vi\" title=\"Ti\u1ebfng Vi\u1ec7t\">Vietnamese<\/a>.<\/p>\n","protected":false},"featured_media":5808,"template":"","meta":[],"yoast_head":"<!-- This site is optimized with the Yoast SEO plugin v16.7 - https:\/\/yoast.com\/wordpress\/plugins\/seo\/ -->\n<title>(Ti\u1ebfng Vi\u1ec7t) (Ti\u1ebfng Vi\u1ec7t) M\u00e1y phun s\u01a1n c\u1ea7m tay FC 3500 - Lovemyhome 0913 123 345<\/title>\n<meta name=\"description\" content=\"(Ti\u1ebfng Vi\u1ec7t) M\u00e1y phun s\u01a1n c\u1ea7m tay nh\u1eadp kh\u1ea9u, b\u1ea3o h\u00e0nh 12 th\u00e1ng, ti\u1ebft ki\u1ec7m s\u01a1n, ho\u1ea1t \u0111\u1ed9ng li\u00ean t\u1ee5c 6 gi\u1edd, b\u1ec1 m\u1eb7t s\u01a1n m\u1ecbn, \u0111\u1ec1u v\u00e0 \u0111\u1eb9p.\" \/>\n<meta name=\"robots\" content=\"index, follow, max-snippet:-1, max-image-preview:large, max-video-preview:-1\" \/>\n<link rel=\"canonical\" href=\"https:\/\/lovemyhome.vn\/san-pham\/may-phun-son-cam-tay-fc-3500\/\" \/>\n<meta property=\"og:locale\" content=\"en_US\" \/>\n<meta property=\"og:type\" content=\"article\" \/>\n<meta property=\"og:title\" content=\"[:vi](Ti\u1ebfng Vi\u1ec7t) M\u00e1y phun s\u01a1n c\u1ea7m tay FC 3500 - Lovemyhome 0913 123 345[:]\" \/>\n<meta property=\"og:description\" content=\"{:vi}M\u00e1y phun s\u01a1n c\u1ea7m tay nh\u1eadp kh\u1ea9u, b\u1ea3o h\u00e0nh 12 th\u00e1ng, ti\u1ebft ki\u1ec7m s\u01a1n, ho\u1ea1t \u0111\u1ed9ng li\u00ean t\u1ee5c 6 gi\u1edd, b\u1ec1 m\u1eb7t s\u01a1n m\u1ecbn, \u0111\u1ec1u v\u00e0 \u0111\u1eb9p.{:}\" \/>\n<meta property=\"og:url\" content=\"https:\/\/lovemyhome.vn\/san-pham\/may-phun-son-cam-tay-fc-3500\/\" \/>\n<meta property=\"og:site_name\" content=\"Lovemyhome\" \/>\n<meta property=\"article:modified_time\" content=\"2024-07-04T08:47:38+00:00\" \/>\n<meta property=\"og:image\" content=\"https:\/\/lovemyhome.vn\/wp-content\/uploads\/2021\/01\/FC-3500.png\" \/>\n\t<meta property=\"og:image:width\" content=\"200\" \/>\n\t<meta property=\"og:image:height\" content=\"200\" \/>\n<meta name=\"twitter:card\" content=\"summary\" \/>\n<meta name=\"twitter:label1\" content=\"Est. reading time\" \/>\n\t<meta name=\"twitter:data1\" content=\"5 minutes\" \/>\n<script type=\"application\/ld+json\" class=\"yoast-schema-graph\">{\"@context\":\"https:\/\/schema.org\",\"@graph\":[{\"@type\":\"WebSite\",\"@id\":\"https:\/\/lovemyhome.vn\/#website\",\"url\":\"https:\/\/lovemyhome.vn\/\",\"name\":\"Lovemyhome\",\"description\":\"t\\u00f4i y\\u00eau nh\\u00e0 t\\u00f4i\",\"potentialAction\":[{\"@type\":\"SearchAction\",\"target\":{\"@type\":\"EntryPoint\",\"urlTemplate\":\"https:\/\/lovemyhome.vn\/?s={search_term_string}\"},\"query-input\":\"required name=search_term_string\"}],\"inLanguage\":\"en-US\"},{\"@type\":\"ImageObject\",\"@id\":\"https:\/\/lovemyhome.vn\/san-pham\/may-phun-son-cam-tay-fc-3500\/#primaryimage\",\"inLanguage\":\"en-US\",\"url\":\"https:\/\/lovemyhome.vn\/wp-content\/uploads\/2021\/01\/FC-3500.png\",\"contentUrl\":\"https:\/\/lovemyhome.vn\/wp-content\/uploads\/2021\/01\/FC-3500.png\",\"width\":200,\"height\":200,\"caption\":\"m\\u00e1y phun s\\u01a1n c\\u1ea7m tay fc 3500\"},{\"@type\":\"WebPage\",\"@id\":\"https:\/\/lovemyhome.vn\/san-pham\/may-phun-son-cam-tay-fc-3500\/#webpage\",\"url\":\"https:\/\/lovemyhome.vn\/san-pham\/may-phun-son-cam-tay-fc-3500\/\",\"name\":\"[:vi](Ti\\u1ebfng Vi\\u1ec7t) M\\u00e1y phun s\\u01a1n c\\u1ea7m tay FC 3500 - Lovemyhome 0913 123 345[:]\",\"isPartOf\":{\"@id\":\"https:\/\/lovemyhome.vn\/#website\"},\"primaryImageOfPage\":{\"@id\":\"https:\/\/lovemyhome.vn\/san-pham\/may-phun-son-cam-tay-fc-3500\/#primaryimage\"},\"datePublished\":\"2021-01-19T09:12:02+00:00\",\"dateModified\":\"2024-07-04T08:47:38+00:00\",\"description\":\"{:vi}M\\u00e1y phun s\\u01a1n c\\u1ea7m tay nh\\u1eadp kh\\u1ea9u, b\\u1ea3o h\\u00e0nh 12 th\\u00e1ng, ti\\u1ebft ki\\u1ec7m s\\u01a1n, ho\\u1ea1t \\u0111\\u1ed9ng li\\u00ean t\\u1ee5c 6 gi\\u1edd, b\\u1ec1 m\\u1eb7t s\\u01a1n m\\u1ecbn, \\u0111\\u1ec1u v\\u00e0 \\u0111\\u1eb9p.{:}\",\"breadcrumb\":{\"@id\":\"https:\/\/lovemyhome.vn\/san-pham\/may-phun-son-cam-tay-fc-3500\/#breadcrumb\"},\"inLanguage\":\"en-US\",\"potentialAction\":[{\"@type\":\"ReadAction\",\"target\":[\"https:\/\/lovemyhome.vn\/san-pham\/may-phun-son-cam-tay-fc-3500\/\"]}]},{\"@type\":\"BreadcrumbList\",\"@id\":\"https:\/\/lovemyhome.vn\/san-pham\/may-phun-son-cam-tay-fc-3500\/#breadcrumb\",\"itemListElement\":[{\"@type\":\"ListItem\",\"position\":1,\"name\":\"Home\",\"item\":\"https:\/\/lovemyhome.vn\/\"},{\"@type\":\"ListItem\",\"position\":2,\"name\":\"S\\u1ea3n ph\\u1ea9m\",\"item\":\"https:\/\/lovemyhome.vn\/cua-hang\/\"},{\"@type\":\"ListItem\",\"position\":3,\"name\":\"M\\u00e1y phun s\\u01a1n c\\u1ea7m tay FC 3500\"}]}]}<\/script>\n<!-- \/ Yoast SEO plugin. -->","yoast_head_json":{"title":"(Ti\u1ebfng Vi\u1ec7t) (Ti\u1ebfng Vi\u1ec7t) M\u00e1y phun s\u01a1n c\u1ea7m tay FC 3500 - Lovemyhome 0913 123 345","description":"(Ti\u1ebfng Vi\u1ec7t) M\u00e1y phun s\u01a1n c\u1ea7m tay nh\u1eadp kh\u1ea9u, b\u1ea3o h\u00e0nh 12 th\u00e1ng, ti\u1ebft ki\u1ec7m s\u01a1n, ho\u1ea1t \u0111\u1ed9ng li\u00ean t\u1ee5c 6 gi\u1edd, b\u1ec1 m\u1eb7t s\u01a1n m\u1ecbn, \u0111\u1ec1u v\u00e0 \u0111\u1eb9p.","robots":{"index":"index","follow":"follow","max-snippet":"max-snippet:-1","max-image-preview":"max-image-preview:large","max-video-preview":"max-video-preview:-1"},"canonical":"https:\/\/lovemyhome.vn\/san-pham\/may-phun-son-cam-tay-fc-3500\/","og_locale":"en_US","og_type":"article","og_title":"[:vi](Ti\u1ebfng Vi\u1ec7t) M\u00e1y phun s\u01a1n c\u1ea7m tay FC 3500 - Lovemyhome 0913 123 345[:]","og_description":"{:vi}M\u00e1y phun s\u01a1n c\u1ea7m tay nh\u1eadp kh\u1ea9u, b\u1ea3o h\u00e0nh 12 th\u00e1ng, ti\u1ebft ki\u1ec7m s\u01a1n, ho\u1ea1t \u0111\u1ed9ng li\u00ean t\u1ee5c 6 gi\u1edd, b\u1ec1 m\u1eb7t s\u01a1n m\u1ecbn, \u0111\u1ec1u v\u00e0 \u0111\u1eb9p.{:}","og_url":"https:\/\/lovemyhome.vn\/san-pham\/may-phun-son-cam-tay-fc-3500\/","og_site_name":"Lovemyhome","article_modified_time":"2024-07-04T08:47:38+00:00","og_image":[{"width":200,"height":200,"url":"https:\/\/lovemyhome.vn\/wp-content\/uploads\/2021\/01\/FC-3500.png","path":"\/home\/lovemyho\/public_html\/wp-content\/uploads\/2021\/01\/FC-3500.png","size":"full","id":5808,"alt":"m\u00e1y phun s\u01a1n c\u1ea7m tay fc 3500","pixels":40000,"type":"image\/png"}],"twitter_card":"summary","twitter_misc":{"Est. reading time":"5 minutes"},"schema":{"@context":"https:\/\/schema.org","@graph":[{"@type":"WebSite","@id":"https:\/\/lovemyhome.vn\/#website","url":"https:\/\/lovemyhome.vn\/","name":"Lovemyhome","description":"t\u00f4i y\u00eau nh\u00e0 t\u00f4i","potentialAction":[{"@type":"SearchAction","target":{"@type":"EntryPoint","urlTemplate":"https:\/\/lovemyhome.vn\/?s={search_term_string}"},"query-input":"required name=search_term_string"}],"inLanguage":"en-US"},{"@type":"ImageObject","@id":"https:\/\/lovemyhome.vn\/san-pham\/may-phun-son-cam-tay-fc-3500\/#primaryimage","inLanguage":"en-US","url":"https:\/\/lovemyhome.vn\/wp-content\/uploads\/2021\/01\/FC-3500.png","contentUrl":"https:\/\/lovemyhome.vn\/wp-content\/uploads\/2021\/01\/FC-3500.png","width":200,"height":200,"caption":"m\u00e1y phun s\u01a1n c\u1ea7m tay fc 3500"},{"@type":"WebPage","@id":"https:\/\/lovemyhome.vn\/san-pham\/may-phun-son-cam-tay-fc-3500\/#webpage","url":"https:\/\/lovemyhome.vn\/san-pham\/may-phun-son-cam-tay-fc-3500\/","name":"[:vi](Ti\u1ebfng Vi\u1ec7t) M\u00e1y phun s\u01a1n c\u1ea7m tay FC 3500 - Lovemyhome 0913 123 345[:]","isPartOf":{"@id":"https:\/\/lovemyhome.vn\/#website"},"primaryImageOfPage":{"@id":"https:\/\/lovemyhome.vn\/san-pham\/may-phun-son-cam-tay-fc-3500\/#primaryimage"},"datePublished":"2021-01-19T09:12:02+00:00","dateModified":"2024-07-04T08:47:38+00:00","description":"{:vi}M\u00e1y phun s\u01a1n c\u1ea7m tay nh\u1eadp kh\u1ea9u, b\u1ea3o h\u00e0nh 12 th\u00e1ng, ti\u1ebft ki\u1ec7m s\u01a1n, ho\u1ea1t \u0111\u1ed9ng li\u00ean t\u1ee5c 6 gi\u1edd, b\u1ec1 m\u1eb7t s\u01a1n m\u1ecbn, \u0111\u1ec1u v\u00e0 \u0111\u1eb9p.{:}","breadcrumb":{"@id":"https:\/\/lovemyhome.vn\/san-pham\/may-phun-son-cam-tay-fc-3500\/#breadcrumb"},"inLanguage":"en-US","potentialAction":[{"@type":"ReadAction","target":["https:\/\/lovemyhome.vn\/san-pham\/may-phun-son-cam-tay-fc-3500\/"]}]},{"@type":"BreadcrumbList","@id":"https:\/\/lovemyhome.vn\/san-pham\/may-phun-son-cam-tay-fc-3500\/#breadcrumb","itemListElement":[{"@type":"ListItem","position":1,"name":"Home","item":"https:\/\/lovemyhome.vn\/"},{"@type":"ListItem","position":2,"name":"S\u1ea3n ph\u1ea9m","item":"https:\/\/lovemyhome.vn\/cua-hang\/"},{"@type":"ListItem","position":3,"name":"M\u00e1y phun s\u01a1n c\u1ea7m tay FC 3500"}]}]}},"_links":{"self":[{"href":"https:\/\/lovemyhome.vn\/en\/wp-json\/wp\/v2\/product\/5809"}],"collection":[{"href":"https:\/\/lovemyhome.vn\/en\/wp-json\/wp\/v2\/product"}],"about":[{"href":"https:\/\/lovemyhome.vn\/en\/wp-json\/wp\/v2\/types\/product"}],"wp:featuredmedia":[{"embeddable":true,"href":"https:\/\/lovemyhome.vn\/en\/wp-json\/wp\/v2\/media\/5808"}],"wp:attachment":[{"href":"https:\/\/lovemyhome.vn\/en\/wp-json\/wp\/v2\/media?parent=5809"}],"curies":[{"name":"wp","href":"https:\/\/api.w.org\/{rel}","templated":true}]}}