{"id":5882,"date":"2021-04-29T10:48:30","date_gmt":"2021-04-29T03:48:30","guid":{"rendered":"https:\/\/lovemyhome.vn\/?post_type=product&#038;p=5882"},"modified":"2021-04-29T10:48:30","modified_gmt":"2021-04-29T03:48:30","slug":"vat-lieu-lot-san-benh-vien","status":"publish","type":"product","link":"https:\/\/lovemyhome.vn\/en\/san-pham\/vat-lieu-lot-san-benh-vien\/","title":{"rendered":"(Ti\u1ebfng Vi\u1ec7t) V\u1eadt Li\u1ec7u L\u00f3t S\u00e0n B\u1ec7nh Vi\u1ec7n"},"content":{"rendered":"<p class=\"qtranxs-available-languages-message qtranxs-available-languages-message-en\">Sorry, this entry is only available in <a href=\"https:\/\/lovemyhome.vn\/vi\/wp-json\/wp\/v2\/product\/5882\" class=\"qtranxs-available-language-link qtranxs-available-language-link-vi\" title=\"Ti\u1ebfng Vi\u1ec7t\">Vietnamese<\/a>.<\/p>","protected":false},"excerpt":{"rendered":"<p class=\"qtranxs-available-languages-message qtranxs-available-languages-message-en\">Sorry, this entry is only available in <a href=\"https:\/\/lovemyhome.vn\/vi\/wp-json\/wp\/v2\/product\/5882\" class=\"qtranxs-available-language-link qtranxs-available-language-link-vi\" title=\"Ti\u1ebfng Vi\u1ec7t\">Vietnamese<\/a>.<\/p>\n","protected":false},"featured_media":5890,"template":"","meta":[],"yoast_head":"<!-- This site is optimized with the Yoast SEO plugin v16.7 - https:\/\/yoast.com\/wordpress\/plugins\/seo\/ -->\n<title>(Ti\u1ebfng Vi\u1ec7t) (Ti\u1ebfng Vi\u1ec7t) V\u1eadt Li\u1ec7u L\u00f3t S\u00e0n B\u1ec7nh Vi\u1ec7n - Lovemyhome 0913 123 345<\/title>\n<meta name=\"description\" content=\"(Ti\u1ebfng Vi\u1ec7t) S\u00e0n ch\u1ed1ng t\u0129nh \u0111i\u1ec7n lu\u00f4n l\u00e0 ph\u01b0\u01a1ng ph\u00e1p t\u1ed1t nh\u1ea5t d\u00e0nh cho nh\u1eefng khu v\u1ef1c nh\u1ea1y c\u1ea3m c\u00f3 nhi\u1ec1u thi\u1ebft b\u1ecb quan tr\u1ecdng, c\u1ea7n \u0111\u1ed9 ch\u00ednh x\u00e1c cao.\" \/>\n<meta name=\"robots\" content=\"index, follow, max-snippet:-1, max-image-preview:large, max-video-preview:-1\" \/>\n<link rel=\"canonical\" href=\"https:\/\/lovemyhome.vn\/san-pham\/vat-lieu-lot-san-benh-vien\/\" \/>\n<meta property=\"og:locale\" content=\"en_US\" \/>\n<meta property=\"og:type\" content=\"article\" \/>\n<meta property=\"og:title\" content=\"[:vi](Ti\u1ebfng Vi\u1ec7t) V\u1eadt Li\u1ec7u L\u00f3t S\u00e0n B\u1ec7nh Vi\u1ec7n - Lovemyhome 0913 123 345[:]\" \/>\n<meta property=\"og:description\" content=\"{:vi}S\u00e0n ch\u1ed1ng t\u0129nh \u0111i\u1ec7n lu\u00f4n l\u00e0 ph\u01b0\u01a1ng ph\u00e1p t\u1ed1t nh\u1ea5t d\u00e0nh cho nh\u1eefng khu v\u1ef1c nh\u1ea1y c\u1ea3m c\u00f3 nhi\u1ec1u thi\u1ebft b\u1ecb quan tr\u1ecdng, c\u1ea7n \u0111\u1ed9 ch\u00ednh x\u00e1c cao.{:}\" \/>\n<meta property=\"og:url\" content=\"https:\/\/lovemyhome.vn\/san-pham\/vat-lieu-lot-san-benh-vien\/\" \/>\n<meta property=\"og:site_name\" content=\"Lovemyhome\" \/>\n<meta property=\"og:image\" content=\"https:\/\/lovemyhome.vn\/wp-content\/uploads\/2021\/04\/1180x664_Sphera_Evolution_Roomshot_50433_B.jpg\" \/>\n\t<meta property=\"og:image:width\" content=\"1180\" \/>\n\t<meta property=\"og:image:height\" content=\"664\" \/>\n<meta name=\"twitter:card\" content=\"summary\" \/>\n<meta name=\"twitter:label1\" content=\"Est. reading time\" \/>\n\t<meta name=\"twitter:data1\" content=\"15 minutes\" \/>\n<script type=\"application\/ld+json\" class=\"yoast-schema-graph\">{\"@context\":\"https:\/\/schema.org\",\"@graph\":[{\"@type\":\"WebSite\",\"@id\":\"https:\/\/lovemyhome.vn\/#website\",\"url\":\"https:\/\/lovemyhome.vn\/\",\"name\":\"Lovemyhome\",\"description\":\"t\\u00f4i y\\u00eau nh\\u00e0 t\\u00f4i\",\"potentialAction\":[{\"@type\":\"SearchAction\",\"target\":{\"@type\":\"EntryPoint\",\"urlTemplate\":\"https:\/\/lovemyhome.vn\/?s={search_term_string}\"},\"query-input\":\"required name=search_term_string\"}],\"inLanguage\":\"en-US\"},{\"@type\":\"ImageObject\",\"@id\":\"https:\/\/lovemyhome.vn\/san-pham\/vat-lieu-lot-san-benh-vien\/#primaryimage\",\"inLanguage\":\"en-US\",\"url\":\"https:\/\/lovemyhome.vn\/wp-content\/uploads\/2021\/04\/1180x664_Sphera_Evolution_Roomshot_50433_B.jpg\",\"contentUrl\":\"https:\/\/lovemyhome.vn\/wp-content\/uploads\/2021\/04\/1180x664_Sphera_Evolution_Roomshot_50433_B.jpg\",\"width\":1180,\"height\":664,\"caption\":\"Sphera_Evolution\"},{\"@type\":\"WebPage\",\"@id\":\"https:\/\/lovemyhome.vn\/san-pham\/vat-lieu-lot-san-benh-vien\/#webpage\",\"url\":\"https:\/\/lovemyhome.vn\/san-pham\/vat-lieu-lot-san-benh-vien\/\",\"name\":\"[:vi](Ti\\u1ebfng Vi\\u1ec7t) V\\u1eadt Li\\u1ec7u L\\u00f3t S\\u00e0n B\\u1ec7nh Vi\\u1ec7n - Lovemyhome 0913 123 345[:]\",\"isPartOf\":{\"@id\":\"https:\/\/lovemyhome.vn\/#website\"},\"primaryImageOfPage\":{\"@id\":\"https:\/\/lovemyhome.vn\/san-pham\/vat-lieu-lot-san-benh-vien\/#primaryimage\"},\"datePublished\":\"2021-04-29T03:48:30+00:00\",\"dateModified\":\"2021-04-29T03:48:30+00:00\",\"description\":\"{:vi}S\\u00e0n ch\\u1ed1ng t\\u0129nh \\u0111i\\u1ec7n lu\\u00f4n l\\u00e0 ph\\u01b0\\u01a1ng ph\\u00e1p t\\u1ed1t nh\\u1ea5t d\\u00e0nh cho nh\\u1eefng khu v\\u1ef1c nh\\u1ea1y c\\u1ea3m c\\u00f3 nhi\\u1ec1u thi\\u1ebft b\\u1ecb quan tr\\u1ecdng, c\\u1ea7n \\u0111\\u1ed9 ch\\u00ednh x\\u00e1c cao.{:}\",\"breadcrumb\":{\"@id\":\"https:\/\/lovemyhome.vn\/san-pham\/vat-lieu-lot-san-benh-vien\/#breadcrumb\"},\"inLanguage\":\"en-US\",\"potentialAction\":[{\"@type\":\"ReadAction\",\"target\":[\"https:\/\/lovemyhome.vn\/san-pham\/vat-lieu-lot-san-benh-vien\/\"]}]},{\"@type\":\"BreadcrumbList\",\"@id\":\"https:\/\/lovemyhome.vn\/san-pham\/vat-lieu-lot-san-benh-vien\/#breadcrumb\",\"itemListElement\":[{\"@type\":\"ListItem\",\"position\":1,\"name\":\"Home\",\"item\":\"https:\/\/lovemyhome.vn\/\"},{\"@type\":\"ListItem\",\"position\":2,\"name\":\"S\\u1ea3n ph\\u1ea9m\",\"item\":\"https:\/\/lovemyhome.vn\/cua-hang\/\"},{\"@type\":\"ListItem\",\"position\":3,\"name\":\"V\\u1eadt Li\\u1ec7u L\\u00f3t S\\u00e0n B\\u1ec7nh Vi\\u1ec7n\"}]}]}<\/script>\n<!-- \/ Yoast SEO plugin. -->","yoast_head_json":{"title":"(Ti\u1ebfng Vi\u1ec7t) (Ti\u1ebfng Vi\u1ec7t) V\u1eadt Li\u1ec7u L\u00f3t S\u00e0n B\u1ec7nh Vi\u1ec7n - Lovemyhome 0913 123 345","description":"(Ti\u1ebfng Vi\u1ec7t) S\u00e0n ch\u1ed1ng t\u0129nh \u0111i\u1ec7n lu\u00f4n l\u00e0 ph\u01b0\u01a1ng ph\u00e1p t\u1ed1t nh\u1ea5t d\u00e0nh cho nh\u1eefng khu v\u1ef1c nh\u1ea1y c\u1ea3m c\u00f3 nhi\u1ec1u thi\u1ebft b\u1ecb quan tr\u1ecdng, c\u1ea7n \u0111\u1ed9 ch\u00ednh x\u00e1c cao.","robots":{"index":"index","follow":"follow","max-snippet":"max-snippet:-1","max-image-preview":"max-image-preview:large","max-video-preview":"max-video-preview:-1"},"canonical":"https:\/\/lovemyhome.vn\/san-pham\/vat-lieu-lot-san-benh-vien\/","og_locale":"en_US","og_type":"article","og_title":"[:vi](Ti\u1ebfng Vi\u1ec7t) V\u1eadt Li\u1ec7u L\u00f3t S\u00e0n B\u1ec7nh Vi\u1ec7n - Lovemyhome 0913 123 345[:]","og_description":"{:vi}S\u00e0n ch\u1ed1ng t\u0129nh \u0111i\u1ec7n lu\u00f4n l\u00e0 ph\u01b0\u01a1ng ph\u00e1p t\u1ed1t nh\u1ea5t d\u00e0nh cho nh\u1eefng khu v\u1ef1c nh\u1ea1y c\u1ea3m c\u00f3 nhi\u1ec1u thi\u1ebft b\u1ecb quan tr\u1ecdng, c\u1ea7n \u0111\u1ed9 ch\u00ednh x\u00e1c cao.{:}","og_url":"https:\/\/lovemyhome.vn\/san-pham\/vat-lieu-lot-san-benh-vien\/","og_site_name":"Lovemyhome","og_image":[{"width":1180,"height":664,"url":"https:\/\/lovemyhome.vn\/wp-content\/uploads\/2021\/04\/1180x664_Sphera_Evolution_Roomshot_50433_B.jpg","path":"\/home\/lovemyho\/public_html\/wp-content\/uploads\/2021\/04\/1180x664_Sphera_Evolution_Roomshot_50433_B.jpg","size":"full","id":5890,"alt":"Sphera_Evolution","pixels":783520,"type":"image\/jpeg"}],"twitter_card":"summary","twitter_misc":{"Est. reading time":"15 minutes"},"schema":{"@context":"https:\/\/schema.org","@graph":[{"@type":"WebSite","@id":"https:\/\/lovemyhome.vn\/#website","url":"https:\/\/lovemyhome.vn\/","name":"Lovemyhome","description":"t\u00f4i y\u00eau nh\u00e0 t\u00f4i","potentialAction":[{"@type":"SearchAction","target":{"@type":"EntryPoint","urlTemplate":"https:\/\/lovemyhome.vn\/?s={search_term_string}"},"query-input":"required name=search_term_string"}],"inLanguage":"en-US"},{"@type":"ImageObject","@id":"https:\/\/lovemyhome.vn\/san-pham\/vat-lieu-lot-san-benh-vien\/#primaryimage","inLanguage":"en-US","url":"https:\/\/lovemyhome.vn\/wp-content\/uploads\/2021\/04\/1180x664_Sphera_Evolution_Roomshot_50433_B.jpg","contentUrl":"https:\/\/lovemyhome.vn\/wp-content\/uploads\/2021\/04\/1180x664_Sphera_Evolution_Roomshot_50433_B.jpg","width":1180,"height":664,"caption":"Sphera_Evolution"},{"@type":"WebPage","@id":"https:\/\/lovemyhome.vn\/san-pham\/vat-lieu-lot-san-benh-vien\/#webpage","url":"https:\/\/lovemyhome.vn\/san-pham\/vat-lieu-lot-san-benh-vien\/","name":"[:vi](Ti\u1ebfng Vi\u1ec7t) V\u1eadt Li\u1ec7u L\u00f3t S\u00e0n B\u1ec7nh Vi\u1ec7n - Lovemyhome 0913 123 345[:]","isPartOf":{"@id":"https:\/\/lovemyhome.vn\/#website"},"primaryImageOfPage":{"@id":"https:\/\/lovemyhome.vn\/san-pham\/vat-lieu-lot-san-benh-vien\/#primaryimage"},"datePublished":"2021-04-29T03:48:30+00:00","dateModified":"2021-04-29T03:48:30+00:00","description":"{:vi}S\u00e0n ch\u1ed1ng t\u0129nh \u0111i\u1ec7n lu\u00f4n l\u00e0 ph\u01b0\u01a1ng ph\u00e1p t\u1ed1t nh\u1ea5t d\u00e0nh cho nh\u1eefng khu v\u1ef1c nh\u1ea1y c\u1ea3m c\u00f3 nhi\u1ec1u thi\u1ebft b\u1ecb quan tr\u1ecdng, c\u1ea7n \u0111\u1ed9 ch\u00ednh x\u00e1c cao.{:}","breadcrumb":{"@id":"https:\/\/lovemyhome.vn\/san-pham\/vat-lieu-lot-san-benh-vien\/#breadcrumb"},"inLanguage":"en-US","potentialAction":[{"@type":"ReadAction","target":["https:\/\/lovemyhome.vn\/san-pham\/vat-lieu-lot-san-benh-vien\/"]}]},{"@type":"BreadcrumbList","@id":"https:\/\/lovemyhome.vn\/san-pham\/vat-lieu-lot-san-benh-vien\/#breadcrumb","itemListElement":[{"@type":"ListItem","position":1,"name":"Home","item":"https:\/\/lovemyhome.vn\/"},{"@type":"ListItem","position":2,"name":"S\u1ea3n ph\u1ea9m","item":"https:\/\/lovemyhome.vn\/cua-hang\/"},{"@type":"ListItem","position":3,"name":"V\u1eadt Li\u1ec7u L\u00f3t S\u00e0n B\u1ec7nh Vi\u1ec7n"}]}]}},"_links":{"self":[{"href":"https:\/\/lovemyhome.vn\/en\/wp-json\/wp\/v2\/product\/5882"}],"collection":[{"href":"https:\/\/lovemyhome.vn\/en\/wp-json\/wp\/v2\/product"}],"about":[{"href":"https:\/\/lovemyhome.vn\/en\/wp-json\/wp\/v2\/types\/product"}],"wp:featuredmedia":[{"embeddable":true,"href":"https:\/\/lovemyhome.vn\/en\/wp-json\/wp\/v2\/media\/5890"}],"wp:attachment":[{"href":"https:\/\/lovemyhome.vn\/en\/wp-json\/wp\/v2\/media?parent=5882"}],"curies":[{"name":"wp","href":"https:\/\/api.w.org\/{rel}","templated":true}]}}