{"id":6836,"date":"2023-02-09T13:52:40","date_gmt":"2023-02-09T06:52:40","guid":{"rendered":"https:\/\/lovemyhome.vn\/?post_type=product&#038;p=6836"},"modified":"2023-02-09T13:53:49","modified_gmt":"2023-02-09T06:53:49","slug":"san-vinyl-khang-khuan-planet-lunar-1937","status":"publish","type":"product","link":"https:\/\/lovemyhome.vn\/en\/san-pham\/san-vinyl-khang-khuan-planet-lunar-1937\/","title":{"rendered":"(Sao ch\u00e9p) (Sao ch\u00e9p) (Sao ch\u00e9p) (Sao ch\u00e9p) (Sao ch\u00e9p) (Sao ch\u00e9p) (Sao ch\u00e9p) (Sao ch\u00e9p) (Sao ch\u00e9p) (Sao ch\u00e9p) (Sao ch\u00e9p) (Sao ch\u00e9p) (Sao ch\u00e9p) (Sao ch\u00e9p) (Sao ch\u00e9p) (Sao ch\u00e9p) (Sao ch\u00e9p) (Sao ch\u00e9p) (Sao ch\u00e9p) (Sao ch\u00e9p) (Sao ch\u00e9p) (Sao ch\u00e9p) (Sao ch\u00e9p) (Sao ch\u00e9p) (Sao ch\u00e9p) (Sao ch\u00e9p)"},"content":{"rendered":"","protected":false},"excerpt":{"rendered":"<p class=\"qtranxs-available-languages-message qtranxs-available-languages-message-en\">Sorry, this entry is only available in <a href=\"https:\/\/lovemyhome.vn\/vi\/wp-json\/wp\/v2\/product\/6836\" class=\"qtranxs-available-language-link qtranxs-available-language-link-vi\" title=\"Ti\u1ebfng Vi\u1ec7t\">Vietnamese<\/a>.<\/p>\n","protected":false},"featured_media":6837,"template":"","meta":[],"yoast_head":"<!-- This site is optimized with the Yoast SEO plugin v16.7 - https:\/\/yoast.com\/wordpress\/plugins\/seo\/ -->\n<title>(Ti\u1ebfng Vi\u1ec7t) (Sao ch\u00e9p) (Sao ch\u00e9p) (Sao ch\u00e9p) (Sao ch\u00e9p) (Sao ch\u00e9p) (Sao ch\u00e9p) (Sao ch\u00e9p) (Sao ch\u00e9p) (Sao ch\u00e9p) (Sao ch\u00e9p) (Sao ch\u00e9p) (Sao ch\u00e9p) (Sao ch\u00e9p) (Sao ch\u00e9p) (Sao ch\u00e9p) (Sao ch\u00e9p) (Sao ch\u00e9p) (Sao ch\u00e9p) (Sao ch\u00e9p) (Sao ch\u00e9p) (Sao ch\u00e9p) (Sao ch\u00e9p) (Sao ch\u00e9p) (Sao ch\u00e9p) (Sao ch\u00e9p) (Sao ch\u00e9p) - S\u00e0n B\u1ea3o Kim<\/title>\n<meta name=\"description\" content=\"(Ti\u1ebfng Vi\u1ec7t) S\u00e0n vinyl kh\u00e1ng khu\u1ea9n Planet 1937 c\u1ee7a th\u01b0\u01a1ng hi\u1ec7u Forbo Flooring ch\u00e2u \u00c2u l\u00e0 d\u00f2ng s\u1ea3n ph\u1ea9m d\u00e0nh ri\u00eang cho th\u1ecb tr\u01b0\u1eddng ch\u00e2u \u00c1. C\u00f3 s\u1eb5n 10000m2.\" \/>\n<meta name=\"robots\" content=\"index, follow, max-snippet:-1, max-image-preview:large, max-video-preview:-1\" \/>\n<link rel=\"canonical\" href=\"https:\/\/lovemyhome.vn\/san-pham\/san-vinyl-khang-khuan-planet-lunar-1937\/\" \/>\n<meta property=\"og:locale\" content=\"en_US\" \/>\n<meta property=\"og:type\" content=\"article\" \/>\n<meta property=\"og:title\" content=\"[:vi](Sao ch\u00e9p) (Sao ch\u00e9p) (Sao ch\u00e9p) (Sao ch\u00e9p) (Sao ch\u00e9p) (Sao ch\u00e9p) (Sao ch\u00e9p) (Sao ch\u00e9p) (Sao ch\u00e9p) (Sao ch\u00e9p) (Sao ch\u00e9p) (Sao ch\u00e9p) (Sao ch\u00e9p) (Sao ch\u00e9p) (Sao ch\u00e9p) (Sao ch\u00e9p) (Sao ch\u00e9p) (Sao ch\u00e9p) (Sao ch\u00e9p) (Sao ch\u00e9p) (Sao ch\u00e9p) (Sao ch\u00e9p) (Sao ch\u00e9p) (Sao ch\u00e9p) (Sao ch\u00e9p) (Sao ch\u00e9p) - S\u00e0n B\u1ea3o Kim[:]\" \/>\n<meta property=\"og:description\" content=\"{:vi}S\u00e0n vinyl kh\u00e1ng khu\u1ea9n Planet 1937 c\u1ee7a th\u01b0\u01a1ng hi\u1ec7u Forbo Flooring ch\u00e2u \u00c2u l\u00e0 d\u00f2ng s\u1ea3n ph\u1ea9m d\u00e0nh ri\u00eang cho th\u1ecb tr\u01b0\u1eddng ch\u00e2u \u00c1. C\u00f3 s\u1eb5n 10000m2.{:}\" \/>\n<meta property=\"og:url\" content=\"https:\/\/lovemyhome.vn\/san-pham\/san-vinyl-khang-khuan-planet-lunar-1937\/\" \/>\n<meta property=\"og:site_name\" content=\"Lovemyhome\" \/>\n<meta property=\"article:modified_time\" content=\"2023-02-09T06:53:49+00:00\" \/>\n<meta property=\"og:image\" content=\"https:\/\/lovemyhome.vn\/wp-content\/uploads\/2023\/02\/205599_1937_1.jpg\" \/>\n\t<meta property=\"og:image:width\" content=\"540\" \/>\n\t<meta property=\"og:image:height\" content=\"520\" \/>\n<meta name=\"twitter:card\" content=\"summary\" \/>\n<script type=\"application\/ld+json\" class=\"yoast-schema-graph\">{\"@context\":\"https:\/\/schema.org\",\"@graph\":[{\"@type\":\"WebSite\",\"@id\":\"https:\/\/lovemyhome.vn\/#website\",\"url\":\"https:\/\/lovemyhome.vn\/\",\"name\":\"Lovemyhome\",\"description\":\"t\\u00f4i y\\u00eau nh\\u00e0 t\\u00f4i\",\"potentialAction\":[{\"@type\":\"SearchAction\",\"target\":{\"@type\":\"EntryPoint\",\"urlTemplate\":\"https:\/\/lovemyhome.vn\/?s={search_term_string}\"},\"query-input\":\"required name=search_term_string\"}],\"inLanguage\":\"en-US\"},{\"@type\":\"ImageObject\",\"@id\":\"https:\/\/lovemyhome.vn\/san-pham\/san-vinyl-khang-khuan-planet-lunar-1937\/#primaryimage\",\"inLanguage\":\"en-US\",\"url\":\"https:\/\/lovemyhome.vn\/wp-content\/uploads\/2023\/02\/205599_1937_1.jpg\",\"contentUrl\":\"https:\/\/lovemyhome.vn\/wp-content\/uploads\/2023\/02\/205599_1937_1.jpg\",\"width\":540,\"height\":520,\"caption\":\"san-vinyl-khang-khuan-planet-lunar-1937\"},{\"@type\":\"WebPage\",\"@id\":\"https:\/\/lovemyhome.vn\/san-pham\/san-vinyl-khang-khuan-planet-lunar-1937\/#webpage\",\"url\":\"https:\/\/lovemyhome.vn\/san-pham\/san-vinyl-khang-khuan-planet-lunar-1937\/\",\"name\":\"[:vi](Sao ch\\u00e9p) (Sao ch\\u00e9p) (Sao ch\\u00e9p) (Sao ch\\u00e9p) (Sao ch\\u00e9p) (Sao ch\\u00e9p) (Sao ch\\u00e9p) (Sao ch\\u00e9p) (Sao ch\\u00e9p) (Sao ch\\u00e9p) (Sao ch\\u00e9p) (Sao ch\\u00e9p) (Sao ch\\u00e9p) (Sao ch\\u00e9p) (Sao ch\\u00e9p) (Sao ch\\u00e9p) (Sao ch\\u00e9p) (Sao ch\\u00e9p) (Sao ch\\u00e9p) (Sao ch\\u00e9p) (Sao ch\\u00e9p) (Sao ch\\u00e9p) (Sao ch\\u00e9p) (Sao ch\\u00e9p) (Sao ch\\u00e9p) (Sao ch\\u00e9p) - S\\u00e0n B\\u1ea3o Kim[:]\",\"isPartOf\":{\"@id\":\"https:\/\/lovemyhome.vn\/#website\"},\"primaryImageOfPage\":{\"@id\":\"https:\/\/lovemyhome.vn\/san-pham\/san-vinyl-khang-khuan-planet-lunar-1937\/#primaryimage\"},\"datePublished\":\"2023-02-09T06:52:40+00:00\",\"dateModified\":\"2023-02-09T06:53:49+00:00\",\"description\":\"{:vi}S\\u00e0n vinyl kh\\u00e1ng khu\\u1ea9n Planet 1937 c\\u1ee7a th\\u01b0\\u01a1ng hi\\u1ec7u Forbo Flooring ch\\u00e2u \\u00c2u l\\u00e0 d\\u00f2ng s\\u1ea3n ph\\u1ea9m d\\u00e0nh ri\\u00eang cho th\\u1ecb tr\\u01b0\\u1eddng ch\\u00e2u \\u00c1. C\\u00f3 s\\u1eb5n 10000m2.{:}\",\"breadcrumb\":{\"@id\":\"https:\/\/lovemyhome.vn\/san-pham\/san-vinyl-khang-khuan-planet-lunar-1937\/#breadcrumb\"},\"inLanguage\":\"en-US\",\"potentialAction\":[{\"@type\":\"ReadAction\",\"target\":[\"https:\/\/lovemyhome.vn\/san-pham\/san-vinyl-khang-khuan-planet-lunar-1937\/\"]}]},{\"@type\":\"BreadcrumbList\",\"@id\":\"https:\/\/lovemyhome.vn\/san-pham\/san-vinyl-khang-khuan-planet-lunar-1937\/#breadcrumb\",\"itemListElement\":[{\"@type\":\"ListItem\",\"position\":1,\"name\":\"Home\",\"item\":\"https:\/\/lovemyhome.vn\/\"},{\"@type\":\"ListItem\",\"position\":2,\"name\":\"S\\u1ea3n ph\\u1ea9m\",\"item\":\"https:\/\/lovemyhome.vn\/cua-hang\/\"},{\"@type\":\"ListItem\",\"position\":3,\"name\":\"S\\u00e0n vinyl kh\\u00e1ng khu\\u1ea9n Planet Lunar 1937\"}]}]}<\/script>\n<!-- \/ Yoast SEO plugin. -->","yoast_head_json":{"title":"(Ti\u1ebfng Vi\u1ec7t) (Sao ch\u00e9p) (Sao ch\u00e9p) (Sao ch\u00e9p) (Sao ch\u00e9p) (Sao ch\u00e9p) (Sao ch\u00e9p) (Sao ch\u00e9p) (Sao ch\u00e9p) (Sao ch\u00e9p) (Sao ch\u00e9p) (Sao ch\u00e9p) (Sao ch\u00e9p) (Sao ch\u00e9p) (Sao ch\u00e9p) (Sao ch\u00e9p) (Sao ch\u00e9p) (Sao ch\u00e9p) (Sao ch\u00e9p) (Sao ch\u00e9p) (Sao ch\u00e9p) (Sao ch\u00e9p) (Sao ch\u00e9p) (Sao ch\u00e9p) (Sao ch\u00e9p) (Sao ch\u00e9p) (Sao ch\u00e9p) - S\u00e0n B\u1ea3o Kim","description":"(Ti\u1ebfng Vi\u1ec7t) S\u00e0n vinyl kh\u00e1ng khu\u1ea9n Planet 1937 c\u1ee7a th\u01b0\u01a1ng hi\u1ec7u Forbo Flooring ch\u00e2u \u00c2u l\u00e0 d\u00f2ng s\u1ea3n ph\u1ea9m d\u00e0nh ri\u00eang cho th\u1ecb tr\u01b0\u1eddng ch\u00e2u \u00c1. C\u00f3 s\u1eb5n 10000m2.","robots":{"index":"index","follow":"follow","max-snippet":"max-snippet:-1","max-image-preview":"max-image-preview:large","max-video-preview":"max-video-preview:-1"},"canonical":"https:\/\/lovemyhome.vn\/san-pham\/san-vinyl-khang-khuan-planet-lunar-1937\/","og_locale":"en_US","og_type":"article","og_title":"[:vi](Sao ch\u00e9p) (Sao ch\u00e9p) (Sao ch\u00e9p) (Sao ch\u00e9p) (Sao ch\u00e9p) (Sao ch\u00e9p) (Sao ch\u00e9p) (Sao ch\u00e9p) (Sao ch\u00e9p) (Sao ch\u00e9p) (Sao ch\u00e9p) (Sao ch\u00e9p) (Sao ch\u00e9p) (Sao ch\u00e9p) (Sao ch\u00e9p) (Sao ch\u00e9p) (Sao ch\u00e9p) (Sao ch\u00e9p) (Sao ch\u00e9p) (Sao ch\u00e9p) (Sao ch\u00e9p) (Sao ch\u00e9p) (Sao ch\u00e9p) (Sao ch\u00e9p) (Sao ch\u00e9p) (Sao ch\u00e9p) - S\u00e0n B\u1ea3o Kim[:]","og_description":"{:vi}S\u00e0n vinyl kh\u00e1ng khu\u1ea9n Planet 1937 c\u1ee7a th\u01b0\u01a1ng hi\u1ec7u Forbo Flooring ch\u00e2u \u00c2u l\u00e0 d\u00f2ng s\u1ea3n ph\u1ea9m d\u00e0nh ri\u00eang cho th\u1ecb tr\u01b0\u1eddng ch\u00e2u \u00c1. C\u00f3 s\u1eb5n 10000m2.{:}","og_url":"https:\/\/lovemyhome.vn\/san-pham\/san-vinyl-khang-khuan-planet-lunar-1937\/","og_site_name":"Lovemyhome","article_modified_time":"2023-02-09T06:53:49+00:00","og_image":[{"width":540,"height":520,"url":"https:\/\/lovemyhome.vn\/wp-content\/uploads\/2023\/02\/205599_1937_1.jpg","path":"\/home\/lovemyho\/public_html\/wp-content\/uploads\/2023\/02\/205599_1937_1.jpg","size":"full","id":6837,"alt":"san-vinyl-khang-khuan-planet-lunar-1937","pixels":280800,"type":"image\/jpeg"}],"twitter_card":"summary","schema":{"@context":"https:\/\/schema.org","@graph":[{"@type":"WebSite","@id":"https:\/\/lovemyhome.vn\/#website","url":"https:\/\/lovemyhome.vn\/","name":"Lovemyhome","description":"t\u00f4i y\u00eau nh\u00e0 t\u00f4i","potentialAction":[{"@type":"SearchAction","target":{"@type":"EntryPoint","urlTemplate":"https:\/\/lovemyhome.vn\/?s={search_term_string}"},"query-input":"required name=search_term_string"}],"inLanguage":"en-US"},{"@type":"ImageObject","@id":"https:\/\/lovemyhome.vn\/san-pham\/san-vinyl-khang-khuan-planet-lunar-1937\/#primaryimage","inLanguage":"en-US","url":"https:\/\/lovemyhome.vn\/wp-content\/uploads\/2023\/02\/205599_1937_1.jpg","contentUrl":"https:\/\/lovemyhome.vn\/wp-content\/uploads\/2023\/02\/205599_1937_1.jpg","width":540,"height":520,"caption":"san-vinyl-khang-khuan-planet-lunar-1937"},{"@type":"WebPage","@id":"https:\/\/lovemyhome.vn\/san-pham\/san-vinyl-khang-khuan-planet-lunar-1937\/#webpage","url":"https:\/\/lovemyhome.vn\/san-pham\/san-vinyl-khang-khuan-planet-lunar-1937\/","name":"[:vi](Sao ch\u00e9p) (Sao ch\u00e9p) (Sao ch\u00e9p) (Sao ch\u00e9p) (Sao ch\u00e9p) (Sao ch\u00e9p) (Sao ch\u00e9p) (Sao ch\u00e9p) (Sao ch\u00e9p) (Sao ch\u00e9p) (Sao ch\u00e9p) (Sao ch\u00e9p) (Sao ch\u00e9p) (Sao ch\u00e9p) (Sao ch\u00e9p) (Sao ch\u00e9p) (Sao ch\u00e9p) (Sao ch\u00e9p) (Sao ch\u00e9p) (Sao ch\u00e9p) (Sao ch\u00e9p) (Sao ch\u00e9p) (Sao ch\u00e9p) (Sao ch\u00e9p) (Sao ch\u00e9p) (Sao ch\u00e9p) - S\u00e0n B\u1ea3o Kim[:]","isPartOf":{"@id":"https:\/\/lovemyhome.vn\/#website"},"primaryImageOfPage":{"@id":"https:\/\/lovemyhome.vn\/san-pham\/san-vinyl-khang-khuan-planet-lunar-1937\/#primaryimage"},"datePublished":"2023-02-09T06:52:40+00:00","dateModified":"2023-02-09T06:53:49+00:00","description":"{:vi}S\u00e0n vinyl kh\u00e1ng khu\u1ea9n Planet 1937 c\u1ee7a th\u01b0\u01a1ng hi\u1ec7u Forbo Flooring ch\u00e2u \u00c2u l\u00e0 d\u00f2ng s\u1ea3n ph\u1ea9m d\u00e0nh ri\u00eang cho th\u1ecb tr\u01b0\u1eddng ch\u00e2u \u00c1. C\u00f3 s\u1eb5n 10000m2.{:}","breadcrumb":{"@id":"https:\/\/lovemyhome.vn\/san-pham\/san-vinyl-khang-khuan-planet-lunar-1937\/#breadcrumb"},"inLanguage":"en-US","potentialAction":[{"@type":"ReadAction","target":["https:\/\/lovemyhome.vn\/san-pham\/san-vinyl-khang-khuan-planet-lunar-1937\/"]}]},{"@type":"BreadcrumbList","@id":"https:\/\/lovemyhome.vn\/san-pham\/san-vinyl-khang-khuan-planet-lunar-1937\/#breadcrumb","itemListElement":[{"@type":"ListItem","position":1,"name":"Home","item":"https:\/\/lovemyhome.vn\/"},{"@type":"ListItem","position":2,"name":"S\u1ea3n ph\u1ea9m","item":"https:\/\/lovemyhome.vn\/cua-hang\/"},{"@type":"ListItem","position":3,"name":"S\u00e0n vinyl kh\u00e1ng khu\u1ea9n Planet Lunar 1937"}]}]}},"_links":{"self":[{"href":"https:\/\/lovemyhome.vn\/en\/wp-json\/wp\/v2\/product\/6836"}],"collection":[{"href":"https:\/\/lovemyhome.vn\/en\/wp-json\/wp\/v2\/product"}],"about":[{"href":"https:\/\/lovemyhome.vn\/en\/wp-json\/wp\/v2\/types\/product"}],"wp:featuredmedia":[{"embeddable":true,"href":"https:\/\/lovemyhome.vn\/en\/wp-json\/wp\/v2\/media\/6837"}],"wp:attachment":[{"href":"https:\/\/lovemyhome.vn\/en\/wp-json\/wp\/v2\/media?parent=6836"}],"curies":[{"name":"wp","href":"https:\/\/api.w.org\/{rel}","templated":true}]}}