{"id":6870,"date":"2023-02-09T15:10:23","date_gmt":"2023-02-09T08:10:23","guid":{"rendered":"https:\/\/lovemyhome.vn\/?post_type=product&#038;p=6870"},"modified":"2023-02-09T15:12:29","modified_gmt":"2023-02-09T08:12:29","slug":"san-vinyl-chong-tinh-dien-planet-sd-45137","status":"publish","type":"product","link":"https:\/\/lovemyhome.vn\/en\/san-pham\/san-vinyl-chong-tinh-dien-planet-sd-45137\/","title":{"rendered":"(Sao ch\u00e9p) (Sao ch\u00e9p) (Sao ch\u00e9p) (Sao ch\u00e9p) (Sao ch\u00e9p) (Sao ch\u00e9p) (Sao ch\u00e9p) (Sao ch\u00e9p)"},"content":{"rendered":"","protected":false},"excerpt":{"rendered":"<p class=\"qtranxs-available-languages-message qtranxs-available-languages-message-en\">Sorry, this entry is only available in <a href=\"https:\/\/lovemyhome.vn\/vi\/wp-json\/wp\/v2\/product\/6870\" class=\"qtranxs-available-language-link qtranxs-available-language-link-vi\" title=\"Ti\u1ebfng Vi\u1ec7t\">Vietnamese<\/a>.<\/p>\n","protected":false},"featured_media":6871,"template":"","meta":[],"yoast_head":"<!-- This site is optimized with the Yoast SEO plugin v16.7 - https:\/\/yoast.com\/wordpress\/plugins\/seo\/ -->\n<title>(Ti\u1ebfng Vi\u1ec7t) (Sao ch\u00e9p) (Sao ch\u00e9p) (Sao ch\u00e9p) (Sao ch\u00e9p) (Sao ch\u00e9p) (Sao ch\u00e9p) (Sao ch\u00e9p) (Sao ch\u00e9p) - S\u00e0n B\u1ea3o Kim<\/title>\n<meta name=\"description\" content=\"(Ti\u1ebfng Vi\u1ec7t) S\u00e0n Vinyl ch\u1ed1ng t\u0129nh \u0111i\u1ec7n Planet SD 45137 hi\u1ec7u su\u1ea5t \u1ed5n \u0111\u1ecbnh, \u0111\u00e1ng tin c\u1eady, d\u1eadp n\u1ed5i sabbia s\u00e1ng b\u00f3ng, b\u1ec1 m\u1eb7t d\u1ec5 lau ch\u00f9i, b\u1ea3o h\u00e0nh 10 n\u0103m.\" \/>\n<meta name=\"robots\" content=\"index, follow, max-snippet:-1, max-image-preview:large, max-video-preview:-1\" \/>\n<link rel=\"canonical\" href=\"https:\/\/lovemyhome.vn\/san-pham\/san-vinyl-chong-tinh-dien-planet-sd-45137\/\" \/>\n<meta property=\"og:locale\" content=\"en_US\" \/>\n<meta property=\"og:type\" content=\"article\" \/>\n<meta property=\"og:title\" content=\"[:vi](Sao ch\u00e9p) (Sao ch\u00e9p) (Sao ch\u00e9p) (Sao ch\u00e9p) (Sao ch\u00e9p) (Sao ch\u00e9p) (Sao ch\u00e9p) (Sao ch\u00e9p) - S\u00e0n B\u1ea3o Kim[:]\" \/>\n<meta property=\"og:description\" content=\"{:vi}S\u00e0n Vinyl ch\u1ed1ng t\u0129nh \u0111i\u1ec7n Planet SD 45137 hi\u1ec7u su\u1ea5t \u1ed5n \u0111\u1ecbnh, \u0111\u00e1ng tin c\u1eady, d\u1eadp n\u1ed5i sabbia s\u00e1ng b\u00f3ng, b\u1ec1 m\u1eb7t d\u1ec5 lau ch\u00f9i, b\u1ea3o h\u00e0nh 10 n\u0103m.{:}\" \/>\n<meta property=\"og:url\" content=\"https:\/\/lovemyhome.vn\/san-pham\/san-vinyl-chong-tinh-dien-planet-sd-45137\/\" \/>\n<meta property=\"og:site_name\" content=\"Lovemyhome\" \/>\n<meta property=\"article:modified_time\" content=\"2023-02-09T08:12:29+00:00\" \/>\n<meta property=\"og:image\" content=\"https:\/\/lovemyhome.vn\/wp-content\/uploads\/2023\/02\/217198_SD-45137_logo.jpg\" \/>\n\t<meta property=\"og:image:width\" content=\"540\" \/>\n\t<meta property=\"og:image:height\" content=\"520\" \/>\n<meta name=\"twitter:card\" content=\"summary\" \/>\n<script type=\"application\/ld+json\" class=\"yoast-schema-graph\">{\"@context\":\"https:\/\/schema.org\",\"@graph\":[{\"@type\":\"WebSite\",\"@id\":\"https:\/\/lovemyhome.vn\/#website\",\"url\":\"https:\/\/lovemyhome.vn\/\",\"name\":\"Lovemyhome\",\"description\":\"t\\u00f4i y\\u00eau nh\\u00e0 t\\u00f4i\",\"potentialAction\":[{\"@type\":\"SearchAction\",\"target\":{\"@type\":\"EntryPoint\",\"urlTemplate\":\"https:\/\/lovemyhome.vn\/?s={search_term_string}\"},\"query-input\":\"required name=search_term_string\"}],\"inLanguage\":\"en-US\"},{\"@type\":\"ImageObject\",\"@id\":\"https:\/\/lovemyhome.vn\/san-pham\/san-vinyl-chong-tinh-dien-planet-sd-45137\/#primaryimage\",\"inLanguage\":\"en-US\",\"url\":\"https:\/\/lovemyhome.vn\/wp-content\/uploads\/2023\/02\/217198_SD-45137_logo.jpg\",\"contentUrl\":\"https:\/\/lovemyhome.vn\/wp-content\/uploads\/2023\/02\/217198_SD-45137_logo.jpg\",\"width\":540,\"height\":520,\"caption\":\"san-vinyl-khang-khuan-planet-sd-45137\"},{\"@type\":\"WebPage\",\"@id\":\"https:\/\/lovemyhome.vn\/san-pham\/san-vinyl-chong-tinh-dien-planet-sd-45137\/#webpage\",\"url\":\"https:\/\/lovemyhome.vn\/san-pham\/san-vinyl-chong-tinh-dien-planet-sd-45137\/\",\"name\":\"[:vi](Sao ch\\u00e9p) (Sao ch\\u00e9p) (Sao ch\\u00e9p) (Sao ch\\u00e9p) (Sao ch\\u00e9p) (Sao ch\\u00e9p) (Sao ch\\u00e9p) (Sao ch\\u00e9p) - S\\u00e0n B\\u1ea3o Kim[:]\",\"isPartOf\":{\"@id\":\"https:\/\/lovemyhome.vn\/#website\"},\"primaryImageOfPage\":{\"@id\":\"https:\/\/lovemyhome.vn\/san-pham\/san-vinyl-chong-tinh-dien-planet-sd-45137\/#primaryimage\"},\"datePublished\":\"2023-02-09T08:10:23+00:00\",\"dateModified\":\"2023-02-09T08:12:29+00:00\",\"description\":\"{:vi}S\\u00e0n Vinyl ch\\u1ed1ng t\\u0129nh \\u0111i\\u1ec7n Planet SD 45137 hi\\u1ec7u su\\u1ea5t \\u1ed5n \\u0111\\u1ecbnh, \\u0111\\u00e1ng tin c\\u1eady, d\\u1eadp n\\u1ed5i sabbia s\\u00e1ng b\\u00f3ng, b\\u1ec1 m\\u1eb7t d\\u1ec5 lau ch\\u00f9i, b\\u1ea3o h\\u00e0nh 10 n\\u0103m.{:}\",\"breadcrumb\":{\"@id\":\"https:\/\/lovemyhome.vn\/san-pham\/san-vinyl-chong-tinh-dien-planet-sd-45137\/#breadcrumb\"},\"inLanguage\":\"en-US\",\"potentialAction\":[{\"@type\":\"ReadAction\",\"target\":[\"https:\/\/lovemyhome.vn\/san-pham\/san-vinyl-chong-tinh-dien-planet-sd-45137\/\"]}]},{\"@type\":\"BreadcrumbList\",\"@id\":\"https:\/\/lovemyhome.vn\/san-pham\/san-vinyl-chong-tinh-dien-planet-sd-45137\/#breadcrumb\",\"itemListElement\":[{\"@type\":\"ListItem\",\"position\":1,\"name\":\"Home\",\"item\":\"https:\/\/lovemyhome.vn\/\"},{\"@type\":\"ListItem\",\"position\":2,\"name\":\"S\\u1ea3n ph\\u1ea9m\",\"item\":\"https:\/\/lovemyhome.vn\/cua-hang\/\"},{\"@type\":\"ListItem\",\"position\":3,\"name\":\"S\\u00e0n vinyl ch\\u1ed1ng t\\u0129nh \\u0111i\\u1ec7n Planet SD 45137\"}]}]}<\/script>\n<!-- \/ Yoast SEO plugin. -->","yoast_head_json":{"title":"(Ti\u1ebfng Vi\u1ec7t) (Sao ch\u00e9p) (Sao ch\u00e9p) (Sao ch\u00e9p) (Sao ch\u00e9p) (Sao ch\u00e9p) (Sao ch\u00e9p) (Sao ch\u00e9p) (Sao ch\u00e9p) - S\u00e0n B\u1ea3o Kim","description":"(Ti\u1ebfng Vi\u1ec7t) S\u00e0n Vinyl ch\u1ed1ng t\u0129nh \u0111i\u1ec7n Planet SD 45137 hi\u1ec7u su\u1ea5t \u1ed5n \u0111\u1ecbnh, \u0111\u00e1ng tin c\u1eady, d\u1eadp n\u1ed5i sabbia s\u00e1ng b\u00f3ng, b\u1ec1 m\u1eb7t d\u1ec5 lau ch\u00f9i, b\u1ea3o h\u00e0nh 10 n\u0103m.","robots":{"index":"index","follow":"follow","max-snippet":"max-snippet:-1","max-image-preview":"max-image-preview:large","max-video-preview":"max-video-preview:-1"},"canonical":"https:\/\/lovemyhome.vn\/san-pham\/san-vinyl-chong-tinh-dien-planet-sd-45137\/","og_locale":"en_US","og_type":"article","og_title":"[:vi](Sao ch\u00e9p) (Sao ch\u00e9p) (Sao ch\u00e9p) (Sao ch\u00e9p) (Sao ch\u00e9p) (Sao ch\u00e9p) (Sao ch\u00e9p) (Sao ch\u00e9p) - S\u00e0n B\u1ea3o Kim[:]","og_description":"{:vi}S\u00e0n Vinyl ch\u1ed1ng t\u0129nh \u0111i\u1ec7n Planet SD 45137 hi\u1ec7u su\u1ea5t \u1ed5n \u0111\u1ecbnh, \u0111\u00e1ng tin c\u1eady, d\u1eadp n\u1ed5i sabbia s\u00e1ng b\u00f3ng, b\u1ec1 m\u1eb7t d\u1ec5 lau ch\u00f9i, b\u1ea3o h\u00e0nh 10 n\u0103m.{:}","og_url":"https:\/\/lovemyhome.vn\/san-pham\/san-vinyl-chong-tinh-dien-planet-sd-45137\/","og_site_name":"Lovemyhome","article_modified_time":"2023-02-09T08:12:29+00:00","og_image":[{"width":540,"height":520,"url":"https:\/\/lovemyhome.vn\/wp-content\/uploads\/2023\/02\/217198_SD-45137_logo.jpg","path":"\/home\/lovemyho\/public_html\/wp-content\/uploads\/2023\/02\/217198_SD-45137_logo.jpg","size":"full","id":6871,"alt":"san-vinyl-khang-khuan-planet-sd-45137","pixels":280800,"type":"image\/jpeg"}],"twitter_card":"summary","schema":{"@context":"https:\/\/schema.org","@graph":[{"@type":"WebSite","@id":"https:\/\/lovemyhome.vn\/#website","url":"https:\/\/lovemyhome.vn\/","name":"Lovemyhome","description":"t\u00f4i y\u00eau nh\u00e0 t\u00f4i","potentialAction":[{"@type":"SearchAction","target":{"@type":"EntryPoint","urlTemplate":"https:\/\/lovemyhome.vn\/?s={search_term_string}"},"query-input":"required name=search_term_string"}],"inLanguage":"en-US"},{"@type":"ImageObject","@id":"https:\/\/lovemyhome.vn\/san-pham\/san-vinyl-chong-tinh-dien-planet-sd-45137\/#primaryimage","inLanguage":"en-US","url":"https:\/\/lovemyhome.vn\/wp-content\/uploads\/2023\/02\/217198_SD-45137_logo.jpg","contentUrl":"https:\/\/lovemyhome.vn\/wp-content\/uploads\/2023\/02\/217198_SD-45137_logo.jpg","width":540,"height":520,"caption":"san-vinyl-khang-khuan-planet-sd-45137"},{"@type":"WebPage","@id":"https:\/\/lovemyhome.vn\/san-pham\/san-vinyl-chong-tinh-dien-planet-sd-45137\/#webpage","url":"https:\/\/lovemyhome.vn\/san-pham\/san-vinyl-chong-tinh-dien-planet-sd-45137\/","name":"[:vi](Sao ch\u00e9p) (Sao ch\u00e9p) (Sao ch\u00e9p) (Sao ch\u00e9p) (Sao ch\u00e9p) (Sao ch\u00e9p) (Sao ch\u00e9p) (Sao ch\u00e9p) - S\u00e0n B\u1ea3o Kim[:]","isPartOf":{"@id":"https:\/\/lovemyhome.vn\/#website"},"primaryImageOfPage":{"@id":"https:\/\/lovemyhome.vn\/san-pham\/san-vinyl-chong-tinh-dien-planet-sd-45137\/#primaryimage"},"datePublished":"2023-02-09T08:10:23+00:00","dateModified":"2023-02-09T08:12:29+00:00","description":"{:vi}S\u00e0n Vinyl ch\u1ed1ng t\u0129nh \u0111i\u1ec7n Planet SD 45137 hi\u1ec7u su\u1ea5t \u1ed5n \u0111\u1ecbnh, \u0111\u00e1ng tin c\u1eady, d\u1eadp n\u1ed5i sabbia s\u00e1ng b\u00f3ng, b\u1ec1 m\u1eb7t d\u1ec5 lau ch\u00f9i, b\u1ea3o h\u00e0nh 10 n\u0103m.{:}","breadcrumb":{"@id":"https:\/\/lovemyhome.vn\/san-pham\/san-vinyl-chong-tinh-dien-planet-sd-45137\/#breadcrumb"},"inLanguage":"en-US","potentialAction":[{"@type":"ReadAction","target":["https:\/\/lovemyhome.vn\/san-pham\/san-vinyl-chong-tinh-dien-planet-sd-45137\/"]}]},{"@type":"BreadcrumbList","@id":"https:\/\/lovemyhome.vn\/san-pham\/san-vinyl-chong-tinh-dien-planet-sd-45137\/#breadcrumb","itemListElement":[{"@type":"ListItem","position":1,"name":"Home","item":"https:\/\/lovemyhome.vn\/"},{"@type":"ListItem","position":2,"name":"S\u1ea3n ph\u1ea9m","item":"https:\/\/lovemyhome.vn\/cua-hang\/"},{"@type":"ListItem","position":3,"name":"S\u00e0n vinyl ch\u1ed1ng t\u0129nh \u0111i\u1ec7n Planet SD 45137"}]}]}},"_links":{"self":[{"href":"https:\/\/lovemyhome.vn\/en\/wp-json\/wp\/v2\/product\/6870"}],"collection":[{"href":"https:\/\/lovemyhome.vn\/en\/wp-json\/wp\/v2\/product"}],"about":[{"href":"https:\/\/lovemyhome.vn\/en\/wp-json\/wp\/v2\/types\/product"}],"wp:featuredmedia":[{"embeddable":true,"href":"https:\/\/lovemyhome.vn\/en\/wp-json\/wp\/v2\/media\/6871"}],"wp:attachment":[{"href":"https:\/\/lovemyhome.vn\/en\/wp-json\/wp\/v2\/media?parent=6870"}],"curies":[{"name":"wp","href":"https:\/\/api.w.org\/{rel}","templated":true}]}}