{"id":6880,"date":"2023-02-09T16:37:07","date_gmt":"2023-02-09T09:37:07","guid":{"rendered":"https:\/\/lovemyhome.vn\/?post_type=product&#038;p=6880"},"modified":"2023-02-09T16:37:07","modified_gmt":"2023-02-09T09:37:07","slug":"tam-op-furniture-linoleum-4023","status":"publish","type":"product","link":"https:\/\/lovemyhome.vn\/en\/san-pham\/tam-op-furniture-linoleum-4023\/","title":{"rendered":"(Ti\u1ebfng Vi\u1ec7t) T\u1ea5m \u1ed1p Furniture Linoleum 4023"},"content":{"rendered":"","protected":false},"excerpt":{"rendered":"<p class=\"qtranxs-available-languages-message qtranxs-available-languages-message-en\">Sorry, this entry is only available in <a href=\"https:\/\/lovemyhome.vn\/vi\/wp-json\/wp\/v2\/product\/6880\" class=\"qtranxs-available-language-link qtranxs-available-language-link-vi\" title=\"Ti\u1ebfng Vi\u1ec7t\">Vietnamese<\/a>.<\/p>\n","protected":false},"featured_media":6881,"template":"","meta":[],"yoast_head":"<!-- This site is optimized with the Yoast SEO plugin v16.7 - https:\/\/yoast.com\/wordpress\/plugins\/seo\/ -->\n<title>(Ti\u1ebfng Vi\u1ec7t) (Ti\u1ebfng Vi\u1ec7t) T\u1ea5m \u1ed1p Furniture Linoleum 4023 - S\u00e0n B\u1ea3o Kim Forbo<\/title>\n<meta name=\"description\" content=\"(Ti\u1ebfng Vi\u1ec7t) T\u1ea5m \u1ed1p n\u1ed9i th\u1ea5t - Furniture Linoleum 4023 ch\u1ea5t l\u01b0\u1ee3ng cao, \u0111\u1ea3m b\u1ea3o v\u1ec7 sinh, ph\u00e1t th\u1ea3i r\u1ea5t th\u1ea5p, t\u1ea1o m\u00f4i tr\u01b0\u1eddng trong l\u00e0nh v\u00e0 xanh s\u1ea1ch.\" \/>\n<meta name=\"robots\" content=\"index, follow, max-snippet:-1, max-image-preview:large, max-video-preview:-1\" \/>\n<link rel=\"canonical\" href=\"https:\/\/lovemyhome.vn\/san-pham\/tam-op-furniture-linoleum-4023\/\" \/>\n<meta property=\"og:locale\" content=\"en_US\" \/>\n<meta property=\"og:type\" content=\"article\" \/>\n<meta property=\"og:title\" content=\"[:vi](Ti\u1ebfng Vi\u1ec7t) T\u1ea5m \u1ed1p Furniture Linoleum 4023 - S\u00e0n B\u1ea3o Kim Forbo[:]\" \/>\n<meta property=\"og:description\" content=\"{:vi}T\u1ea5m \u1ed1p n\u1ed9i th\u1ea5t - Furniture Linoleum 4023 ch\u1ea5t l\u01b0\u1ee3ng cao, \u0111\u1ea3m b\u1ea3o v\u1ec7 sinh, ph\u00e1t th\u1ea3i r\u1ea5t th\u1ea5p, t\u1ea1o m\u00f4i tr\u01b0\u1eddng trong l\u00e0nh v\u00e0 xanh s\u1ea1ch.{:}\" \/>\n<meta property=\"og:url\" content=\"https:\/\/lovemyhome.vn\/san-pham\/tam-op-furniture-linoleum-4023\/\" \/>\n<meta property=\"og:site_name\" content=\"Lovemyhome\" \/>\n<meta property=\"og:image\" content=\"https:\/\/lovemyhome.vn\/wp-content\/uploads\/2023\/02\/10015_4023.jpg\" \/>\n\t<meta property=\"og:image:width\" content=\"578\" \/>\n\t<meta property=\"og:image:height\" content=\"578\" \/>\n<meta name=\"twitter:card\" content=\"summary\" \/>\n<script type=\"application\/ld+json\" class=\"yoast-schema-graph\">{\"@context\":\"https:\/\/schema.org\",\"@graph\":[{\"@type\":\"WebSite\",\"@id\":\"https:\/\/lovemyhome.vn\/#website\",\"url\":\"https:\/\/lovemyhome.vn\/\",\"name\":\"Lovemyhome\",\"description\":\"t\\u00f4i y\\u00eau nh\\u00e0 t\\u00f4i\",\"potentialAction\":[{\"@type\":\"SearchAction\",\"target\":{\"@type\":\"EntryPoint\",\"urlTemplate\":\"https:\/\/lovemyhome.vn\/?s={search_term_string}\"},\"query-input\":\"required name=search_term_string\"}],\"inLanguage\":\"en-US\"},{\"@type\":\"ImageObject\",\"@id\":\"https:\/\/lovemyhome.vn\/san-pham\/tam-op-furniture-linoleum-4023\/#primaryimage\",\"inLanguage\":\"en-US\",\"url\":\"https:\/\/lovemyhome.vn\/wp-content\/uploads\/2023\/02\/10015_4023.jpg\",\"contentUrl\":\"https:\/\/lovemyhome.vn\/wp-content\/uploads\/2023\/02\/10015_4023.jpg\",\"width\":578,\"height\":578,\"caption\":\"tam-op-furniture-linoleum-4023\"},{\"@type\":\"WebPage\",\"@id\":\"https:\/\/lovemyhome.vn\/san-pham\/tam-op-furniture-linoleum-4023\/#webpage\",\"url\":\"https:\/\/lovemyhome.vn\/san-pham\/tam-op-furniture-linoleum-4023\/\",\"name\":\"[:vi](Ti\\u1ebfng Vi\\u1ec7t) T\\u1ea5m \\u1ed1p Furniture Linoleum 4023 - S\\u00e0n B\\u1ea3o Kim Forbo[:]\",\"isPartOf\":{\"@id\":\"https:\/\/lovemyhome.vn\/#website\"},\"primaryImageOfPage\":{\"@id\":\"https:\/\/lovemyhome.vn\/san-pham\/tam-op-furniture-linoleum-4023\/#primaryimage\"},\"datePublished\":\"2023-02-09T09:37:07+00:00\",\"dateModified\":\"2023-02-09T09:37:07+00:00\",\"description\":\"{:vi}T\\u1ea5m \\u1ed1p n\\u1ed9i th\\u1ea5t - Furniture Linoleum 4023 ch\\u1ea5t l\\u01b0\\u1ee3ng cao, \\u0111\\u1ea3m b\\u1ea3o v\\u1ec7 sinh, ph\\u00e1t th\\u1ea3i r\\u1ea5t th\\u1ea5p, t\\u1ea1o m\\u00f4i tr\\u01b0\\u1eddng trong l\\u00e0nh v\\u00e0 xanh s\\u1ea1ch.{:}\",\"breadcrumb\":{\"@id\":\"https:\/\/lovemyhome.vn\/san-pham\/tam-op-furniture-linoleum-4023\/#breadcrumb\"},\"inLanguage\":\"en-US\",\"potentialAction\":[{\"@type\":\"ReadAction\",\"target\":[\"https:\/\/lovemyhome.vn\/san-pham\/tam-op-furniture-linoleum-4023\/\"]}]},{\"@type\":\"BreadcrumbList\",\"@id\":\"https:\/\/lovemyhome.vn\/san-pham\/tam-op-furniture-linoleum-4023\/#breadcrumb\",\"itemListElement\":[{\"@type\":\"ListItem\",\"position\":1,\"name\":\"Home\",\"item\":\"https:\/\/lovemyhome.vn\/\"},{\"@type\":\"ListItem\",\"position\":2,\"name\":\"S\\u1ea3n ph\\u1ea9m\",\"item\":\"https:\/\/lovemyhome.vn\/cua-hang\/\"},{\"@type\":\"ListItem\",\"position\":3,\"name\":\"T\\u1ea5m \\u1ed1p Furniture Linoleum 4023\"}]}]}<\/script>\n<!-- \/ Yoast SEO plugin. -->","yoast_head_json":{"title":"(Ti\u1ebfng Vi\u1ec7t) (Ti\u1ebfng Vi\u1ec7t) T\u1ea5m \u1ed1p Furniture Linoleum 4023 - S\u00e0n B\u1ea3o Kim Forbo","description":"(Ti\u1ebfng Vi\u1ec7t) T\u1ea5m \u1ed1p n\u1ed9i th\u1ea5t - Furniture Linoleum 4023 ch\u1ea5t l\u01b0\u1ee3ng cao, \u0111\u1ea3m b\u1ea3o v\u1ec7 sinh, ph\u00e1t th\u1ea3i r\u1ea5t th\u1ea5p, t\u1ea1o m\u00f4i tr\u01b0\u1eddng trong l\u00e0nh v\u00e0 xanh s\u1ea1ch.","robots":{"index":"index","follow":"follow","max-snippet":"max-snippet:-1","max-image-preview":"max-image-preview:large","max-video-preview":"max-video-preview:-1"},"canonical":"https:\/\/lovemyhome.vn\/san-pham\/tam-op-furniture-linoleum-4023\/","og_locale":"en_US","og_type":"article","og_title":"[:vi](Ti\u1ebfng Vi\u1ec7t) T\u1ea5m \u1ed1p Furniture Linoleum 4023 - S\u00e0n B\u1ea3o Kim Forbo[:]","og_description":"{:vi}T\u1ea5m \u1ed1p n\u1ed9i th\u1ea5t - Furniture Linoleum 4023 ch\u1ea5t l\u01b0\u1ee3ng cao, \u0111\u1ea3m b\u1ea3o v\u1ec7 sinh, ph\u00e1t th\u1ea3i r\u1ea5t th\u1ea5p, t\u1ea1o m\u00f4i tr\u01b0\u1eddng trong l\u00e0nh v\u00e0 xanh s\u1ea1ch.{:}","og_url":"https:\/\/lovemyhome.vn\/san-pham\/tam-op-furniture-linoleum-4023\/","og_site_name":"Lovemyhome","og_image":[{"width":578,"height":578,"url":"https:\/\/lovemyhome.vn\/wp-content\/uploads\/2023\/02\/10015_4023.jpg","path":"\/home\/lovemyho\/public_html\/wp-content\/uploads\/2023\/02\/10015_4023.jpg","size":"full","id":6881,"alt":"tam-op-furniture-linoleum-4023","pixels":334084,"type":"image\/jpeg"}],"twitter_card":"summary","schema":{"@context":"https:\/\/schema.org","@graph":[{"@type":"WebSite","@id":"https:\/\/lovemyhome.vn\/#website","url":"https:\/\/lovemyhome.vn\/","name":"Lovemyhome","description":"t\u00f4i y\u00eau nh\u00e0 t\u00f4i","potentialAction":[{"@type":"SearchAction","target":{"@type":"EntryPoint","urlTemplate":"https:\/\/lovemyhome.vn\/?s={search_term_string}"},"query-input":"required name=search_term_string"}],"inLanguage":"en-US"},{"@type":"ImageObject","@id":"https:\/\/lovemyhome.vn\/san-pham\/tam-op-furniture-linoleum-4023\/#primaryimage","inLanguage":"en-US","url":"https:\/\/lovemyhome.vn\/wp-content\/uploads\/2023\/02\/10015_4023.jpg","contentUrl":"https:\/\/lovemyhome.vn\/wp-content\/uploads\/2023\/02\/10015_4023.jpg","width":578,"height":578,"caption":"tam-op-furniture-linoleum-4023"},{"@type":"WebPage","@id":"https:\/\/lovemyhome.vn\/san-pham\/tam-op-furniture-linoleum-4023\/#webpage","url":"https:\/\/lovemyhome.vn\/san-pham\/tam-op-furniture-linoleum-4023\/","name":"[:vi](Ti\u1ebfng Vi\u1ec7t) T\u1ea5m \u1ed1p Furniture Linoleum 4023 - S\u00e0n B\u1ea3o Kim Forbo[:]","isPartOf":{"@id":"https:\/\/lovemyhome.vn\/#website"},"primaryImageOfPage":{"@id":"https:\/\/lovemyhome.vn\/san-pham\/tam-op-furniture-linoleum-4023\/#primaryimage"},"datePublished":"2023-02-09T09:37:07+00:00","dateModified":"2023-02-09T09:37:07+00:00","description":"{:vi}T\u1ea5m \u1ed1p n\u1ed9i th\u1ea5t - Furniture Linoleum 4023 ch\u1ea5t l\u01b0\u1ee3ng cao, \u0111\u1ea3m b\u1ea3o v\u1ec7 sinh, ph\u00e1t th\u1ea3i r\u1ea5t th\u1ea5p, t\u1ea1o m\u00f4i tr\u01b0\u1eddng trong l\u00e0nh v\u00e0 xanh s\u1ea1ch.{:}","breadcrumb":{"@id":"https:\/\/lovemyhome.vn\/san-pham\/tam-op-furniture-linoleum-4023\/#breadcrumb"},"inLanguage":"en-US","potentialAction":[{"@type":"ReadAction","target":["https:\/\/lovemyhome.vn\/san-pham\/tam-op-furniture-linoleum-4023\/"]}]},{"@type":"BreadcrumbList","@id":"https:\/\/lovemyhome.vn\/san-pham\/tam-op-furniture-linoleum-4023\/#breadcrumb","itemListElement":[{"@type":"ListItem","position":1,"name":"Home","item":"https:\/\/lovemyhome.vn\/"},{"@type":"ListItem","position":2,"name":"S\u1ea3n ph\u1ea9m","item":"https:\/\/lovemyhome.vn\/cua-hang\/"},{"@type":"ListItem","position":3,"name":"T\u1ea5m \u1ed1p Furniture Linoleum 4023"}]}]}},"_links":{"self":[{"href":"https:\/\/lovemyhome.vn\/en\/wp-json\/wp\/v2\/product\/6880"}],"collection":[{"href":"https:\/\/lovemyhome.vn\/en\/wp-json\/wp\/v2\/product"}],"about":[{"href":"https:\/\/lovemyhome.vn\/en\/wp-json\/wp\/v2\/types\/product"}],"wp:featuredmedia":[{"embeddable":true,"href":"https:\/\/lovemyhome.vn\/en\/wp-json\/wp\/v2\/media\/6881"}],"wp:attachment":[{"href":"https:\/\/lovemyhome.vn\/en\/wp-json\/wp\/v2\/media?parent=6880"}],"curies":[{"name":"wp","href":"https:\/\/api.w.org\/{rel}","templated":true}]}}