{"id":6918,"date":"2023-02-10T09:41:22","date_gmt":"2023-02-10T02:41:22","guid":{"rendered":"https:\/\/lovemyhome.vn\/?post_type=product&#038;p=6918"},"modified":"2023-02-10T09:43:46","modified_gmt":"2023-02-10T02:43:46","slug":"tam-op-furniture-linoleum-4186","status":"publish","type":"product","link":"https:\/\/lovemyhome.vn\/en\/san-pham\/tam-op-furniture-linoleum-4186\/","title":{"rendered":"(Sao ch\u00e9p) (Sao ch\u00e9p) (Sao ch\u00e9p) (Sao ch\u00e9p) (Sao ch\u00e9p) (Sao ch\u00e9p) (Sao ch\u00e9p) (Sao ch\u00e9p) (Sao ch\u00e9p) (Sao ch\u00e9p) (Sao ch\u00e9p) (Sao ch\u00e9p) (Sao ch\u00e9p) (Sao ch\u00e9p) (Sao ch\u00e9p) (Sao ch\u00e9p) (Sao ch\u00e9p) (Sao ch\u00e9p) (Sao ch\u00e9p)"},"content":{"rendered":"","protected":false},"excerpt":{"rendered":"<p class=\"qtranxs-available-languages-message qtranxs-available-languages-message-en\">Sorry, this entry is only available in <a href=\"https:\/\/lovemyhome.vn\/vi\/wp-json\/wp\/v2\/product\/6918\" class=\"qtranxs-available-language-link qtranxs-available-language-link-vi\" title=\"Ti\u1ebfng Vi\u1ec7t\">Vietnamese<\/a>.<\/p>\n","protected":false},"featured_media":6919,"template":"","meta":[],"yoast_head":"<!-- This site is optimized with the Yoast SEO plugin v16.7 - https:\/\/yoast.com\/wordpress\/plugins\/seo\/ -->\n<title>(Ti\u1ebfng Vi\u1ec7t) (Sao ch\u00e9p) (Sao ch\u00e9p) (Sao ch\u00e9p) (Sao ch\u00e9p) (Sao ch\u00e9p) (Sao ch\u00e9p) (Sao ch\u00e9p) (Sao ch\u00e9p) (Sao ch\u00e9p) (Sao ch\u00e9p) (Sao ch\u00e9p) (Sao ch\u00e9p) (Sao ch\u00e9p) (Sao ch\u00e9p) (Sao ch\u00e9p) (Sao ch\u00e9p) (Sao ch\u00e9p) (Sao ch\u00e9p) (Sao ch\u00e9p) - S\u00e0n B\u1ea3o Kim Forbo<\/title>\n<meta name=\"description\" content=\"(Ti\u1ebfng Vi\u1ec7t) T\u1ea5m \u1ed1p n\u1ed9i th\u1ea5t - Furniture Linoleum 4186 ch\u1ea5t l\u01b0\u1ee3ng cao, \u0111\u1ea3m b\u1ea3o v\u1ec7 sinh, ph\u00e1t th\u1ea3i r\u1ea5t th\u1ea5p, t\u1ea1o m\u00f4i tr\u01b0\u1eddng trong l\u00e0nh v\u00e0 xanh s\u1ea1ch.\" \/>\n<meta name=\"robots\" content=\"index, follow, max-snippet:-1, max-image-preview:large, max-video-preview:-1\" \/>\n<link rel=\"canonical\" href=\"https:\/\/lovemyhome.vn\/san-pham\/tam-op-furniture-linoleum-4186\/\" \/>\n<meta property=\"og:locale\" content=\"en_US\" \/>\n<meta property=\"og:type\" content=\"article\" \/>\n<meta property=\"og:title\" content=\"[:vi](Sao ch\u00e9p) (Sao ch\u00e9p) (Sao ch\u00e9p) (Sao ch\u00e9p) (Sao ch\u00e9p) (Sao ch\u00e9p) (Sao ch\u00e9p) (Sao ch\u00e9p) (Sao ch\u00e9p) (Sao ch\u00e9p) (Sao ch\u00e9p) (Sao ch\u00e9p) (Sao ch\u00e9p) (Sao ch\u00e9p) (Sao ch\u00e9p) (Sao ch\u00e9p) (Sao ch\u00e9p) (Sao ch\u00e9p) (Sao ch\u00e9p) - S\u00e0n B\u1ea3o Kim Forbo[:]\" \/>\n<meta property=\"og:description\" content=\"{:vi}T\u1ea5m \u1ed1p n\u1ed9i th\u1ea5t - Furniture Linoleum 4186 ch\u1ea5t l\u01b0\u1ee3ng cao, \u0111\u1ea3m b\u1ea3o v\u1ec7 sinh, ph\u00e1t th\u1ea3i r\u1ea5t th\u1ea5p, t\u1ea1o m\u00f4i tr\u01b0\u1eddng trong l\u00e0nh v\u00e0 xanh s\u1ea1ch.{:}\" \/>\n<meta property=\"og:url\" content=\"https:\/\/lovemyhome.vn\/san-pham\/tam-op-furniture-linoleum-4186\/\" \/>\n<meta property=\"og:site_name\" content=\"Lovemyhome\" \/>\n<meta property=\"article:modified_time\" content=\"2023-02-10T02:43:46+00:00\" \/>\n<meta property=\"og:image\" content=\"https:\/\/lovemyhome.vn\/wp-content\/uploads\/2023\/02\/181035_4186.jpg\" \/>\n\t<meta property=\"og:image:width\" content=\"540\" \/>\n\t<meta property=\"og:image:height\" content=\"520\" \/>\n<meta name=\"twitter:card\" content=\"summary\" \/>\n<script type=\"application\/ld+json\" class=\"yoast-schema-graph\">{\"@context\":\"https:\/\/schema.org\",\"@graph\":[{\"@type\":\"WebSite\",\"@id\":\"https:\/\/lovemyhome.vn\/#website\",\"url\":\"https:\/\/lovemyhome.vn\/\",\"name\":\"Lovemyhome\",\"description\":\"t\\u00f4i y\\u00eau nh\\u00e0 t\\u00f4i\",\"potentialAction\":[{\"@type\":\"SearchAction\",\"target\":{\"@type\":\"EntryPoint\",\"urlTemplate\":\"https:\/\/lovemyhome.vn\/?s={search_term_string}\"},\"query-input\":\"required name=search_term_string\"}],\"inLanguage\":\"en-US\"},{\"@type\":\"ImageObject\",\"@id\":\"https:\/\/lovemyhome.vn\/san-pham\/tam-op-furniture-linoleum-4186\/#primaryimage\",\"inLanguage\":\"en-US\",\"url\":\"https:\/\/lovemyhome.vn\/wp-content\/uploads\/2023\/02\/181035_4186.jpg\",\"contentUrl\":\"https:\/\/lovemyhome.vn\/wp-content\/uploads\/2023\/02\/181035_4186.jpg\",\"width\":540,\"height\":520,\"caption\":\"tam-op-furniture-linoleum-4186\"},{\"@type\":\"WebPage\",\"@id\":\"https:\/\/lovemyhome.vn\/san-pham\/tam-op-furniture-linoleum-4186\/#webpage\",\"url\":\"https:\/\/lovemyhome.vn\/san-pham\/tam-op-furniture-linoleum-4186\/\",\"name\":\"[:vi](Sao ch\\u00e9p) (Sao ch\\u00e9p) (Sao ch\\u00e9p) (Sao ch\\u00e9p) (Sao ch\\u00e9p) (Sao ch\\u00e9p) (Sao ch\\u00e9p) (Sao ch\\u00e9p) (Sao ch\\u00e9p) (Sao ch\\u00e9p) (Sao ch\\u00e9p) (Sao ch\\u00e9p) (Sao ch\\u00e9p) (Sao ch\\u00e9p) (Sao ch\\u00e9p) (Sao ch\\u00e9p) (Sao ch\\u00e9p) (Sao ch\\u00e9p) (Sao ch\\u00e9p) - S\\u00e0n B\\u1ea3o Kim Forbo[:]\",\"isPartOf\":{\"@id\":\"https:\/\/lovemyhome.vn\/#website\"},\"primaryImageOfPage\":{\"@id\":\"https:\/\/lovemyhome.vn\/san-pham\/tam-op-furniture-linoleum-4186\/#primaryimage\"},\"datePublished\":\"2023-02-10T02:41:22+00:00\",\"dateModified\":\"2023-02-10T02:43:46+00:00\",\"description\":\"{:vi}T\\u1ea5m \\u1ed1p n\\u1ed9i th\\u1ea5t - Furniture Linoleum 4186 ch\\u1ea5t l\\u01b0\\u1ee3ng cao, \\u0111\\u1ea3m b\\u1ea3o v\\u1ec7 sinh, ph\\u00e1t th\\u1ea3i r\\u1ea5t th\\u1ea5p, t\\u1ea1o m\\u00f4i tr\\u01b0\\u1eddng trong l\\u00e0nh v\\u00e0 xanh s\\u1ea1ch.{:}\",\"breadcrumb\":{\"@id\":\"https:\/\/lovemyhome.vn\/san-pham\/tam-op-furniture-linoleum-4186\/#breadcrumb\"},\"inLanguage\":\"en-US\",\"potentialAction\":[{\"@type\":\"ReadAction\",\"target\":[\"https:\/\/lovemyhome.vn\/san-pham\/tam-op-furniture-linoleum-4186\/\"]}]},{\"@type\":\"BreadcrumbList\",\"@id\":\"https:\/\/lovemyhome.vn\/san-pham\/tam-op-furniture-linoleum-4186\/#breadcrumb\",\"itemListElement\":[{\"@type\":\"ListItem\",\"position\":1,\"name\":\"Home\",\"item\":\"https:\/\/lovemyhome.vn\/\"},{\"@type\":\"ListItem\",\"position\":2,\"name\":\"S\\u1ea3n ph\\u1ea9m\",\"item\":\"https:\/\/lovemyhome.vn\/cua-hang\/\"},{\"@type\":\"ListItem\",\"position\":3,\"name\":\"T\\u1ea5m \\u1ed1p Furniture Linoleum 4186\"}]}]}<\/script>\n<!-- \/ Yoast SEO plugin. -->","yoast_head_json":{"title":"(Ti\u1ebfng Vi\u1ec7t) (Sao ch\u00e9p) (Sao ch\u00e9p) (Sao ch\u00e9p) (Sao ch\u00e9p) (Sao ch\u00e9p) (Sao ch\u00e9p) (Sao ch\u00e9p) (Sao ch\u00e9p) (Sao ch\u00e9p) (Sao ch\u00e9p) (Sao ch\u00e9p) (Sao ch\u00e9p) (Sao ch\u00e9p) (Sao ch\u00e9p) (Sao ch\u00e9p) (Sao ch\u00e9p) (Sao ch\u00e9p) (Sao ch\u00e9p) (Sao ch\u00e9p) - S\u00e0n B\u1ea3o Kim Forbo","description":"(Ti\u1ebfng Vi\u1ec7t) T\u1ea5m \u1ed1p n\u1ed9i th\u1ea5t - Furniture Linoleum 4186 ch\u1ea5t l\u01b0\u1ee3ng cao, \u0111\u1ea3m b\u1ea3o v\u1ec7 sinh, ph\u00e1t th\u1ea3i r\u1ea5t th\u1ea5p, t\u1ea1o m\u00f4i tr\u01b0\u1eddng trong l\u00e0nh v\u00e0 xanh s\u1ea1ch.","robots":{"index":"index","follow":"follow","max-snippet":"max-snippet:-1","max-image-preview":"max-image-preview:large","max-video-preview":"max-video-preview:-1"},"canonical":"https:\/\/lovemyhome.vn\/san-pham\/tam-op-furniture-linoleum-4186\/","og_locale":"en_US","og_type":"article","og_title":"[:vi](Sao ch\u00e9p) (Sao ch\u00e9p) (Sao ch\u00e9p) (Sao ch\u00e9p) (Sao ch\u00e9p) (Sao ch\u00e9p) (Sao ch\u00e9p) (Sao ch\u00e9p) (Sao ch\u00e9p) (Sao ch\u00e9p) (Sao ch\u00e9p) (Sao ch\u00e9p) (Sao ch\u00e9p) (Sao ch\u00e9p) (Sao ch\u00e9p) (Sao ch\u00e9p) (Sao ch\u00e9p) (Sao ch\u00e9p) (Sao ch\u00e9p) - S\u00e0n B\u1ea3o Kim Forbo[:]","og_description":"{:vi}T\u1ea5m \u1ed1p n\u1ed9i th\u1ea5t - Furniture Linoleum 4186 ch\u1ea5t l\u01b0\u1ee3ng cao, \u0111\u1ea3m b\u1ea3o v\u1ec7 sinh, ph\u00e1t th\u1ea3i r\u1ea5t th\u1ea5p, t\u1ea1o m\u00f4i tr\u01b0\u1eddng trong l\u00e0nh v\u00e0 xanh s\u1ea1ch.{:}","og_url":"https:\/\/lovemyhome.vn\/san-pham\/tam-op-furniture-linoleum-4186\/","og_site_name":"Lovemyhome","article_modified_time":"2023-02-10T02:43:46+00:00","og_image":[{"width":540,"height":520,"url":"https:\/\/lovemyhome.vn\/wp-content\/uploads\/2023\/02\/181035_4186.jpg","path":"\/home\/lovemyho\/public_html\/wp-content\/uploads\/2023\/02\/181035_4186.jpg","size":"full","id":6919,"alt":"tam-op-furniture-linoleum-4186","pixels":280800,"type":"image\/jpeg"}],"twitter_card":"summary","schema":{"@context":"https:\/\/schema.org","@graph":[{"@type":"WebSite","@id":"https:\/\/lovemyhome.vn\/#website","url":"https:\/\/lovemyhome.vn\/","name":"Lovemyhome","description":"t\u00f4i y\u00eau nh\u00e0 t\u00f4i","potentialAction":[{"@type":"SearchAction","target":{"@type":"EntryPoint","urlTemplate":"https:\/\/lovemyhome.vn\/?s={search_term_string}"},"query-input":"required name=search_term_string"}],"inLanguage":"en-US"},{"@type":"ImageObject","@id":"https:\/\/lovemyhome.vn\/san-pham\/tam-op-furniture-linoleum-4186\/#primaryimage","inLanguage":"en-US","url":"https:\/\/lovemyhome.vn\/wp-content\/uploads\/2023\/02\/181035_4186.jpg","contentUrl":"https:\/\/lovemyhome.vn\/wp-content\/uploads\/2023\/02\/181035_4186.jpg","width":540,"height":520,"caption":"tam-op-furniture-linoleum-4186"},{"@type":"WebPage","@id":"https:\/\/lovemyhome.vn\/san-pham\/tam-op-furniture-linoleum-4186\/#webpage","url":"https:\/\/lovemyhome.vn\/san-pham\/tam-op-furniture-linoleum-4186\/","name":"[:vi](Sao ch\u00e9p) (Sao ch\u00e9p) (Sao ch\u00e9p) (Sao ch\u00e9p) (Sao ch\u00e9p) (Sao ch\u00e9p) (Sao ch\u00e9p) (Sao ch\u00e9p) (Sao ch\u00e9p) (Sao ch\u00e9p) (Sao ch\u00e9p) (Sao ch\u00e9p) (Sao ch\u00e9p) (Sao ch\u00e9p) (Sao ch\u00e9p) (Sao ch\u00e9p) (Sao ch\u00e9p) (Sao ch\u00e9p) (Sao ch\u00e9p) - S\u00e0n B\u1ea3o Kim Forbo[:]","isPartOf":{"@id":"https:\/\/lovemyhome.vn\/#website"},"primaryImageOfPage":{"@id":"https:\/\/lovemyhome.vn\/san-pham\/tam-op-furniture-linoleum-4186\/#primaryimage"},"datePublished":"2023-02-10T02:41:22+00:00","dateModified":"2023-02-10T02:43:46+00:00","description":"{:vi}T\u1ea5m \u1ed1p n\u1ed9i th\u1ea5t - Furniture Linoleum 4186 ch\u1ea5t l\u01b0\u1ee3ng cao, \u0111\u1ea3m b\u1ea3o v\u1ec7 sinh, ph\u00e1t th\u1ea3i r\u1ea5t th\u1ea5p, t\u1ea1o m\u00f4i tr\u01b0\u1eddng trong l\u00e0nh v\u00e0 xanh s\u1ea1ch.{:}","breadcrumb":{"@id":"https:\/\/lovemyhome.vn\/san-pham\/tam-op-furniture-linoleum-4186\/#breadcrumb"},"inLanguage":"en-US","potentialAction":[{"@type":"ReadAction","target":["https:\/\/lovemyhome.vn\/san-pham\/tam-op-furniture-linoleum-4186\/"]}]},{"@type":"BreadcrumbList","@id":"https:\/\/lovemyhome.vn\/san-pham\/tam-op-furniture-linoleum-4186\/#breadcrumb","itemListElement":[{"@type":"ListItem","position":1,"name":"Home","item":"https:\/\/lovemyhome.vn\/"},{"@type":"ListItem","position":2,"name":"S\u1ea3n ph\u1ea9m","item":"https:\/\/lovemyhome.vn\/cua-hang\/"},{"@type":"ListItem","position":3,"name":"T\u1ea5m \u1ed1p Furniture Linoleum 4186"}]}]}},"_links":{"self":[{"href":"https:\/\/lovemyhome.vn\/en\/wp-json\/wp\/v2\/product\/6918"}],"collection":[{"href":"https:\/\/lovemyhome.vn\/en\/wp-json\/wp\/v2\/product"}],"about":[{"href":"https:\/\/lovemyhome.vn\/en\/wp-json\/wp\/v2\/types\/product"}],"wp:featuredmedia":[{"embeddable":true,"href":"https:\/\/lovemyhome.vn\/en\/wp-json\/wp\/v2\/media\/6919"}],"wp:attachment":[{"href":"https:\/\/lovemyhome.vn\/en\/wp-json\/wp\/v2\/media?parent=6918"}],"curies":[{"name":"wp","href":"https:\/\/api.w.org\/{rel}","templated":true}]}}