{"id":6946,"date":"2023-02-10T14:02:05","date_gmt":"2023-02-10T07:02:05","guid":{"rendered":"https:\/\/lovemyhome.vn\/?post_type=product&#038;p=6946"},"modified":"2023-02-24T16:38:04","modified_gmt":"2023-02-24T09:38:04","slug":"da-solid-surface-silver-gray-corian","status":"publish","type":"product","link":"https:\/\/lovemyhome.vn\/en\/san-pham\/da-solid-surface-silver-gray-corian\/","title":{"rendered":"(Sao ch\u00e9p) (Sao ch\u00e9p) (Sao ch\u00e9p) (Sao ch\u00e9p) (Sao ch\u00e9p) (Sao ch\u00e9p) (Sao ch\u00e9p) (Sao ch\u00e9p) (Sao ch\u00e9p) (Sao ch\u00e9p) (Sao ch\u00e9p) (Sao ch\u00e9p) (Sao ch\u00e9p)"},"content":{"rendered":"","protected":false},"excerpt":{"rendered":"<p class=\"qtranxs-available-languages-message qtranxs-available-languages-message-en\">Sorry, this entry is only available in <a href=\"https:\/\/lovemyhome.vn\/vi\/wp-json\/wp\/v2\/product\/6946\" class=\"qtranxs-available-language-link qtranxs-available-language-link-vi\" title=\"Ti\u1ebfng Vi\u1ec7t\">Vietnamese<\/a>.<\/p>\n","protected":false},"featured_media":6947,"template":"","meta":[],"yoast_head":"<!-- This site is optimized with the Yoast SEO plugin v16.7 - https:\/\/yoast.com\/wordpress\/plugins\/seo\/ -->\n<title>(Ti\u1ebfng Vi\u1ec7t) (Sao ch\u00e9p) (Sao ch\u00e9p) (Sao ch\u00e9p) (Sao ch\u00e9p) (Sao ch\u00e9p) (Sao ch\u00e9p) (Sao ch\u00e9p) (Sao ch\u00e9p) (Sao ch\u00e9p) (Sao ch\u00e9p) (Sao ch\u00e9p) (Sao ch\u00e9p) (Sao ch\u00e9p) - B\u1ea3o Kim<\/title>\n<meta name=\"description\" content=\"(Ti\u1ebfng Vi\u1ec7t) \u0110\u00e1 Solid Surface Silver Gray DuPont \u0111\u01b0\u1ee3c B\u1ea3o Kim ph\u00e2n ph\u1ed1i v\u00e0 thi c\u00f4ng \u0111\u1ed9c quy\u1ec1n t\u1ea1i Vi\u1ec7t Nam v\u1edbi hai d\u00f2ng s\u1ea3n ph\u1ea9m ph\u1ed5 th\u00f4ng v\u00e0 cao c\u1ea5p.\" \/>\n<meta name=\"robots\" content=\"index, follow, max-snippet:-1, max-image-preview:large, max-video-preview:-1\" \/>\n<link rel=\"canonical\" href=\"https:\/\/lovemyhome.vn\/san-pham\/da-solid-surface-silver-gray-corian\/\" \/>\n<meta property=\"og:locale\" content=\"en_US\" \/>\n<meta property=\"og:type\" content=\"article\" \/>\n<meta property=\"og:title\" content=\"[:vi](Sao ch\u00e9p) (Sao ch\u00e9p) (Sao ch\u00e9p) (Sao ch\u00e9p) (Sao ch\u00e9p) (Sao ch\u00e9p) (Sao ch\u00e9p) (Sao ch\u00e9p) (Sao ch\u00e9p) (Sao ch\u00e9p) (Sao ch\u00e9p) (Sao ch\u00e9p) (Sao ch\u00e9p) - B\u1ea3o Kim[:]\" \/>\n<meta property=\"og:description\" content=\"{:vi}\u0110\u00e1 Solid Surface Silver Gray DuPont \u0111\u01b0\u1ee3c B\u1ea3o Kim ph\u00e2n ph\u1ed1i v\u00e0 thi c\u00f4ng \u0111\u1ed9c quy\u1ec1n t\u1ea1i Vi\u1ec7t Nam v\u1edbi hai d\u00f2ng s\u1ea3n ph\u1ea9m ph\u1ed5 th\u00f4ng v\u00e0 cao c\u1ea5p.{:}\" \/>\n<meta property=\"og:url\" content=\"https:\/\/lovemyhome.vn\/san-pham\/da-solid-surface-silver-gray-corian\/\" \/>\n<meta property=\"og:site_name\" content=\"Lovemyhome\" \/>\n<meta property=\"article:modified_time\" content=\"2023-02-24T09:38:04+00:00\" \/>\n<meta property=\"og:image\" content=\"https:\/\/lovemyhome.vn\/wp-content\/uploads\/2023\/02\/silver-gray-logo.jpg\" \/>\n\t<meta property=\"og:image:width\" content=\"300\" \/>\n\t<meta property=\"og:image:height\" content=\"300\" \/>\n<meta name=\"twitter:card\" content=\"summary\" \/>\n<script type=\"application\/ld+json\" class=\"yoast-schema-graph\">{\"@context\":\"https:\/\/schema.org\",\"@graph\":[{\"@type\":\"WebSite\",\"@id\":\"https:\/\/lovemyhome.vn\/#website\",\"url\":\"https:\/\/lovemyhome.vn\/\",\"name\":\"Lovemyhome\",\"description\":\"t\\u00f4i y\\u00eau nh\\u00e0 t\\u00f4i\",\"potentialAction\":[{\"@type\":\"SearchAction\",\"target\":{\"@type\":\"EntryPoint\",\"urlTemplate\":\"https:\/\/lovemyhome.vn\/?s={search_term_string}\"},\"query-input\":\"required name=search_term_string\"}],\"inLanguage\":\"en-US\"},{\"@type\":\"ImageObject\",\"@id\":\"https:\/\/lovemyhome.vn\/san-pham\/da-solid-surface-silver-gray-corian\/#primaryimage\",\"inLanguage\":\"en-US\",\"url\":\"https:\/\/lovemyhome.vn\/wp-content\/uploads\/2023\/02\/silver-gray-logo.jpg\",\"contentUrl\":\"https:\/\/lovemyhome.vn\/wp-content\/uploads\/2023\/02\/silver-gray-logo.jpg\",\"width\":300,\"height\":300,\"caption\":\"da-solid-surface-silver-gray\"},{\"@type\":\"WebPage\",\"@id\":\"https:\/\/lovemyhome.vn\/san-pham\/da-solid-surface-silver-gray-corian\/#webpage\",\"url\":\"https:\/\/lovemyhome.vn\/san-pham\/da-solid-surface-silver-gray-corian\/\",\"name\":\"[:vi](Sao ch\\u00e9p) (Sao ch\\u00e9p) (Sao ch\\u00e9p) (Sao ch\\u00e9p) (Sao ch\\u00e9p) (Sao ch\\u00e9p) (Sao ch\\u00e9p) (Sao ch\\u00e9p) (Sao ch\\u00e9p) (Sao ch\\u00e9p) (Sao ch\\u00e9p) (Sao ch\\u00e9p) (Sao ch\\u00e9p) - B\\u1ea3o Kim[:]\",\"isPartOf\":{\"@id\":\"https:\/\/lovemyhome.vn\/#website\"},\"primaryImageOfPage\":{\"@id\":\"https:\/\/lovemyhome.vn\/san-pham\/da-solid-surface-silver-gray-corian\/#primaryimage\"},\"datePublished\":\"2023-02-10T07:02:05+00:00\",\"dateModified\":\"2023-02-24T09:38:04+00:00\",\"description\":\"{:vi}\\u0110\\u00e1 Solid Surface Silver Gray DuPont \\u0111\\u01b0\\u1ee3c B\\u1ea3o Kim ph\\u00e2n ph\\u1ed1i v\\u00e0 thi c\\u00f4ng \\u0111\\u1ed9c quy\\u1ec1n t\\u1ea1i Vi\\u1ec7t Nam v\\u1edbi hai d\\u00f2ng s\\u1ea3n ph\\u1ea9m ph\\u1ed5 th\\u00f4ng v\\u00e0 cao c\\u1ea5p.{:}\",\"breadcrumb\":{\"@id\":\"https:\/\/lovemyhome.vn\/san-pham\/da-solid-surface-silver-gray-corian\/#breadcrumb\"},\"inLanguage\":\"en-US\",\"potentialAction\":[{\"@type\":\"ReadAction\",\"target\":[\"https:\/\/lovemyhome.vn\/san-pham\/da-solid-surface-silver-gray-corian\/\"]}]},{\"@type\":\"BreadcrumbList\",\"@id\":\"https:\/\/lovemyhome.vn\/san-pham\/da-solid-surface-silver-gray-corian\/#breadcrumb\",\"itemListElement\":[{\"@type\":\"ListItem\",\"position\":1,\"name\":\"Home\",\"item\":\"https:\/\/lovemyhome.vn\/\"},{\"@type\":\"ListItem\",\"position\":2,\"name\":\"S\\u1ea3n ph\\u1ea9m\",\"item\":\"https:\/\/lovemyhome.vn\/cua-hang\/\"},{\"@type\":\"ListItem\",\"position\":3,\"name\":\"\\u0110\\u00e1 Solid Surface Silver Gray &#8211; Corian\"}]}]}<\/script>\n<!-- \/ Yoast SEO plugin. -->","yoast_head_json":{"title":"(Ti\u1ebfng Vi\u1ec7t) (Sao ch\u00e9p) (Sao ch\u00e9p) (Sao ch\u00e9p) (Sao ch\u00e9p) (Sao ch\u00e9p) (Sao ch\u00e9p) (Sao ch\u00e9p) (Sao ch\u00e9p) (Sao ch\u00e9p) (Sao ch\u00e9p) (Sao ch\u00e9p) (Sao ch\u00e9p) (Sao ch\u00e9p) - B\u1ea3o Kim","description":"(Ti\u1ebfng Vi\u1ec7t) \u0110\u00e1 Solid Surface Silver Gray DuPont \u0111\u01b0\u1ee3c B\u1ea3o Kim ph\u00e2n ph\u1ed1i v\u00e0 thi c\u00f4ng \u0111\u1ed9c quy\u1ec1n t\u1ea1i Vi\u1ec7t Nam v\u1edbi hai d\u00f2ng s\u1ea3n ph\u1ea9m ph\u1ed5 th\u00f4ng v\u00e0 cao c\u1ea5p.","robots":{"index":"index","follow":"follow","max-snippet":"max-snippet:-1","max-image-preview":"max-image-preview:large","max-video-preview":"max-video-preview:-1"},"canonical":"https:\/\/lovemyhome.vn\/san-pham\/da-solid-surface-silver-gray-corian\/","og_locale":"en_US","og_type":"article","og_title":"[:vi](Sao ch\u00e9p) (Sao ch\u00e9p) (Sao ch\u00e9p) (Sao ch\u00e9p) (Sao ch\u00e9p) (Sao ch\u00e9p) (Sao ch\u00e9p) (Sao ch\u00e9p) (Sao ch\u00e9p) (Sao ch\u00e9p) (Sao ch\u00e9p) (Sao ch\u00e9p) (Sao ch\u00e9p) - B\u1ea3o Kim[:]","og_description":"{:vi}\u0110\u00e1 Solid Surface Silver Gray DuPont \u0111\u01b0\u1ee3c B\u1ea3o Kim ph\u00e2n ph\u1ed1i v\u00e0 thi c\u00f4ng \u0111\u1ed9c quy\u1ec1n t\u1ea1i Vi\u1ec7t Nam v\u1edbi hai d\u00f2ng s\u1ea3n ph\u1ea9m ph\u1ed5 th\u00f4ng v\u00e0 cao c\u1ea5p.{:}","og_url":"https:\/\/lovemyhome.vn\/san-pham\/da-solid-surface-silver-gray-corian\/","og_site_name":"Lovemyhome","article_modified_time":"2023-02-24T09:38:04+00:00","og_image":[{"width":300,"height":300,"url":"https:\/\/lovemyhome.vn\/wp-content\/uploads\/2023\/02\/silver-gray-logo.jpg","path":"\/home\/lovemyho\/public_html\/wp-content\/uploads\/2023\/02\/silver-gray-logo.jpg","size":"full","id":6947,"alt":"da-solid-surface-silver-gray","pixels":90000,"type":"image\/jpeg"}],"twitter_card":"summary","schema":{"@context":"https:\/\/schema.org","@graph":[{"@type":"WebSite","@id":"https:\/\/lovemyhome.vn\/#website","url":"https:\/\/lovemyhome.vn\/","name":"Lovemyhome","description":"t\u00f4i y\u00eau nh\u00e0 t\u00f4i","potentialAction":[{"@type":"SearchAction","target":{"@type":"EntryPoint","urlTemplate":"https:\/\/lovemyhome.vn\/?s={search_term_string}"},"query-input":"required name=search_term_string"}],"inLanguage":"en-US"},{"@type":"ImageObject","@id":"https:\/\/lovemyhome.vn\/san-pham\/da-solid-surface-silver-gray-corian\/#primaryimage","inLanguage":"en-US","url":"https:\/\/lovemyhome.vn\/wp-content\/uploads\/2023\/02\/silver-gray-logo.jpg","contentUrl":"https:\/\/lovemyhome.vn\/wp-content\/uploads\/2023\/02\/silver-gray-logo.jpg","width":300,"height":300,"caption":"da-solid-surface-silver-gray"},{"@type":"WebPage","@id":"https:\/\/lovemyhome.vn\/san-pham\/da-solid-surface-silver-gray-corian\/#webpage","url":"https:\/\/lovemyhome.vn\/san-pham\/da-solid-surface-silver-gray-corian\/","name":"[:vi](Sao ch\u00e9p) (Sao ch\u00e9p) (Sao ch\u00e9p) (Sao ch\u00e9p) (Sao ch\u00e9p) (Sao ch\u00e9p) (Sao ch\u00e9p) (Sao ch\u00e9p) (Sao ch\u00e9p) (Sao ch\u00e9p) (Sao ch\u00e9p) (Sao ch\u00e9p) (Sao ch\u00e9p) - B\u1ea3o Kim[:]","isPartOf":{"@id":"https:\/\/lovemyhome.vn\/#website"},"primaryImageOfPage":{"@id":"https:\/\/lovemyhome.vn\/san-pham\/da-solid-surface-silver-gray-corian\/#primaryimage"},"datePublished":"2023-02-10T07:02:05+00:00","dateModified":"2023-02-24T09:38:04+00:00","description":"{:vi}\u0110\u00e1 Solid Surface Silver Gray DuPont \u0111\u01b0\u1ee3c B\u1ea3o Kim ph\u00e2n ph\u1ed1i v\u00e0 thi c\u00f4ng \u0111\u1ed9c quy\u1ec1n t\u1ea1i Vi\u1ec7t Nam v\u1edbi hai d\u00f2ng s\u1ea3n ph\u1ea9m ph\u1ed5 th\u00f4ng v\u00e0 cao c\u1ea5p.{:}","breadcrumb":{"@id":"https:\/\/lovemyhome.vn\/san-pham\/da-solid-surface-silver-gray-corian\/#breadcrumb"},"inLanguage":"en-US","potentialAction":[{"@type":"ReadAction","target":["https:\/\/lovemyhome.vn\/san-pham\/da-solid-surface-silver-gray-corian\/"]}]},{"@type":"BreadcrumbList","@id":"https:\/\/lovemyhome.vn\/san-pham\/da-solid-surface-silver-gray-corian\/#breadcrumb","itemListElement":[{"@type":"ListItem","position":1,"name":"Home","item":"https:\/\/lovemyhome.vn\/"},{"@type":"ListItem","position":2,"name":"S\u1ea3n ph\u1ea9m","item":"https:\/\/lovemyhome.vn\/cua-hang\/"},{"@type":"ListItem","position":3,"name":"\u0110\u00e1 Solid Surface Silver Gray &#8211; Corian"}]}]}},"_links":{"self":[{"href":"https:\/\/lovemyhome.vn\/en\/wp-json\/wp\/v2\/product\/6946"}],"collection":[{"href":"https:\/\/lovemyhome.vn\/en\/wp-json\/wp\/v2\/product"}],"about":[{"href":"https:\/\/lovemyhome.vn\/en\/wp-json\/wp\/v2\/types\/product"}],"wp:featuredmedia":[{"embeddable":true,"href":"https:\/\/lovemyhome.vn\/en\/wp-json\/wp\/v2\/media\/6947"}],"wp:attachment":[{"href":"https:\/\/lovemyhome.vn\/en\/wp-json\/wp\/v2\/media?parent=6946"}],"curies":[{"name":"wp","href":"https:\/\/api.w.org\/{rel}","templated":true}]}}