{"id":6969,"date":"2023-02-10T15:55:23","date_gmt":"2023-02-10T08:55:23","guid":{"rendered":"https:\/\/lovemyhome.vn\/?post_type=product&#038;p=6969"},"modified":"2023-02-24T13:53:48","modified_gmt":"2023-02-24T06:53:48","slug":"da-solid-surface-carara-crema-corian","status":"publish","type":"product","link":"https:\/\/lovemyhome.vn\/en\/san-pham\/da-solid-surface-carara-crema-corian\/","title":{"rendered":"(Sao ch\u00e9p) (Sao ch\u00e9p) (Sao ch\u00e9p) (Sao ch\u00e9p) (Sao ch\u00e9p) (Sao ch\u00e9p) (Sao ch\u00e9p) (Sao ch\u00e9p)"},"content":{"rendered":"","protected":false},"excerpt":{"rendered":"<p class=\"qtranxs-available-languages-message qtranxs-available-languages-message-en\">Sorry, this entry is only available in <a href=\"https:\/\/lovemyhome.vn\/vi\/wp-json\/wp\/v2\/product\/6969\" class=\"qtranxs-available-language-link qtranxs-available-language-link-vi\" title=\"Ti\u1ebfng Vi\u1ec7t\">Vietnamese<\/a>.<\/p>\n","protected":false},"featured_media":6970,"template":"","meta":[],"yoast_head":"<!-- This site is optimized with the Yoast SEO plugin v16.7 - https:\/\/yoast.com\/wordpress\/plugins\/seo\/ -->\n<title>(Ti\u1ebfng Vi\u1ec7t) (Sao ch\u00e9p) (Sao ch\u00e9p) (Sao ch\u00e9p) (Sao ch\u00e9p) (Sao ch\u00e9p) (Sao ch\u00e9p) (Sao ch\u00e9p) (Sao ch\u00e9p) - B\u1ea3o Kim<\/title>\n<meta name=\"description\" content=\"(Ti\u1ebfng Vi\u1ec7t) \u0110\u00e1 Solid Surface Carara Crema \u0111\u01b0\u1ee3c B\u1ea3o Kim ph\u00e2n ph\u1ed1i v\u00e0 thi c\u00f4ng \u0111\u1ed9c quy\u1ec1n t\u1ea1i Vi\u1ec7t Nam v\u1edbi hai d\u00f2ng s\u1ea3n ph\u1ea9m ph\u1ed5 th\u00f4ng v\u00e0 cao c\u1ea5p.\" \/>\n<meta name=\"robots\" content=\"index, follow, max-snippet:-1, max-image-preview:large, max-video-preview:-1\" \/>\n<link rel=\"canonical\" href=\"https:\/\/lovemyhome.vn\/san-pham\/da-solid-surface-carara-crema-corian\/\" \/>\n<meta property=\"og:locale\" content=\"en_US\" \/>\n<meta property=\"og:type\" content=\"article\" \/>\n<meta property=\"og:title\" content=\"[:vi](Sao ch\u00e9p) (Sao ch\u00e9p) (Sao ch\u00e9p) (Sao ch\u00e9p) (Sao ch\u00e9p) (Sao ch\u00e9p) (Sao ch\u00e9p) (Sao ch\u00e9p) - B\u1ea3o Kim[:]\" \/>\n<meta property=\"og:description\" content=\"{:vi}\u0110\u00e1 Solid Surface Carara Crema \u0111\u01b0\u1ee3c B\u1ea3o Kim ph\u00e2n ph\u1ed1i v\u00e0 thi c\u00f4ng \u0111\u1ed9c quy\u1ec1n t\u1ea1i Vi\u1ec7t Nam v\u1edbi hai d\u00f2ng s\u1ea3n ph\u1ea9m ph\u1ed5 th\u00f4ng v\u00e0 cao c\u1ea5p.{:}\" \/>\n<meta property=\"og:url\" content=\"https:\/\/lovemyhome.vn\/san-pham\/da-solid-surface-carara-crema-corian\/\" \/>\n<meta property=\"og:site_name\" content=\"Lovemyhome\" \/>\n<meta property=\"article:modified_time\" content=\"2023-02-24T06:53:48+00:00\" \/>\n<meta property=\"og:image\" content=\"https:\/\/lovemyhome.vn\/wp-content\/uploads\/2023\/02\/corian_carrara_crema_logo.jpg\" \/>\n\t<meta property=\"og:image:width\" content=\"1800\" \/>\n\t<meta property=\"og:image:height\" content=\"1800\" \/>\n<meta name=\"twitter:card\" content=\"summary\" \/>\n<script type=\"application\/ld+json\" class=\"yoast-schema-graph\">{\"@context\":\"https:\/\/schema.org\",\"@graph\":[{\"@type\":\"WebSite\",\"@id\":\"https:\/\/lovemyhome.vn\/#website\",\"url\":\"https:\/\/lovemyhome.vn\/\",\"name\":\"Lovemyhome\",\"description\":\"t\\u00f4i y\\u00eau nh\\u00e0 t\\u00f4i\",\"potentialAction\":[{\"@type\":\"SearchAction\",\"target\":{\"@type\":\"EntryPoint\",\"urlTemplate\":\"https:\/\/lovemyhome.vn\/?s={search_term_string}\"},\"query-input\":\"required name=search_term_string\"}],\"inLanguage\":\"en-US\"},{\"@type\":\"ImageObject\",\"@id\":\"https:\/\/lovemyhome.vn\/san-pham\/da-solid-surface-carara-crema-corian\/#primaryimage\",\"inLanguage\":\"en-US\",\"url\":\"https:\/\/lovemyhome.vn\/wp-content\/uploads\/2023\/02\/corian_carrara_crema_logo.jpg\",\"contentUrl\":\"https:\/\/lovemyhome.vn\/wp-content\/uploads\/2023\/02\/corian_carrara_crema_logo.jpg\",\"width\":1800,\"height\":1800,\"caption\":\"da-solid-surface-carbon-aggregate\"},{\"@type\":\"WebPage\",\"@id\":\"https:\/\/lovemyhome.vn\/san-pham\/da-solid-surface-carara-crema-corian\/#webpage\",\"url\":\"https:\/\/lovemyhome.vn\/san-pham\/da-solid-surface-carara-crema-corian\/\",\"name\":\"[:vi](Sao ch\\u00e9p) (Sao ch\\u00e9p) (Sao ch\\u00e9p) (Sao ch\\u00e9p) (Sao ch\\u00e9p) (Sao ch\\u00e9p) (Sao ch\\u00e9p) (Sao ch\\u00e9p) - B\\u1ea3o Kim[:]\",\"isPartOf\":{\"@id\":\"https:\/\/lovemyhome.vn\/#website\"},\"primaryImageOfPage\":{\"@id\":\"https:\/\/lovemyhome.vn\/san-pham\/da-solid-surface-carara-crema-corian\/#primaryimage\"},\"datePublished\":\"2023-02-10T08:55:23+00:00\",\"dateModified\":\"2023-02-24T06:53:48+00:00\",\"description\":\"{:vi}\\u0110\\u00e1 Solid Surface Carara Crema \\u0111\\u01b0\\u1ee3c B\\u1ea3o Kim ph\\u00e2n ph\\u1ed1i v\\u00e0 thi c\\u00f4ng \\u0111\\u1ed9c quy\\u1ec1n t\\u1ea1i Vi\\u1ec7t Nam v\\u1edbi hai d\\u00f2ng s\\u1ea3n ph\\u1ea9m ph\\u1ed5 th\\u00f4ng v\\u00e0 cao c\\u1ea5p.{:}\",\"breadcrumb\":{\"@id\":\"https:\/\/lovemyhome.vn\/san-pham\/da-solid-surface-carara-crema-corian\/#breadcrumb\"},\"inLanguage\":\"en-US\",\"potentialAction\":[{\"@type\":\"ReadAction\",\"target\":[\"https:\/\/lovemyhome.vn\/san-pham\/da-solid-surface-carara-crema-corian\/\"]}]},{\"@type\":\"BreadcrumbList\",\"@id\":\"https:\/\/lovemyhome.vn\/san-pham\/da-solid-surface-carara-crema-corian\/#breadcrumb\",\"itemListElement\":[{\"@type\":\"ListItem\",\"position\":1,\"name\":\"Home\",\"item\":\"https:\/\/lovemyhome.vn\/\"},{\"@type\":\"ListItem\",\"position\":2,\"name\":\"S\\u1ea3n ph\\u1ea9m\",\"item\":\"https:\/\/lovemyhome.vn\/cua-hang\/\"},{\"@type\":\"ListItem\",\"position\":3,\"name\":\"\\u0110\\u00e1 Solid Surface Carara Crema &#8211; Corian\"}]}]}<\/script>\n<!-- \/ Yoast SEO plugin. -->","yoast_head_json":{"title":"(Ti\u1ebfng Vi\u1ec7t) (Sao ch\u00e9p) (Sao ch\u00e9p) (Sao ch\u00e9p) (Sao ch\u00e9p) (Sao ch\u00e9p) (Sao ch\u00e9p) (Sao ch\u00e9p) (Sao ch\u00e9p) - B\u1ea3o Kim","description":"(Ti\u1ebfng Vi\u1ec7t) \u0110\u00e1 Solid Surface Carara Crema \u0111\u01b0\u1ee3c B\u1ea3o Kim ph\u00e2n ph\u1ed1i v\u00e0 thi c\u00f4ng \u0111\u1ed9c quy\u1ec1n t\u1ea1i Vi\u1ec7t Nam v\u1edbi hai d\u00f2ng s\u1ea3n ph\u1ea9m ph\u1ed5 th\u00f4ng v\u00e0 cao c\u1ea5p.","robots":{"index":"index","follow":"follow","max-snippet":"max-snippet:-1","max-image-preview":"max-image-preview:large","max-video-preview":"max-video-preview:-1"},"canonical":"https:\/\/lovemyhome.vn\/san-pham\/da-solid-surface-carara-crema-corian\/","og_locale":"en_US","og_type":"article","og_title":"[:vi](Sao ch\u00e9p) (Sao ch\u00e9p) (Sao ch\u00e9p) (Sao ch\u00e9p) (Sao ch\u00e9p) (Sao ch\u00e9p) (Sao ch\u00e9p) (Sao ch\u00e9p) - B\u1ea3o Kim[:]","og_description":"{:vi}\u0110\u00e1 Solid Surface Carara Crema \u0111\u01b0\u1ee3c B\u1ea3o Kim ph\u00e2n ph\u1ed1i v\u00e0 thi c\u00f4ng \u0111\u1ed9c quy\u1ec1n t\u1ea1i Vi\u1ec7t Nam v\u1edbi hai d\u00f2ng s\u1ea3n ph\u1ea9m ph\u1ed5 th\u00f4ng v\u00e0 cao c\u1ea5p.{:}","og_url":"https:\/\/lovemyhome.vn\/san-pham\/da-solid-surface-carara-crema-corian\/","og_site_name":"Lovemyhome","article_modified_time":"2023-02-24T06:53:48+00:00","og_image":[{"width":1800,"height":1800,"url":"https:\/\/lovemyhome.vn\/wp-content\/uploads\/2023\/02\/corian_carrara_crema_logo.jpg","path":"\/home\/lovemyho\/public_html\/wp-content\/uploads\/2023\/02\/corian_carrara_crema_logo.jpg","size":"full","id":6970,"alt":"da-solid-surface-carbon-aggregate","pixels":3240000,"type":"image\/jpeg"}],"twitter_card":"summary","schema":{"@context":"https:\/\/schema.org","@graph":[{"@type":"WebSite","@id":"https:\/\/lovemyhome.vn\/#website","url":"https:\/\/lovemyhome.vn\/","name":"Lovemyhome","description":"t\u00f4i y\u00eau nh\u00e0 t\u00f4i","potentialAction":[{"@type":"SearchAction","target":{"@type":"EntryPoint","urlTemplate":"https:\/\/lovemyhome.vn\/?s={search_term_string}"},"query-input":"required name=search_term_string"}],"inLanguage":"en-US"},{"@type":"ImageObject","@id":"https:\/\/lovemyhome.vn\/san-pham\/da-solid-surface-carara-crema-corian\/#primaryimage","inLanguage":"en-US","url":"https:\/\/lovemyhome.vn\/wp-content\/uploads\/2023\/02\/corian_carrara_crema_logo.jpg","contentUrl":"https:\/\/lovemyhome.vn\/wp-content\/uploads\/2023\/02\/corian_carrara_crema_logo.jpg","width":1800,"height":1800,"caption":"da-solid-surface-carbon-aggregate"},{"@type":"WebPage","@id":"https:\/\/lovemyhome.vn\/san-pham\/da-solid-surface-carara-crema-corian\/#webpage","url":"https:\/\/lovemyhome.vn\/san-pham\/da-solid-surface-carara-crema-corian\/","name":"[:vi](Sao ch\u00e9p) (Sao ch\u00e9p) (Sao ch\u00e9p) (Sao ch\u00e9p) (Sao ch\u00e9p) (Sao ch\u00e9p) (Sao ch\u00e9p) (Sao ch\u00e9p) - B\u1ea3o Kim[:]","isPartOf":{"@id":"https:\/\/lovemyhome.vn\/#website"},"primaryImageOfPage":{"@id":"https:\/\/lovemyhome.vn\/san-pham\/da-solid-surface-carara-crema-corian\/#primaryimage"},"datePublished":"2023-02-10T08:55:23+00:00","dateModified":"2023-02-24T06:53:48+00:00","description":"{:vi}\u0110\u00e1 Solid Surface Carara Crema \u0111\u01b0\u1ee3c B\u1ea3o Kim ph\u00e2n ph\u1ed1i v\u00e0 thi c\u00f4ng \u0111\u1ed9c quy\u1ec1n t\u1ea1i Vi\u1ec7t Nam v\u1edbi hai d\u00f2ng s\u1ea3n ph\u1ea9m ph\u1ed5 th\u00f4ng v\u00e0 cao c\u1ea5p.{:}","breadcrumb":{"@id":"https:\/\/lovemyhome.vn\/san-pham\/da-solid-surface-carara-crema-corian\/#breadcrumb"},"inLanguage":"en-US","potentialAction":[{"@type":"ReadAction","target":["https:\/\/lovemyhome.vn\/san-pham\/da-solid-surface-carara-crema-corian\/"]}]},{"@type":"BreadcrumbList","@id":"https:\/\/lovemyhome.vn\/san-pham\/da-solid-surface-carara-crema-corian\/#breadcrumb","itemListElement":[{"@type":"ListItem","position":1,"name":"Home","item":"https:\/\/lovemyhome.vn\/"},{"@type":"ListItem","position":2,"name":"S\u1ea3n ph\u1ea9m","item":"https:\/\/lovemyhome.vn\/cua-hang\/"},{"@type":"ListItem","position":3,"name":"\u0110\u00e1 Solid Surface Carara Crema &#8211; Corian"}]}]}},"_links":{"self":[{"href":"https:\/\/lovemyhome.vn\/en\/wp-json\/wp\/v2\/product\/6969"}],"collection":[{"href":"https:\/\/lovemyhome.vn\/en\/wp-json\/wp\/v2\/product"}],"about":[{"href":"https:\/\/lovemyhome.vn\/en\/wp-json\/wp\/v2\/types\/product"}],"wp:featuredmedia":[{"embeddable":true,"href":"https:\/\/lovemyhome.vn\/en\/wp-json\/wp\/v2\/media\/6970"}],"wp:attachment":[{"href":"https:\/\/lovemyhome.vn\/en\/wp-json\/wp\/v2\/media?parent=6969"}],"curies":[{"name":"wp","href":"https:\/\/api.w.org\/{rel}","templated":true}]}}