{"id":7147,"date":"2024-01-23T15:32:50","date_gmt":"2024-01-23T08:32:50","guid":{"rendered":"https:\/\/lovemyhome.vn\/?post_type=product&#038;p=7147"},"modified":"2024-01-30T14:50:52","modified_gmt":"2024-01-30T07:50:52","slug":"chup-den-hs2861","status":"publish","type":"product","link":"https:\/\/lovemyhome.vn\/en\/san-pham\/chup-den-hs2861\/","title":{"rendered":"(Ti\u1ebfng Vi\u1ec7t) CH\u1ee4P \u0110\u00c8N TH\u1ee6Y TINH POMME XANH NG\u1eccC"},"content":{"rendered":"<p class=\"qtranxs-available-languages-message qtranxs-available-languages-message-en\">Sorry, this entry is only available in <a href=\"https:\/\/lovemyhome.vn\/vi\/wp-json\/wp\/v2\/product\/7147\" class=\"qtranxs-available-language-link qtranxs-available-language-link-vi\" title=\"Ti\u1ebfng Vi\u1ec7t\">Vietnamese<\/a>.<\/p>","protected":false},"excerpt":{"rendered":"<p class=\"qtranxs-available-languages-message qtranxs-available-languages-message-en\">Sorry, this entry is only available in <a href=\"https:\/\/lovemyhome.vn\/vi\/wp-json\/wp\/v2\/product\/7147\" class=\"qtranxs-available-language-link qtranxs-available-language-link-vi\" title=\"Ti\u1ebfng Vi\u1ec7t\">Vietnamese<\/a>.<\/p>\n","protected":false},"featured_media":7148,"template":"","meta":[],"yoast_head":"<!-- This site is optimized with the Yoast SEO plugin v16.7 - https:\/\/yoast.com\/wordpress\/plugins\/seo\/ -->\n<title>(Ti\u1ebfng Vi\u1ec7t) CH\u1ee4P \u0110\u00c8N TH\u1ee6Y TINH POMME XANH NG\u1eccC - Lovemyhome<\/title>\n<meta name=\"description\" content=\"(Ti\u1ebfng Vi\u1ec7t) Ch\u1ee5p \u0111\u00e8n pomme xanh ng\u1ecdc khi t\u1eaft \u0111\u00e8n v\u00e0o ban ng\u00e0y v\u1eabn thu \u00e1nh s\u00e1ng t\u1ef1 nhi\u00ean v\u00e0 t\u1ea1o ra hi\u1ec7u \u1ee9ng l\u1ea5p l\u00e1nh do ph\u1ea3n chi\u1ebfu.\" \/>\n<meta name=\"robots\" content=\"index, follow, max-snippet:-1, max-image-preview:large, max-video-preview:-1\" \/>\n<link rel=\"canonical\" href=\"https:\/\/lovemyhome.vn\/san-pham\/chup-den-hs2861\/\" \/>\n<meta property=\"og:locale\" content=\"en_US\" \/>\n<meta property=\"og:type\" content=\"article\" \/>\n<meta property=\"og:title\" content=\"(Ti\u1ebfng Vi\u1ec7t) CH\u1ee4P \u0110\u00c8N TH\u1ee6Y TINH POMME XANH NG\u1eccC - Lovemyhome\" \/>\n<meta property=\"og:description\" content=\"{:vi}Ch\u1ee5p \u0111\u00e8n pomme xanh ng\u1ecdc khi t\u1eaft \u0111\u00e8n v\u00e0o ban ng\u00e0y v\u1eabn thu \u00e1nh s\u00e1ng t\u1ef1 nhi\u00ean v\u00e0 t\u1ea1o ra hi\u1ec7u \u1ee9ng l\u1ea5p l\u00e1nh do ph\u1ea3n chi\u1ebfu.{:}\" \/>\n<meta property=\"og:url\" content=\"https:\/\/lovemyhome.vn\/san-pham\/chup-den-hs2861\/\" \/>\n<meta property=\"og:site_name\" content=\"Lovemyhome\" \/>\n<meta property=\"article:modified_time\" content=\"2024-01-30T07:50:52+00:00\" \/>\n<meta property=\"og:image\" content=\"https:\/\/lovemyhome.vn\/wp-content\/uploads\/2024\/01\/6.jpg\" \/>\n\t<meta property=\"og:image:width\" content=\"600\" \/>\n\t<meta property=\"og:image:height\" content=\"799\" \/>\n<meta name=\"twitter:card\" content=\"summary\" \/>\n<meta name=\"twitter:label1\" content=\"Est. reading time\" \/>\n\t<meta name=\"twitter:data1\" content=\"2 minutes\" \/>\n<script type=\"application\/ld+json\" class=\"yoast-schema-graph\">{\"@context\":\"https:\/\/schema.org\",\"@graph\":[{\"@type\":\"WebSite\",\"@id\":\"https:\/\/lovemyhome.vn\/#website\",\"url\":\"https:\/\/lovemyhome.vn\/\",\"name\":\"Lovemyhome\",\"description\":\"t\\u00f4i y\\u00eau nh\\u00e0 t\\u00f4i\",\"potentialAction\":[{\"@type\":\"SearchAction\",\"target\":{\"@type\":\"EntryPoint\",\"urlTemplate\":\"https:\/\/lovemyhome.vn\/?s={search_term_string}\"},\"query-input\":\"required name=search_term_string\"}],\"inLanguage\":\"en-US\"},{\"@type\":\"ImageObject\",\"@id\":\"https:\/\/lovemyhome.vn\/san-pham\/chup-den-hs2861\/#primaryimage\",\"inLanguage\":\"en-US\",\"url\":\"https:\/\/lovemyhome.vn\/wp-content\/uploads\/2024\/01\/6.jpg\",\"contentUrl\":\"https:\/\/lovemyhome.vn\/wp-content\/uploads\/2024\/01\/6.jpg\",\"width\":600,\"height\":799,\"caption\":\"CH\\u1ee4P \\u0110\\u00c8N TH\\u1ee6Y TINH POMME XANH NG\\u1eccC\"},{\"@type\":\"WebPage\",\"@id\":\"https:\/\/lovemyhome.vn\/san-pham\/chup-den-hs2861\/#webpage\",\"url\":\"https:\/\/lovemyhome.vn\/san-pham\/chup-den-hs2861\/\",\"name\":\"(Ti\\u1ebfng Vi\\u1ec7t) CH\\u1ee4P \\u0110\\u00c8N TH\\u1ee6Y TINH POMME XANH NG\\u1eccC - Lovemyhome\",\"isPartOf\":{\"@id\":\"https:\/\/lovemyhome.vn\/#website\"},\"primaryImageOfPage\":{\"@id\":\"https:\/\/lovemyhome.vn\/san-pham\/chup-den-hs2861\/#primaryimage\"},\"datePublished\":\"2024-01-23T08:32:50+00:00\",\"dateModified\":\"2024-01-30T07:50:52+00:00\",\"description\":\"{:vi}Ch\\u1ee5p \\u0111\\u00e8n pomme xanh ng\\u1ecdc khi t\\u1eaft \\u0111\\u00e8n v\\u00e0o ban ng\\u00e0y v\\u1eabn thu \\u00e1nh s\\u00e1ng t\\u1ef1 nhi\\u00ean v\\u00e0 t\\u1ea1o ra hi\\u1ec7u \\u1ee9ng l\\u1ea5p l\\u00e1nh do ph\\u1ea3n chi\\u1ebfu.{:}\",\"breadcrumb\":{\"@id\":\"https:\/\/lovemyhome.vn\/san-pham\/chup-den-hs2861\/#breadcrumb\"},\"inLanguage\":\"en-US\",\"potentialAction\":[{\"@type\":\"ReadAction\",\"target\":[\"https:\/\/lovemyhome.vn\/san-pham\/chup-den-hs2861\/\"]}]},{\"@type\":\"BreadcrumbList\",\"@id\":\"https:\/\/lovemyhome.vn\/san-pham\/chup-den-hs2861\/#breadcrumb\",\"itemListElement\":[{\"@type\":\"ListItem\",\"position\":1,\"name\":\"Home\",\"item\":\"https:\/\/lovemyhome.vn\/\"},{\"@type\":\"ListItem\",\"position\":2,\"name\":\"S\\u1ea3n ph\\u1ea9m\",\"item\":\"https:\/\/lovemyhome.vn\/cua-hang\/\"},{\"@type\":\"ListItem\",\"position\":3,\"name\":\"CH\\u1ee4P \\u0110\\u00c8N TH\\u1ee6Y TINH POMME XANH NG\\u1eccC\"}]}]}<\/script>\n<!-- \/ Yoast SEO plugin. -->","yoast_head_json":{"title":"(Ti\u1ebfng Vi\u1ec7t) CH\u1ee4P \u0110\u00c8N TH\u1ee6Y TINH POMME XANH NG\u1eccC - Lovemyhome","description":"(Ti\u1ebfng Vi\u1ec7t) Ch\u1ee5p \u0111\u00e8n pomme xanh ng\u1ecdc khi t\u1eaft \u0111\u00e8n v\u00e0o ban ng\u00e0y v\u1eabn thu \u00e1nh s\u00e1ng t\u1ef1 nhi\u00ean v\u00e0 t\u1ea1o ra hi\u1ec7u \u1ee9ng l\u1ea5p l\u00e1nh do ph\u1ea3n chi\u1ebfu.","robots":{"index":"index","follow":"follow","max-snippet":"max-snippet:-1","max-image-preview":"max-image-preview:large","max-video-preview":"max-video-preview:-1"},"canonical":"https:\/\/lovemyhome.vn\/san-pham\/chup-den-hs2861\/","og_locale":"en_US","og_type":"article","og_title":"(Ti\u1ebfng Vi\u1ec7t) CH\u1ee4P \u0110\u00c8N TH\u1ee6Y TINH POMME XANH NG\u1eccC - Lovemyhome","og_description":"{:vi}Ch\u1ee5p \u0111\u00e8n pomme xanh ng\u1ecdc khi t\u1eaft \u0111\u00e8n v\u00e0o ban ng\u00e0y v\u1eabn thu \u00e1nh s\u00e1ng t\u1ef1 nhi\u00ean v\u00e0 t\u1ea1o ra hi\u1ec7u \u1ee9ng l\u1ea5p l\u00e1nh do ph\u1ea3n chi\u1ebfu.{:}","og_url":"https:\/\/lovemyhome.vn\/san-pham\/chup-den-hs2861\/","og_site_name":"Lovemyhome","article_modified_time":"2024-01-30T07:50:52+00:00","og_image":[{"width":600,"height":799,"url":"https:\/\/lovemyhome.vn\/wp-content\/uploads\/2024\/01\/6.jpg","path":"\/home\/lovemyho\/public_html\/wp-content\/uploads\/2024\/01\/6.jpg","size":"full","id":7148,"alt":"chup-den-hs2861","pixels":479400,"type":"image\/jpeg"}],"twitter_card":"summary","twitter_misc":{"Est. reading time":"2 minutes"},"schema":{"@context":"https:\/\/schema.org","@graph":[{"@type":"WebSite","@id":"https:\/\/lovemyhome.vn\/#website","url":"https:\/\/lovemyhome.vn\/","name":"Lovemyhome","description":"t\u00f4i y\u00eau nh\u00e0 t\u00f4i","potentialAction":[{"@type":"SearchAction","target":{"@type":"EntryPoint","urlTemplate":"https:\/\/lovemyhome.vn\/?s={search_term_string}"},"query-input":"required name=search_term_string"}],"inLanguage":"en-US"},{"@type":"ImageObject","@id":"https:\/\/lovemyhome.vn\/san-pham\/chup-den-hs2861\/#primaryimage","inLanguage":"en-US","url":"https:\/\/lovemyhome.vn\/wp-content\/uploads\/2024\/01\/6.jpg","contentUrl":"https:\/\/lovemyhome.vn\/wp-content\/uploads\/2024\/01\/6.jpg","width":600,"height":799,"caption":"CH\u1ee4P \u0110\u00c8N TH\u1ee6Y TINH POMME XANH NG\u1eccC"},{"@type":"WebPage","@id":"https:\/\/lovemyhome.vn\/san-pham\/chup-den-hs2861\/#webpage","url":"https:\/\/lovemyhome.vn\/san-pham\/chup-den-hs2861\/","name":"(Ti\u1ebfng Vi\u1ec7t) CH\u1ee4P \u0110\u00c8N TH\u1ee6Y TINH POMME XANH NG\u1eccC - Lovemyhome","isPartOf":{"@id":"https:\/\/lovemyhome.vn\/#website"},"primaryImageOfPage":{"@id":"https:\/\/lovemyhome.vn\/san-pham\/chup-den-hs2861\/#primaryimage"},"datePublished":"2024-01-23T08:32:50+00:00","dateModified":"2024-01-30T07:50:52+00:00","description":"{:vi}Ch\u1ee5p \u0111\u00e8n pomme xanh ng\u1ecdc khi t\u1eaft \u0111\u00e8n v\u00e0o ban ng\u00e0y v\u1eabn thu \u00e1nh s\u00e1ng t\u1ef1 nhi\u00ean v\u00e0 t\u1ea1o ra hi\u1ec7u \u1ee9ng l\u1ea5p l\u00e1nh do ph\u1ea3n chi\u1ebfu.{:}","breadcrumb":{"@id":"https:\/\/lovemyhome.vn\/san-pham\/chup-den-hs2861\/#breadcrumb"},"inLanguage":"en-US","potentialAction":[{"@type":"ReadAction","target":["https:\/\/lovemyhome.vn\/san-pham\/chup-den-hs2861\/"]}]},{"@type":"BreadcrumbList","@id":"https:\/\/lovemyhome.vn\/san-pham\/chup-den-hs2861\/#breadcrumb","itemListElement":[{"@type":"ListItem","position":1,"name":"Home","item":"https:\/\/lovemyhome.vn\/"},{"@type":"ListItem","position":2,"name":"S\u1ea3n ph\u1ea9m","item":"https:\/\/lovemyhome.vn\/cua-hang\/"},{"@type":"ListItem","position":3,"name":"CH\u1ee4P \u0110\u00c8N TH\u1ee6Y TINH POMME XANH NG\u1eccC"}]}]}},"_links":{"self":[{"href":"https:\/\/lovemyhome.vn\/en\/wp-json\/wp\/v2\/product\/7147"}],"collection":[{"href":"https:\/\/lovemyhome.vn\/en\/wp-json\/wp\/v2\/product"}],"about":[{"href":"https:\/\/lovemyhome.vn\/en\/wp-json\/wp\/v2\/types\/product"}],"wp:featuredmedia":[{"embeddable":true,"href":"https:\/\/lovemyhome.vn\/en\/wp-json\/wp\/v2\/media\/7148"}],"wp:attachment":[{"href":"https:\/\/lovemyhome.vn\/en\/wp-json\/wp\/v2\/media?parent=7147"}],"curies":[{"name":"wp","href":"https:\/\/api.w.org\/{rel}","templated":true}]}}