{"id":7151,"date":"2024-01-23T15:42:15","date_gmt":"2024-01-23T08:42:15","guid":{"rendered":"https:\/\/lovemyhome.vn\/?post_type=product&#038;p=7151"},"modified":"2024-01-25T10:04:48","modified_gmt":"2024-01-25T03:04:48","slug":"chup-den-hs3308","status":"publish","type":"product","link":"https:\/\/lovemyhome.vn\/en\/san-pham\/chup-den-hs3308\/","title":{"rendered":"(Ti\u1ebfng Vi\u1ec7t) CH\u1ee4P \u0110\u00c8N TH\u1ee6Y TINH MINI CONIC TR\u1eaeNG S\u1eeeA"},"content":{"rendered":"<p class=\"qtranxs-available-languages-message qtranxs-available-languages-message-en\">Sorry, this entry is only available in <a href=\"https:\/\/lovemyhome.vn\/vi\/wp-json\/wp\/v2\/product\/7151\" class=\"qtranxs-available-language-link qtranxs-available-language-link-vi\" title=\"Ti\u1ebfng Vi\u1ec7t\">Vietnamese<\/a>.<\/p>","protected":false},"excerpt":{"rendered":"<p class=\"qtranxs-available-languages-message qtranxs-available-languages-message-en\">Sorry, this entry is only available in <a href=\"https:\/\/lovemyhome.vn\/vi\/wp-json\/wp\/v2\/product\/7151\" class=\"qtranxs-available-language-link qtranxs-available-language-link-vi\" title=\"Ti\u1ebfng Vi\u1ec7t\">Vietnamese<\/a>.<\/p>\n","protected":false},"featured_media":7152,"template":"","meta":[],"yoast_head":"<!-- This site is optimized with the Yoast SEO plugin v16.7 - https:\/\/yoast.com\/wordpress\/plugins\/seo\/ -->\n<title>(Ti\u1ebfng Vi\u1ec7t) CH\u1ee4P \u0110\u00c8N TH\u1ee6Y TINH MINI CONIC TR\u1eaeNG S\u1eeeA - Lovemyhome<\/title>\n<meta name=\"description\" content=\"(Ti\u1ebfng Vi\u1ec7t) Ch\u1ee5p \u0111\u00e8n th\u1ee7y tinh nh\u1ecf h\u00ecnh l\u1ee5c n\u00f3n m\u00e0u tr\u1eafng s\u1eefa, ch\u1ec9 cho m\u1ed9t l\u01b0\u1ee3ng \u00e1nh s\u00e1ng v\u1eeba ph\u1ea3i c\u1ee7a b\u00f3ng \u0111\u00e8n \u0111i qua.\" \/>\n<meta name=\"robots\" content=\"index, follow, max-snippet:-1, max-image-preview:large, max-video-preview:-1\" \/>\n<link rel=\"canonical\" href=\"https:\/\/lovemyhome.vn\/san-pham\/chup-den-hs3308\/\" \/>\n<meta property=\"og:locale\" content=\"en_US\" \/>\n<meta property=\"og:type\" content=\"article\" \/>\n<meta property=\"og:title\" content=\"(Ti\u1ebfng Vi\u1ec7t) CH\u1ee4P \u0110\u00c8N TH\u1ee6Y TINH MINI CONIC TR\u1eaeNG S\u1eeeA - Lovemyhome\" \/>\n<meta property=\"og:description\" content=\"{:vi}Ch\u1ee5p \u0111\u00e8n th\u1ee7y tinh nh\u1ecf h\u00ecnh l\u1ee5c n\u00f3n m\u00e0u tr\u1eafng s\u1eefa, ch\u1ec9 cho m\u1ed9t l\u01b0\u1ee3ng \u00e1nh s\u00e1ng v\u1eeba ph\u1ea3i c\u1ee7a b\u00f3ng \u0111\u00e8n \u0111i qua. {:}\" \/>\n<meta property=\"og:url\" content=\"https:\/\/lovemyhome.vn\/san-pham\/chup-den-hs3308\/\" \/>\n<meta property=\"og:site_name\" content=\"Lovemyhome\" \/>\n<meta property=\"article:modified_time\" content=\"2024-01-25T03:04:48+00:00\" \/>\n<meta property=\"og:image\" content=\"https:\/\/lovemyhome.vn\/wp-content\/uploads\/2024\/01\/8.jpg\" \/>\n\t<meta property=\"og:image:width\" content=\"600\" \/>\n\t<meta property=\"og:image:height\" content=\"600\" \/>\n<meta name=\"twitter:card\" content=\"summary\" \/>\n<meta name=\"twitter:label1\" content=\"Est. reading time\" \/>\n\t<meta name=\"twitter:data1\" content=\"1 minute\" \/>\n<script type=\"application\/ld+json\" class=\"yoast-schema-graph\">{\"@context\":\"https:\/\/schema.org\",\"@graph\":[{\"@type\":\"WebSite\",\"@id\":\"https:\/\/lovemyhome.vn\/#website\",\"url\":\"https:\/\/lovemyhome.vn\/\",\"name\":\"Lovemyhome\",\"description\":\"t\\u00f4i y\\u00eau nh\\u00e0 t\\u00f4i\",\"potentialAction\":[{\"@type\":\"SearchAction\",\"target\":{\"@type\":\"EntryPoint\",\"urlTemplate\":\"https:\/\/lovemyhome.vn\/?s={search_term_string}\"},\"query-input\":\"required name=search_term_string\"}],\"inLanguage\":\"en-US\"},{\"@type\":\"ImageObject\",\"@id\":\"https:\/\/lovemyhome.vn\/san-pham\/chup-den-hs3308\/#primaryimage\",\"inLanguage\":\"en-US\",\"url\":\"https:\/\/lovemyhome.vn\/wp-content\/uploads\/2024\/01\/8.jpg\",\"contentUrl\":\"https:\/\/lovemyhome.vn\/wp-content\/uploads\/2024\/01\/8.jpg\",\"width\":600,\"height\":600,\"caption\":\"CH\\u1ee4P \\u0110\\u00c8N TH\\u1ee6Y TINH MINI CONIC TR\\u1eaeNG S\\u1eeeA\"},{\"@type\":\"WebPage\",\"@id\":\"https:\/\/lovemyhome.vn\/san-pham\/chup-den-hs3308\/#webpage\",\"url\":\"https:\/\/lovemyhome.vn\/san-pham\/chup-den-hs3308\/\",\"name\":\"(Ti\\u1ebfng Vi\\u1ec7t) CH\\u1ee4P \\u0110\\u00c8N TH\\u1ee6Y TINH MINI CONIC TR\\u1eaeNG S\\u1eeeA - Lovemyhome\",\"isPartOf\":{\"@id\":\"https:\/\/lovemyhome.vn\/#website\"},\"primaryImageOfPage\":{\"@id\":\"https:\/\/lovemyhome.vn\/san-pham\/chup-den-hs3308\/#primaryimage\"},\"datePublished\":\"2024-01-23T08:42:15+00:00\",\"dateModified\":\"2024-01-25T03:04:48+00:00\",\"description\":\"{:vi}Ch\\u1ee5p \\u0111\\u00e8n th\\u1ee7y tinh nh\\u1ecf h\\u00ecnh l\\u1ee5c n\\u00f3n m\\u00e0u tr\\u1eafng s\\u1eefa, ch\\u1ec9 cho m\\u1ed9t l\\u01b0\\u1ee3ng \\u00e1nh s\\u00e1ng v\\u1eeba ph\\u1ea3i c\\u1ee7a b\\u00f3ng \\u0111\\u00e8n \\u0111i qua. {:}\",\"breadcrumb\":{\"@id\":\"https:\/\/lovemyhome.vn\/san-pham\/chup-den-hs3308\/#breadcrumb\"},\"inLanguage\":\"en-US\",\"potentialAction\":[{\"@type\":\"ReadAction\",\"target\":[\"https:\/\/lovemyhome.vn\/san-pham\/chup-den-hs3308\/\"]}]},{\"@type\":\"BreadcrumbList\",\"@id\":\"https:\/\/lovemyhome.vn\/san-pham\/chup-den-hs3308\/#breadcrumb\",\"itemListElement\":[{\"@type\":\"ListItem\",\"position\":1,\"name\":\"Home\",\"item\":\"https:\/\/lovemyhome.vn\/\"},{\"@type\":\"ListItem\",\"position\":2,\"name\":\"S\\u1ea3n ph\\u1ea9m\",\"item\":\"https:\/\/lovemyhome.vn\/cua-hang\/\"},{\"@type\":\"ListItem\",\"position\":3,\"name\":\"CH\\u1ee4P \\u0110\\u00c8N TH\\u1ee6Y TINH MINI CONIC TR\\u1eaeNG S\\u1eeeA\"}]}]}<\/script>\n<!-- \/ Yoast SEO plugin. -->","yoast_head_json":{"title":"(Ti\u1ebfng Vi\u1ec7t) CH\u1ee4P \u0110\u00c8N TH\u1ee6Y TINH MINI CONIC TR\u1eaeNG S\u1eeeA - Lovemyhome","description":"(Ti\u1ebfng Vi\u1ec7t) Ch\u1ee5p \u0111\u00e8n th\u1ee7y tinh nh\u1ecf h\u00ecnh l\u1ee5c n\u00f3n m\u00e0u tr\u1eafng s\u1eefa, ch\u1ec9 cho m\u1ed9t l\u01b0\u1ee3ng \u00e1nh s\u00e1ng v\u1eeba ph\u1ea3i c\u1ee7a b\u00f3ng \u0111\u00e8n \u0111i qua.","robots":{"index":"index","follow":"follow","max-snippet":"max-snippet:-1","max-image-preview":"max-image-preview:large","max-video-preview":"max-video-preview:-1"},"canonical":"https:\/\/lovemyhome.vn\/san-pham\/chup-den-hs3308\/","og_locale":"en_US","og_type":"article","og_title":"(Ti\u1ebfng Vi\u1ec7t) CH\u1ee4P \u0110\u00c8N TH\u1ee6Y TINH MINI CONIC TR\u1eaeNG S\u1eeeA - Lovemyhome","og_description":"{:vi}Ch\u1ee5p \u0111\u00e8n th\u1ee7y tinh nh\u1ecf h\u00ecnh l\u1ee5c n\u00f3n m\u00e0u tr\u1eafng s\u1eefa, ch\u1ec9 cho m\u1ed9t l\u01b0\u1ee3ng \u00e1nh s\u00e1ng v\u1eeba ph\u1ea3i c\u1ee7a b\u00f3ng \u0111\u00e8n \u0111i qua. {:}","og_url":"https:\/\/lovemyhome.vn\/san-pham\/chup-den-hs3308\/","og_site_name":"Lovemyhome","article_modified_time":"2024-01-25T03:04:48+00:00","og_image":[{"width":600,"height":600,"url":"https:\/\/lovemyhome.vn\/wp-content\/uploads\/2024\/01\/8.jpg","path":"\/home\/lovemyho\/public_html\/wp-content\/uploads\/2024\/01\/8.jpg","size":"full","id":7152,"alt":"chup-den-hs3308","pixels":360000,"type":"image\/jpeg"}],"twitter_card":"summary","twitter_misc":{"Est. reading time":"1 minute"},"schema":{"@context":"https:\/\/schema.org","@graph":[{"@type":"WebSite","@id":"https:\/\/lovemyhome.vn\/#website","url":"https:\/\/lovemyhome.vn\/","name":"Lovemyhome","description":"t\u00f4i y\u00eau nh\u00e0 t\u00f4i","potentialAction":[{"@type":"SearchAction","target":{"@type":"EntryPoint","urlTemplate":"https:\/\/lovemyhome.vn\/?s={search_term_string}"},"query-input":"required name=search_term_string"}],"inLanguage":"en-US"},{"@type":"ImageObject","@id":"https:\/\/lovemyhome.vn\/san-pham\/chup-den-hs3308\/#primaryimage","inLanguage":"en-US","url":"https:\/\/lovemyhome.vn\/wp-content\/uploads\/2024\/01\/8.jpg","contentUrl":"https:\/\/lovemyhome.vn\/wp-content\/uploads\/2024\/01\/8.jpg","width":600,"height":600,"caption":"CH\u1ee4P \u0110\u00c8N TH\u1ee6Y TINH MINI CONIC TR\u1eaeNG S\u1eeeA"},{"@type":"WebPage","@id":"https:\/\/lovemyhome.vn\/san-pham\/chup-den-hs3308\/#webpage","url":"https:\/\/lovemyhome.vn\/san-pham\/chup-den-hs3308\/","name":"(Ti\u1ebfng Vi\u1ec7t) CH\u1ee4P \u0110\u00c8N TH\u1ee6Y TINH MINI CONIC TR\u1eaeNG S\u1eeeA - Lovemyhome","isPartOf":{"@id":"https:\/\/lovemyhome.vn\/#website"},"primaryImageOfPage":{"@id":"https:\/\/lovemyhome.vn\/san-pham\/chup-den-hs3308\/#primaryimage"},"datePublished":"2024-01-23T08:42:15+00:00","dateModified":"2024-01-25T03:04:48+00:00","description":"{:vi}Ch\u1ee5p \u0111\u00e8n th\u1ee7y tinh nh\u1ecf h\u00ecnh l\u1ee5c n\u00f3n m\u00e0u tr\u1eafng s\u1eefa, ch\u1ec9 cho m\u1ed9t l\u01b0\u1ee3ng \u00e1nh s\u00e1ng v\u1eeba ph\u1ea3i c\u1ee7a b\u00f3ng \u0111\u00e8n \u0111i qua. {:}","breadcrumb":{"@id":"https:\/\/lovemyhome.vn\/san-pham\/chup-den-hs3308\/#breadcrumb"},"inLanguage":"en-US","potentialAction":[{"@type":"ReadAction","target":["https:\/\/lovemyhome.vn\/san-pham\/chup-den-hs3308\/"]}]},{"@type":"BreadcrumbList","@id":"https:\/\/lovemyhome.vn\/san-pham\/chup-den-hs3308\/#breadcrumb","itemListElement":[{"@type":"ListItem","position":1,"name":"Home","item":"https:\/\/lovemyhome.vn\/"},{"@type":"ListItem","position":2,"name":"S\u1ea3n ph\u1ea9m","item":"https:\/\/lovemyhome.vn\/cua-hang\/"},{"@type":"ListItem","position":3,"name":"CH\u1ee4P \u0110\u00c8N TH\u1ee6Y TINH MINI CONIC TR\u1eaeNG S\u1eeeA"}]}]}},"_links":{"self":[{"href":"https:\/\/lovemyhome.vn\/en\/wp-json\/wp\/v2\/product\/7151"}],"collection":[{"href":"https:\/\/lovemyhome.vn\/en\/wp-json\/wp\/v2\/product"}],"about":[{"href":"https:\/\/lovemyhome.vn\/en\/wp-json\/wp\/v2\/types\/product"}],"wp:featuredmedia":[{"embeddable":true,"href":"https:\/\/lovemyhome.vn\/en\/wp-json\/wp\/v2\/media\/7152"}],"wp:attachment":[{"href":"https:\/\/lovemyhome.vn\/en\/wp-json\/wp\/v2\/media?parent=7151"}],"curies":[{"name":"wp","href":"https:\/\/api.w.org\/{rel}","templated":true}]}}