{"id":7157,"date":"2024-01-23T15:55:41","date_gmt":"2024-01-23T08:55:41","guid":{"rendered":"https:\/\/lovemyhome.vn\/?post_type=product&#038;p=7157"},"modified":"2024-01-30T15:03:56","modified_gmt":"2024-01-30T08:03:56","slug":"chup-den-hs3284","status":"publish","type":"product","link":"https:\/\/lovemyhome.vn\/en\/san-pham\/chup-den-hs3284\/","title":{"rendered":"(Ti\u1ebfng Vi\u1ec7t) CH\u1ee4P \u0110\u00c8N TH\u1ee6Y TINH MINI ROUND TRONG SU\u1ed0T"},"content":{"rendered":"<p class=\"qtranxs-available-languages-message qtranxs-available-languages-message-en\">Sorry, this entry is only available in <a href=\"https:\/\/lovemyhome.vn\/vi\/wp-json\/wp\/v2\/product\/7157\" class=\"qtranxs-available-language-link qtranxs-available-language-link-vi\" title=\"Ti\u1ebfng Vi\u1ec7t\">Vietnamese<\/a>.<\/p>","protected":false},"excerpt":{"rendered":"<p class=\"qtranxs-available-languages-message qtranxs-available-languages-message-en\">Sorry, this entry is only available in <a href=\"https:\/\/lovemyhome.vn\/vi\/wp-json\/wp\/v2\/product\/7157\" class=\"qtranxs-available-language-link qtranxs-available-language-link-vi\" title=\"Ti\u1ebfng Vi\u1ec7t\">Vietnamese<\/a>.<\/p>\n","protected":false},"featured_media":7158,"template":"","meta":[],"yoast_head":"<!-- This site is optimized with the Yoast SEO plugin v16.7 - https:\/\/yoast.com\/wordpress\/plugins\/seo\/ -->\n<title>(Ti\u1ebfng Vi\u1ec7t) CH\u1ee4P \u0110\u00c8N TH\u1ee6Y TINH MINI ROUND TRONG SU\u1ed0T - Lovemyhome<\/title>\n<meta name=\"description\" content=\"(Ti\u1ebfng Vi\u1ec7t) Th\u1ee7y tinh l\u00e0 v\u1eadt li\u1ec7u cho ph\u00e9p \u00e1nh s\u00e1ng \u0111i qua. Ngay c\u1ea3 ban ng\u00e0y, n\u00f3 v\u1eabn thu \u00e1nh s\u00e1ng t\u1ef1 nhi\u00ean v\u00e0 t\u1ea1o ra hi\u1ec7u \u1ee9ng l\u1ea5p l\u00e1nh do ph\u1ea3n chi\u1ebfu.\" \/>\n<meta name=\"robots\" content=\"index, follow, max-snippet:-1, max-image-preview:large, max-video-preview:-1\" \/>\n<link rel=\"canonical\" href=\"https:\/\/lovemyhome.vn\/san-pham\/chup-den-hs3284\/\" \/>\n<meta property=\"og:locale\" content=\"en_US\" \/>\n<meta property=\"og:type\" content=\"article\" \/>\n<meta property=\"og:title\" content=\"(Ti\u1ebfng Vi\u1ec7t) CH\u1ee4P \u0110\u00c8N TH\u1ee6Y TINH MINI ROUND TRONG SU\u1ed0T - Lovemyhome\" \/>\n<meta property=\"og:description\" content=\"{:vi}Th\u1ee7y tinh l\u00e0 v\u1eadt li\u1ec7u cho ph\u00e9p \u00e1nh s\u00e1ng \u0111i qua. Ngay c\u1ea3 ban ng\u00e0y, n\u00f3 v\u1eabn thu \u00e1nh s\u00e1ng t\u1ef1 nhi\u00ean v\u00e0 t\u1ea1o ra hi\u1ec7u \u1ee9ng l\u1ea5p l\u00e1nh do ph\u1ea3n chi\u1ebfu. {:}\" \/>\n<meta property=\"og:url\" content=\"https:\/\/lovemyhome.vn\/san-pham\/chup-den-hs3284\/\" \/>\n<meta property=\"og:site_name\" content=\"Lovemyhome\" \/>\n<meta property=\"article:modified_time\" content=\"2024-01-30T08:03:56+00:00\" \/>\n<meta property=\"og:image\" content=\"https:\/\/lovemyhome.vn\/wp-content\/uploads\/2024\/01\/11.jpg\" \/>\n\t<meta property=\"og:image:width\" content=\"600\" \/>\n\t<meta property=\"og:image:height\" content=\"800\" \/>\n<meta name=\"twitter:card\" content=\"summary\" \/>\n<meta name=\"twitter:label1\" content=\"Est. reading time\" \/>\n\t<meta name=\"twitter:data1\" content=\"1 minute\" \/>\n<script type=\"application\/ld+json\" class=\"yoast-schema-graph\">{\"@context\":\"https:\/\/schema.org\",\"@graph\":[{\"@type\":\"WebSite\",\"@id\":\"https:\/\/lovemyhome.vn\/#website\",\"url\":\"https:\/\/lovemyhome.vn\/\",\"name\":\"Lovemyhome\",\"description\":\"t\\u00f4i y\\u00eau nh\\u00e0 t\\u00f4i\",\"potentialAction\":[{\"@type\":\"SearchAction\",\"target\":{\"@type\":\"EntryPoint\",\"urlTemplate\":\"https:\/\/lovemyhome.vn\/?s={search_term_string}\"},\"query-input\":\"required name=search_term_string\"}],\"inLanguage\":\"en-US\"},{\"@type\":\"ImageObject\",\"@id\":\"https:\/\/lovemyhome.vn\/san-pham\/chup-den-hs3284\/#primaryimage\",\"inLanguage\":\"en-US\",\"url\":\"https:\/\/lovemyhome.vn\/wp-content\/uploads\/2024\/01\/11.jpg\",\"contentUrl\":\"https:\/\/lovemyhome.vn\/wp-content\/uploads\/2024\/01\/11.jpg\",\"width\":600,\"height\":800,\"caption\":\"CH\\u1ee4P \\u0110\\u00c8N TH\\u1ee6Y TINH MINI ROUND TRONG SU\\u1ed0T\"},{\"@type\":\"WebPage\",\"@id\":\"https:\/\/lovemyhome.vn\/san-pham\/chup-den-hs3284\/#webpage\",\"url\":\"https:\/\/lovemyhome.vn\/san-pham\/chup-den-hs3284\/\",\"name\":\"(Ti\\u1ebfng Vi\\u1ec7t) CH\\u1ee4P \\u0110\\u00c8N TH\\u1ee6Y TINH MINI ROUND TRONG SU\\u1ed0T - Lovemyhome\",\"isPartOf\":{\"@id\":\"https:\/\/lovemyhome.vn\/#website\"},\"primaryImageOfPage\":{\"@id\":\"https:\/\/lovemyhome.vn\/san-pham\/chup-den-hs3284\/#primaryimage\"},\"datePublished\":\"2024-01-23T08:55:41+00:00\",\"dateModified\":\"2024-01-30T08:03:56+00:00\",\"description\":\"{:vi}Th\\u1ee7y tinh l\\u00e0 v\\u1eadt li\\u1ec7u cho ph\\u00e9p \\u00e1nh s\\u00e1ng \\u0111i qua. Ngay c\\u1ea3 ban ng\\u00e0y, n\\u00f3 v\\u1eabn thu \\u00e1nh s\\u00e1ng t\\u1ef1 nhi\\u00ean v\\u00e0 t\\u1ea1o ra hi\\u1ec7u \\u1ee9ng l\\u1ea5p l\\u00e1nh do ph\\u1ea3n chi\\u1ebfu. {:}\",\"breadcrumb\":{\"@id\":\"https:\/\/lovemyhome.vn\/san-pham\/chup-den-hs3284\/#breadcrumb\"},\"inLanguage\":\"en-US\",\"potentialAction\":[{\"@type\":\"ReadAction\",\"target\":[\"https:\/\/lovemyhome.vn\/san-pham\/chup-den-hs3284\/\"]}]},{\"@type\":\"BreadcrumbList\",\"@id\":\"https:\/\/lovemyhome.vn\/san-pham\/chup-den-hs3284\/#breadcrumb\",\"itemListElement\":[{\"@type\":\"ListItem\",\"position\":1,\"name\":\"Home\",\"item\":\"https:\/\/lovemyhome.vn\/\"},{\"@type\":\"ListItem\",\"position\":2,\"name\":\"S\\u1ea3n ph\\u1ea9m\",\"item\":\"https:\/\/lovemyhome.vn\/cua-hang\/\"},{\"@type\":\"ListItem\",\"position\":3,\"name\":\"CH\\u1ee4P \\u0110\\u00c8N TH\\u1ee6Y TINH MINI ROUND TRONG SU\\u1ed0T\"}]}]}<\/script>\n<!-- \/ Yoast SEO plugin. -->","yoast_head_json":{"title":"(Ti\u1ebfng Vi\u1ec7t) CH\u1ee4P \u0110\u00c8N TH\u1ee6Y TINH MINI ROUND TRONG SU\u1ed0T - Lovemyhome","description":"(Ti\u1ebfng Vi\u1ec7t) Th\u1ee7y tinh l\u00e0 v\u1eadt li\u1ec7u cho ph\u00e9p \u00e1nh s\u00e1ng \u0111i qua. Ngay c\u1ea3 ban ng\u00e0y, n\u00f3 v\u1eabn thu \u00e1nh s\u00e1ng t\u1ef1 nhi\u00ean v\u00e0 t\u1ea1o ra hi\u1ec7u \u1ee9ng l\u1ea5p l\u00e1nh do ph\u1ea3n chi\u1ebfu.","robots":{"index":"index","follow":"follow","max-snippet":"max-snippet:-1","max-image-preview":"max-image-preview:large","max-video-preview":"max-video-preview:-1"},"canonical":"https:\/\/lovemyhome.vn\/san-pham\/chup-den-hs3284\/","og_locale":"en_US","og_type":"article","og_title":"(Ti\u1ebfng Vi\u1ec7t) CH\u1ee4P \u0110\u00c8N TH\u1ee6Y TINH MINI ROUND TRONG SU\u1ed0T - Lovemyhome","og_description":"{:vi}Th\u1ee7y tinh l\u00e0 v\u1eadt li\u1ec7u cho ph\u00e9p \u00e1nh s\u00e1ng \u0111i qua. Ngay c\u1ea3 ban ng\u00e0y, n\u00f3 v\u1eabn thu \u00e1nh s\u00e1ng t\u1ef1 nhi\u00ean v\u00e0 t\u1ea1o ra hi\u1ec7u \u1ee9ng l\u1ea5p l\u00e1nh do ph\u1ea3n chi\u1ebfu. {:}","og_url":"https:\/\/lovemyhome.vn\/san-pham\/chup-den-hs3284\/","og_site_name":"Lovemyhome","article_modified_time":"2024-01-30T08:03:56+00:00","og_image":[{"width":600,"height":800,"url":"https:\/\/lovemyhome.vn\/wp-content\/uploads\/2024\/01\/11.jpg","path":"\/home\/lovemyho\/public_html\/wp-content\/uploads\/2024\/01\/11.jpg","size":"full","id":7158,"alt":"chup-den-hs3284","pixels":480000,"type":"image\/jpeg"}],"twitter_card":"summary","twitter_misc":{"Est. reading time":"1 minute"},"schema":{"@context":"https:\/\/schema.org","@graph":[{"@type":"WebSite","@id":"https:\/\/lovemyhome.vn\/#website","url":"https:\/\/lovemyhome.vn\/","name":"Lovemyhome","description":"t\u00f4i y\u00eau nh\u00e0 t\u00f4i","potentialAction":[{"@type":"SearchAction","target":{"@type":"EntryPoint","urlTemplate":"https:\/\/lovemyhome.vn\/?s={search_term_string}"},"query-input":"required name=search_term_string"}],"inLanguage":"en-US"},{"@type":"ImageObject","@id":"https:\/\/lovemyhome.vn\/san-pham\/chup-den-hs3284\/#primaryimage","inLanguage":"en-US","url":"https:\/\/lovemyhome.vn\/wp-content\/uploads\/2024\/01\/11.jpg","contentUrl":"https:\/\/lovemyhome.vn\/wp-content\/uploads\/2024\/01\/11.jpg","width":600,"height":800,"caption":"CH\u1ee4P \u0110\u00c8N TH\u1ee6Y TINH MINI ROUND TRONG SU\u1ed0T"},{"@type":"WebPage","@id":"https:\/\/lovemyhome.vn\/san-pham\/chup-den-hs3284\/#webpage","url":"https:\/\/lovemyhome.vn\/san-pham\/chup-den-hs3284\/","name":"(Ti\u1ebfng Vi\u1ec7t) CH\u1ee4P \u0110\u00c8N TH\u1ee6Y TINH MINI ROUND TRONG SU\u1ed0T - Lovemyhome","isPartOf":{"@id":"https:\/\/lovemyhome.vn\/#website"},"primaryImageOfPage":{"@id":"https:\/\/lovemyhome.vn\/san-pham\/chup-den-hs3284\/#primaryimage"},"datePublished":"2024-01-23T08:55:41+00:00","dateModified":"2024-01-30T08:03:56+00:00","description":"{:vi}Th\u1ee7y tinh l\u00e0 v\u1eadt li\u1ec7u cho ph\u00e9p \u00e1nh s\u00e1ng \u0111i qua. Ngay c\u1ea3 ban ng\u00e0y, n\u00f3 v\u1eabn thu \u00e1nh s\u00e1ng t\u1ef1 nhi\u00ean v\u00e0 t\u1ea1o ra hi\u1ec7u \u1ee9ng l\u1ea5p l\u00e1nh do ph\u1ea3n chi\u1ebfu. {:}","breadcrumb":{"@id":"https:\/\/lovemyhome.vn\/san-pham\/chup-den-hs3284\/#breadcrumb"},"inLanguage":"en-US","potentialAction":[{"@type":"ReadAction","target":["https:\/\/lovemyhome.vn\/san-pham\/chup-den-hs3284\/"]}]},{"@type":"BreadcrumbList","@id":"https:\/\/lovemyhome.vn\/san-pham\/chup-den-hs3284\/#breadcrumb","itemListElement":[{"@type":"ListItem","position":1,"name":"Home","item":"https:\/\/lovemyhome.vn\/"},{"@type":"ListItem","position":2,"name":"S\u1ea3n ph\u1ea9m","item":"https:\/\/lovemyhome.vn\/cua-hang\/"},{"@type":"ListItem","position":3,"name":"CH\u1ee4P \u0110\u00c8N TH\u1ee6Y TINH MINI ROUND TRONG SU\u1ed0T"}]}]}},"_links":{"self":[{"href":"https:\/\/lovemyhome.vn\/en\/wp-json\/wp\/v2\/product\/7157"}],"collection":[{"href":"https:\/\/lovemyhome.vn\/en\/wp-json\/wp\/v2\/product"}],"about":[{"href":"https:\/\/lovemyhome.vn\/en\/wp-json\/wp\/v2\/types\/product"}],"wp:featuredmedia":[{"embeddable":true,"href":"https:\/\/lovemyhome.vn\/en\/wp-json\/wp\/v2\/media\/7158"}],"wp:attachment":[{"href":"https:\/\/lovemyhome.vn\/en\/wp-json\/wp\/v2\/media?parent=7157"}],"curies":[{"name":"wp","href":"https:\/\/api.w.org\/{rel}","templated":true}]}}