{"id":7159,"date":"2024-01-23T16:01:29","date_gmt":"2024-01-23T09:01:29","guid":{"rendered":"https:\/\/lovemyhome.vn\/?post_type=product&#038;p=7159"},"modified":"2024-01-25T09:53:55","modified_gmt":"2024-01-25T02:53:55","slug":"chup-den-hs3239","status":"publish","type":"product","link":"https:\/\/lovemyhome.vn\/en\/san-pham\/chup-den-hs3239\/","title":{"rendered":"(Ti\u1ebfng Vi\u1ec7t) CH\u1ee4P \u0110\u00c8N \u0110\u1ed2NG PIENI CIRCLE"},"content":{"rendered":"<p class=\"qtranxs-available-languages-message qtranxs-available-languages-message-en\">Sorry, this entry is only available in <a href=\"https:\/\/lovemyhome.vn\/vi\/wp-json\/wp\/v2\/product\/7159\" class=\"qtranxs-available-language-link qtranxs-available-language-link-vi\" title=\"Ti\u1ebfng Vi\u1ec7t\">Vietnamese<\/a>.<\/p>","protected":false},"excerpt":{"rendered":"<p class=\"qtranxs-available-languages-message qtranxs-available-languages-message-en\">Sorry, this entry is only available in <a href=\"https:\/\/lovemyhome.vn\/vi\/wp-json\/wp\/v2\/product\/7159\" class=\"qtranxs-available-language-link qtranxs-available-language-link-vi\" title=\"Ti\u1ebfng Vi\u1ec7t\">Vietnamese<\/a>.<\/p>\n","protected":false},"featured_media":7160,"template":"","meta":[],"yoast_head":"<!-- This site is optimized with the Yoast SEO plugin v16.7 - https:\/\/yoast.com\/wordpress\/plugins\/seo\/ -->\n<title>(Ti\u1ebfng Vi\u1ec7t) CH\u1ee4P \u0110\u00c8N \u0110\u1ed2NG PIENI CIRCLE - Lovemyhome<\/title>\n<meta name=\"description\" content=\"(Ti\u1ebfng Vi\u1ec7t) Pieni ch\u1ee5p \u0111\u00e8n b\u1eb1ng \u0111\u1ed3ng nh\u1ecf. Tr\u00ean \u0111\u00e8n \u0111\u01b0\u1ee3c ph\u1ee7 m\u1ed9t l\u1edbp m\u1edd cao c\u1ea5p ch\u1ed1ng oxi h\u00f3a l\u00e0m ch\u1eadm \u0111i qu\u00e1 tr\u00ecnh \u0111\u1ed5i m\u00e0u c\u1ee7a \u0111\u1ed3ng theo th\u1eddi gian.\" \/>\n<meta name=\"robots\" content=\"index, follow, max-snippet:-1, max-image-preview:large, max-video-preview:-1\" \/>\n<link rel=\"canonical\" href=\"https:\/\/lovemyhome.vn\/san-pham\/chup-den-hs3239\/\" \/>\n<meta property=\"og:locale\" content=\"en_US\" \/>\n<meta property=\"og:type\" content=\"article\" \/>\n<meta property=\"og:title\" content=\"(Ti\u1ebfng Vi\u1ec7t) CH\u1ee4P \u0110\u00c8N \u0110\u1ed2NG PIENI CIRCLE - Lovemyhome\" \/>\n<meta property=\"og:description\" content=\"{:vi}Pieni ch\u1ee5p \u0111\u00e8n b\u1eb1ng \u0111\u1ed3ng nh\u1ecf. Tr\u00ean \u0111\u00e8n \u0111\u01b0\u1ee3c ph\u1ee7 m\u1ed9t l\u1edbp m\u1edd cao c\u1ea5p ch\u1ed1ng oxi h\u00f3a l\u00e0m ch\u1eadm \u0111i qu\u00e1 tr\u00ecnh \u0111\u1ed5i m\u00e0u c\u1ee7a \u0111\u1ed3ng theo th\u1eddi gian.{:}\" \/>\n<meta property=\"og:url\" content=\"https:\/\/lovemyhome.vn\/san-pham\/chup-den-hs3239\/\" \/>\n<meta property=\"og:site_name\" content=\"Lovemyhome\" \/>\n<meta property=\"article:modified_time\" content=\"2024-01-25T02:53:55+00:00\" \/>\n<meta property=\"og:image\" content=\"https:\/\/lovemyhome.vn\/wp-content\/uploads\/2024\/01\/12.jpg\" \/>\n\t<meta property=\"og:image:width\" content=\"600\" \/>\n\t<meta property=\"og:image:height\" content=\"600\" \/>\n<meta name=\"twitter:card\" content=\"summary\" \/>\n<meta name=\"twitter:label1\" content=\"Est. reading time\" \/>\n\t<meta name=\"twitter:data1\" content=\"1 minute\" \/>\n<script type=\"application\/ld+json\" class=\"yoast-schema-graph\">{\"@context\":\"https:\/\/schema.org\",\"@graph\":[{\"@type\":\"WebSite\",\"@id\":\"https:\/\/lovemyhome.vn\/#website\",\"url\":\"https:\/\/lovemyhome.vn\/\",\"name\":\"Lovemyhome\",\"description\":\"t\\u00f4i y\\u00eau nh\\u00e0 t\\u00f4i\",\"potentialAction\":[{\"@type\":\"SearchAction\",\"target\":{\"@type\":\"EntryPoint\",\"urlTemplate\":\"https:\/\/lovemyhome.vn\/?s={search_term_string}\"},\"query-input\":\"required name=search_term_string\"}],\"inLanguage\":\"en-US\"},{\"@type\":\"ImageObject\",\"@id\":\"https:\/\/lovemyhome.vn\/san-pham\/chup-den-hs3239\/#primaryimage\",\"inLanguage\":\"en-US\",\"url\":\"https:\/\/lovemyhome.vn\/wp-content\/uploads\/2024\/01\/12.jpg\",\"contentUrl\":\"https:\/\/lovemyhome.vn\/wp-content\/uploads\/2024\/01\/12.jpg\",\"width\":600,\"height\":600,\"caption\":\"CH\\u1ee4P \\u0110\\u00c8N \\u0110\\u1ed2NG PIENI CIRCLE\"},{\"@type\":\"WebPage\",\"@id\":\"https:\/\/lovemyhome.vn\/san-pham\/chup-den-hs3239\/#webpage\",\"url\":\"https:\/\/lovemyhome.vn\/san-pham\/chup-den-hs3239\/\",\"name\":\"(Ti\\u1ebfng Vi\\u1ec7t) CH\\u1ee4P \\u0110\\u00c8N \\u0110\\u1ed2NG PIENI CIRCLE - Lovemyhome\",\"isPartOf\":{\"@id\":\"https:\/\/lovemyhome.vn\/#website\"},\"primaryImageOfPage\":{\"@id\":\"https:\/\/lovemyhome.vn\/san-pham\/chup-den-hs3239\/#primaryimage\"},\"datePublished\":\"2024-01-23T09:01:29+00:00\",\"dateModified\":\"2024-01-25T02:53:55+00:00\",\"description\":\"{:vi}Pieni ch\\u1ee5p \\u0111\\u00e8n b\\u1eb1ng \\u0111\\u1ed3ng nh\\u1ecf. Tr\\u00ean \\u0111\\u00e8n \\u0111\\u01b0\\u1ee3c ph\\u1ee7 m\\u1ed9t l\\u1edbp m\\u1edd cao c\\u1ea5p ch\\u1ed1ng oxi h\\u00f3a l\\u00e0m ch\\u1eadm \\u0111i qu\\u00e1 tr\\u00ecnh \\u0111\\u1ed5i m\\u00e0u c\\u1ee7a \\u0111\\u1ed3ng theo th\\u1eddi gian.{:}\",\"breadcrumb\":{\"@id\":\"https:\/\/lovemyhome.vn\/san-pham\/chup-den-hs3239\/#breadcrumb\"},\"inLanguage\":\"en-US\",\"potentialAction\":[{\"@type\":\"ReadAction\",\"target\":[\"https:\/\/lovemyhome.vn\/san-pham\/chup-den-hs3239\/\"]}]},{\"@type\":\"BreadcrumbList\",\"@id\":\"https:\/\/lovemyhome.vn\/san-pham\/chup-den-hs3239\/#breadcrumb\",\"itemListElement\":[{\"@type\":\"ListItem\",\"position\":1,\"name\":\"Home\",\"item\":\"https:\/\/lovemyhome.vn\/\"},{\"@type\":\"ListItem\",\"position\":2,\"name\":\"S\\u1ea3n ph\\u1ea9m\",\"item\":\"https:\/\/lovemyhome.vn\/cua-hang\/\"},{\"@type\":\"ListItem\",\"position\":3,\"name\":\"CH\\u1ee4P \\u0110\\u00c8N \\u0110\\u1ed2NG PIENI CIRCLE\"}]}]}<\/script>\n<!-- \/ Yoast SEO plugin. -->","yoast_head_json":{"title":"(Ti\u1ebfng Vi\u1ec7t) CH\u1ee4P \u0110\u00c8N \u0110\u1ed2NG PIENI CIRCLE - Lovemyhome","description":"(Ti\u1ebfng Vi\u1ec7t) Pieni ch\u1ee5p \u0111\u00e8n b\u1eb1ng \u0111\u1ed3ng nh\u1ecf. Tr\u00ean \u0111\u00e8n \u0111\u01b0\u1ee3c ph\u1ee7 m\u1ed9t l\u1edbp m\u1edd cao c\u1ea5p ch\u1ed1ng oxi h\u00f3a l\u00e0m ch\u1eadm \u0111i qu\u00e1 tr\u00ecnh \u0111\u1ed5i m\u00e0u c\u1ee7a \u0111\u1ed3ng theo th\u1eddi gian.","robots":{"index":"index","follow":"follow","max-snippet":"max-snippet:-1","max-image-preview":"max-image-preview:large","max-video-preview":"max-video-preview:-1"},"canonical":"https:\/\/lovemyhome.vn\/san-pham\/chup-den-hs3239\/","og_locale":"en_US","og_type":"article","og_title":"(Ti\u1ebfng Vi\u1ec7t) CH\u1ee4P \u0110\u00c8N \u0110\u1ed2NG PIENI CIRCLE - Lovemyhome","og_description":"{:vi}Pieni ch\u1ee5p \u0111\u00e8n b\u1eb1ng \u0111\u1ed3ng nh\u1ecf. Tr\u00ean \u0111\u00e8n \u0111\u01b0\u1ee3c ph\u1ee7 m\u1ed9t l\u1edbp m\u1edd cao c\u1ea5p ch\u1ed1ng oxi h\u00f3a l\u00e0m ch\u1eadm \u0111i qu\u00e1 tr\u00ecnh \u0111\u1ed5i m\u00e0u c\u1ee7a \u0111\u1ed3ng theo th\u1eddi gian.{:}","og_url":"https:\/\/lovemyhome.vn\/san-pham\/chup-den-hs3239\/","og_site_name":"Lovemyhome","article_modified_time":"2024-01-25T02:53:55+00:00","og_image":[{"width":600,"height":600,"url":"https:\/\/lovemyhome.vn\/wp-content\/uploads\/2024\/01\/12.jpg","path":"\/home\/lovemyho\/public_html\/wp-content\/uploads\/2024\/01\/12.jpg","size":"full","id":7160,"alt":"chup-den-hs3239","pixels":360000,"type":"image\/jpeg"}],"twitter_card":"summary","twitter_misc":{"Est. reading time":"1 minute"},"schema":{"@context":"https:\/\/schema.org","@graph":[{"@type":"WebSite","@id":"https:\/\/lovemyhome.vn\/#website","url":"https:\/\/lovemyhome.vn\/","name":"Lovemyhome","description":"t\u00f4i y\u00eau nh\u00e0 t\u00f4i","potentialAction":[{"@type":"SearchAction","target":{"@type":"EntryPoint","urlTemplate":"https:\/\/lovemyhome.vn\/?s={search_term_string}"},"query-input":"required name=search_term_string"}],"inLanguage":"en-US"},{"@type":"ImageObject","@id":"https:\/\/lovemyhome.vn\/san-pham\/chup-den-hs3239\/#primaryimage","inLanguage":"en-US","url":"https:\/\/lovemyhome.vn\/wp-content\/uploads\/2024\/01\/12.jpg","contentUrl":"https:\/\/lovemyhome.vn\/wp-content\/uploads\/2024\/01\/12.jpg","width":600,"height":600,"caption":"CH\u1ee4P \u0110\u00c8N \u0110\u1ed2NG PIENI CIRCLE"},{"@type":"WebPage","@id":"https:\/\/lovemyhome.vn\/san-pham\/chup-den-hs3239\/#webpage","url":"https:\/\/lovemyhome.vn\/san-pham\/chup-den-hs3239\/","name":"(Ti\u1ebfng Vi\u1ec7t) CH\u1ee4P \u0110\u00c8N \u0110\u1ed2NG PIENI CIRCLE - Lovemyhome","isPartOf":{"@id":"https:\/\/lovemyhome.vn\/#website"},"primaryImageOfPage":{"@id":"https:\/\/lovemyhome.vn\/san-pham\/chup-den-hs3239\/#primaryimage"},"datePublished":"2024-01-23T09:01:29+00:00","dateModified":"2024-01-25T02:53:55+00:00","description":"{:vi}Pieni ch\u1ee5p \u0111\u00e8n b\u1eb1ng \u0111\u1ed3ng nh\u1ecf. Tr\u00ean \u0111\u00e8n \u0111\u01b0\u1ee3c ph\u1ee7 m\u1ed9t l\u1edbp m\u1edd cao c\u1ea5p ch\u1ed1ng oxi h\u00f3a l\u00e0m ch\u1eadm \u0111i qu\u00e1 tr\u00ecnh \u0111\u1ed5i m\u00e0u c\u1ee7a \u0111\u1ed3ng theo th\u1eddi gian.{:}","breadcrumb":{"@id":"https:\/\/lovemyhome.vn\/san-pham\/chup-den-hs3239\/#breadcrumb"},"inLanguage":"en-US","potentialAction":[{"@type":"ReadAction","target":["https:\/\/lovemyhome.vn\/san-pham\/chup-den-hs3239\/"]}]},{"@type":"BreadcrumbList","@id":"https:\/\/lovemyhome.vn\/san-pham\/chup-den-hs3239\/#breadcrumb","itemListElement":[{"@type":"ListItem","position":1,"name":"Home","item":"https:\/\/lovemyhome.vn\/"},{"@type":"ListItem","position":2,"name":"S\u1ea3n ph\u1ea9m","item":"https:\/\/lovemyhome.vn\/cua-hang\/"},{"@type":"ListItem","position":3,"name":"CH\u1ee4P \u0110\u00c8N \u0110\u1ed2NG PIENI CIRCLE"}]}]}},"_links":{"self":[{"href":"https:\/\/lovemyhome.vn\/en\/wp-json\/wp\/v2\/product\/7159"}],"collection":[{"href":"https:\/\/lovemyhome.vn\/en\/wp-json\/wp\/v2\/product"}],"about":[{"href":"https:\/\/lovemyhome.vn\/en\/wp-json\/wp\/v2\/types\/product"}],"wp:featuredmedia":[{"embeddable":true,"href":"https:\/\/lovemyhome.vn\/en\/wp-json\/wp\/v2\/media\/7160"}],"wp:attachment":[{"href":"https:\/\/lovemyhome.vn\/en\/wp-json\/wp\/v2\/media?parent=7159"}],"curies":[{"name":"wp","href":"https:\/\/api.w.org\/{rel}","templated":true}]}}