{"id":7173,"date":"2024-01-24T09:37:23","date_gmt":"2024-01-24T02:37:23","guid":{"rendered":"https:\/\/lovemyhome.vn\/?post_type=product&#038;p=7173"},"modified":"2024-02-01T13:48:57","modified_gmt":"2024-02-01T06:48:57","slug":"bo-duoi-den-hs3484","status":"publish","type":"product","link":"https:\/\/lovemyhome.vn\/en\/san-pham\/bo-duoi-den-hs3484\/","title":{"rendered":"(Ti\u1ebfng Vi\u1ec7t) B\u1ed8 \u0110U\u00d4I \u0110\u00c8N LED E14 C\u00d3 PH\u00cdCH C\u1eaeM V\u00c0 C\u00d4NG T\u1eaeC 250cm"},"content":{"rendered":"<p class=\"qtranxs-available-languages-message qtranxs-available-languages-message-en\">Sorry, this entry is only available in <a href=\"https:\/\/lovemyhome.vn\/vi\/wp-json\/wp\/v2\/product\/7173\" class=\"qtranxs-available-language-link qtranxs-available-language-link-vi\" title=\"Ti\u1ebfng Vi\u1ec7t\">Vietnamese<\/a>.<\/p>","protected":false},"excerpt":{"rendered":"<p>Sorry, this entry is only available in Vietnamese.<\/p>\n","protected":false},"featured_media":7174,"template":"","meta":[],"yoast_head":"<!-- This site is optimized with the Yoast SEO plugin v16.7 - https:\/\/yoast.com\/wordpress\/plugins\/seo\/ -->\n<title>(Ti\u1ebfng Vi\u1ec7t) B\u1ed8 \u0110U\u00d4I \u0110\u00c8N LED E14 C\u00d3 PH\u00cdCH C\u1eaeM V\u00c0 C\u00d4NG T\u1eaeC 250cm - Lovemyhome<\/title>\n<meta name=\"description\" content=\"(Ti\u1ebfng Vi\u1ec7t) \u0110\u00e2y l\u00e0 b\u1ed9 ph\u1eadn k\u1ebft h\u1ee3p v\u1edbi ch\u1ee5p \u0111\u00e8n t\u1ea1o th\u00e0nh ho\u00e0n ch\u1ec9nh m\u1ed9t s\u1ea3n ph\u1ea9m \u0111\u00e8n treo tr\u1ea7n, V\u1edbi b\u1ed9 \u0111u\u00f4i \u0111\u00e8n tr\u00ean b\u1ea1n c\u00f3 th\u1ec3 s\u1eed d\u1ee5ng theo hai c\u00e1ch: &quot;c\u1ed1 \u0111\u1ecbnh 3 \u0111i\u1ec3m&quot; v\u00e0 &quot;c\u1ed1 \u0111\u1ecbnh k\u1eb9p gi\u1eefa&quot;.\" \/>\n<meta name=\"robots\" content=\"index, follow, max-snippet:-1, max-image-preview:large, max-video-preview:-1\" \/>\n<link rel=\"canonical\" href=\"https:\/\/lovemyhome.vn\/san-pham\/bo-duoi-den-hs3484\/\" \/>\n<meta property=\"og:locale\" content=\"en_US\" \/>\n<meta property=\"og:type\" content=\"article\" \/>\n<meta property=\"og:title\" content=\"(Ti\u1ebfng Vi\u1ec7t) B\u1ed8 \u0110U\u00d4I \u0110\u00c8N LED E14 C\u00d3 PH\u00cdCH C\u1eaeM V\u00c0 C\u00d4NG T\u1eaeC 250cm - Lovemyhome\" \/>\n<meta property=\"og:description\" content=\"{:vi}\u0110\u00e2y l\u00e0 b\u1ed9 ph\u1eadn k\u1ebft h\u1ee3p v\u1edbi ch\u1ee5p \u0111\u00e8n t\u1ea1o th\u00e0nh ho\u00e0n ch\u1ec9nh m\u1ed9t s\u1ea3n ph\u1ea9m \u0111\u00e8n treo tr\u1ea7n, V\u1edbi b\u1ed9 \u0111u\u00f4i \u0111\u00e8n tr\u00ean b\u1ea1n c\u00f3 th\u1ec3 s\u1eed d\u1ee5ng theo hai c\u00e1ch: &quot;c\u1ed1 \u0111\u1ecbnh 3 \u0111i\u1ec3m&quot; v\u00e0 &quot;c\u1ed1 \u0111\u1ecbnh k\u1eb9p gi\u1eefa&quot;.{:}\" \/>\n<meta property=\"og:url\" content=\"https:\/\/lovemyhome.vn\/san-pham\/bo-duoi-den-hs3484\/\" \/>\n<meta property=\"og:site_name\" content=\"Lovemyhome\" \/>\n<meta property=\"article:modified_time\" content=\"2024-02-01T06:48:57+00:00\" \/>\n<meta property=\"og:image\" content=\"https:\/\/lovemyhome.vn\/wp-content\/uploads\/2024\/01\/18.jpg\" \/>\n\t<meta property=\"og:image:width\" content=\"600\" \/>\n\t<meta property=\"og:image:height\" content=\"800\" \/>\n<meta name=\"twitter:card\" content=\"summary\" \/>\n<meta name=\"twitter:label1\" content=\"Est. reading time\" \/>\n\t<meta name=\"twitter:data1\" content=\"1 minute\" \/>\n<script type=\"application\/ld+json\" class=\"yoast-schema-graph\">{\"@context\":\"https:\/\/schema.org\",\"@graph\":[{\"@type\":\"WebSite\",\"@id\":\"https:\/\/lovemyhome.vn\/#website\",\"url\":\"https:\/\/lovemyhome.vn\/\",\"name\":\"Lovemyhome\",\"description\":\"t\\u00f4i y\\u00eau nh\\u00e0 t\\u00f4i\",\"potentialAction\":[{\"@type\":\"SearchAction\",\"target\":{\"@type\":\"EntryPoint\",\"urlTemplate\":\"https:\/\/lovemyhome.vn\/?s={search_term_string}\"},\"query-input\":\"required name=search_term_string\"}],\"inLanguage\":\"en-US\"},{\"@type\":\"ImageObject\",\"@id\":\"https:\/\/lovemyhome.vn\/san-pham\/bo-duoi-den-hs3484\/#primaryimage\",\"inLanguage\":\"en-US\",\"url\":\"https:\/\/lovemyhome.vn\/wp-content\/uploads\/2024\/01\/18.jpg\",\"contentUrl\":\"https:\/\/lovemyhome.vn\/wp-content\/uploads\/2024\/01\/18.jpg\",\"width\":600,\"height\":800},{\"@type\":\"WebPage\",\"@id\":\"https:\/\/lovemyhome.vn\/san-pham\/bo-duoi-den-hs3484\/#webpage\",\"url\":\"https:\/\/lovemyhome.vn\/san-pham\/bo-duoi-den-hs3484\/\",\"name\":\"(Ti\\u1ebfng Vi\\u1ec7t) B\\u1ed8 \\u0110U\\u00d4I \\u0110\\u00c8N LED E14 C\\u00d3 PH\\u00cdCH C\\u1eaeM V\\u00c0 C\\u00d4NG T\\u1eaeC 250cm - Lovemyhome\",\"isPartOf\":{\"@id\":\"https:\/\/lovemyhome.vn\/#website\"},\"primaryImageOfPage\":{\"@id\":\"https:\/\/lovemyhome.vn\/san-pham\/bo-duoi-den-hs3484\/#primaryimage\"},\"datePublished\":\"2024-01-24T02:37:23+00:00\",\"dateModified\":\"2024-02-01T06:48:57+00:00\",\"description\":\"{:vi}\\u0110\\u00e2y l\\u00e0 b\\u1ed9 ph\\u1eadn k\\u1ebft h\\u1ee3p v\\u1edbi ch\\u1ee5p \\u0111\\u00e8n t\\u1ea1o th\\u00e0nh ho\\u00e0n ch\\u1ec9nh m\\u1ed9t s\\u1ea3n ph\\u1ea9m \\u0111\\u00e8n treo tr\\u1ea7n, V\\u1edbi b\\u1ed9 \\u0111u\\u00f4i \\u0111\\u00e8n tr\\u00ean b\\u1ea1n c\\u00f3 th\\u1ec3 s\\u1eed d\\u1ee5ng theo hai c\\u00e1ch: \\\"c\\u1ed1 \\u0111\\u1ecbnh 3 \\u0111i\\u1ec3m\\\" v\\u00e0 \\\"c\\u1ed1 \\u0111\\u1ecbnh k\\u1eb9p gi\\u1eefa\\\".{:}\",\"breadcrumb\":{\"@id\":\"https:\/\/lovemyhome.vn\/san-pham\/bo-duoi-den-hs3484\/#breadcrumb\"},\"inLanguage\":\"en-US\",\"potentialAction\":[{\"@type\":\"ReadAction\",\"target\":[\"https:\/\/lovemyhome.vn\/san-pham\/bo-duoi-den-hs3484\/\"]}]},{\"@type\":\"BreadcrumbList\",\"@id\":\"https:\/\/lovemyhome.vn\/san-pham\/bo-duoi-den-hs3484\/#breadcrumb\",\"itemListElement\":[{\"@type\":\"ListItem\",\"position\":1,\"name\":\"Home\",\"item\":\"https:\/\/lovemyhome.vn\/\"},{\"@type\":\"ListItem\",\"position\":2,\"name\":\"S\\u1ea3n ph\\u1ea9m\",\"item\":\"https:\/\/lovemyhome.vn\/cua-hang\/\"},{\"@type\":\"ListItem\",\"position\":3,\"name\":\"B\\u1ed8 \\u0110U\\u00d4I \\u0110\\u00c8N LED E14 C\\u00d3 PH\\u00cdCH C\\u1eaeM V\\u00c0 C\\u00d4NG T\\u1eaeC 250cm\"}]}]}<\/script>\n<!-- \/ Yoast SEO plugin. -->","yoast_head_json":{"title":"(Ti\u1ebfng Vi\u1ec7t) B\u1ed8 \u0110U\u00d4I \u0110\u00c8N LED E14 C\u00d3 PH\u00cdCH C\u1eaeM V\u00c0 C\u00d4NG T\u1eaeC 250cm - Lovemyhome","description":"(Ti\u1ebfng Vi\u1ec7t) \u0110\u00e2y l\u00e0 b\u1ed9 ph\u1eadn k\u1ebft h\u1ee3p v\u1edbi ch\u1ee5p \u0111\u00e8n t\u1ea1o th\u00e0nh ho\u00e0n ch\u1ec9nh m\u1ed9t s\u1ea3n ph\u1ea9m \u0111\u00e8n treo tr\u1ea7n, V\u1edbi b\u1ed9 \u0111u\u00f4i \u0111\u00e8n tr\u00ean b\u1ea1n c\u00f3 th\u1ec3 s\u1eed d\u1ee5ng theo hai c\u00e1ch: \"c\u1ed1 \u0111\u1ecbnh 3 \u0111i\u1ec3m\" v\u00e0 \"c\u1ed1 \u0111\u1ecbnh k\u1eb9p gi\u1eefa\".","robots":{"index":"index","follow":"follow","max-snippet":"max-snippet:-1","max-image-preview":"max-image-preview:large","max-video-preview":"max-video-preview:-1"},"canonical":"https:\/\/lovemyhome.vn\/san-pham\/bo-duoi-den-hs3484\/","og_locale":"en_US","og_type":"article","og_title":"(Ti\u1ebfng Vi\u1ec7t) B\u1ed8 \u0110U\u00d4I \u0110\u00c8N LED E14 C\u00d3 PH\u00cdCH C\u1eaeM V\u00c0 C\u00d4NG T\u1eaeC 250cm - Lovemyhome","og_description":"{:vi}\u0110\u00e2y l\u00e0 b\u1ed9 ph\u1eadn k\u1ebft h\u1ee3p v\u1edbi ch\u1ee5p \u0111\u00e8n t\u1ea1o th\u00e0nh ho\u00e0n ch\u1ec9nh m\u1ed9t s\u1ea3n ph\u1ea9m \u0111\u00e8n treo tr\u1ea7n, V\u1edbi b\u1ed9 \u0111u\u00f4i \u0111\u00e8n tr\u00ean b\u1ea1n c\u00f3 th\u1ec3 s\u1eed d\u1ee5ng theo hai c\u00e1ch: \"c\u1ed1 \u0111\u1ecbnh 3 \u0111i\u1ec3m\" v\u00e0 \"c\u1ed1 \u0111\u1ecbnh k\u1eb9p gi\u1eefa\".{:}","og_url":"https:\/\/lovemyhome.vn\/san-pham\/bo-duoi-den-hs3484\/","og_site_name":"Lovemyhome","article_modified_time":"2024-02-01T06:48:57+00:00","og_image":[{"width":600,"height":800,"url":"https:\/\/lovemyhome.vn\/wp-content\/uploads\/2024\/01\/18.jpg","path":"\/home\/lovemyho\/public_html\/wp-content\/uploads\/2024\/01\/18.jpg","size":"full","id":7174,"alt":"","pixels":480000,"type":"image\/jpeg"}],"twitter_card":"summary","twitter_misc":{"Est. reading time":"1 minute"},"schema":{"@context":"https:\/\/schema.org","@graph":[{"@type":"WebSite","@id":"https:\/\/lovemyhome.vn\/#website","url":"https:\/\/lovemyhome.vn\/","name":"Lovemyhome","description":"t\u00f4i y\u00eau nh\u00e0 t\u00f4i","potentialAction":[{"@type":"SearchAction","target":{"@type":"EntryPoint","urlTemplate":"https:\/\/lovemyhome.vn\/?s={search_term_string}"},"query-input":"required name=search_term_string"}],"inLanguage":"en-US"},{"@type":"ImageObject","@id":"https:\/\/lovemyhome.vn\/san-pham\/bo-duoi-den-hs3484\/#primaryimage","inLanguage":"en-US","url":"https:\/\/lovemyhome.vn\/wp-content\/uploads\/2024\/01\/18.jpg","contentUrl":"https:\/\/lovemyhome.vn\/wp-content\/uploads\/2024\/01\/18.jpg","width":600,"height":800},{"@type":"WebPage","@id":"https:\/\/lovemyhome.vn\/san-pham\/bo-duoi-den-hs3484\/#webpage","url":"https:\/\/lovemyhome.vn\/san-pham\/bo-duoi-den-hs3484\/","name":"(Ti\u1ebfng Vi\u1ec7t) B\u1ed8 \u0110U\u00d4I \u0110\u00c8N LED E14 C\u00d3 PH\u00cdCH C\u1eaeM V\u00c0 C\u00d4NG T\u1eaeC 250cm - Lovemyhome","isPartOf":{"@id":"https:\/\/lovemyhome.vn\/#website"},"primaryImageOfPage":{"@id":"https:\/\/lovemyhome.vn\/san-pham\/bo-duoi-den-hs3484\/#primaryimage"},"datePublished":"2024-01-24T02:37:23+00:00","dateModified":"2024-02-01T06:48:57+00:00","description":"{:vi}\u0110\u00e2y l\u00e0 b\u1ed9 ph\u1eadn k\u1ebft h\u1ee3p v\u1edbi ch\u1ee5p \u0111\u00e8n t\u1ea1o th\u00e0nh ho\u00e0n ch\u1ec9nh m\u1ed9t s\u1ea3n ph\u1ea9m \u0111\u00e8n treo tr\u1ea7n, V\u1edbi b\u1ed9 \u0111u\u00f4i \u0111\u00e8n tr\u00ean b\u1ea1n c\u00f3 th\u1ec3 s\u1eed d\u1ee5ng theo hai c\u00e1ch: \"c\u1ed1 \u0111\u1ecbnh 3 \u0111i\u1ec3m\" v\u00e0 \"c\u1ed1 \u0111\u1ecbnh k\u1eb9p gi\u1eefa\".{:}","breadcrumb":{"@id":"https:\/\/lovemyhome.vn\/san-pham\/bo-duoi-den-hs3484\/#breadcrumb"},"inLanguage":"en-US","potentialAction":[{"@type":"ReadAction","target":["https:\/\/lovemyhome.vn\/san-pham\/bo-duoi-den-hs3484\/"]}]},{"@type":"BreadcrumbList","@id":"https:\/\/lovemyhome.vn\/san-pham\/bo-duoi-den-hs3484\/#breadcrumb","itemListElement":[{"@type":"ListItem","position":1,"name":"Home","item":"https:\/\/lovemyhome.vn\/"},{"@type":"ListItem","position":2,"name":"S\u1ea3n ph\u1ea9m","item":"https:\/\/lovemyhome.vn\/cua-hang\/"},{"@type":"ListItem","position":3,"name":"B\u1ed8 \u0110U\u00d4I \u0110\u00c8N LED E14 C\u00d3 PH\u00cdCH C\u1eaeM V\u00c0 C\u00d4NG T\u1eaeC 250cm"}]}]}},"_links":{"self":[{"href":"https:\/\/lovemyhome.vn\/en\/wp-json\/wp\/v2\/product\/7173"}],"collection":[{"href":"https:\/\/lovemyhome.vn\/en\/wp-json\/wp\/v2\/product"}],"about":[{"href":"https:\/\/lovemyhome.vn\/en\/wp-json\/wp\/v2\/types\/product"}],"wp:featuredmedia":[{"embeddable":true,"href":"https:\/\/lovemyhome.vn\/en\/wp-json\/wp\/v2\/media\/7174"}],"wp:attachment":[{"href":"https:\/\/lovemyhome.vn\/en\/wp-json\/wp\/v2\/media?parent=7173"}],"curies":[{"name":"wp","href":"https:\/\/api.w.org\/{rel}","templated":true}]}}