{"id":7181,"date":"2024-01-24T09:49:00","date_gmt":"2024-01-24T02:49:00","guid":{"rendered":"https:\/\/lovemyhome.vn\/?post_type=product&#038;p=7181"},"modified":"2024-01-30T14:21:58","modified_gmt":"2024-01-30T07:21:58","slug":"chup-den-hsn420","status":"publish","type":"product","link":"https:\/\/lovemyhome.vn\/en\/san-pham\/chup-den-hsn420\/","title":{"rendered":"(Ti\u1ebfng Vi\u1ec7t) CH\u1ee4P \u0110\u00c8N S\u1eaeT MINI \u0110EN"},"content":{"rendered":"<p class=\"qtranxs-available-languages-message qtranxs-available-languages-message-en\">Sorry, this entry is only available in <a href=\"https:\/\/lovemyhome.vn\/vi\/wp-json\/wp\/v2\/product\/7181\" class=\"qtranxs-available-language-link qtranxs-available-language-link-vi\" title=\"Ti\u1ebfng Vi\u1ec7t\">Vietnamese<\/a>.<\/p>","protected":false},"excerpt":{"rendered":"<p class=\"qtranxs-available-languages-message qtranxs-available-languages-message-en\">Sorry, this entry is only available in <a href=\"https:\/\/lovemyhome.vn\/vi\/wp-json\/wp\/v2\/product\/7181\" class=\"qtranxs-available-language-link qtranxs-available-language-link-vi\" title=\"Ti\u1ebfng Vi\u1ec7t\">Vietnamese<\/a>.<\/p>\n","protected":false},"featured_media":7182,"template":"","meta":[],"yoast_head":"<!-- This site is optimized with the Yoast SEO plugin v16.7 - https:\/\/yoast.com\/wordpress\/plugins\/seo\/ -->\n<title>(Ti\u1ebfng Vi\u1ec7t) CH\u1ee4P \u0110\u00c8N S\u1eaeT MINI \u0110EN - Lovemyhome<\/title>\n<meta name=\"description\" content=\"(Ti\u1ebfng Vi\u1ec7t) Ch\u1ee5p \u0111\u00e8n s\u1eaft mini \u0111en ch\u1ea5t l\u00ec t\u1ed1i gi\u1ea3n hi\u1ec7n \u0111\u1ea1i v\u00e0 m\u1ed9t ch\u00fat ho\u00e0i c\u1ed5, ph\u00f9 h\u1ee3p v\u1edbi phong c\u00e1ch n\u1ed9i th\u1ea5t th\u1ecbnh h\u00e0nh trong th\u1eddi gian g\u1ea7n \u0111\u00e2y.\" \/>\n<meta name=\"robots\" content=\"index, follow, max-snippet:-1, max-image-preview:large, max-video-preview:-1\" \/>\n<link rel=\"canonical\" href=\"https:\/\/lovemyhome.vn\/san-pham\/chup-den-hsn420\/\" \/>\n<meta property=\"og:locale\" content=\"en_US\" \/>\n<meta property=\"og:type\" content=\"article\" \/>\n<meta property=\"og:title\" content=\"(Ti\u1ebfng Vi\u1ec7t) CH\u1ee4P \u0110\u00c8N S\u1eaeT MINI \u0110EN - Lovemyhome\" \/>\n<meta property=\"og:description\" content=\"{:vi}Ch\u1ee5p \u0111\u00e8n s\u1eaft mini \u0111en ch\u1ea5t l\u00ec t\u1ed1i gi\u1ea3n hi\u1ec7n \u0111\u1ea1i v\u00e0 m\u1ed9t ch\u00fat ho\u00e0i c\u1ed5, ph\u00f9 h\u1ee3p v\u1edbi phong c\u00e1ch n\u1ed9i th\u1ea5t th\u1ecbnh h\u00e0nh trong th\u1eddi gian g\u1ea7n \u0111\u00e2y.{:}\" \/>\n<meta property=\"og:url\" content=\"https:\/\/lovemyhome.vn\/san-pham\/chup-den-hsn420\/\" \/>\n<meta property=\"og:site_name\" content=\"Lovemyhome\" \/>\n<meta property=\"article:modified_time\" content=\"2024-01-30T07:21:58+00:00\" \/>\n<meta property=\"og:image\" content=\"https:\/\/lovemyhome.vn\/wp-content\/uploads\/2024\/01\/22.jpg\" \/>\n\t<meta property=\"og:image:width\" content=\"600\" \/>\n\t<meta property=\"og:image:height\" content=\"600\" \/>\n<meta name=\"twitter:card\" content=\"summary\" \/>\n<meta name=\"twitter:label1\" content=\"Est. reading time\" \/>\n\t<meta name=\"twitter:data1\" content=\"2 minutes\" \/>\n<script type=\"application\/ld+json\" class=\"yoast-schema-graph\">{\"@context\":\"https:\/\/schema.org\",\"@graph\":[{\"@type\":\"WebSite\",\"@id\":\"https:\/\/lovemyhome.vn\/#website\",\"url\":\"https:\/\/lovemyhome.vn\/\",\"name\":\"Lovemyhome\",\"description\":\"t\\u00f4i y\\u00eau nh\\u00e0 t\\u00f4i\",\"potentialAction\":[{\"@type\":\"SearchAction\",\"target\":{\"@type\":\"EntryPoint\",\"urlTemplate\":\"https:\/\/lovemyhome.vn\/?s={search_term_string}\"},\"query-input\":\"required name=search_term_string\"}],\"inLanguage\":\"en-US\"},{\"@type\":\"ImageObject\",\"@id\":\"https:\/\/lovemyhome.vn\/san-pham\/chup-den-hsn420\/#primaryimage\",\"inLanguage\":\"en-US\",\"url\":\"https:\/\/lovemyhome.vn\/wp-content\/uploads\/2024\/01\/22.jpg\",\"contentUrl\":\"https:\/\/lovemyhome.vn\/wp-content\/uploads\/2024\/01\/22.jpg\",\"width\":600,\"height\":600,\"caption\":\"CH\\u1ee4P \\u0110\\u00c8N S\\u1eaeT MINI \\u0110EN\"},{\"@type\":\"WebPage\",\"@id\":\"https:\/\/lovemyhome.vn\/san-pham\/chup-den-hsn420\/#webpage\",\"url\":\"https:\/\/lovemyhome.vn\/san-pham\/chup-den-hsn420\/\",\"name\":\"(Ti\\u1ebfng Vi\\u1ec7t) CH\\u1ee4P \\u0110\\u00c8N S\\u1eaeT MINI \\u0110EN - Lovemyhome\",\"isPartOf\":{\"@id\":\"https:\/\/lovemyhome.vn\/#website\"},\"primaryImageOfPage\":{\"@id\":\"https:\/\/lovemyhome.vn\/san-pham\/chup-den-hsn420\/#primaryimage\"},\"datePublished\":\"2024-01-24T02:49:00+00:00\",\"dateModified\":\"2024-01-30T07:21:58+00:00\",\"description\":\"{:vi}Ch\\u1ee5p \\u0111\\u00e8n s\\u1eaft mini \\u0111en ch\\u1ea5t l\\u00ec t\\u1ed1i gi\\u1ea3n hi\\u1ec7n \\u0111\\u1ea1i v\\u00e0 m\\u1ed9t ch\\u00fat ho\\u00e0i c\\u1ed5, ph\\u00f9 h\\u1ee3p v\\u1edbi phong c\\u00e1ch n\\u1ed9i th\\u1ea5t th\\u1ecbnh h\\u00e0nh trong th\\u1eddi gian g\\u1ea7n \\u0111\\u00e2y.{:}\",\"breadcrumb\":{\"@id\":\"https:\/\/lovemyhome.vn\/san-pham\/chup-den-hsn420\/#breadcrumb\"},\"inLanguage\":\"en-US\",\"potentialAction\":[{\"@type\":\"ReadAction\",\"target\":[\"https:\/\/lovemyhome.vn\/san-pham\/chup-den-hsn420\/\"]}]},{\"@type\":\"BreadcrumbList\",\"@id\":\"https:\/\/lovemyhome.vn\/san-pham\/chup-den-hsn420\/#breadcrumb\",\"itemListElement\":[{\"@type\":\"ListItem\",\"position\":1,\"name\":\"Home\",\"item\":\"https:\/\/lovemyhome.vn\/\"},{\"@type\":\"ListItem\",\"position\":2,\"name\":\"S\\u1ea3n ph\\u1ea9m\",\"item\":\"https:\/\/lovemyhome.vn\/cua-hang\/\"},{\"@type\":\"ListItem\",\"position\":3,\"name\":\"CH\\u1ee4P \\u0110\\u00c8N S\\u1eaeT MINI \\u0110EN\"}]}]}<\/script>\n<!-- \/ Yoast SEO plugin. -->","yoast_head_json":{"title":"(Ti\u1ebfng Vi\u1ec7t) CH\u1ee4P \u0110\u00c8N S\u1eaeT MINI \u0110EN - Lovemyhome","description":"(Ti\u1ebfng Vi\u1ec7t) Ch\u1ee5p \u0111\u00e8n s\u1eaft mini \u0111en ch\u1ea5t l\u00ec t\u1ed1i gi\u1ea3n hi\u1ec7n \u0111\u1ea1i v\u00e0 m\u1ed9t ch\u00fat ho\u00e0i c\u1ed5, ph\u00f9 h\u1ee3p v\u1edbi phong c\u00e1ch n\u1ed9i th\u1ea5t th\u1ecbnh h\u00e0nh trong th\u1eddi gian g\u1ea7n \u0111\u00e2y.","robots":{"index":"index","follow":"follow","max-snippet":"max-snippet:-1","max-image-preview":"max-image-preview:large","max-video-preview":"max-video-preview:-1"},"canonical":"https:\/\/lovemyhome.vn\/san-pham\/chup-den-hsn420\/","og_locale":"en_US","og_type":"article","og_title":"(Ti\u1ebfng Vi\u1ec7t) CH\u1ee4P \u0110\u00c8N S\u1eaeT MINI \u0110EN - Lovemyhome","og_description":"{:vi}Ch\u1ee5p \u0111\u00e8n s\u1eaft mini \u0111en ch\u1ea5t l\u00ec t\u1ed1i gi\u1ea3n hi\u1ec7n \u0111\u1ea1i v\u00e0 m\u1ed9t ch\u00fat ho\u00e0i c\u1ed5, ph\u00f9 h\u1ee3p v\u1edbi phong c\u00e1ch n\u1ed9i th\u1ea5t th\u1ecbnh h\u00e0nh trong th\u1eddi gian g\u1ea7n \u0111\u00e2y.{:}","og_url":"https:\/\/lovemyhome.vn\/san-pham\/chup-den-hsn420\/","og_site_name":"Lovemyhome","article_modified_time":"2024-01-30T07:21:58+00:00","og_image":[{"width":600,"height":600,"url":"https:\/\/lovemyhome.vn\/wp-content\/uploads\/2024\/01\/22.jpg","path":"\/home\/lovemyho\/public_html\/wp-content\/uploads\/2024\/01\/22.jpg","size":"full","id":7182,"alt":"chup-den-hsn420","pixels":360000,"type":"image\/jpeg"}],"twitter_card":"summary","twitter_misc":{"Est. reading time":"2 minutes"},"schema":{"@context":"https:\/\/schema.org","@graph":[{"@type":"WebSite","@id":"https:\/\/lovemyhome.vn\/#website","url":"https:\/\/lovemyhome.vn\/","name":"Lovemyhome","description":"t\u00f4i y\u00eau nh\u00e0 t\u00f4i","potentialAction":[{"@type":"SearchAction","target":{"@type":"EntryPoint","urlTemplate":"https:\/\/lovemyhome.vn\/?s={search_term_string}"},"query-input":"required name=search_term_string"}],"inLanguage":"en-US"},{"@type":"ImageObject","@id":"https:\/\/lovemyhome.vn\/san-pham\/chup-den-hsn420\/#primaryimage","inLanguage":"en-US","url":"https:\/\/lovemyhome.vn\/wp-content\/uploads\/2024\/01\/22.jpg","contentUrl":"https:\/\/lovemyhome.vn\/wp-content\/uploads\/2024\/01\/22.jpg","width":600,"height":600,"caption":"CH\u1ee4P \u0110\u00c8N S\u1eaeT MINI \u0110EN"},{"@type":"WebPage","@id":"https:\/\/lovemyhome.vn\/san-pham\/chup-den-hsn420\/#webpage","url":"https:\/\/lovemyhome.vn\/san-pham\/chup-den-hsn420\/","name":"(Ti\u1ebfng Vi\u1ec7t) CH\u1ee4P \u0110\u00c8N S\u1eaeT MINI \u0110EN - Lovemyhome","isPartOf":{"@id":"https:\/\/lovemyhome.vn\/#website"},"primaryImageOfPage":{"@id":"https:\/\/lovemyhome.vn\/san-pham\/chup-den-hsn420\/#primaryimage"},"datePublished":"2024-01-24T02:49:00+00:00","dateModified":"2024-01-30T07:21:58+00:00","description":"{:vi}Ch\u1ee5p \u0111\u00e8n s\u1eaft mini \u0111en ch\u1ea5t l\u00ec t\u1ed1i gi\u1ea3n hi\u1ec7n \u0111\u1ea1i v\u00e0 m\u1ed9t ch\u00fat ho\u00e0i c\u1ed5, ph\u00f9 h\u1ee3p v\u1edbi phong c\u00e1ch n\u1ed9i th\u1ea5t th\u1ecbnh h\u00e0nh trong th\u1eddi gian g\u1ea7n \u0111\u00e2y.{:}","breadcrumb":{"@id":"https:\/\/lovemyhome.vn\/san-pham\/chup-den-hsn420\/#breadcrumb"},"inLanguage":"en-US","potentialAction":[{"@type":"ReadAction","target":["https:\/\/lovemyhome.vn\/san-pham\/chup-den-hsn420\/"]}]},{"@type":"BreadcrumbList","@id":"https:\/\/lovemyhome.vn\/san-pham\/chup-den-hsn420\/#breadcrumb","itemListElement":[{"@type":"ListItem","position":1,"name":"Home","item":"https:\/\/lovemyhome.vn\/"},{"@type":"ListItem","position":2,"name":"S\u1ea3n ph\u1ea9m","item":"https:\/\/lovemyhome.vn\/cua-hang\/"},{"@type":"ListItem","position":3,"name":"CH\u1ee4P \u0110\u00c8N S\u1eaeT MINI \u0110EN"}]}]}},"_links":{"self":[{"href":"https:\/\/lovemyhome.vn\/en\/wp-json\/wp\/v2\/product\/7181"}],"collection":[{"href":"https:\/\/lovemyhome.vn\/en\/wp-json\/wp\/v2\/product"}],"about":[{"href":"https:\/\/lovemyhome.vn\/en\/wp-json\/wp\/v2\/types\/product"}],"wp:featuredmedia":[{"embeddable":true,"href":"https:\/\/lovemyhome.vn\/en\/wp-json\/wp\/v2\/media\/7182"}],"wp:attachment":[{"href":"https:\/\/lovemyhome.vn\/en\/wp-json\/wp\/v2\/media?parent=7181"}],"curies":[{"name":"wp","href":"https:\/\/api.w.org\/{rel}","templated":true}]}}