{"id":7183,"date":"2024-01-24T09:50:59","date_gmt":"2024-01-24T02:50:59","guid":{"rendered":"https:\/\/lovemyhome.vn\/?post_type=product&#038;p=7183"},"modified":"2024-01-30T14:20:31","modified_gmt":"2024-01-30T07:20:31","slug":"chup-den-hsn421","status":"publish","type":"product","link":"https:\/\/lovemyhome.vn\/en\/san-pham\/chup-den-hsn421\/","title":{"rendered":"(Ti\u1ebfng Vi\u1ec7t) CH\u1ee4P \u0110\u00c8N S\u1eaeT MINI TR\u1eaeNG"},"content":{"rendered":"<p class=\"qtranxs-available-languages-message qtranxs-available-languages-message-en\">Sorry, this entry is only available in <a href=\"https:\/\/lovemyhome.vn\/vi\/wp-json\/wp\/v2\/product\/7183\" class=\"qtranxs-available-language-link qtranxs-available-language-link-vi\" title=\"Ti\u1ebfng Vi\u1ec7t\">Vietnamese<\/a>.<\/p>","protected":false},"excerpt":{"rendered":"<p class=\"qtranxs-available-languages-message qtranxs-available-languages-message-en\">Sorry, this entry is only available in <a href=\"https:\/\/lovemyhome.vn\/vi\/wp-json\/wp\/v2\/product\/7183\" class=\"qtranxs-available-language-link qtranxs-available-language-link-vi\" title=\"Ti\u1ebfng Vi\u1ec7t\">Vietnamese<\/a>.<\/p>\n","protected":false},"featured_media":7184,"template":"","meta":[],"yoast_head":"<!-- This site is optimized with the Yoast SEO plugin v16.7 - https:\/\/yoast.com\/wordpress\/plugins\/seo\/ -->\n<title>(Ti\u1ebfng Vi\u1ec7t) CH\u1ee4P \u0110\u00c8N S\u1eaeT MINI TR\u1eaeNG - Lovemyhome<\/title>\n<meta name=\"description\" content=\"(Ti\u1ebfng Vi\u1ec7t) Ch\u1ee5p \u0111\u00e8n s\u1eaft mini tr\u1eafng hi\u1ec7n \u0111\u1ea1i v\u00e0 m\u1ed9t ch\u00fat ho\u00e0i c\u1ed5, ph\u00f9 h\u1ee3p v\u1edbi phong c\u00e1ch n\u1ed9i th\u1ea5t \u0111ang r\u1ea5t th\u1ecbnh h\u00e0nh trong th\u1eddi gian g\u1ea7n \u0111\u00e2y.\" \/>\n<meta name=\"robots\" content=\"index, follow, max-snippet:-1, max-image-preview:large, max-video-preview:-1\" \/>\n<link rel=\"canonical\" href=\"https:\/\/lovemyhome.vn\/san-pham\/chup-den-hsn421\/\" \/>\n<meta property=\"og:locale\" content=\"en_US\" \/>\n<meta property=\"og:type\" content=\"article\" \/>\n<meta property=\"og:title\" content=\"(Ti\u1ebfng Vi\u1ec7t) CH\u1ee4P \u0110\u00c8N S\u1eaeT MINI TR\u1eaeNG - Lovemyhome\" \/>\n<meta property=\"og:description\" content=\"{:vi}Ch\u1ee5p \u0111\u00e8n s\u1eaft mini tr\u1eafng hi\u1ec7n \u0111\u1ea1i v\u00e0 m\u1ed9t ch\u00fat ho\u00e0i c\u1ed5, ph\u00f9 h\u1ee3p v\u1edbi phong c\u00e1ch n\u1ed9i th\u1ea5t \u0111ang r\u1ea5t th\u1ecbnh h\u00e0nh trong th\u1eddi gian g\u1ea7n \u0111\u00e2y.{:}\" \/>\n<meta property=\"og:url\" content=\"https:\/\/lovemyhome.vn\/san-pham\/chup-den-hsn421\/\" \/>\n<meta property=\"og:site_name\" content=\"Lovemyhome\" \/>\n<meta property=\"article:modified_time\" content=\"2024-01-30T07:20:31+00:00\" \/>\n<meta property=\"og:image\" content=\"https:\/\/lovemyhome.vn\/wp-content\/uploads\/2024\/01\/23.jpg\" \/>\n\t<meta property=\"og:image:width\" content=\"600\" \/>\n\t<meta property=\"og:image:height\" content=\"600\" \/>\n<meta name=\"twitter:card\" content=\"summary\" \/>\n<meta name=\"twitter:label1\" content=\"Est. reading time\" \/>\n\t<meta name=\"twitter:data1\" content=\"2 minutes\" \/>\n<script type=\"application\/ld+json\" class=\"yoast-schema-graph\">{\"@context\":\"https:\/\/schema.org\",\"@graph\":[{\"@type\":\"WebSite\",\"@id\":\"https:\/\/lovemyhome.vn\/#website\",\"url\":\"https:\/\/lovemyhome.vn\/\",\"name\":\"Lovemyhome\",\"description\":\"t\\u00f4i y\\u00eau nh\\u00e0 t\\u00f4i\",\"potentialAction\":[{\"@type\":\"SearchAction\",\"target\":{\"@type\":\"EntryPoint\",\"urlTemplate\":\"https:\/\/lovemyhome.vn\/?s={search_term_string}\"},\"query-input\":\"required name=search_term_string\"}],\"inLanguage\":\"en-US\"},{\"@type\":\"ImageObject\",\"@id\":\"https:\/\/lovemyhome.vn\/san-pham\/chup-den-hsn421\/#primaryimage\",\"inLanguage\":\"en-US\",\"url\":\"https:\/\/lovemyhome.vn\/wp-content\/uploads\/2024\/01\/23.jpg\",\"contentUrl\":\"https:\/\/lovemyhome.vn\/wp-content\/uploads\/2024\/01\/23.jpg\",\"width\":600,\"height\":600,\"caption\":\"Ch\\u1ee5p \\u0111\\u00e8n s\\u1eaft hsn421\"},{\"@type\":\"WebPage\",\"@id\":\"https:\/\/lovemyhome.vn\/san-pham\/chup-den-hsn421\/#webpage\",\"url\":\"https:\/\/lovemyhome.vn\/san-pham\/chup-den-hsn421\/\",\"name\":\"(Ti\\u1ebfng Vi\\u1ec7t) CH\\u1ee4P \\u0110\\u00c8N S\\u1eaeT MINI TR\\u1eaeNG - Lovemyhome\",\"isPartOf\":{\"@id\":\"https:\/\/lovemyhome.vn\/#website\"},\"primaryImageOfPage\":{\"@id\":\"https:\/\/lovemyhome.vn\/san-pham\/chup-den-hsn421\/#primaryimage\"},\"datePublished\":\"2024-01-24T02:50:59+00:00\",\"dateModified\":\"2024-01-30T07:20:31+00:00\",\"description\":\"{:vi}Ch\\u1ee5p \\u0111\\u00e8n s\\u1eaft mini tr\\u1eafng hi\\u1ec7n \\u0111\\u1ea1i v\\u00e0 m\\u1ed9t ch\\u00fat ho\\u00e0i c\\u1ed5, ph\\u00f9 h\\u1ee3p v\\u1edbi phong c\\u00e1ch n\\u1ed9i th\\u1ea5t \\u0111ang r\\u1ea5t th\\u1ecbnh h\\u00e0nh trong th\\u1eddi gian g\\u1ea7n \\u0111\\u00e2y.{:}\",\"breadcrumb\":{\"@id\":\"https:\/\/lovemyhome.vn\/san-pham\/chup-den-hsn421\/#breadcrumb\"},\"inLanguage\":\"en-US\",\"potentialAction\":[{\"@type\":\"ReadAction\",\"target\":[\"https:\/\/lovemyhome.vn\/san-pham\/chup-den-hsn421\/\"]}]},{\"@type\":\"BreadcrumbList\",\"@id\":\"https:\/\/lovemyhome.vn\/san-pham\/chup-den-hsn421\/#breadcrumb\",\"itemListElement\":[{\"@type\":\"ListItem\",\"position\":1,\"name\":\"Home\",\"item\":\"https:\/\/lovemyhome.vn\/\"},{\"@type\":\"ListItem\",\"position\":2,\"name\":\"S\\u1ea3n ph\\u1ea9m\",\"item\":\"https:\/\/lovemyhome.vn\/cua-hang\/\"},{\"@type\":\"ListItem\",\"position\":3,\"name\":\"CH\\u1ee4P \\u0110\\u00c8N S\\u1eaeT MINI TR\\u1eaeNG\"}]}]}<\/script>\n<!-- \/ Yoast SEO plugin. -->","yoast_head_json":{"title":"(Ti\u1ebfng Vi\u1ec7t) CH\u1ee4P \u0110\u00c8N S\u1eaeT MINI TR\u1eaeNG - Lovemyhome","description":"(Ti\u1ebfng Vi\u1ec7t) Ch\u1ee5p \u0111\u00e8n s\u1eaft mini tr\u1eafng hi\u1ec7n \u0111\u1ea1i v\u00e0 m\u1ed9t ch\u00fat ho\u00e0i c\u1ed5, ph\u00f9 h\u1ee3p v\u1edbi phong c\u00e1ch n\u1ed9i th\u1ea5t \u0111ang r\u1ea5t th\u1ecbnh h\u00e0nh trong th\u1eddi gian g\u1ea7n \u0111\u00e2y.","robots":{"index":"index","follow":"follow","max-snippet":"max-snippet:-1","max-image-preview":"max-image-preview:large","max-video-preview":"max-video-preview:-1"},"canonical":"https:\/\/lovemyhome.vn\/san-pham\/chup-den-hsn421\/","og_locale":"en_US","og_type":"article","og_title":"(Ti\u1ebfng Vi\u1ec7t) CH\u1ee4P \u0110\u00c8N S\u1eaeT MINI TR\u1eaeNG - Lovemyhome","og_description":"{:vi}Ch\u1ee5p \u0111\u00e8n s\u1eaft mini tr\u1eafng hi\u1ec7n \u0111\u1ea1i v\u00e0 m\u1ed9t ch\u00fat ho\u00e0i c\u1ed5, ph\u00f9 h\u1ee3p v\u1edbi phong c\u00e1ch n\u1ed9i th\u1ea5t \u0111ang r\u1ea5t th\u1ecbnh h\u00e0nh trong th\u1eddi gian g\u1ea7n \u0111\u00e2y.{:}","og_url":"https:\/\/lovemyhome.vn\/san-pham\/chup-den-hsn421\/","og_site_name":"Lovemyhome","article_modified_time":"2024-01-30T07:20:31+00:00","og_image":[{"width":600,"height":600,"url":"https:\/\/lovemyhome.vn\/wp-content\/uploads\/2024\/01\/23.jpg","path":"\/home\/lovemyho\/public_html\/wp-content\/uploads\/2024\/01\/23.jpg","size":"full","id":7184,"alt":"chup-den-hsn421","pixels":360000,"type":"image\/jpeg"}],"twitter_card":"summary","twitter_misc":{"Est. reading time":"2 minutes"},"schema":{"@context":"https:\/\/schema.org","@graph":[{"@type":"WebSite","@id":"https:\/\/lovemyhome.vn\/#website","url":"https:\/\/lovemyhome.vn\/","name":"Lovemyhome","description":"t\u00f4i y\u00eau nh\u00e0 t\u00f4i","potentialAction":[{"@type":"SearchAction","target":{"@type":"EntryPoint","urlTemplate":"https:\/\/lovemyhome.vn\/?s={search_term_string}"},"query-input":"required name=search_term_string"}],"inLanguage":"en-US"},{"@type":"ImageObject","@id":"https:\/\/lovemyhome.vn\/san-pham\/chup-den-hsn421\/#primaryimage","inLanguage":"en-US","url":"https:\/\/lovemyhome.vn\/wp-content\/uploads\/2024\/01\/23.jpg","contentUrl":"https:\/\/lovemyhome.vn\/wp-content\/uploads\/2024\/01\/23.jpg","width":600,"height":600,"caption":"Ch\u1ee5p \u0111\u00e8n s\u1eaft hsn421"},{"@type":"WebPage","@id":"https:\/\/lovemyhome.vn\/san-pham\/chup-den-hsn421\/#webpage","url":"https:\/\/lovemyhome.vn\/san-pham\/chup-den-hsn421\/","name":"(Ti\u1ebfng Vi\u1ec7t) CH\u1ee4P \u0110\u00c8N S\u1eaeT MINI TR\u1eaeNG - Lovemyhome","isPartOf":{"@id":"https:\/\/lovemyhome.vn\/#website"},"primaryImageOfPage":{"@id":"https:\/\/lovemyhome.vn\/san-pham\/chup-den-hsn421\/#primaryimage"},"datePublished":"2024-01-24T02:50:59+00:00","dateModified":"2024-01-30T07:20:31+00:00","description":"{:vi}Ch\u1ee5p \u0111\u00e8n s\u1eaft mini tr\u1eafng hi\u1ec7n \u0111\u1ea1i v\u00e0 m\u1ed9t ch\u00fat ho\u00e0i c\u1ed5, ph\u00f9 h\u1ee3p v\u1edbi phong c\u00e1ch n\u1ed9i th\u1ea5t \u0111ang r\u1ea5t th\u1ecbnh h\u00e0nh trong th\u1eddi gian g\u1ea7n \u0111\u00e2y.{:}","breadcrumb":{"@id":"https:\/\/lovemyhome.vn\/san-pham\/chup-den-hsn421\/#breadcrumb"},"inLanguage":"en-US","potentialAction":[{"@type":"ReadAction","target":["https:\/\/lovemyhome.vn\/san-pham\/chup-den-hsn421\/"]}]},{"@type":"BreadcrumbList","@id":"https:\/\/lovemyhome.vn\/san-pham\/chup-den-hsn421\/#breadcrumb","itemListElement":[{"@type":"ListItem","position":1,"name":"Home","item":"https:\/\/lovemyhome.vn\/"},{"@type":"ListItem","position":2,"name":"S\u1ea3n ph\u1ea9m","item":"https:\/\/lovemyhome.vn\/cua-hang\/"},{"@type":"ListItem","position":3,"name":"CH\u1ee4P \u0110\u00c8N S\u1eaeT MINI TR\u1eaeNG"}]}]}},"_links":{"self":[{"href":"https:\/\/lovemyhome.vn\/en\/wp-json\/wp\/v2\/product\/7183"}],"collection":[{"href":"https:\/\/lovemyhome.vn\/en\/wp-json\/wp\/v2\/product"}],"about":[{"href":"https:\/\/lovemyhome.vn\/en\/wp-json\/wp\/v2\/types\/product"}],"wp:featuredmedia":[{"embeddable":true,"href":"https:\/\/lovemyhome.vn\/en\/wp-json\/wp\/v2\/media\/7184"}],"wp:attachment":[{"href":"https:\/\/lovemyhome.vn\/en\/wp-json\/wp\/v2\/media?parent=7183"}],"curies":[{"name":"wp","href":"https:\/\/api.w.org\/{rel}","templated":true}]}}