{"id":7189,"date":"2024-01-24T09:57:58","date_gmt":"2024-01-24T02:57:58","guid":{"rendered":"https:\/\/lovemyhome.vn\/?post_type=product&#038;p=7189"},"modified":"2024-02-01T15:51:36","modified_gmt":"2024-02-01T08:51:36","slug":"khung-go-jo162","status":"publish","type":"product","link":"https:\/\/lovemyhome.vn\/en\/san-pham\/khung-go-jo162\/","title":{"rendered":"(Ti\u1ebfng Vi\u1ec7t) KHUNG G\u1ed6 TREO \u0110\u00c8N BOOM"},"content":{"rendered":"<p class=\"qtranxs-available-languages-message qtranxs-available-languages-message-en\">Sorry, this entry is only available in <a href=\"https:\/\/lovemyhome.vn\/vi\/wp-json\/wp\/v2\/product\/7189\" class=\"qtranxs-available-language-link qtranxs-available-language-link-vi\" title=\"Ti\u1ebfng Vi\u1ec7t\">Vietnamese<\/a>.<\/p>","protected":false},"excerpt":{"rendered":"<p class=\"qtranxs-available-languages-message qtranxs-available-languages-message-en\">Sorry, this entry is only available in <a href=\"https:\/\/lovemyhome.vn\/vi\/wp-json\/wp\/v2\/product\/7189\" class=\"qtranxs-available-language-link qtranxs-available-language-link-vi\" title=\"Ti\u1ebfng Vi\u1ec7t\">Vietnamese<\/a>.<\/p>\n","protected":false},"featured_media":7190,"template":"","meta":[],"yoast_head":"<!-- This site is optimized with the Yoast SEO plugin v16.7 - https:\/\/yoast.com\/wordpress\/plugins\/seo\/ -->\n<title>(Ti\u1ebfng Vi\u1ec7t) KHUNG G\u1ed6 TREO \u0110\u00c8N BOOM - Lovemyhome<\/title>\n<meta name=\"description\" content=\"(Ti\u1ebfng Vi\u1ec7t) Khung g\u1ed7 treo \u0111\u00e8n BOOM l\u00e0 lo\u1ea1i gi\u00e1 \u0111\u1ee1 \u0111\u00e8n treo t\u01b0\u1eddng v\u1edbi v\u00e2n g\u1ed7 \u00f3c ch\u00f3 tao nh\u00e3. Ph\u1ea7n tay gi\u00e1 \u0111\u1ee1 c\u00f3 th\u1ec3 thu g\u1ecdn ho\u1eb7c k\u00e9o d\u00e0i d\u1ec5 d\u00e0ng.\" \/>\n<meta name=\"robots\" content=\"index, follow, max-snippet:-1, max-image-preview:large, max-video-preview:-1\" \/>\n<link rel=\"canonical\" href=\"https:\/\/lovemyhome.vn\/san-pham\/khung-go-jo162\/\" \/>\n<meta property=\"og:locale\" content=\"en_US\" \/>\n<meta property=\"og:type\" content=\"article\" \/>\n<meta property=\"og:title\" content=\"(Ti\u1ebfng Vi\u1ec7t) KHUNG G\u1ed6 TREO \u0110\u00c8N BOOM - Lovemyhome\" \/>\n<meta property=\"og:description\" content=\"{:vi}Khung g\u1ed7 treo \u0111\u00e8n BOOM l\u00e0 lo\u1ea1i gi\u00e1 \u0111\u1ee1 \u0111\u00e8n treo t\u01b0\u1eddng v\u1edbi v\u00e2n g\u1ed7 \u00f3c ch\u00f3 tao nh\u00e3. Ph\u1ea7n tay gi\u00e1 \u0111\u1ee1 c\u00f3 th\u1ec3 thu g\u1ecdn ho\u1eb7c k\u00e9o d\u00e0i d\u1ec5 d\u00e0ng. {:}\" \/>\n<meta property=\"og:url\" content=\"https:\/\/lovemyhome.vn\/san-pham\/khung-go-jo162\/\" \/>\n<meta property=\"og:site_name\" content=\"Lovemyhome\" \/>\n<meta property=\"article:modified_time\" content=\"2024-02-01T08:51:36+00:00\" \/>\n<meta property=\"og:image\" content=\"https:\/\/lovemyhome.vn\/wp-content\/uploads\/2024\/01\/26.jpg\" \/>\n\t<meta property=\"og:image:width\" content=\"600\" \/>\n\t<meta property=\"og:image:height\" content=\"800\" \/>\n<meta name=\"twitter:card\" content=\"summary\" \/>\n<meta name=\"twitter:label1\" content=\"Est. reading time\" \/>\n\t<meta name=\"twitter:data1\" content=\"1 minute\" \/>\n<script type=\"application\/ld+json\" class=\"yoast-schema-graph\">{\"@context\":\"https:\/\/schema.org\",\"@graph\":[{\"@type\":\"WebSite\",\"@id\":\"https:\/\/lovemyhome.vn\/#website\",\"url\":\"https:\/\/lovemyhome.vn\/\",\"name\":\"Lovemyhome\",\"description\":\"t\\u00f4i y\\u00eau nh\\u00e0 t\\u00f4i\",\"potentialAction\":[{\"@type\":\"SearchAction\",\"target\":{\"@type\":\"EntryPoint\",\"urlTemplate\":\"https:\/\/lovemyhome.vn\/?s={search_term_string}\"},\"query-input\":\"required name=search_term_string\"}],\"inLanguage\":\"en-US\"},{\"@type\":\"ImageObject\",\"@id\":\"https:\/\/lovemyhome.vn\/san-pham\/khung-go-jo162\/#primaryimage\",\"inLanguage\":\"en-US\",\"url\":\"https:\/\/lovemyhome.vn\/wp-content\/uploads\/2024\/01\/26.jpg\",\"contentUrl\":\"https:\/\/lovemyhome.vn\/wp-content\/uploads\/2024\/01\/26.jpg\",\"width\":600,\"height\":800},{\"@type\":\"WebPage\",\"@id\":\"https:\/\/lovemyhome.vn\/san-pham\/khung-go-jo162\/#webpage\",\"url\":\"https:\/\/lovemyhome.vn\/san-pham\/khung-go-jo162\/\",\"name\":\"(Ti\\u1ebfng Vi\\u1ec7t) KHUNG G\\u1ed6 TREO \\u0110\\u00c8N BOOM - Lovemyhome\",\"isPartOf\":{\"@id\":\"https:\/\/lovemyhome.vn\/#website\"},\"primaryImageOfPage\":{\"@id\":\"https:\/\/lovemyhome.vn\/san-pham\/khung-go-jo162\/#primaryimage\"},\"datePublished\":\"2024-01-24T02:57:58+00:00\",\"dateModified\":\"2024-02-01T08:51:36+00:00\",\"description\":\"{:vi}Khung g\\u1ed7 treo \\u0111\\u00e8n BOOM l\\u00e0 lo\\u1ea1i gi\\u00e1 \\u0111\\u1ee1 \\u0111\\u00e8n treo t\\u01b0\\u1eddng v\\u1edbi v\\u00e2n g\\u1ed7 \\u00f3c ch\\u00f3 tao nh\\u00e3. Ph\\u1ea7n tay gi\\u00e1 \\u0111\\u1ee1 c\\u00f3 th\\u1ec3 thu g\\u1ecdn ho\\u1eb7c k\\u00e9o d\\u00e0i d\\u1ec5 d\\u00e0ng. {:}\",\"breadcrumb\":{\"@id\":\"https:\/\/lovemyhome.vn\/san-pham\/khung-go-jo162\/#breadcrumb\"},\"inLanguage\":\"en-US\",\"potentialAction\":[{\"@type\":\"ReadAction\",\"target\":[\"https:\/\/lovemyhome.vn\/san-pham\/khung-go-jo162\/\"]}]},{\"@type\":\"BreadcrumbList\",\"@id\":\"https:\/\/lovemyhome.vn\/san-pham\/khung-go-jo162\/#breadcrumb\",\"itemListElement\":[{\"@type\":\"ListItem\",\"position\":1,\"name\":\"Home\",\"item\":\"https:\/\/lovemyhome.vn\/\"},{\"@type\":\"ListItem\",\"position\":2,\"name\":\"S\\u1ea3n ph\\u1ea9m\",\"item\":\"https:\/\/lovemyhome.vn\/cua-hang\/\"},{\"@type\":\"ListItem\",\"position\":3,\"name\":\"KHUNG G\\u1ed6 TREO \\u0110\\u00c8N BOOM\"}]}]}<\/script>\n<!-- \/ Yoast SEO plugin. -->","yoast_head_json":{"title":"(Ti\u1ebfng Vi\u1ec7t) KHUNG G\u1ed6 TREO \u0110\u00c8N BOOM - Lovemyhome","description":"(Ti\u1ebfng Vi\u1ec7t) Khung g\u1ed7 treo \u0111\u00e8n BOOM l\u00e0 lo\u1ea1i gi\u00e1 \u0111\u1ee1 \u0111\u00e8n treo t\u01b0\u1eddng v\u1edbi v\u00e2n g\u1ed7 \u00f3c ch\u00f3 tao nh\u00e3. Ph\u1ea7n tay gi\u00e1 \u0111\u1ee1 c\u00f3 th\u1ec3 thu g\u1ecdn ho\u1eb7c k\u00e9o d\u00e0i d\u1ec5 d\u00e0ng.","robots":{"index":"index","follow":"follow","max-snippet":"max-snippet:-1","max-image-preview":"max-image-preview:large","max-video-preview":"max-video-preview:-1"},"canonical":"https:\/\/lovemyhome.vn\/san-pham\/khung-go-jo162\/","og_locale":"en_US","og_type":"article","og_title":"(Ti\u1ebfng Vi\u1ec7t) KHUNG G\u1ed6 TREO \u0110\u00c8N BOOM - Lovemyhome","og_description":"{:vi}Khung g\u1ed7 treo \u0111\u00e8n BOOM l\u00e0 lo\u1ea1i gi\u00e1 \u0111\u1ee1 \u0111\u00e8n treo t\u01b0\u1eddng v\u1edbi v\u00e2n g\u1ed7 \u00f3c ch\u00f3 tao nh\u00e3. Ph\u1ea7n tay gi\u00e1 \u0111\u1ee1 c\u00f3 th\u1ec3 thu g\u1ecdn ho\u1eb7c k\u00e9o d\u00e0i d\u1ec5 d\u00e0ng. {:}","og_url":"https:\/\/lovemyhome.vn\/san-pham\/khung-go-jo162\/","og_site_name":"Lovemyhome","article_modified_time":"2024-02-01T08:51:36+00:00","og_image":[{"width":600,"height":800,"url":"https:\/\/lovemyhome.vn\/wp-content\/uploads\/2024\/01\/26.jpg","path":"\/home\/lovemyho\/public_html\/wp-content\/uploads\/2024\/01\/26.jpg","size":"full","id":7190,"alt":"","pixels":480000,"type":"image\/jpeg"}],"twitter_card":"summary","twitter_misc":{"Est. reading time":"1 minute"},"schema":{"@context":"https:\/\/schema.org","@graph":[{"@type":"WebSite","@id":"https:\/\/lovemyhome.vn\/#website","url":"https:\/\/lovemyhome.vn\/","name":"Lovemyhome","description":"t\u00f4i y\u00eau nh\u00e0 t\u00f4i","potentialAction":[{"@type":"SearchAction","target":{"@type":"EntryPoint","urlTemplate":"https:\/\/lovemyhome.vn\/?s={search_term_string}"},"query-input":"required name=search_term_string"}],"inLanguage":"en-US"},{"@type":"ImageObject","@id":"https:\/\/lovemyhome.vn\/san-pham\/khung-go-jo162\/#primaryimage","inLanguage":"en-US","url":"https:\/\/lovemyhome.vn\/wp-content\/uploads\/2024\/01\/26.jpg","contentUrl":"https:\/\/lovemyhome.vn\/wp-content\/uploads\/2024\/01\/26.jpg","width":600,"height":800},{"@type":"WebPage","@id":"https:\/\/lovemyhome.vn\/san-pham\/khung-go-jo162\/#webpage","url":"https:\/\/lovemyhome.vn\/san-pham\/khung-go-jo162\/","name":"(Ti\u1ebfng Vi\u1ec7t) KHUNG G\u1ed6 TREO \u0110\u00c8N BOOM - Lovemyhome","isPartOf":{"@id":"https:\/\/lovemyhome.vn\/#website"},"primaryImageOfPage":{"@id":"https:\/\/lovemyhome.vn\/san-pham\/khung-go-jo162\/#primaryimage"},"datePublished":"2024-01-24T02:57:58+00:00","dateModified":"2024-02-01T08:51:36+00:00","description":"{:vi}Khung g\u1ed7 treo \u0111\u00e8n BOOM l\u00e0 lo\u1ea1i gi\u00e1 \u0111\u1ee1 \u0111\u00e8n treo t\u01b0\u1eddng v\u1edbi v\u00e2n g\u1ed7 \u00f3c ch\u00f3 tao nh\u00e3. Ph\u1ea7n tay gi\u00e1 \u0111\u1ee1 c\u00f3 th\u1ec3 thu g\u1ecdn ho\u1eb7c k\u00e9o d\u00e0i d\u1ec5 d\u00e0ng. {:}","breadcrumb":{"@id":"https:\/\/lovemyhome.vn\/san-pham\/khung-go-jo162\/#breadcrumb"},"inLanguage":"en-US","potentialAction":[{"@type":"ReadAction","target":["https:\/\/lovemyhome.vn\/san-pham\/khung-go-jo162\/"]}]},{"@type":"BreadcrumbList","@id":"https:\/\/lovemyhome.vn\/san-pham\/khung-go-jo162\/#breadcrumb","itemListElement":[{"@type":"ListItem","position":1,"name":"Home","item":"https:\/\/lovemyhome.vn\/"},{"@type":"ListItem","position":2,"name":"S\u1ea3n ph\u1ea9m","item":"https:\/\/lovemyhome.vn\/cua-hang\/"},{"@type":"ListItem","position":3,"name":"KHUNG G\u1ed6 TREO \u0110\u00c8N BOOM"}]}]}},"_links":{"self":[{"href":"https:\/\/lovemyhome.vn\/en\/wp-json\/wp\/v2\/product\/7189"}],"collection":[{"href":"https:\/\/lovemyhome.vn\/en\/wp-json\/wp\/v2\/product"}],"about":[{"href":"https:\/\/lovemyhome.vn\/en\/wp-json\/wp\/v2\/types\/product"}],"wp:featuredmedia":[{"embeddable":true,"href":"https:\/\/lovemyhome.vn\/en\/wp-json\/wp\/v2\/media\/7190"}],"wp:attachment":[{"href":"https:\/\/lovemyhome.vn\/en\/wp-json\/wp\/v2\/media?parent=7189"}],"curies":[{"name":"wp","href":"https:\/\/api.w.org\/{rel}","templated":true}]}}