{"id":7204,"date":"2024-01-24T10:57:39","date_gmt":"2024-01-24T03:57:39","guid":{"rendered":"https:\/\/lovemyhome.vn\/?post_type=product&#038;p=7204"},"modified":"2024-01-30T15:37:47","modified_gmt":"2024-01-30T08:37:47","slug":"cong-tac-hs3321","status":"publish","type":"product","link":"https:\/\/lovemyhome.vn\/en\/san-pham\/cong-tac-hs3321\/","title":{"rendered":"(Ti\u1ebfng Vi\u1ec7t) C\u00d4NG T\u1eaeC TH\u00c9P 4"},"content":{"rendered":"<p class=\"qtranxs-available-languages-message qtranxs-available-languages-message-en\">Sorry, this entry is only available in <a href=\"https:\/\/lovemyhome.vn\/vi\/wp-json\/wp\/v2\/product\/7204\" class=\"qtranxs-available-language-link qtranxs-available-language-link-vi\" title=\"Ti\u1ebfng Vi\u1ec7t\">Vietnamese<\/a>.<\/p>","protected":false},"excerpt":{"rendered":"<p class=\"qtranxs-available-languages-message qtranxs-available-languages-message-en\">Sorry, this entry is only available in <a href=\"https:\/\/lovemyhome.vn\/vi\/wp-json\/wp\/v2\/product\/7204\" class=\"qtranxs-available-language-link qtranxs-available-language-link-vi\" title=\"Ti\u1ebfng Vi\u1ec7t\">Vietnamese<\/a>.<\/p>\n","protected":false},"featured_media":7205,"template":"","meta":[],"yoast_head":"<!-- This site is optimized with the Yoast SEO plugin v16.7 - https:\/\/yoast.com\/wordpress\/plugins\/seo\/ -->\n<title>(Ti\u1ebfng Vi\u1ec7t) C\u00d4NG T\u1eaeC TH\u00c9P 4 - Lovemyhome<\/title>\n<meta name=\"description\" content=\"(Ti\u1ebfng Vi\u1ec7t) Ph\u1ea7n \u1ed1p \u0111\u01b0\u1ee3c l\u00e0m t\u1eeb th\u00e9p kh\u00f4ng g\u1ec9 n\u00ean c\u00f3 \u0111\u1ed9 b\u1ec1n cao theo th\u1eddi gian. B\u00ean ngo\u00e0i, s\u1ea3n ph\u1ea9m \u0111\u01b0\u1ee3c gia c\u00f4ng kim lo\u1ea1i b\u00f3ng, t\u1ea1o n\u00ean v\u1ebb \u0111\u01a1n gi\u1ea3n m\u00e0 kh\u00f4ng m\u1ea5t \u0111i s\u1ef1 tinh t\u1ebf.\" \/>\n<meta name=\"robots\" content=\"index, follow, max-snippet:-1, max-image-preview:large, max-video-preview:-1\" \/>\n<link rel=\"canonical\" href=\"https:\/\/lovemyhome.vn\/san-pham\/cong-tac-hs3321\/\" \/>\n<meta property=\"og:locale\" content=\"en_US\" \/>\n<meta property=\"og:type\" content=\"article\" \/>\n<meta property=\"og:title\" content=\"(Ti\u1ebfng Vi\u1ec7t) C\u00d4NG T\u1eaeC TH\u00c9P 4 - Lovemyhome\" \/>\n<meta property=\"og:description\" content=\"{:vi}Ph\u1ea7n \u1ed1p \u0111\u01b0\u1ee3c l\u00e0m t\u1eeb th\u00e9p kh\u00f4ng g\u1ec9 n\u00ean c\u00f3 \u0111\u1ed9 b\u1ec1n cao theo th\u1eddi gian. B\u00ean ngo\u00e0i, s\u1ea3n ph\u1ea9m \u0111\u01b0\u1ee3c gia c\u00f4ng kim lo\u1ea1i b\u00f3ng, t\u1ea1o n\u00ean v\u1ebb \u0111\u01a1n gi\u1ea3n m\u00e0 kh\u00f4ng m\u1ea5t \u0111i s\u1ef1 tinh t\u1ebf.{:}\" \/>\n<meta property=\"og:url\" content=\"https:\/\/lovemyhome.vn\/san-pham\/cong-tac-hs3321\/\" \/>\n<meta property=\"og:site_name\" content=\"Lovemyhome\" \/>\n<meta property=\"article:modified_time\" content=\"2024-01-30T08:37:47+00:00\" \/>\n<meta property=\"og:image\" content=\"https:\/\/lovemyhome.vn\/wp-content\/uploads\/2024\/01\/4-1.jpg\" \/>\n\t<meta property=\"og:image:width\" content=\"600\" \/>\n\t<meta property=\"og:image:height\" content=\"600\" \/>\n<meta name=\"twitter:card\" content=\"summary\" \/>\n<meta name=\"twitter:label1\" content=\"Est. reading time\" \/>\n\t<meta name=\"twitter:data1\" content=\"2 minutes\" \/>\n<script type=\"application\/ld+json\" class=\"yoast-schema-graph\">{\"@context\":\"https:\/\/schema.org\",\"@graph\":[{\"@type\":\"WebSite\",\"@id\":\"https:\/\/lovemyhome.vn\/#website\",\"url\":\"https:\/\/lovemyhome.vn\/\",\"name\":\"Lovemyhome\",\"description\":\"t\\u00f4i y\\u00eau nh\\u00e0 t\\u00f4i\",\"potentialAction\":[{\"@type\":\"SearchAction\",\"target\":{\"@type\":\"EntryPoint\",\"urlTemplate\":\"https:\/\/lovemyhome.vn\/?s={search_term_string}\"},\"query-input\":\"required name=search_term_string\"}],\"inLanguage\":\"en-US\"},{\"@type\":\"ImageObject\",\"@id\":\"https:\/\/lovemyhome.vn\/san-pham\/cong-tac-hs3321\/#primaryimage\",\"inLanguage\":\"en-US\",\"url\":\"https:\/\/lovemyhome.vn\/wp-content\/uploads\/2024\/01\/4-1.jpg\",\"contentUrl\":\"https:\/\/lovemyhome.vn\/wp-content\/uploads\/2024\/01\/4-1.jpg\",\"width\":600,\"height\":600,\"caption\":\"C\\u00f4ng t\\u1eafc th\\u00e9p 4\"},{\"@type\":\"WebPage\",\"@id\":\"https:\/\/lovemyhome.vn\/san-pham\/cong-tac-hs3321\/#webpage\",\"url\":\"https:\/\/lovemyhome.vn\/san-pham\/cong-tac-hs3321\/\",\"name\":\"(Ti\\u1ebfng Vi\\u1ec7t) C\\u00d4NG T\\u1eaeC TH\\u00c9P 4 - Lovemyhome\",\"isPartOf\":{\"@id\":\"https:\/\/lovemyhome.vn\/#website\"},\"primaryImageOfPage\":{\"@id\":\"https:\/\/lovemyhome.vn\/san-pham\/cong-tac-hs3321\/#primaryimage\"},\"datePublished\":\"2024-01-24T03:57:39+00:00\",\"dateModified\":\"2024-01-30T08:37:47+00:00\",\"description\":\"{:vi}Ph\\u1ea7n \\u1ed1p \\u0111\\u01b0\\u1ee3c l\\u00e0m t\\u1eeb th\\u00e9p kh\\u00f4ng g\\u1ec9 n\\u00ean c\\u00f3 \\u0111\\u1ed9 b\\u1ec1n cao theo th\\u1eddi gian. B\\u00ean ngo\\u00e0i, s\\u1ea3n ph\\u1ea9m \\u0111\\u01b0\\u1ee3c gia c\\u00f4ng kim lo\\u1ea1i b\\u00f3ng, t\\u1ea1o n\\u00ean v\\u1ebb \\u0111\\u01a1n gi\\u1ea3n m\\u00e0 kh\\u00f4ng m\\u1ea5t \\u0111i s\\u1ef1 tinh t\\u1ebf.{:}\",\"breadcrumb\":{\"@id\":\"https:\/\/lovemyhome.vn\/san-pham\/cong-tac-hs3321\/#breadcrumb\"},\"inLanguage\":\"en-US\",\"potentialAction\":[{\"@type\":\"ReadAction\",\"target\":[\"https:\/\/lovemyhome.vn\/san-pham\/cong-tac-hs3321\/\"]}]},{\"@type\":\"BreadcrumbList\",\"@id\":\"https:\/\/lovemyhome.vn\/san-pham\/cong-tac-hs3321\/#breadcrumb\",\"itemListElement\":[{\"@type\":\"ListItem\",\"position\":1,\"name\":\"Home\",\"item\":\"https:\/\/lovemyhome.vn\/\"},{\"@type\":\"ListItem\",\"position\":2,\"name\":\"S\\u1ea3n ph\\u1ea9m\",\"item\":\"https:\/\/lovemyhome.vn\/cua-hang\/\"},{\"@type\":\"ListItem\",\"position\":3,\"name\":\"C\\u00d4NG T\\u1eaeC TH\\u00c9P 4\"}]}]}<\/script>\n<!-- \/ Yoast SEO plugin. -->","yoast_head_json":{"title":"(Ti\u1ebfng Vi\u1ec7t) C\u00d4NG T\u1eaeC TH\u00c9P 4 - Lovemyhome","description":"(Ti\u1ebfng Vi\u1ec7t) Ph\u1ea7n \u1ed1p \u0111\u01b0\u1ee3c l\u00e0m t\u1eeb th\u00e9p kh\u00f4ng g\u1ec9 n\u00ean c\u00f3 \u0111\u1ed9 b\u1ec1n cao theo th\u1eddi gian. B\u00ean ngo\u00e0i, s\u1ea3n ph\u1ea9m \u0111\u01b0\u1ee3c gia c\u00f4ng kim lo\u1ea1i b\u00f3ng, t\u1ea1o n\u00ean v\u1ebb \u0111\u01a1n gi\u1ea3n m\u00e0 kh\u00f4ng m\u1ea5t \u0111i s\u1ef1 tinh t\u1ebf.","robots":{"index":"index","follow":"follow","max-snippet":"max-snippet:-1","max-image-preview":"max-image-preview:large","max-video-preview":"max-video-preview:-1"},"canonical":"https:\/\/lovemyhome.vn\/san-pham\/cong-tac-hs3321\/","og_locale":"en_US","og_type":"article","og_title":"(Ti\u1ebfng Vi\u1ec7t) C\u00d4NG T\u1eaeC TH\u00c9P 4 - Lovemyhome","og_description":"{:vi}Ph\u1ea7n \u1ed1p \u0111\u01b0\u1ee3c l\u00e0m t\u1eeb th\u00e9p kh\u00f4ng g\u1ec9 n\u00ean c\u00f3 \u0111\u1ed9 b\u1ec1n cao theo th\u1eddi gian. B\u00ean ngo\u00e0i, s\u1ea3n ph\u1ea9m \u0111\u01b0\u1ee3c gia c\u00f4ng kim lo\u1ea1i b\u00f3ng, t\u1ea1o n\u00ean v\u1ebb \u0111\u01a1n gi\u1ea3n m\u00e0 kh\u00f4ng m\u1ea5t \u0111i s\u1ef1 tinh t\u1ebf.{:}","og_url":"https:\/\/lovemyhome.vn\/san-pham\/cong-tac-hs3321\/","og_site_name":"Lovemyhome","article_modified_time":"2024-01-30T08:37:47+00:00","og_image":[{"width":600,"height":600,"url":"https:\/\/lovemyhome.vn\/wp-content\/uploads\/2024\/01\/4-1.jpg","path":"\/home\/lovemyho\/public_html\/wp-content\/uploads\/2024\/01\/4-1.jpg","size":"full","id":7205,"alt":"cong-tac-hs3321","pixels":360000,"type":"image\/jpeg"}],"twitter_card":"summary","twitter_misc":{"Est. reading time":"2 minutes"},"schema":{"@context":"https:\/\/schema.org","@graph":[{"@type":"WebSite","@id":"https:\/\/lovemyhome.vn\/#website","url":"https:\/\/lovemyhome.vn\/","name":"Lovemyhome","description":"t\u00f4i y\u00eau nh\u00e0 t\u00f4i","potentialAction":[{"@type":"SearchAction","target":{"@type":"EntryPoint","urlTemplate":"https:\/\/lovemyhome.vn\/?s={search_term_string}"},"query-input":"required name=search_term_string"}],"inLanguage":"en-US"},{"@type":"ImageObject","@id":"https:\/\/lovemyhome.vn\/san-pham\/cong-tac-hs3321\/#primaryimage","inLanguage":"en-US","url":"https:\/\/lovemyhome.vn\/wp-content\/uploads\/2024\/01\/4-1.jpg","contentUrl":"https:\/\/lovemyhome.vn\/wp-content\/uploads\/2024\/01\/4-1.jpg","width":600,"height":600,"caption":"C\u00f4ng t\u1eafc th\u00e9p 4"},{"@type":"WebPage","@id":"https:\/\/lovemyhome.vn\/san-pham\/cong-tac-hs3321\/#webpage","url":"https:\/\/lovemyhome.vn\/san-pham\/cong-tac-hs3321\/","name":"(Ti\u1ebfng Vi\u1ec7t) C\u00d4NG T\u1eaeC TH\u00c9P 4 - Lovemyhome","isPartOf":{"@id":"https:\/\/lovemyhome.vn\/#website"},"primaryImageOfPage":{"@id":"https:\/\/lovemyhome.vn\/san-pham\/cong-tac-hs3321\/#primaryimage"},"datePublished":"2024-01-24T03:57:39+00:00","dateModified":"2024-01-30T08:37:47+00:00","description":"{:vi}Ph\u1ea7n \u1ed1p \u0111\u01b0\u1ee3c l\u00e0m t\u1eeb th\u00e9p kh\u00f4ng g\u1ec9 n\u00ean c\u00f3 \u0111\u1ed9 b\u1ec1n cao theo th\u1eddi gian. B\u00ean ngo\u00e0i, s\u1ea3n ph\u1ea9m \u0111\u01b0\u1ee3c gia c\u00f4ng kim lo\u1ea1i b\u00f3ng, t\u1ea1o n\u00ean v\u1ebb \u0111\u01a1n gi\u1ea3n m\u00e0 kh\u00f4ng m\u1ea5t \u0111i s\u1ef1 tinh t\u1ebf.{:}","breadcrumb":{"@id":"https:\/\/lovemyhome.vn\/san-pham\/cong-tac-hs3321\/#breadcrumb"},"inLanguage":"en-US","potentialAction":[{"@type":"ReadAction","target":["https:\/\/lovemyhome.vn\/san-pham\/cong-tac-hs3321\/"]}]},{"@type":"BreadcrumbList","@id":"https:\/\/lovemyhome.vn\/san-pham\/cong-tac-hs3321\/#breadcrumb","itemListElement":[{"@type":"ListItem","position":1,"name":"Home","item":"https:\/\/lovemyhome.vn\/"},{"@type":"ListItem","position":2,"name":"S\u1ea3n ph\u1ea9m","item":"https:\/\/lovemyhome.vn\/cua-hang\/"},{"@type":"ListItem","position":3,"name":"C\u00d4NG T\u1eaeC TH\u00c9P 4"}]}]}},"_links":{"self":[{"href":"https:\/\/lovemyhome.vn\/en\/wp-json\/wp\/v2\/product\/7204"}],"collection":[{"href":"https:\/\/lovemyhome.vn\/en\/wp-json\/wp\/v2\/product"}],"about":[{"href":"https:\/\/lovemyhome.vn\/en\/wp-json\/wp\/v2\/types\/product"}],"wp:featuredmedia":[{"embeddable":true,"href":"https:\/\/lovemyhome.vn\/en\/wp-json\/wp\/v2\/media\/7205"}],"wp:attachment":[{"href":"https:\/\/lovemyhome.vn\/en\/wp-json\/wp\/v2\/media?parent=7204"}],"curies":[{"name":"wp","href":"https:\/\/api.w.org\/{rel}","templated":true}]}}