{"id":7210,"date":"2024-01-24T11:08:27","date_gmt":"2024-01-24T04:08:27","guid":{"rendered":"https:\/\/lovemyhome.vn\/?post_type=product&#038;p=7210"},"modified":"2024-01-30T15:32:01","modified_gmt":"2024-01-30T08:32:01","slug":"cong-tac-hs2363","status":"publish","type":"product","link":"https:\/\/lovemyhome.vn\/en\/san-pham\/cong-tac-hs2363\/","title":{"rendered":"(Ti\u1ebfng Vi\u1ec7t) C\u00d4NG T\u1eaeC G\u1ed6 T\u1ea6N B\u00cc \u0110\u00d4I"},"content":{"rendered":"<p class=\"qtranxs-available-languages-message qtranxs-available-languages-message-en\">Sorry, this entry is only available in <a href=\"https:\/\/lovemyhome.vn\/vi\/wp-json\/wp\/v2\/product\/7210\" class=\"qtranxs-available-language-link qtranxs-available-language-link-vi\" title=\"Ti\u1ebfng Vi\u1ec7t\">Vietnamese<\/a>.<\/p>","protected":false},"excerpt":{"rendered":"<p class=\"qtranxs-available-languages-message qtranxs-available-languages-message-en\">Sorry, this entry is only available in <a href=\"https:\/\/lovemyhome.vn\/vi\/wp-json\/wp\/v2\/product\/7210\" class=\"qtranxs-available-language-link qtranxs-available-language-link-vi\" title=\"Ti\u1ebfng Vi\u1ec7t\">Vietnamese<\/a>.<\/p>\n","protected":false},"featured_media":7211,"template":"","meta":[],"yoast_head":"<!-- This site is optimized with the Yoast SEO plugin v16.7 - https:\/\/yoast.com\/wordpress\/plugins\/seo\/ -->\n<title>(Ti\u1ebfng Vi\u1ec7t) C\u00d4NG T\u1eaeC G\u1ed6 T\u1ea6N B\u00cc \u0110\u00d4I - Lovemyhome<\/title>\n<meta name=\"description\" content=\"(Ti\u1ebfng Vi\u1ec7t) C\u00f4ng t\u1eafc \u00e2m t\u01b0\u1eddng \u1ed1p g\u1ed7 v\u1edbi ch\u1ea5t li\u1ec7u g\u1ed7 Ash nh\u1eb9 nh\u00e0ng thanh l\u1ecbch, ph\u1ea7n c\u1ea7n g\u1ea1t \u0111\u01b0\u1ee3c l\u00e0m ho\u00e0n to\u00e0n t\u1eeb ch\u1ea5t li\u1ec7u \u0111\u1ed3ng mang h\u01a1i h\u01b0\u1edbng vintage c\u1ed5 \u0111i\u1ec3n.\" \/>\n<meta name=\"robots\" content=\"index, follow, max-snippet:-1, max-image-preview:large, max-video-preview:-1\" \/>\n<link rel=\"canonical\" href=\"https:\/\/lovemyhome.vn\/san-pham\/cong-tac-hs2363\/\" \/>\n<meta property=\"og:locale\" content=\"en_US\" \/>\n<meta property=\"og:type\" content=\"article\" \/>\n<meta property=\"og:title\" content=\"(Ti\u1ebfng Vi\u1ec7t) C\u00d4NG T\u1eaeC G\u1ed6 T\u1ea6N B\u00cc \u0110\u00d4I - Lovemyhome\" \/>\n<meta property=\"og:description\" content=\"{:vi}C\u00f4ng t\u1eafc \u00e2m t\u01b0\u1eddng \u1ed1p g\u1ed7 v\u1edbi ch\u1ea5t li\u1ec7u g\u1ed7 Ash nh\u1eb9 nh\u00e0ng thanh l\u1ecbch, ph\u1ea7n c\u1ea7n g\u1ea1t \u0111\u01b0\u1ee3c l\u00e0m ho\u00e0n to\u00e0n t\u1eeb ch\u1ea5t li\u1ec7u \u0111\u1ed3ng mang h\u01a1i h\u01b0\u1edbng vintage c\u1ed5 \u0111i\u1ec3n.{:}\" \/>\n<meta property=\"og:url\" content=\"https:\/\/lovemyhome.vn\/san-pham\/cong-tac-hs2363\/\" \/>\n<meta property=\"og:site_name\" content=\"Lovemyhome\" \/>\n<meta property=\"article:modified_time\" content=\"2024-01-30T08:32:01+00:00\" \/>\n<meta property=\"og:image\" content=\"https:\/\/lovemyhome.vn\/wp-content\/uploads\/2024\/01\/6-1.jpg\" \/>\n\t<meta property=\"og:image:width\" content=\"599\" \/>\n\t<meta property=\"og:image:height\" content=\"800\" \/>\n<meta name=\"twitter:card\" content=\"summary\" \/>\n<meta name=\"twitter:label1\" content=\"Est. reading time\" \/>\n\t<meta name=\"twitter:data1\" content=\"2 minutes\" \/>\n<script type=\"application\/ld+json\" class=\"yoast-schema-graph\">{\"@context\":\"https:\/\/schema.org\",\"@graph\":[{\"@type\":\"WebSite\",\"@id\":\"https:\/\/lovemyhome.vn\/#website\",\"url\":\"https:\/\/lovemyhome.vn\/\",\"name\":\"Lovemyhome\",\"description\":\"t\\u00f4i y\\u00eau nh\\u00e0 t\\u00f4i\",\"potentialAction\":[{\"@type\":\"SearchAction\",\"target\":{\"@type\":\"EntryPoint\",\"urlTemplate\":\"https:\/\/lovemyhome.vn\/?s={search_term_string}\"},\"query-input\":\"required name=search_term_string\"}],\"inLanguage\":\"en-US\"},{\"@type\":\"ImageObject\",\"@id\":\"https:\/\/lovemyhome.vn\/san-pham\/cong-tac-hs2363\/#primaryimage\",\"inLanguage\":\"en-US\",\"url\":\"https:\/\/lovemyhome.vn\/wp-content\/uploads\/2024\/01\/6-1.jpg\",\"contentUrl\":\"https:\/\/lovemyhome.vn\/wp-content\/uploads\/2024\/01\/6-1.jpg\",\"width\":599,\"height\":800,\"caption\":\"C\\u00f4ng t\\u1eafc g\\u1ed7 hs2363\"},{\"@type\":\"WebPage\",\"@id\":\"https:\/\/lovemyhome.vn\/san-pham\/cong-tac-hs2363\/#webpage\",\"url\":\"https:\/\/lovemyhome.vn\/san-pham\/cong-tac-hs2363\/\",\"name\":\"(Ti\\u1ebfng Vi\\u1ec7t) C\\u00d4NG T\\u1eaeC G\\u1ed6 T\\u1ea6N B\\u00cc \\u0110\\u00d4I - Lovemyhome\",\"isPartOf\":{\"@id\":\"https:\/\/lovemyhome.vn\/#website\"},\"primaryImageOfPage\":{\"@id\":\"https:\/\/lovemyhome.vn\/san-pham\/cong-tac-hs2363\/#primaryimage\"},\"datePublished\":\"2024-01-24T04:08:27+00:00\",\"dateModified\":\"2024-01-30T08:32:01+00:00\",\"description\":\"{:vi}C\\u00f4ng t\\u1eafc \\u00e2m t\\u01b0\\u1eddng \\u1ed1p g\\u1ed7 v\\u1edbi ch\\u1ea5t li\\u1ec7u g\\u1ed7 Ash nh\\u1eb9 nh\\u00e0ng thanh l\\u1ecbch, ph\\u1ea7n c\\u1ea7n g\\u1ea1t \\u0111\\u01b0\\u1ee3c l\\u00e0m ho\\u00e0n to\\u00e0n t\\u1eeb ch\\u1ea5t li\\u1ec7u \\u0111\\u1ed3ng mang h\\u01a1i h\\u01b0\\u1edbng vintage c\\u1ed5 \\u0111i\\u1ec3n.{:}\",\"breadcrumb\":{\"@id\":\"https:\/\/lovemyhome.vn\/san-pham\/cong-tac-hs2363\/#breadcrumb\"},\"inLanguage\":\"en-US\",\"potentialAction\":[{\"@type\":\"ReadAction\",\"target\":[\"https:\/\/lovemyhome.vn\/san-pham\/cong-tac-hs2363\/\"]}]},{\"@type\":\"BreadcrumbList\",\"@id\":\"https:\/\/lovemyhome.vn\/san-pham\/cong-tac-hs2363\/#breadcrumb\",\"itemListElement\":[{\"@type\":\"ListItem\",\"position\":1,\"name\":\"Home\",\"item\":\"https:\/\/lovemyhome.vn\/\"},{\"@type\":\"ListItem\",\"position\":2,\"name\":\"S\\u1ea3n ph\\u1ea9m\",\"item\":\"https:\/\/lovemyhome.vn\/cua-hang\/\"},{\"@type\":\"ListItem\",\"position\":3,\"name\":\"C\\u00d4NG T\\u1eaeC G\\u1ed6 T\\u1ea6N B\\u00cc \\u0110\\u00d4I\"}]}]}<\/script>\n<!-- \/ Yoast SEO plugin. -->","yoast_head_json":{"title":"(Ti\u1ebfng Vi\u1ec7t) C\u00d4NG T\u1eaeC G\u1ed6 T\u1ea6N B\u00cc \u0110\u00d4I - Lovemyhome","description":"(Ti\u1ebfng Vi\u1ec7t) C\u00f4ng t\u1eafc \u00e2m t\u01b0\u1eddng \u1ed1p g\u1ed7 v\u1edbi ch\u1ea5t li\u1ec7u g\u1ed7 Ash nh\u1eb9 nh\u00e0ng thanh l\u1ecbch, ph\u1ea7n c\u1ea7n g\u1ea1t \u0111\u01b0\u1ee3c l\u00e0m ho\u00e0n to\u00e0n t\u1eeb ch\u1ea5t li\u1ec7u \u0111\u1ed3ng mang h\u01a1i h\u01b0\u1edbng vintage c\u1ed5 \u0111i\u1ec3n.","robots":{"index":"index","follow":"follow","max-snippet":"max-snippet:-1","max-image-preview":"max-image-preview:large","max-video-preview":"max-video-preview:-1"},"canonical":"https:\/\/lovemyhome.vn\/san-pham\/cong-tac-hs2363\/","og_locale":"en_US","og_type":"article","og_title":"(Ti\u1ebfng Vi\u1ec7t) C\u00d4NG T\u1eaeC G\u1ed6 T\u1ea6N B\u00cc \u0110\u00d4I - Lovemyhome","og_description":"{:vi}C\u00f4ng t\u1eafc \u00e2m t\u01b0\u1eddng \u1ed1p g\u1ed7 v\u1edbi ch\u1ea5t li\u1ec7u g\u1ed7 Ash nh\u1eb9 nh\u00e0ng thanh l\u1ecbch, ph\u1ea7n c\u1ea7n g\u1ea1t \u0111\u01b0\u1ee3c l\u00e0m ho\u00e0n to\u00e0n t\u1eeb ch\u1ea5t li\u1ec7u \u0111\u1ed3ng mang h\u01a1i h\u01b0\u1edbng vintage c\u1ed5 \u0111i\u1ec3n.{:}","og_url":"https:\/\/lovemyhome.vn\/san-pham\/cong-tac-hs2363\/","og_site_name":"Lovemyhome","article_modified_time":"2024-01-30T08:32:01+00:00","og_image":[{"width":599,"height":800,"url":"https:\/\/lovemyhome.vn\/wp-content\/uploads\/2024\/01\/6-1.jpg","path":"\/home\/lovemyho\/public_html\/wp-content\/uploads\/2024\/01\/6-1.jpg","size":"full","id":7211,"alt":"cong-tac-hs2363","pixels":479200,"type":"image\/jpeg"}],"twitter_card":"summary","twitter_misc":{"Est. reading time":"2 minutes"},"schema":{"@context":"https:\/\/schema.org","@graph":[{"@type":"WebSite","@id":"https:\/\/lovemyhome.vn\/#website","url":"https:\/\/lovemyhome.vn\/","name":"Lovemyhome","description":"t\u00f4i y\u00eau nh\u00e0 t\u00f4i","potentialAction":[{"@type":"SearchAction","target":{"@type":"EntryPoint","urlTemplate":"https:\/\/lovemyhome.vn\/?s={search_term_string}"},"query-input":"required name=search_term_string"}],"inLanguage":"en-US"},{"@type":"ImageObject","@id":"https:\/\/lovemyhome.vn\/san-pham\/cong-tac-hs2363\/#primaryimage","inLanguage":"en-US","url":"https:\/\/lovemyhome.vn\/wp-content\/uploads\/2024\/01\/6-1.jpg","contentUrl":"https:\/\/lovemyhome.vn\/wp-content\/uploads\/2024\/01\/6-1.jpg","width":599,"height":800,"caption":"C\u00f4ng t\u1eafc g\u1ed7 hs2363"},{"@type":"WebPage","@id":"https:\/\/lovemyhome.vn\/san-pham\/cong-tac-hs2363\/#webpage","url":"https:\/\/lovemyhome.vn\/san-pham\/cong-tac-hs2363\/","name":"(Ti\u1ebfng Vi\u1ec7t) C\u00d4NG T\u1eaeC G\u1ed6 T\u1ea6N B\u00cc \u0110\u00d4I - Lovemyhome","isPartOf":{"@id":"https:\/\/lovemyhome.vn\/#website"},"primaryImageOfPage":{"@id":"https:\/\/lovemyhome.vn\/san-pham\/cong-tac-hs2363\/#primaryimage"},"datePublished":"2024-01-24T04:08:27+00:00","dateModified":"2024-01-30T08:32:01+00:00","description":"{:vi}C\u00f4ng t\u1eafc \u00e2m t\u01b0\u1eddng \u1ed1p g\u1ed7 v\u1edbi ch\u1ea5t li\u1ec7u g\u1ed7 Ash nh\u1eb9 nh\u00e0ng thanh l\u1ecbch, ph\u1ea7n c\u1ea7n g\u1ea1t \u0111\u01b0\u1ee3c l\u00e0m ho\u00e0n to\u00e0n t\u1eeb ch\u1ea5t li\u1ec7u \u0111\u1ed3ng mang h\u01a1i h\u01b0\u1edbng vintage c\u1ed5 \u0111i\u1ec3n.{:}","breadcrumb":{"@id":"https:\/\/lovemyhome.vn\/san-pham\/cong-tac-hs2363\/#breadcrumb"},"inLanguage":"en-US","potentialAction":[{"@type":"ReadAction","target":["https:\/\/lovemyhome.vn\/san-pham\/cong-tac-hs2363\/"]}]},{"@type":"BreadcrumbList","@id":"https:\/\/lovemyhome.vn\/san-pham\/cong-tac-hs2363\/#breadcrumb","itemListElement":[{"@type":"ListItem","position":1,"name":"Home","item":"https:\/\/lovemyhome.vn\/"},{"@type":"ListItem","position":2,"name":"S\u1ea3n ph\u1ea9m","item":"https:\/\/lovemyhome.vn\/cua-hang\/"},{"@type":"ListItem","position":3,"name":"C\u00d4NG T\u1eaeC G\u1ed6 T\u1ea6N B\u00cc \u0110\u00d4I"}]}]}},"_links":{"self":[{"href":"https:\/\/lovemyhome.vn\/en\/wp-json\/wp\/v2\/product\/7210"}],"collection":[{"href":"https:\/\/lovemyhome.vn\/en\/wp-json\/wp\/v2\/product"}],"about":[{"href":"https:\/\/lovemyhome.vn\/en\/wp-json\/wp\/v2\/types\/product"}],"wp:featuredmedia":[{"embeddable":true,"href":"https:\/\/lovemyhome.vn\/en\/wp-json\/wp\/v2\/media\/7211"}],"wp:attachment":[{"href":"https:\/\/lovemyhome.vn\/en\/wp-json\/wp\/v2\/media?parent=7210"}],"curies":[{"name":"wp","href":"https:\/\/api.w.org\/{rel}","templated":true}]}}