{"id":7231,"date":"2024-01-25T15:46:09","date_gmt":"2024-01-25T08:46:09","guid":{"rendered":"https:\/\/lovemyhome.vn\/?post_type=product&#038;p=7231"},"modified":"2024-02-23T13:54:46","modified_gmt":"2024-02-23T06:54:46","slug":"den-tha-hs3284-hs3482","status":"publish","type":"product","link":"https:\/\/lovemyhome.vn\/en\/san-pham\/den-tha-hs3284-hs3482\/","title":{"rendered":"(Sao ch\u00e9p) (Sao ch\u00e9p) (Sao ch\u00e9p) (Sao ch\u00e9p) (Sao ch\u00e9p)"},"content":{"rendered":"<p class=\"qtranxs-available-languages-message qtranxs-available-languages-message-en\">Sorry, this entry is only available in <a href=\"https:\/\/lovemyhome.vn\/vi\/wp-json\/wp\/v2\/product\/7231\" class=\"qtranxs-available-language-link qtranxs-available-language-link-vi\" title=\"Ti\u1ebfng Vi\u1ec7t\">Vietnamese<\/a>.<\/p>","protected":false},"excerpt":{"rendered":"<p class=\"qtranxs-available-languages-message qtranxs-available-languages-message-en\">Sorry, this entry is only available in <a href=\"https:\/\/lovemyhome.vn\/vi\/wp-json\/wp\/v2\/product\/7231\" class=\"qtranxs-available-language-link qtranxs-available-language-link-vi\" title=\"Ti\u1ebfng Vi\u1ec7t\">Vietnamese<\/a>.<\/p>\n","protected":false},"featured_media":7158,"template":"","meta":[],"yoast_head":"<!-- This site is optimized with the Yoast SEO plugin v16.7 - https:\/\/yoast.com\/wordpress\/plugins\/seo\/ -->\n<title>(Sao ch\u00e9p) (Sao ch\u00e9p) (Sao ch\u00e9p) (Sao ch\u00e9p) (Sao ch\u00e9p) - Lovemyhome<\/title>\n<meta name=\"description\" content=\"(Ti\u1ebfng Vi\u1ec7t) \u0110\u00e8n th\u1ea3 th\u1ee7y tinh mini round e14 trong su\u1ed1t v\u1edbi ch\u1ea5t li\u1ec7u th\u1ee7y tinh trong su\u1ed1t, n\u00f3 t\u1ea1o ra hi\u1ec7u \u1ee9ng l\u1ea5p l\u00e1nh \u0111\u1eb9p m\u1eaft khi \u00e1nh s\u00e1ng chi\u1ebfu qua.\" \/>\n<meta name=\"robots\" content=\"index, follow, max-snippet:-1, max-image-preview:large, max-video-preview:-1\" \/>\n<link rel=\"canonical\" href=\"https:\/\/lovemyhome.vn\/san-pham\/den-tha-hs3284-hs3482\/\" \/>\n<meta property=\"og:locale\" content=\"en_US\" \/>\n<meta property=\"og:type\" content=\"article\" \/>\n<meta property=\"og:title\" content=\"(Sao ch\u00e9p) (Sao ch\u00e9p) (Sao ch\u00e9p) (Sao ch\u00e9p) (Sao ch\u00e9p) - Lovemyhome\" \/>\n<meta property=\"og:description\" content=\"{:vi}\u0110\u00e8n th\u1ea3 th\u1ee7y tinh mini round e14 trong su\u1ed1t v\u1edbi ch\u1ea5t li\u1ec7u th\u1ee7y tinh trong su\u1ed1t, n\u00f3 t\u1ea1o ra hi\u1ec7u \u1ee9ng l\u1ea5p l\u00e1nh \u0111\u1eb9p m\u1eaft khi \u00e1nh s\u00e1ng chi\u1ebfu qua.{:}\" \/>\n<meta property=\"og:url\" content=\"https:\/\/lovemyhome.vn\/san-pham\/den-tha-hs3284-hs3482\/\" \/>\n<meta property=\"og:site_name\" content=\"Lovemyhome\" \/>\n<meta property=\"article:modified_time\" content=\"2024-02-23T06:54:46+00:00\" \/>\n<meta property=\"og:image\" content=\"https:\/\/lovemyhome.vn\/wp-content\/uploads\/2024\/01\/11.jpg\" \/>\n\t<meta property=\"og:image:width\" content=\"600\" \/>\n\t<meta property=\"og:image:height\" content=\"800\" \/>\n<meta name=\"twitter:card\" content=\"summary\" \/>\n<meta name=\"twitter:label1\" content=\"Est. reading time\" \/>\n\t<meta name=\"twitter:data1\" content=\"1 minute\" \/>\n<script type=\"application\/ld+json\" class=\"yoast-schema-graph\">{\"@context\":\"https:\/\/schema.org\",\"@graph\":[{\"@type\":\"WebSite\",\"@id\":\"https:\/\/lovemyhome.vn\/#website\",\"url\":\"https:\/\/lovemyhome.vn\/\",\"name\":\"Lovemyhome\",\"description\":\"t\\u00f4i y\\u00eau nh\\u00e0 t\\u00f4i\",\"potentialAction\":[{\"@type\":\"SearchAction\",\"target\":{\"@type\":\"EntryPoint\",\"urlTemplate\":\"https:\/\/lovemyhome.vn\/?s={search_term_string}\"},\"query-input\":\"required name=search_term_string\"}],\"inLanguage\":\"en-US\"},{\"@type\":\"ImageObject\",\"@id\":\"https:\/\/lovemyhome.vn\/san-pham\/den-tha-hs3284-hs3482\/#primaryimage\",\"inLanguage\":\"en-US\",\"url\":\"https:\/\/lovemyhome.vn\/wp-content\/uploads\/2024\/01\/11.jpg\",\"contentUrl\":\"https:\/\/lovemyhome.vn\/wp-content\/uploads\/2024\/01\/11.jpg\",\"width\":600,\"height\":800,\"caption\":\"CH\\u1ee4P \\u0110\\u00c8N TH\\u1ee6Y TINH MINI ROUND TRONG SU\\u1ed0T\"},{\"@type\":\"WebPage\",\"@id\":\"https:\/\/lovemyhome.vn\/san-pham\/den-tha-hs3284-hs3482\/#webpage\",\"url\":\"https:\/\/lovemyhome.vn\/san-pham\/den-tha-hs3284-hs3482\/\",\"name\":\"(Sao ch\\u00e9p) (Sao ch\\u00e9p) (Sao ch\\u00e9p) (Sao ch\\u00e9p) (Sao ch\\u00e9p) - Lovemyhome\",\"isPartOf\":{\"@id\":\"https:\/\/lovemyhome.vn\/#website\"},\"primaryImageOfPage\":{\"@id\":\"https:\/\/lovemyhome.vn\/san-pham\/den-tha-hs3284-hs3482\/#primaryimage\"},\"datePublished\":\"2024-01-25T08:46:09+00:00\",\"dateModified\":\"2024-02-23T06:54:46+00:00\",\"description\":\"{:vi}\\u0110\\u00e8n th\\u1ea3 th\\u1ee7y tinh mini round e14 trong su\\u1ed1t v\\u1edbi ch\\u1ea5t li\\u1ec7u th\\u1ee7y tinh trong su\\u1ed1t, n\\u00f3 t\\u1ea1o ra hi\\u1ec7u \\u1ee9ng l\\u1ea5p l\\u00e1nh \\u0111\\u1eb9p m\\u1eaft khi \\u00e1nh s\\u00e1ng chi\\u1ebfu qua.{:}\",\"breadcrumb\":{\"@id\":\"https:\/\/lovemyhome.vn\/san-pham\/den-tha-hs3284-hs3482\/#breadcrumb\"},\"inLanguage\":\"en-US\",\"potentialAction\":[{\"@type\":\"ReadAction\",\"target\":[\"https:\/\/lovemyhome.vn\/san-pham\/den-tha-hs3284-hs3482\/\"]}]},{\"@type\":\"BreadcrumbList\",\"@id\":\"https:\/\/lovemyhome.vn\/san-pham\/den-tha-hs3284-hs3482\/#breadcrumb\",\"itemListElement\":[{\"@type\":\"ListItem\",\"position\":1,\"name\":\"Home\",\"item\":\"https:\/\/lovemyhome.vn\/\"},{\"@type\":\"ListItem\",\"position\":2,\"name\":\"S\\u1ea3n ph\\u1ea9m\",\"item\":\"https:\/\/lovemyhome.vn\/cua-hang\/\"},{\"@type\":\"ListItem\",\"position\":3,\"name\":\"\\u0110\\u00c8N TH\\u1ea2 TH\\u1ee6Y TINH MINI ROUND E14 TRONG SU\\u1ed0T\"}]}]}<\/script>\n<!-- \/ Yoast SEO plugin. -->","yoast_head_json":{"title":"(Sao ch\u00e9p) (Sao ch\u00e9p) (Sao ch\u00e9p) (Sao ch\u00e9p) (Sao ch\u00e9p) - Lovemyhome","description":"(Ti\u1ebfng Vi\u1ec7t) \u0110\u00e8n th\u1ea3 th\u1ee7y tinh mini round e14 trong su\u1ed1t v\u1edbi ch\u1ea5t li\u1ec7u th\u1ee7y tinh trong su\u1ed1t, n\u00f3 t\u1ea1o ra hi\u1ec7u \u1ee9ng l\u1ea5p l\u00e1nh \u0111\u1eb9p m\u1eaft khi \u00e1nh s\u00e1ng chi\u1ebfu qua.","robots":{"index":"index","follow":"follow","max-snippet":"max-snippet:-1","max-image-preview":"max-image-preview:large","max-video-preview":"max-video-preview:-1"},"canonical":"https:\/\/lovemyhome.vn\/san-pham\/den-tha-hs3284-hs3482\/","og_locale":"en_US","og_type":"article","og_title":"(Sao ch\u00e9p) (Sao ch\u00e9p) (Sao ch\u00e9p) (Sao ch\u00e9p) (Sao ch\u00e9p) - Lovemyhome","og_description":"{:vi}\u0110\u00e8n th\u1ea3 th\u1ee7y tinh mini round e14 trong su\u1ed1t v\u1edbi ch\u1ea5t li\u1ec7u th\u1ee7y tinh trong su\u1ed1t, n\u00f3 t\u1ea1o ra hi\u1ec7u \u1ee9ng l\u1ea5p l\u00e1nh \u0111\u1eb9p m\u1eaft khi \u00e1nh s\u00e1ng chi\u1ebfu qua.{:}","og_url":"https:\/\/lovemyhome.vn\/san-pham\/den-tha-hs3284-hs3482\/","og_site_name":"Lovemyhome","article_modified_time":"2024-02-23T06:54:46+00:00","og_image":[{"width":600,"height":800,"url":"https:\/\/lovemyhome.vn\/wp-content\/uploads\/2024\/01\/11.jpg","path":"\/home\/lovemyho\/public_html\/wp-content\/uploads\/2024\/01\/11.jpg","size":"full","id":7158,"alt":"den-tha-hs3284-hs3482","pixels":480000,"type":"image\/jpeg"}],"twitter_card":"summary","twitter_misc":{"Est. reading time":"1 minute"},"schema":{"@context":"https:\/\/schema.org","@graph":[{"@type":"WebSite","@id":"https:\/\/lovemyhome.vn\/#website","url":"https:\/\/lovemyhome.vn\/","name":"Lovemyhome","description":"t\u00f4i y\u00eau nh\u00e0 t\u00f4i","potentialAction":[{"@type":"SearchAction","target":{"@type":"EntryPoint","urlTemplate":"https:\/\/lovemyhome.vn\/?s={search_term_string}"},"query-input":"required name=search_term_string"}],"inLanguage":"en-US"},{"@type":"ImageObject","@id":"https:\/\/lovemyhome.vn\/san-pham\/den-tha-hs3284-hs3482\/#primaryimage","inLanguage":"en-US","url":"https:\/\/lovemyhome.vn\/wp-content\/uploads\/2024\/01\/11.jpg","contentUrl":"https:\/\/lovemyhome.vn\/wp-content\/uploads\/2024\/01\/11.jpg","width":600,"height":800,"caption":"CH\u1ee4P \u0110\u00c8N TH\u1ee6Y TINH MINI ROUND TRONG SU\u1ed0T"},{"@type":"WebPage","@id":"https:\/\/lovemyhome.vn\/san-pham\/den-tha-hs3284-hs3482\/#webpage","url":"https:\/\/lovemyhome.vn\/san-pham\/den-tha-hs3284-hs3482\/","name":"(Sao ch\u00e9p) (Sao ch\u00e9p) (Sao ch\u00e9p) (Sao ch\u00e9p) (Sao ch\u00e9p) - Lovemyhome","isPartOf":{"@id":"https:\/\/lovemyhome.vn\/#website"},"primaryImageOfPage":{"@id":"https:\/\/lovemyhome.vn\/san-pham\/den-tha-hs3284-hs3482\/#primaryimage"},"datePublished":"2024-01-25T08:46:09+00:00","dateModified":"2024-02-23T06:54:46+00:00","description":"{:vi}\u0110\u00e8n th\u1ea3 th\u1ee7y tinh mini round e14 trong su\u1ed1t v\u1edbi ch\u1ea5t li\u1ec7u th\u1ee7y tinh trong su\u1ed1t, n\u00f3 t\u1ea1o ra hi\u1ec7u \u1ee9ng l\u1ea5p l\u00e1nh \u0111\u1eb9p m\u1eaft khi \u00e1nh s\u00e1ng chi\u1ebfu qua.{:}","breadcrumb":{"@id":"https:\/\/lovemyhome.vn\/san-pham\/den-tha-hs3284-hs3482\/#breadcrumb"},"inLanguage":"en-US","potentialAction":[{"@type":"ReadAction","target":["https:\/\/lovemyhome.vn\/san-pham\/den-tha-hs3284-hs3482\/"]}]},{"@type":"BreadcrumbList","@id":"https:\/\/lovemyhome.vn\/san-pham\/den-tha-hs3284-hs3482\/#breadcrumb","itemListElement":[{"@type":"ListItem","position":1,"name":"Home","item":"https:\/\/lovemyhome.vn\/"},{"@type":"ListItem","position":2,"name":"S\u1ea3n ph\u1ea9m","item":"https:\/\/lovemyhome.vn\/cua-hang\/"},{"@type":"ListItem","position":3,"name":"\u0110\u00c8N TH\u1ea2 TH\u1ee6Y TINH MINI ROUND E14 TRONG SU\u1ed0T"}]}]}},"_links":{"self":[{"href":"https:\/\/lovemyhome.vn\/en\/wp-json\/wp\/v2\/product\/7231"}],"collection":[{"href":"https:\/\/lovemyhome.vn\/en\/wp-json\/wp\/v2\/product"}],"about":[{"href":"https:\/\/lovemyhome.vn\/en\/wp-json\/wp\/v2\/types\/product"}],"wp:featuredmedia":[{"embeddable":true,"href":"https:\/\/lovemyhome.vn\/en\/wp-json\/wp\/v2\/media\/7158"}],"wp:attachment":[{"href":"https:\/\/lovemyhome.vn\/en\/wp-json\/wp\/v2\/media?parent=7231"}],"curies":[{"name":"wp","href":"https:\/\/api.w.org\/{rel}","templated":true}]}}