{"id":7247,"date":"2024-01-29T14:57:33","date_gmt":"2024-01-29T07:57:33","guid":{"rendered":"https:\/\/lovemyhome.vn\/?post_type=product&#038;p=7247"},"modified":"2024-02-19T14:52:09","modified_gmt":"2024-02-19T07:52:09","slug":"den-tha-hs3240hs3482","status":"publish","type":"product","link":"https:\/\/lovemyhome.vn\/en\/san-pham\/den-tha-hs3240hs3482\/","title":{"rendered":"(Ti\u1ebfng Vi\u1ec7t) \u0110\u00c8N TH\u1ea2 \u0110\u1ed2NG E14 PIENI H\u00ccNH CONIC"},"content":{"rendered":"<p class=\"qtranxs-available-languages-message qtranxs-available-languages-message-en\">Sorry, this entry is only available in <a href=\"https:\/\/lovemyhome.vn\/vi\/wp-json\/wp\/v2\/product\/7247\" class=\"qtranxs-available-language-link qtranxs-available-language-link-vi\" title=\"Ti\u1ebfng Vi\u1ec7t\">Vietnamese<\/a>.<\/p>","protected":false},"excerpt":{"rendered":"<p class=\"qtranxs-available-languages-message qtranxs-available-languages-message-en\">Sorry, this entry is only available in <a href=\"https:\/\/lovemyhome.vn\/vi\/wp-json\/wp\/v2\/product\/7247\" class=\"qtranxs-available-language-link qtranxs-available-language-link-vi\" title=\"Ti\u1ebfng Vi\u1ec7t\">Vietnamese<\/a>.<\/p>\n","protected":false},"featured_media":7248,"template":"","meta":[],"yoast_head":"<!-- This site is optimized with the Yoast SEO plugin v16.7 - https:\/\/yoast.com\/wordpress\/plugins\/seo\/ -->\n<title>(Ti\u1ebfng Vi\u1ec7t) \u0110\u00c8N TH\u1ea2 \u0110\u1ed2NG E14 PIENI H\u00ccNH CONIC - Lovemyhome<\/title>\n<meta name=\"description\" content=\"(Ti\u1ebfng Vi\u1ec7t) \u0110\u00c8N TH\u1ea2 \u0110\u1ed2NG E14 PIENI H\u00ccNH CONIC Tr\u00ean \u0111\u00e8n \u0111\u01b0\u1ee3c ph\u1ee7 m\u1ed9t l\u1edbp ph\u1ee7 m\u1edd cao c\u1ea5p ch\u1ed1ng oxi h\u00f3a l\u00e0m ch\u1eadm \u0111i qu\u00e1 tr\u00ecnh \u0111\u1ed5i m\u00e0u c\u1ee7a \u0111\u1ed3ng.\" \/>\n<meta name=\"robots\" content=\"index, follow, max-snippet:-1, max-image-preview:large, max-video-preview:-1\" \/>\n<link rel=\"canonical\" href=\"https:\/\/lovemyhome.vn\/san-pham\/den-tha-hs3240hs3482\/\" \/>\n<meta property=\"og:locale\" content=\"en_US\" \/>\n<meta property=\"og:type\" content=\"article\" \/>\n<meta property=\"og:title\" content=\"(Ti\u1ebfng Vi\u1ec7t) \u0110\u00c8N TH\u1ea2 \u0110\u1ed2NG E14 PIENI H\u00ccNH CONIC - Lovemyhome\" \/>\n<meta property=\"og:description\" content=\"{:vi}\u0110\u00c8N TH\u1ea2 \u0110\u1ed2NG E14 PIENI H\u00ccNH CONIC Tr\u00ean \u0111\u00e8n \u0111\u01b0\u1ee3c ph\u1ee7 m\u1ed9t l\u1edbp ph\u1ee7 m\u1edd cao c\u1ea5p ch\u1ed1ng oxi h\u00f3a l\u00e0m ch\u1eadm \u0111i qu\u00e1 tr\u00ecnh \u0111\u1ed5i m\u00e0u c\u1ee7a \u0111\u1ed3ng.{:}\" \/>\n<meta property=\"og:url\" content=\"https:\/\/lovemyhome.vn\/san-pham\/den-tha-hs3240hs3482\/\" \/>\n<meta property=\"og:site_name\" content=\"Lovemyhome\" \/>\n<meta property=\"article:modified_time\" content=\"2024-02-19T07:52:09+00:00\" \/>\n<meta property=\"og:image\" content=\"https:\/\/lovemyhome.vn\/wp-content\/uploads\/2024\/01\/8.png\" \/>\n\t<meta property=\"og:image:width\" content=\"1203\" \/>\n\t<meta property=\"og:image:height\" content=\"1200\" \/>\n<meta name=\"twitter:card\" content=\"summary\" \/>\n<meta name=\"twitter:label1\" content=\"Est. reading time\" \/>\n\t<meta name=\"twitter:data1\" content=\"2 minutes\" \/>\n<script type=\"application\/ld+json\" class=\"yoast-schema-graph\">{\"@context\":\"https:\/\/schema.org\",\"@graph\":[{\"@type\":\"WebSite\",\"@id\":\"https:\/\/lovemyhome.vn\/#website\",\"url\":\"https:\/\/lovemyhome.vn\/\",\"name\":\"Lovemyhome\",\"description\":\"t\\u00f4i y\\u00eau nh\\u00e0 t\\u00f4i\",\"potentialAction\":[{\"@type\":\"SearchAction\",\"target\":{\"@type\":\"EntryPoint\",\"urlTemplate\":\"https:\/\/lovemyhome.vn\/?s={search_term_string}\"},\"query-input\":\"required name=search_term_string\"}],\"inLanguage\":\"en-US\"},{\"@type\":\"ImageObject\",\"@id\":\"https:\/\/lovemyhome.vn\/san-pham\/den-tha-hs3240hs3482\/#primaryimage\",\"inLanguage\":\"en-US\",\"url\":\"https:\/\/lovemyhome.vn\/wp-content\/uploads\/2024\/01\/8.png\",\"contentUrl\":\"https:\/\/lovemyhome.vn\/wp-content\/uploads\/2024\/01\/8.png\",\"width\":1203,\"height\":1200,\"caption\":\"\\u0110\\u00c8N TH\\u1ea2 \\u0110\\u1ed2NG E14 PIENI H\\u00ccNH CONIC\"},{\"@type\":\"WebPage\",\"@id\":\"https:\/\/lovemyhome.vn\/san-pham\/den-tha-hs3240hs3482\/#webpage\",\"url\":\"https:\/\/lovemyhome.vn\/san-pham\/den-tha-hs3240hs3482\/\",\"name\":\"(Ti\\u1ebfng Vi\\u1ec7t) \\u0110\\u00c8N TH\\u1ea2 \\u0110\\u1ed2NG E14 PIENI H\\u00ccNH CONIC - Lovemyhome\",\"isPartOf\":{\"@id\":\"https:\/\/lovemyhome.vn\/#website\"},\"primaryImageOfPage\":{\"@id\":\"https:\/\/lovemyhome.vn\/san-pham\/den-tha-hs3240hs3482\/#primaryimage\"},\"datePublished\":\"2024-01-29T07:57:33+00:00\",\"dateModified\":\"2024-02-19T07:52:09+00:00\",\"description\":\"{:vi}\\u0110\\u00c8N TH\\u1ea2 \\u0110\\u1ed2NG E14 PIENI H\\u00ccNH CONIC Tr\\u00ean \\u0111\\u00e8n \\u0111\\u01b0\\u1ee3c ph\\u1ee7 m\\u1ed9t l\\u1edbp ph\\u1ee7 m\\u1edd cao c\\u1ea5p ch\\u1ed1ng oxi h\\u00f3a l\\u00e0m ch\\u1eadm \\u0111i qu\\u00e1 tr\\u00ecnh \\u0111\\u1ed5i m\\u00e0u c\\u1ee7a \\u0111\\u1ed3ng.{:}\",\"breadcrumb\":{\"@id\":\"https:\/\/lovemyhome.vn\/san-pham\/den-tha-hs3240hs3482\/#breadcrumb\"},\"inLanguage\":\"en-US\",\"potentialAction\":[{\"@type\":\"ReadAction\",\"target\":[\"https:\/\/lovemyhome.vn\/san-pham\/den-tha-hs3240hs3482\/\"]}]},{\"@type\":\"BreadcrumbList\",\"@id\":\"https:\/\/lovemyhome.vn\/san-pham\/den-tha-hs3240hs3482\/#breadcrumb\",\"itemListElement\":[{\"@type\":\"ListItem\",\"position\":1,\"name\":\"Home\",\"item\":\"https:\/\/lovemyhome.vn\/\"},{\"@type\":\"ListItem\",\"position\":2,\"name\":\"S\\u1ea3n ph\\u1ea9m\",\"item\":\"https:\/\/lovemyhome.vn\/cua-hang\/\"},{\"@type\":\"ListItem\",\"position\":3,\"name\":\"\\u0110\\u00c8N TH\\u1ea2 \\u0110\\u1ed2NG E14 PIENI H\\u00ccNH CONIC\"}]}]}<\/script>\n<!-- \/ Yoast SEO plugin. -->","yoast_head_json":{"title":"(Ti\u1ebfng Vi\u1ec7t) \u0110\u00c8N TH\u1ea2 \u0110\u1ed2NG E14 PIENI H\u00ccNH CONIC - Lovemyhome","description":"(Ti\u1ebfng Vi\u1ec7t) \u0110\u00c8N TH\u1ea2 \u0110\u1ed2NG E14 PIENI H\u00ccNH CONIC Tr\u00ean \u0111\u00e8n \u0111\u01b0\u1ee3c ph\u1ee7 m\u1ed9t l\u1edbp ph\u1ee7 m\u1edd cao c\u1ea5p ch\u1ed1ng oxi h\u00f3a l\u00e0m ch\u1eadm \u0111i qu\u00e1 tr\u00ecnh \u0111\u1ed5i m\u00e0u c\u1ee7a \u0111\u1ed3ng.","robots":{"index":"index","follow":"follow","max-snippet":"max-snippet:-1","max-image-preview":"max-image-preview:large","max-video-preview":"max-video-preview:-1"},"canonical":"https:\/\/lovemyhome.vn\/san-pham\/den-tha-hs3240hs3482\/","og_locale":"en_US","og_type":"article","og_title":"(Ti\u1ebfng Vi\u1ec7t) \u0110\u00c8N TH\u1ea2 \u0110\u1ed2NG E14 PIENI H\u00ccNH CONIC - Lovemyhome","og_description":"{:vi}\u0110\u00c8N TH\u1ea2 \u0110\u1ed2NG E14 PIENI H\u00ccNH CONIC Tr\u00ean \u0111\u00e8n \u0111\u01b0\u1ee3c ph\u1ee7 m\u1ed9t l\u1edbp ph\u1ee7 m\u1edd cao c\u1ea5p ch\u1ed1ng oxi h\u00f3a l\u00e0m ch\u1eadm \u0111i qu\u00e1 tr\u00ecnh \u0111\u1ed5i m\u00e0u c\u1ee7a \u0111\u1ed3ng.{:}","og_url":"https:\/\/lovemyhome.vn\/san-pham\/den-tha-hs3240hs3482\/","og_site_name":"Lovemyhome","article_modified_time":"2024-02-19T07:52:09+00:00","og_image":[{"width":1203,"height":1200,"url":"https:\/\/lovemyhome.vn\/wp-content\/uploads\/2024\/01\/8.png","path":"\/home\/lovemyho\/public_html\/wp-content\/uploads\/2024\/01\/8.png","size":"full","id":7248,"alt":"den-tha-hs3240hs3482","pixels":1443600,"type":"image\/png"}],"twitter_card":"summary","twitter_misc":{"Est. reading time":"2 minutes"},"schema":{"@context":"https:\/\/schema.org","@graph":[{"@type":"WebSite","@id":"https:\/\/lovemyhome.vn\/#website","url":"https:\/\/lovemyhome.vn\/","name":"Lovemyhome","description":"t\u00f4i y\u00eau nh\u00e0 t\u00f4i","potentialAction":[{"@type":"SearchAction","target":{"@type":"EntryPoint","urlTemplate":"https:\/\/lovemyhome.vn\/?s={search_term_string}"},"query-input":"required name=search_term_string"}],"inLanguage":"en-US"},{"@type":"ImageObject","@id":"https:\/\/lovemyhome.vn\/san-pham\/den-tha-hs3240hs3482\/#primaryimage","inLanguage":"en-US","url":"https:\/\/lovemyhome.vn\/wp-content\/uploads\/2024\/01\/8.png","contentUrl":"https:\/\/lovemyhome.vn\/wp-content\/uploads\/2024\/01\/8.png","width":1203,"height":1200,"caption":"\u0110\u00c8N TH\u1ea2 \u0110\u1ed2NG E14 PIENI H\u00ccNH CONIC"},{"@type":"WebPage","@id":"https:\/\/lovemyhome.vn\/san-pham\/den-tha-hs3240hs3482\/#webpage","url":"https:\/\/lovemyhome.vn\/san-pham\/den-tha-hs3240hs3482\/","name":"(Ti\u1ebfng Vi\u1ec7t) \u0110\u00c8N TH\u1ea2 \u0110\u1ed2NG E14 PIENI H\u00ccNH CONIC - Lovemyhome","isPartOf":{"@id":"https:\/\/lovemyhome.vn\/#website"},"primaryImageOfPage":{"@id":"https:\/\/lovemyhome.vn\/san-pham\/den-tha-hs3240hs3482\/#primaryimage"},"datePublished":"2024-01-29T07:57:33+00:00","dateModified":"2024-02-19T07:52:09+00:00","description":"{:vi}\u0110\u00c8N TH\u1ea2 \u0110\u1ed2NG E14 PIENI H\u00ccNH CONIC Tr\u00ean \u0111\u00e8n \u0111\u01b0\u1ee3c ph\u1ee7 m\u1ed9t l\u1edbp ph\u1ee7 m\u1edd cao c\u1ea5p ch\u1ed1ng oxi h\u00f3a l\u00e0m ch\u1eadm \u0111i qu\u00e1 tr\u00ecnh \u0111\u1ed5i m\u00e0u c\u1ee7a \u0111\u1ed3ng.{:}","breadcrumb":{"@id":"https:\/\/lovemyhome.vn\/san-pham\/den-tha-hs3240hs3482\/#breadcrumb"},"inLanguage":"en-US","potentialAction":[{"@type":"ReadAction","target":["https:\/\/lovemyhome.vn\/san-pham\/den-tha-hs3240hs3482\/"]}]},{"@type":"BreadcrumbList","@id":"https:\/\/lovemyhome.vn\/san-pham\/den-tha-hs3240hs3482\/#breadcrumb","itemListElement":[{"@type":"ListItem","position":1,"name":"Home","item":"https:\/\/lovemyhome.vn\/"},{"@type":"ListItem","position":2,"name":"S\u1ea3n ph\u1ea9m","item":"https:\/\/lovemyhome.vn\/cua-hang\/"},{"@type":"ListItem","position":3,"name":"\u0110\u00c8N TH\u1ea2 \u0110\u1ed2NG E14 PIENI H\u00ccNH CONIC"}]}]}},"_links":{"self":[{"href":"https:\/\/lovemyhome.vn\/en\/wp-json\/wp\/v2\/product\/7247"}],"collection":[{"href":"https:\/\/lovemyhome.vn\/en\/wp-json\/wp\/v2\/product"}],"about":[{"href":"https:\/\/lovemyhome.vn\/en\/wp-json\/wp\/v2\/types\/product"}],"wp:featuredmedia":[{"embeddable":true,"href":"https:\/\/lovemyhome.vn\/en\/wp-json\/wp\/v2\/media\/7248"}],"wp:attachment":[{"href":"https:\/\/lovemyhome.vn\/en\/wp-json\/wp\/v2\/media?parent=7247"}],"curies":[{"name":"wp","href":"https:\/\/api.w.org\/{rel}","templated":true}]}}