{"id":7253,"date":"2024-01-29T15:11:13","date_gmt":"2024-01-29T08:11:13","guid":{"rendered":"https:\/\/lovemyhome.vn\/?post_type=product&#038;p=7253"},"modified":"2024-02-19T14:08:40","modified_gmt":"2024-02-19T07:08:40","slug":"den-tha-hs3201hs3482","status":"publish","type":"product","link":"https:\/\/lovemyhome.vn\/en\/san-pham\/den-tha-hs3201hs3482\/","title":{"rendered":"(Ti\u1ebfng Vi\u1ec7t) \u0110\u00c8N TH\u1ea2 S\u1eaeT PIENI E14 CONIC TR\u1eaeNG"},"content":{"rendered":"<p class=\"qtranxs-available-languages-message qtranxs-available-languages-message-en\">Sorry, this entry is only available in <a href=\"https:\/\/lovemyhome.vn\/vi\/wp-json\/wp\/v2\/product\/7253\" class=\"qtranxs-available-language-link qtranxs-available-language-link-vi\" title=\"Ti\u1ebfng Vi\u1ec7t\">Vietnamese<\/a>.<\/p>","protected":false},"excerpt":{"rendered":"<p class=\"qtranxs-available-languages-message qtranxs-available-languages-message-en\">Sorry, this entry is only available in <a href=\"https:\/\/lovemyhome.vn\/vi\/wp-json\/wp\/v2\/product\/7253\" class=\"qtranxs-available-language-link qtranxs-available-language-link-vi\" title=\"Ti\u1ebfng Vi\u1ec7t\">Vietnamese<\/a>.<\/p>\n","protected":false},"featured_media":7254,"template":"","meta":[],"yoast_head":"<!-- This site is optimized with the Yoast SEO plugin v16.7 - https:\/\/yoast.com\/wordpress\/plugins\/seo\/ -->\n<title>(Ti\u1ebfng Vi\u1ec7t) \u0110\u00c8N TH\u1ea2 S\u1eaeT PIENI E14 CONIC TR\u1eaeNG - Lovemyhome<\/title>\n<meta name=\"description\" content=\"(Ti\u1ebfng Vi\u1ec7t) \u0110\u00c8N TH\u1ea2 S\u1eaeT PIENI E14 CONIC TR\u1eaeNG n\u1ed5i b\u1eadt c\u1ee7a ch\u1ea5t li\u1ec7u \u0111\u1eb7c bi\u1ec7t \u0111\u01b0\u1ee3c gi\u1eef l\u1ea1i h\u1ebft m\u1ee9c c\u00f3 th\u1ec3, mang s\u1ef1 c\u1ed5 \u0111i\u1ec3n pha l\u1eabn tao nh\u00e3.\" \/>\n<meta name=\"robots\" content=\"index, follow, max-snippet:-1, max-image-preview:large, max-video-preview:-1\" \/>\n<link rel=\"canonical\" href=\"https:\/\/lovemyhome.vn\/san-pham\/den-tha-hs3201hs3482\/\" \/>\n<meta property=\"og:locale\" content=\"en_US\" \/>\n<meta property=\"og:type\" content=\"article\" \/>\n<meta property=\"og:title\" content=\"(Ti\u1ebfng Vi\u1ec7t) \u0110\u00c8N TH\u1ea2 S\u1eaeT PIENI E14 CONIC TR\u1eaeNG - Lovemyhome\" \/>\n<meta property=\"og:description\" content=\"{:vi}\u0110\u00c8N TH\u1ea2 S\u1eaeT PIENI E14 CONIC TR\u1eaeNG n\u1ed5i b\u1eadt c\u1ee7a ch\u1ea5t li\u1ec7u \u0111\u1eb7c bi\u1ec7t \u0111\u01b0\u1ee3c gi\u1eef l\u1ea1i h\u1ebft m\u1ee9c c\u00f3 th\u1ec3, mang s\u1ef1 c\u1ed5 \u0111i\u1ec3n pha l\u1eabn tao nh\u00e3.{:}\" \/>\n<meta property=\"og:url\" content=\"https:\/\/lovemyhome.vn\/san-pham\/den-tha-hs3201hs3482\/\" \/>\n<meta property=\"og:site_name\" content=\"Lovemyhome\" \/>\n<meta property=\"article:modified_time\" content=\"2024-02-19T07:08:40+00:00\" \/>\n<meta property=\"og:image\" content=\"https:\/\/lovemyhome.vn\/wp-content\/uploads\/2024\/01\/11.png\" \/>\n\t<meta property=\"og:image:width\" content=\"1203\" \/>\n\t<meta property=\"og:image:height\" content=\"1200\" \/>\n<meta name=\"twitter:card\" content=\"summary\" \/>\n<meta name=\"twitter:label1\" content=\"Est. reading time\" \/>\n\t<meta name=\"twitter:data1\" content=\"1 minute\" \/>\n<script type=\"application\/ld+json\" class=\"yoast-schema-graph\">{\"@context\":\"https:\/\/schema.org\",\"@graph\":[{\"@type\":\"WebSite\",\"@id\":\"https:\/\/lovemyhome.vn\/#website\",\"url\":\"https:\/\/lovemyhome.vn\/\",\"name\":\"Lovemyhome\",\"description\":\"t\\u00f4i y\\u00eau nh\\u00e0 t\\u00f4i\",\"potentialAction\":[{\"@type\":\"SearchAction\",\"target\":{\"@type\":\"EntryPoint\",\"urlTemplate\":\"https:\/\/lovemyhome.vn\/?s={search_term_string}\"},\"query-input\":\"required name=search_term_string\"}],\"inLanguage\":\"en-US\"},{\"@type\":\"ImageObject\",\"@id\":\"https:\/\/lovemyhome.vn\/san-pham\/den-tha-hs3201hs3482\/#primaryimage\",\"inLanguage\":\"en-US\",\"url\":\"https:\/\/lovemyhome.vn\/wp-content\/uploads\/2024\/01\/11.png\",\"contentUrl\":\"https:\/\/lovemyhome.vn\/wp-content\/uploads\/2024\/01\/11.png\",\"width\":1203,\"height\":1200,\"caption\":\"\\u0110\\u00c8N TH\\u1ea2 S\\u1eaeT PIENI E14 CONIC TR\\u1eaeNG\"},{\"@type\":\"WebPage\",\"@id\":\"https:\/\/lovemyhome.vn\/san-pham\/den-tha-hs3201hs3482\/#webpage\",\"url\":\"https:\/\/lovemyhome.vn\/san-pham\/den-tha-hs3201hs3482\/\",\"name\":\"(Ti\\u1ebfng Vi\\u1ec7t) \\u0110\\u00c8N TH\\u1ea2 S\\u1eaeT PIENI E14 CONIC TR\\u1eaeNG - Lovemyhome\",\"isPartOf\":{\"@id\":\"https:\/\/lovemyhome.vn\/#website\"},\"primaryImageOfPage\":{\"@id\":\"https:\/\/lovemyhome.vn\/san-pham\/den-tha-hs3201hs3482\/#primaryimage\"},\"datePublished\":\"2024-01-29T08:11:13+00:00\",\"dateModified\":\"2024-02-19T07:08:40+00:00\",\"description\":\"{:vi}\\u0110\\u00c8N TH\\u1ea2 S\\u1eaeT PIENI E14 CONIC TR\\u1eaeNG n\\u1ed5i b\\u1eadt c\\u1ee7a ch\\u1ea5t li\\u1ec7u \\u0111\\u1eb7c bi\\u1ec7t \\u0111\\u01b0\\u1ee3c gi\\u1eef l\\u1ea1i h\\u1ebft m\\u1ee9c c\\u00f3 th\\u1ec3, mang s\\u1ef1 c\\u1ed5 \\u0111i\\u1ec3n pha l\\u1eabn tao nh\\u00e3.{:}\",\"breadcrumb\":{\"@id\":\"https:\/\/lovemyhome.vn\/san-pham\/den-tha-hs3201hs3482\/#breadcrumb\"},\"inLanguage\":\"en-US\",\"potentialAction\":[{\"@type\":\"ReadAction\",\"target\":[\"https:\/\/lovemyhome.vn\/san-pham\/den-tha-hs3201hs3482\/\"]}]},{\"@type\":\"BreadcrumbList\",\"@id\":\"https:\/\/lovemyhome.vn\/san-pham\/den-tha-hs3201hs3482\/#breadcrumb\",\"itemListElement\":[{\"@type\":\"ListItem\",\"position\":1,\"name\":\"Home\",\"item\":\"https:\/\/lovemyhome.vn\/\"},{\"@type\":\"ListItem\",\"position\":2,\"name\":\"S\\u1ea3n ph\\u1ea9m\",\"item\":\"https:\/\/lovemyhome.vn\/cua-hang\/\"},{\"@type\":\"ListItem\",\"position\":3,\"name\":\"\\u0110\\u00c8N TH\\u1ea2 S\\u1eaeT PIENI E14 CONIC TR\\u1eaeNG\"}]}]}<\/script>\n<!-- \/ Yoast SEO plugin. -->","yoast_head_json":{"title":"(Ti\u1ebfng Vi\u1ec7t) \u0110\u00c8N TH\u1ea2 S\u1eaeT PIENI E14 CONIC TR\u1eaeNG - Lovemyhome","description":"(Ti\u1ebfng Vi\u1ec7t) \u0110\u00c8N TH\u1ea2 S\u1eaeT PIENI E14 CONIC TR\u1eaeNG n\u1ed5i b\u1eadt c\u1ee7a ch\u1ea5t li\u1ec7u \u0111\u1eb7c bi\u1ec7t \u0111\u01b0\u1ee3c gi\u1eef l\u1ea1i h\u1ebft m\u1ee9c c\u00f3 th\u1ec3, mang s\u1ef1 c\u1ed5 \u0111i\u1ec3n pha l\u1eabn tao nh\u00e3.","robots":{"index":"index","follow":"follow","max-snippet":"max-snippet:-1","max-image-preview":"max-image-preview:large","max-video-preview":"max-video-preview:-1"},"canonical":"https:\/\/lovemyhome.vn\/san-pham\/den-tha-hs3201hs3482\/","og_locale":"en_US","og_type":"article","og_title":"(Ti\u1ebfng Vi\u1ec7t) \u0110\u00c8N TH\u1ea2 S\u1eaeT PIENI E14 CONIC TR\u1eaeNG - Lovemyhome","og_description":"{:vi}\u0110\u00c8N TH\u1ea2 S\u1eaeT PIENI E14 CONIC TR\u1eaeNG n\u1ed5i b\u1eadt c\u1ee7a ch\u1ea5t li\u1ec7u \u0111\u1eb7c bi\u1ec7t \u0111\u01b0\u1ee3c gi\u1eef l\u1ea1i h\u1ebft m\u1ee9c c\u00f3 th\u1ec3, mang s\u1ef1 c\u1ed5 \u0111i\u1ec3n pha l\u1eabn tao nh\u00e3.{:}","og_url":"https:\/\/lovemyhome.vn\/san-pham\/den-tha-hs3201hs3482\/","og_site_name":"Lovemyhome","article_modified_time":"2024-02-19T07:08:40+00:00","og_image":[{"width":1203,"height":1200,"url":"https:\/\/lovemyhome.vn\/wp-content\/uploads\/2024\/01\/11.png","path":"\/home\/lovemyho\/public_html\/wp-content\/uploads\/2024\/01\/11.png","size":"full","id":7254,"alt":"den-tha-hs3201hs3482","pixels":1443600,"type":"image\/png"}],"twitter_card":"summary","twitter_misc":{"Est. reading time":"1 minute"},"schema":{"@context":"https:\/\/schema.org","@graph":[{"@type":"WebSite","@id":"https:\/\/lovemyhome.vn\/#website","url":"https:\/\/lovemyhome.vn\/","name":"Lovemyhome","description":"t\u00f4i y\u00eau nh\u00e0 t\u00f4i","potentialAction":[{"@type":"SearchAction","target":{"@type":"EntryPoint","urlTemplate":"https:\/\/lovemyhome.vn\/?s={search_term_string}"},"query-input":"required name=search_term_string"}],"inLanguage":"en-US"},{"@type":"ImageObject","@id":"https:\/\/lovemyhome.vn\/san-pham\/den-tha-hs3201hs3482\/#primaryimage","inLanguage":"en-US","url":"https:\/\/lovemyhome.vn\/wp-content\/uploads\/2024\/01\/11.png","contentUrl":"https:\/\/lovemyhome.vn\/wp-content\/uploads\/2024\/01\/11.png","width":1203,"height":1200,"caption":"\u0110\u00c8N TH\u1ea2 S\u1eaeT PIENI E14 CONIC TR\u1eaeNG"},{"@type":"WebPage","@id":"https:\/\/lovemyhome.vn\/san-pham\/den-tha-hs3201hs3482\/#webpage","url":"https:\/\/lovemyhome.vn\/san-pham\/den-tha-hs3201hs3482\/","name":"(Ti\u1ebfng Vi\u1ec7t) \u0110\u00c8N TH\u1ea2 S\u1eaeT PIENI E14 CONIC TR\u1eaeNG - Lovemyhome","isPartOf":{"@id":"https:\/\/lovemyhome.vn\/#website"},"primaryImageOfPage":{"@id":"https:\/\/lovemyhome.vn\/san-pham\/den-tha-hs3201hs3482\/#primaryimage"},"datePublished":"2024-01-29T08:11:13+00:00","dateModified":"2024-02-19T07:08:40+00:00","description":"{:vi}\u0110\u00c8N TH\u1ea2 S\u1eaeT PIENI E14 CONIC TR\u1eaeNG n\u1ed5i b\u1eadt c\u1ee7a ch\u1ea5t li\u1ec7u \u0111\u1eb7c bi\u1ec7t \u0111\u01b0\u1ee3c gi\u1eef l\u1ea1i h\u1ebft m\u1ee9c c\u00f3 th\u1ec3, mang s\u1ef1 c\u1ed5 \u0111i\u1ec3n pha l\u1eabn tao nh\u00e3.{:}","breadcrumb":{"@id":"https:\/\/lovemyhome.vn\/san-pham\/den-tha-hs3201hs3482\/#breadcrumb"},"inLanguage":"en-US","potentialAction":[{"@type":"ReadAction","target":["https:\/\/lovemyhome.vn\/san-pham\/den-tha-hs3201hs3482\/"]}]},{"@type":"BreadcrumbList","@id":"https:\/\/lovemyhome.vn\/san-pham\/den-tha-hs3201hs3482\/#breadcrumb","itemListElement":[{"@type":"ListItem","position":1,"name":"Home","item":"https:\/\/lovemyhome.vn\/"},{"@type":"ListItem","position":2,"name":"S\u1ea3n ph\u1ea9m","item":"https:\/\/lovemyhome.vn\/cua-hang\/"},{"@type":"ListItem","position":3,"name":"\u0110\u00c8N TH\u1ea2 S\u1eaeT PIENI E14 CONIC TR\u1eaeNG"}]}]}},"_links":{"self":[{"href":"https:\/\/lovemyhome.vn\/en\/wp-json\/wp\/v2\/product\/7253"}],"collection":[{"href":"https:\/\/lovemyhome.vn\/en\/wp-json\/wp\/v2\/product"}],"about":[{"href":"https:\/\/lovemyhome.vn\/en\/wp-json\/wp\/v2\/types\/product"}],"wp:featuredmedia":[{"embeddable":true,"href":"https:\/\/lovemyhome.vn\/en\/wp-json\/wp\/v2\/media\/7254"}],"wp:attachment":[{"href":"https:\/\/lovemyhome.vn\/en\/wp-json\/wp\/v2\/media?parent=7253"}],"curies":[{"name":"wp","href":"https:\/\/api.w.org\/{rel}","templated":true}]}}