{"id":7262,"date":"2024-01-29T15:46:11","date_gmt":"2024-01-29T08:46:11","guid":{"rendered":"https:\/\/lovemyhome.vn\/?post_type=product&#038;p=7262"},"modified":"2024-02-19T11:12:20","modified_gmt":"2024-02-19T04:12:20","slug":"den-tha-hs3021hs3482","status":"publish","type":"product","link":"https:\/\/lovemyhome.vn\/en\/san-pham\/den-tha-hs3021hs3482\/","title":{"rendered":"(Ti\u1ebfng Vi\u1ec7t) \u0110\u00c8N TH\u1ea2 S\u1eaeT CORNISH E14 X\u00c1M"},"content":{"rendered":"<p class=\"qtranxs-available-languages-message qtranxs-available-languages-message-en\">Sorry, this entry is only available in <a href=\"https:\/\/lovemyhome.vn\/vi\/wp-json\/wp\/v2\/product\/7262\" class=\"qtranxs-available-language-link qtranxs-available-language-link-vi\" title=\"Ti\u1ebfng Vi\u1ec7t\">Vietnamese<\/a>.<\/p>","protected":false},"excerpt":{"rendered":"<p class=\"qtranxs-available-languages-message qtranxs-available-languages-message-en\">Sorry, this entry is only available in <a href=\"https:\/\/lovemyhome.vn\/vi\/wp-json\/wp\/v2\/product\/7262\" class=\"qtranxs-available-language-link qtranxs-available-language-link-vi\" title=\"Ti\u1ebfng Vi\u1ec7t\">Vietnamese<\/a>.<\/p>\n","protected":false},"featured_media":7263,"template":"","meta":[],"yoast_head":"<!-- This site is optimized with the Yoast SEO plugin v16.7 - https:\/\/yoast.com\/wordpress\/plugins\/seo\/ -->\n<title>(Ti\u1ebfng Vi\u1ec7t) \u0110\u00c8N TH\u1ea2 S\u1eaeT CORNISH E14 X\u00c1M - Lovemyhome<\/title>\n<meta name=\"description\" content=\"(Ti\u1ebfng Vi\u1ec7t) \u0110\u00c8N TH\u1ea2 S\u1eaeT CORNISH E14 X\u00c1M c\u00f3 t\u00f4ng x\u00e1m b\u00e1n l\u00ec v\u1edbi m\u1ed9t ch\u00fat b\u00f3ng. M\u1eb7t trong c\u1ee7a b\u00f3ng c\u00f3 m\u00e0u tr\u1eafng n\u00ean ph\u1ea3n chi\u1ebfu t\u1ed1t \u00e1nh s\u00e1ng t\u1eeb b\u00f3ng \u0111\u00e8n.\" \/>\n<meta name=\"robots\" content=\"index, follow, max-snippet:-1, max-image-preview:large, max-video-preview:-1\" \/>\n<link rel=\"canonical\" href=\"https:\/\/lovemyhome.vn\/san-pham\/den-tha-hs3021hs3482\/\" \/>\n<meta property=\"og:locale\" content=\"en_US\" \/>\n<meta property=\"og:type\" content=\"article\" \/>\n<meta property=\"og:title\" content=\"(Ti\u1ebfng Vi\u1ec7t) \u0110\u00c8N TH\u1ea2 S\u1eaeT CORNISH E14 X\u00c1M - Lovemyhome\" \/>\n<meta property=\"og:description\" content=\"{:vi}\u0110\u00c8N TH\u1ea2 S\u1eaeT CORNISH E14 X\u00c1M c\u00f3 t\u00f4ng x\u00e1m b\u00e1n l\u00ec v\u1edbi m\u1ed9t ch\u00fat b\u00f3ng. M\u1eb7t trong c\u1ee7a b\u00f3ng c\u00f3 m\u00e0u tr\u1eafng n\u00ean ph\u1ea3n chi\u1ebfu t\u1ed1t \u00e1nh s\u00e1ng t\u1eeb b\u00f3ng \u0111\u00e8n.{:}\" \/>\n<meta property=\"og:url\" content=\"https:\/\/lovemyhome.vn\/san-pham\/den-tha-hs3021hs3482\/\" \/>\n<meta property=\"og:site_name\" content=\"Lovemyhome\" \/>\n<meta property=\"article:modified_time\" content=\"2024-02-19T04:12:20+00:00\" \/>\n<meta property=\"og:image\" content=\"https:\/\/lovemyhome.vn\/wp-content\/uploads\/2024\/01\/14-1.jpg\" \/>\n\t<meta property=\"og:image:width\" content=\"800\" \/>\n\t<meta property=\"og:image:height\" content=\"800\" \/>\n<meta name=\"twitter:card\" content=\"summary\" \/>\n<meta name=\"twitter:label1\" content=\"Est. reading time\" \/>\n\t<meta name=\"twitter:data1\" content=\"1 minute\" \/>\n<script type=\"application\/ld+json\" class=\"yoast-schema-graph\">{\"@context\":\"https:\/\/schema.org\",\"@graph\":[{\"@type\":\"WebSite\",\"@id\":\"https:\/\/lovemyhome.vn\/#website\",\"url\":\"https:\/\/lovemyhome.vn\/\",\"name\":\"Lovemyhome\",\"description\":\"t\\u00f4i y\\u00eau nh\\u00e0 t\\u00f4i\",\"potentialAction\":[{\"@type\":\"SearchAction\",\"target\":{\"@type\":\"EntryPoint\",\"urlTemplate\":\"https:\/\/lovemyhome.vn\/?s={search_term_string}\"},\"query-input\":\"required name=search_term_string\"}],\"inLanguage\":\"en-US\"},{\"@type\":\"ImageObject\",\"@id\":\"https:\/\/lovemyhome.vn\/san-pham\/den-tha-hs3021hs3482\/#primaryimage\",\"inLanguage\":\"en-US\",\"url\":\"https:\/\/lovemyhome.vn\/wp-content\/uploads\/2024\/01\/14-1.jpg\",\"contentUrl\":\"https:\/\/lovemyhome.vn\/wp-content\/uploads\/2024\/01\/14-1.jpg\",\"width\":800,\"height\":800,\"caption\":\"\\u0110\\u00c8N TH\\u1ea2 S\\u1eaeT CORNISH E14 X\\u00c1M\"},{\"@type\":\"WebPage\",\"@id\":\"https:\/\/lovemyhome.vn\/san-pham\/den-tha-hs3021hs3482\/#webpage\",\"url\":\"https:\/\/lovemyhome.vn\/san-pham\/den-tha-hs3021hs3482\/\",\"name\":\"(Ti\\u1ebfng Vi\\u1ec7t) \\u0110\\u00c8N TH\\u1ea2 S\\u1eaeT CORNISH E14 X\\u00c1M - Lovemyhome\",\"isPartOf\":{\"@id\":\"https:\/\/lovemyhome.vn\/#website\"},\"primaryImageOfPage\":{\"@id\":\"https:\/\/lovemyhome.vn\/san-pham\/den-tha-hs3021hs3482\/#primaryimage\"},\"datePublished\":\"2024-01-29T08:46:11+00:00\",\"dateModified\":\"2024-02-19T04:12:20+00:00\",\"description\":\"{:vi}\\u0110\\u00c8N TH\\u1ea2 S\\u1eaeT CORNISH E14 X\\u00c1M c\\u00f3 t\\u00f4ng x\\u00e1m b\\u00e1n l\\u00ec v\\u1edbi m\\u1ed9t ch\\u00fat b\\u00f3ng. M\\u1eb7t trong c\\u1ee7a b\\u00f3ng c\\u00f3 m\\u00e0u tr\\u1eafng n\\u00ean ph\\u1ea3n chi\\u1ebfu t\\u1ed1t \\u00e1nh s\\u00e1ng t\\u1eeb b\\u00f3ng \\u0111\\u00e8n.{:}\",\"breadcrumb\":{\"@id\":\"https:\/\/lovemyhome.vn\/san-pham\/den-tha-hs3021hs3482\/#breadcrumb\"},\"inLanguage\":\"en-US\",\"potentialAction\":[{\"@type\":\"ReadAction\",\"target\":[\"https:\/\/lovemyhome.vn\/san-pham\/den-tha-hs3021hs3482\/\"]}]},{\"@type\":\"BreadcrumbList\",\"@id\":\"https:\/\/lovemyhome.vn\/san-pham\/den-tha-hs3021hs3482\/#breadcrumb\",\"itemListElement\":[{\"@type\":\"ListItem\",\"position\":1,\"name\":\"Home\",\"item\":\"https:\/\/lovemyhome.vn\/\"},{\"@type\":\"ListItem\",\"position\":2,\"name\":\"S\\u1ea3n ph\\u1ea9m\",\"item\":\"https:\/\/lovemyhome.vn\/cua-hang\/\"},{\"@type\":\"ListItem\",\"position\":3,\"name\":\"\\u0110\\u00c8N TH\\u1ea2 S\\u1eaeT CORNISH E14 X\\u00c1M\"}]}]}<\/script>\n<!-- \/ Yoast SEO plugin. -->","yoast_head_json":{"title":"(Ti\u1ebfng Vi\u1ec7t) \u0110\u00c8N TH\u1ea2 S\u1eaeT CORNISH E14 X\u00c1M - Lovemyhome","description":"(Ti\u1ebfng Vi\u1ec7t) \u0110\u00c8N TH\u1ea2 S\u1eaeT CORNISH E14 X\u00c1M c\u00f3 t\u00f4ng x\u00e1m b\u00e1n l\u00ec v\u1edbi m\u1ed9t ch\u00fat b\u00f3ng. M\u1eb7t trong c\u1ee7a b\u00f3ng c\u00f3 m\u00e0u tr\u1eafng n\u00ean ph\u1ea3n chi\u1ebfu t\u1ed1t \u00e1nh s\u00e1ng t\u1eeb b\u00f3ng \u0111\u00e8n.","robots":{"index":"index","follow":"follow","max-snippet":"max-snippet:-1","max-image-preview":"max-image-preview:large","max-video-preview":"max-video-preview:-1"},"canonical":"https:\/\/lovemyhome.vn\/san-pham\/den-tha-hs3021hs3482\/","og_locale":"en_US","og_type":"article","og_title":"(Ti\u1ebfng Vi\u1ec7t) \u0110\u00c8N TH\u1ea2 S\u1eaeT CORNISH E14 X\u00c1M - Lovemyhome","og_description":"{:vi}\u0110\u00c8N TH\u1ea2 S\u1eaeT CORNISH E14 X\u00c1M c\u00f3 t\u00f4ng x\u00e1m b\u00e1n l\u00ec v\u1edbi m\u1ed9t ch\u00fat b\u00f3ng. M\u1eb7t trong c\u1ee7a b\u00f3ng c\u00f3 m\u00e0u tr\u1eafng n\u00ean ph\u1ea3n chi\u1ebfu t\u1ed1t \u00e1nh s\u00e1ng t\u1eeb b\u00f3ng \u0111\u00e8n.{:}","og_url":"https:\/\/lovemyhome.vn\/san-pham\/den-tha-hs3021hs3482\/","og_site_name":"Lovemyhome","article_modified_time":"2024-02-19T04:12:20+00:00","og_image":[{"width":800,"height":800,"url":"https:\/\/lovemyhome.vn\/wp-content\/uploads\/2024\/01\/14-1.jpg","path":"\/home\/lovemyho\/public_html\/wp-content\/uploads\/2024\/01\/14-1.jpg","size":"full","id":7263,"alt":"den-tha-hs3021hs3482","pixels":640000,"type":"image\/jpeg"}],"twitter_card":"summary","twitter_misc":{"Est. reading time":"1 minute"},"schema":{"@context":"https:\/\/schema.org","@graph":[{"@type":"WebSite","@id":"https:\/\/lovemyhome.vn\/#website","url":"https:\/\/lovemyhome.vn\/","name":"Lovemyhome","description":"t\u00f4i y\u00eau nh\u00e0 t\u00f4i","potentialAction":[{"@type":"SearchAction","target":{"@type":"EntryPoint","urlTemplate":"https:\/\/lovemyhome.vn\/?s={search_term_string}"},"query-input":"required name=search_term_string"}],"inLanguage":"en-US"},{"@type":"ImageObject","@id":"https:\/\/lovemyhome.vn\/san-pham\/den-tha-hs3021hs3482\/#primaryimage","inLanguage":"en-US","url":"https:\/\/lovemyhome.vn\/wp-content\/uploads\/2024\/01\/14-1.jpg","contentUrl":"https:\/\/lovemyhome.vn\/wp-content\/uploads\/2024\/01\/14-1.jpg","width":800,"height":800,"caption":"\u0110\u00c8N TH\u1ea2 S\u1eaeT CORNISH E14 X\u00c1M"},{"@type":"WebPage","@id":"https:\/\/lovemyhome.vn\/san-pham\/den-tha-hs3021hs3482\/#webpage","url":"https:\/\/lovemyhome.vn\/san-pham\/den-tha-hs3021hs3482\/","name":"(Ti\u1ebfng Vi\u1ec7t) \u0110\u00c8N TH\u1ea2 S\u1eaeT CORNISH E14 X\u00c1M - Lovemyhome","isPartOf":{"@id":"https:\/\/lovemyhome.vn\/#website"},"primaryImageOfPage":{"@id":"https:\/\/lovemyhome.vn\/san-pham\/den-tha-hs3021hs3482\/#primaryimage"},"datePublished":"2024-01-29T08:46:11+00:00","dateModified":"2024-02-19T04:12:20+00:00","description":"{:vi}\u0110\u00c8N TH\u1ea2 S\u1eaeT CORNISH E14 X\u00c1M c\u00f3 t\u00f4ng x\u00e1m b\u00e1n l\u00ec v\u1edbi m\u1ed9t ch\u00fat b\u00f3ng. M\u1eb7t trong c\u1ee7a b\u00f3ng c\u00f3 m\u00e0u tr\u1eafng n\u00ean ph\u1ea3n chi\u1ebfu t\u1ed1t \u00e1nh s\u00e1ng t\u1eeb b\u00f3ng \u0111\u00e8n.{:}","breadcrumb":{"@id":"https:\/\/lovemyhome.vn\/san-pham\/den-tha-hs3021hs3482\/#breadcrumb"},"inLanguage":"en-US","potentialAction":[{"@type":"ReadAction","target":["https:\/\/lovemyhome.vn\/san-pham\/den-tha-hs3021hs3482\/"]}]},{"@type":"BreadcrumbList","@id":"https:\/\/lovemyhome.vn\/san-pham\/den-tha-hs3021hs3482\/#breadcrumb","itemListElement":[{"@type":"ListItem","position":1,"name":"Home","item":"https:\/\/lovemyhome.vn\/"},{"@type":"ListItem","position":2,"name":"S\u1ea3n ph\u1ea9m","item":"https:\/\/lovemyhome.vn\/cua-hang\/"},{"@type":"ListItem","position":3,"name":"\u0110\u00c8N TH\u1ea2 S\u1eaeT CORNISH E14 X\u00c1M"}]}]}},"_links":{"self":[{"href":"https:\/\/lovemyhome.vn\/en\/wp-json\/wp\/v2\/product\/7262"}],"collection":[{"href":"https:\/\/lovemyhome.vn\/en\/wp-json\/wp\/v2\/product"}],"about":[{"href":"https:\/\/lovemyhome.vn\/en\/wp-json\/wp\/v2\/types\/product"}],"wp:featuredmedia":[{"embeddable":true,"href":"https:\/\/lovemyhome.vn\/en\/wp-json\/wp\/v2\/media\/7263"}],"wp:attachment":[{"href":"https:\/\/lovemyhome.vn\/en\/wp-json\/wp\/v2\/media?parent=7262"}],"curies":[{"name":"wp","href":"https:\/\/api.w.org\/{rel}","templated":true}]}}