{"id":7268,"date":"2024-01-29T15:56:29","date_gmt":"2024-01-29T08:56:29","guid":{"rendered":"https:\/\/lovemyhome.vn\/?post_type=product&#038;p=7268"},"modified":"2024-01-30T14:01:41","modified_gmt":"2024-01-30T07:01:41","slug":"chup-den-hs3016","status":"publish","type":"product","link":"https:\/\/lovemyhome.vn\/en\/san-pham\/chup-den-hs3016\/","title":{"rendered":"(Ti\u1ebfng Vi\u1ec7t) CH\u1ee4P \u0110\u00c8N TH\u1ee6Y TINH POIRE V\u00c0NG"},"content":{"rendered":"<p class=\"qtranxs-available-languages-message qtranxs-available-languages-message-en\">Sorry, this entry is only available in <a href=\"https:\/\/lovemyhome.vn\/vi\/wp-json\/wp\/v2\/product\/7268\" class=\"qtranxs-available-language-link qtranxs-available-language-link-vi\" title=\"Ti\u1ebfng Vi\u1ec7t\">Vietnamese<\/a>.<\/p>","protected":false},"excerpt":{"rendered":"<p class=\"qtranxs-available-languages-message qtranxs-available-languages-message-en\">Sorry, this entry is only available in <a href=\"https:\/\/lovemyhome.vn\/vi\/wp-json\/wp\/v2\/product\/7268\" class=\"qtranxs-available-language-link qtranxs-available-language-link-vi\" title=\"Ti\u1ebfng Vi\u1ec7t\">Vietnamese<\/a>.<\/p>\n","protected":false},"featured_media":7269,"template":"","meta":[],"yoast_head":"<!-- This site is optimized with the Yoast SEO plugin v16.7 - https:\/\/yoast.com\/wordpress\/plugins\/seo\/ -->\n<title>(Ti\u1ebfng Vi\u1ec7t) CH\u1ee4P \u0110\u00c8N TH\u1ee6Y TINH POIRE V\u00c0NG - Lovemyhome<\/title>\n<meta name=\"description\" content=\"(Ti\u1ebfng Vi\u1ec7t) Ch\u1ee5p \u0111\u00e8n th\u1ee7y tinh Poire v\u00e0ng. Poire c\u00f3 ngh\u0129a l\u00e0 qu\u1ea3 l\u00ea trong ti\u1ebfng Ph\u00e1p. \u0110\u1ed9 d\u00e0y c\u1ee7a th\u00e0nh th\u1ee7y tinh v\u1eeba ph\u1ea3i, c\u1ea7m ch\u1eafc tay.\" \/>\n<meta name=\"robots\" content=\"index, follow, max-snippet:-1, max-image-preview:large, max-video-preview:-1\" \/>\n<link rel=\"canonical\" href=\"https:\/\/lovemyhome.vn\/san-pham\/chup-den-hs3016\/\" \/>\n<meta property=\"og:locale\" content=\"en_US\" \/>\n<meta property=\"og:type\" content=\"article\" \/>\n<meta property=\"og:title\" content=\"(Ti\u1ebfng Vi\u1ec7t) CH\u1ee4P \u0110\u00c8N TH\u1ee6Y TINH POIRE V\u00c0NG - Lovemyhome\" \/>\n<meta property=\"og:description\" content=\"{:vi}Ch\u1ee5p \u0111\u00e8n th\u1ee7y tinh Poire v\u00e0ng. Poire c\u00f3 ngh\u0129a l\u00e0 qu\u1ea3 l\u00ea trong ti\u1ebfng Ph\u00e1p. \u0110\u1ed9 d\u00e0y c\u1ee7a th\u00e0nh th\u1ee7y tinh v\u1eeba ph\u1ea3i, c\u1ea7m ch\u1eafc tay.{:}\" \/>\n<meta property=\"og:url\" content=\"https:\/\/lovemyhome.vn\/san-pham\/chup-den-hs3016\/\" \/>\n<meta property=\"og:site_name\" content=\"Lovemyhome\" \/>\n<meta property=\"article:modified_time\" content=\"2024-01-30T07:01:41+00:00\" \/>\n<meta property=\"og:image\" content=\"https:\/\/lovemyhome.vn\/wp-content\/uploads\/2024\/01\/17-1.jpg\" \/>\n\t<meta property=\"og:image:width\" content=\"800\" \/>\n\t<meta property=\"og:image:height\" content=\"800\" \/>\n<meta name=\"twitter:card\" content=\"summary\" \/>\n<meta name=\"twitter:label1\" content=\"Est. reading time\" \/>\n\t<meta name=\"twitter:data1\" content=\"1 minute\" \/>\n<script type=\"application\/ld+json\" class=\"yoast-schema-graph\">{\"@context\":\"https:\/\/schema.org\",\"@graph\":[{\"@type\":\"WebSite\",\"@id\":\"https:\/\/lovemyhome.vn\/#website\",\"url\":\"https:\/\/lovemyhome.vn\/\",\"name\":\"Lovemyhome\",\"description\":\"t\\u00f4i y\\u00eau nh\\u00e0 t\\u00f4i\",\"potentialAction\":[{\"@type\":\"SearchAction\",\"target\":{\"@type\":\"EntryPoint\",\"urlTemplate\":\"https:\/\/lovemyhome.vn\/?s={search_term_string}\"},\"query-input\":\"required name=search_term_string\"}],\"inLanguage\":\"en-US\"},{\"@type\":\"ImageObject\",\"@id\":\"https:\/\/lovemyhome.vn\/san-pham\/chup-den-hs3016\/#primaryimage\",\"inLanguage\":\"en-US\",\"url\":\"https:\/\/lovemyhome.vn\/wp-content\/uploads\/2024\/01\/17-1.jpg\",\"contentUrl\":\"https:\/\/lovemyhome.vn\/wp-content\/uploads\/2024\/01\/17-1.jpg\",\"width\":800,\"height\":800,\"caption\":\"CH\\u1ee4P \\u0110\\u00c8N TH\\u1ee6Y TINH POIRE V\\u00c0NG\"},{\"@type\":\"WebPage\",\"@id\":\"https:\/\/lovemyhome.vn\/san-pham\/chup-den-hs3016\/#webpage\",\"url\":\"https:\/\/lovemyhome.vn\/san-pham\/chup-den-hs3016\/\",\"name\":\"(Ti\\u1ebfng Vi\\u1ec7t) CH\\u1ee4P \\u0110\\u00c8N TH\\u1ee6Y TINH POIRE V\\u00c0NG - Lovemyhome\",\"isPartOf\":{\"@id\":\"https:\/\/lovemyhome.vn\/#website\"},\"primaryImageOfPage\":{\"@id\":\"https:\/\/lovemyhome.vn\/san-pham\/chup-den-hs3016\/#primaryimage\"},\"datePublished\":\"2024-01-29T08:56:29+00:00\",\"dateModified\":\"2024-01-30T07:01:41+00:00\",\"description\":\"{:vi}Ch\\u1ee5p \\u0111\\u00e8n th\\u1ee7y tinh Poire v\\u00e0ng. Poire c\\u00f3 ngh\\u0129a l\\u00e0 qu\\u1ea3 l\\u00ea trong ti\\u1ebfng Ph\\u00e1p. \\u0110\\u1ed9 d\\u00e0y c\\u1ee7a th\\u00e0nh th\\u1ee7y tinh v\\u1eeba ph\\u1ea3i, c\\u1ea7m ch\\u1eafc tay.{:}\",\"breadcrumb\":{\"@id\":\"https:\/\/lovemyhome.vn\/san-pham\/chup-den-hs3016\/#breadcrumb\"},\"inLanguage\":\"en-US\",\"potentialAction\":[{\"@type\":\"ReadAction\",\"target\":[\"https:\/\/lovemyhome.vn\/san-pham\/chup-den-hs3016\/\"]}]},{\"@type\":\"BreadcrumbList\",\"@id\":\"https:\/\/lovemyhome.vn\/san-pham\/chup-den-hs3016\/#breadcrumb\",\"itemListElement\":[{\"@type\":\"ListItem\",\"position\":1,\"name\":\"Home\",\"item\":\"https:\/\/lovemyhome.vn\/\"},{\"@type\":\"ListItem\",\"position\":2,\"name\":\"S\\u1ea3n ph\\u1ea9m\",\"item\":\"https:\/\/lovemyhome.vn\/cua-hang\/\"},{\"@type\":\"ListItem\",\"position\":3,\"name\":\"CH\\u1ee4P \\u0110\\u00c8N TH\\u1ee6Y TINH POIRE V\\u00c0NG\"}]}]}<\/script>\n<!-- \/ Yoast SEO plugin. -->","yoast_head_json":{"title":"(Ti\u1ebfng Vi\u1ec7t) CH\u1ee4P \u0110\u00c8N TH\u1ee6Y TINH POIRE V\u00c0NG - Lovemyhome","description":"(Ti\u1ebfng Vi\u1ec7t) Ch\u1ee5p \u0111\u00e8n th\u1ee7y tinh Poire v\u00e0ng. Poire c\u00f3 ngh\u0129a l\u00e0 qu\u1ea3 l\u00ea trong ti\u1ebfng Ph\u00e1p. \u0110\u1ed9 d\u00e0y c\u1ee7a th\u00e0nh th\u1ee7y tinh v\u1eeba ph\u1ea3i, c\u1ea7m ch\u1eafc tay.","robots":{"index":"index","follow":"follow","max-snippet":"max-snippet:-1","max-image-preview":"max-image-preview:large","max-video-preview":"max-video-preview:-1"},"canonical":"https:\/\/lovemyhome.vn\/san-pham\/chup-den-hs3016\/","og_locale":"en_US","og_type":"article","og_title":"(Ti\u1ebfng Vi\u1ec7t) CH\u1ee4P \u0110\u00c8N TH\u1ee6Y TINH POIRE V\u00c0NG - Lovemyhome","og_description":"{:vi}Ch\u1ee5p \u0111\u00e8n th\u1ee7y tinh Poire v\u00e0ng. Poire c\u00f3 ngh\u0129a l\u00e0 qu\u1ea3 l\u00ea trong ti\u1ebfng Ph\u00e1p. \u0110\u1ed9 d\u00e0y c\u1ee7a th\u00e0nh th\u1ee7y tinh v\u1eeba ph\u1ea3i, c\u1ea7m ch\u1eafc tay.{:}","og_url":"https:\/\/lovemyhome.vn\/san-pham\/chup-den-hs3016\/","og_site_name":"Lovemyhome","article_modified_time":"2024-01-30T07:01:41+00:00","og_image":[{"width":800,"height":800,"url":"https:\/\/lovemyhome.vn\/wp-content\/uploads\/2024\/01\/17-1.jpg","path":"\/home\/lovemyho\/public_html\/wp-content\/uploads\/2024\/01\/17-1.jpg","size":"full","id":7269,"alt":"chup-den-hs3016","pixels":640000,"type":"image\/jpeg"}],"twitter_card":"summary","twitter_misc":{"Est. reading time":"1 minute"},"schema":{"@context":"https:\/\/schema.org","@graph":[{"@type":"WebSite","@id":"https:\/\/lovemyhome.vn\/#website","url":"https:\/\/lovemyhome.vn\/","name":"Lovemyhome","description":"t\u00f4i y\u00eau nh\u00e0 t\u00f4i","potentialAction":[{"@type":"SearchAction","target":{"@type":"EntryPoint","urlTemplate":"https:\/\/lovemyhome.vn\/?s={search_term_string}"},"query-input":"required name=search_term_string"}],"inLanguage":"en-US"},{"@type":"ImageObject","@id":"https:\/\/lovemyhome.vn\/san-pham\/chup-den-hs3016\/#primaryimage","inLanguage":"en-US","url":"https:\/\/lovemyhome.vn\/wp-content\/uploads\/2024\/01\/17-1.jpg","contentUrl":"https:\/\/lovemyhome.vn\/wp-content\/uploads\/2024\/01\/17-1.jpg","width":800,"height":800,"caption":"CH\u1ee4P \u0110\u00c8N TH\u1ee6Y TINH POIRE V\u00c0NG"},{"@type":"WebPage","@id":"https:\/\/lovemyhome.vn\/san-pham\/chup-den-hs3016\/#webpage","url":"https:\/\/lovemyhome.vn\/san-pham\/chup-den-hs3016\/","name":"(Ti\u1ebfng Vi\u1ec7t) CH\u1ee4P \u0110\u00c8N TH\u1ee6Y TINH POIRE V\u00c0NG - Lovemyhome","isPartOf":{"@id":"https:\/\/lovemyhome.vn\/#website"},"primaryImageOfPage":{"@id":"https:\/\/lovemyhome.vn\/san-pham\/chup-den-hs3016\/#primaryimage"},"datePublished":"2024-01-29T08:56:29+00:00","dateModified":"2024-01-30T07:01:41+00:00","description":"{:vi}Ch\u1ee5p \u0111\u00e8n th\u1ee7y tinh Poire v\u00e0ng. Poire c\u00f3 ngh\u0129a l\u00e0 qu\u1ea3 l\u00ea trong ti\u1ebfng Ph\u00e1p. \u0110\u1ed9 d\u00e0y c\u1ee7a th\u00e0nh th\u1ee7y tinh v\u1eeba ph\u1ea3i, c\u1ea7m ch\u1eafc tay.{:}","breadcrumb":{"@id":"https:\/\/lovemyhome.vn\/san-pham\/chup-den-hs3016\/#breadcrumb"},"inLanguage":"en-US","potentialAction":[{"@type":"ReadAction","target":["https:\/\/lovemyhome.vn\/san-pham\/chup-den-hs3016\/"]}]},{"@type":"BreadcrumbList","@id":"https:\/\/lovemyhome.vn\/san-pham\/chup-den-hs3016\/#breadcrumb","itemListElement":[{"@type":"ListItem","position":1,"name":"Home","item":"https:\/\/lovemyhome.vn\/"},{"@type":"ListItem","position":2,"name":"S\u1ea3n ph\u1ea9m","item":"https:\/\/lovemyhome.vn\/cua-hang\/"},{"@type":"ListItem","position":3,"name":"CH\u1ee4P \u0110\u00c8N TH\u1ee6Y TINH POIRE V\u00c0NG"}]}]}},"_links":{"self":[{"href":"https:\/\/lovemyhome.vn\/en\/wp-json\/wp\/v2\/product\/7268"}],"collection":[{"href":"https:\/\/lovemyhome.vn\/en\/wp-json\/wp\/v2\/product"}],"about":[{"href":"https:\/\/lovemyhome.vn\/en\/wp-json\/wp\/v2\/types\/product"}],"wp:featuredmedia":[{"embeddable":true,"href":"https:\/\/lovemyhome.vn\/en\/wp-json\/wp\/v2\/media\/7269"}],"wp:attachment":[{"href":"https:\/\/lovemyhome.vn\/en\/wp-json\/wp\/v2\/media?parent=7268"}],"curies":[{"name":"wp","href":"https:\/\/api.w.org\/{rel}","templated":true}]}}