{"id":7300,"date":"2025-05-15T11:19:35","date_gmt":"2025-05-15T04:19:35","guid":{"rendered":"https:\/\/lovemyhome.vn\/?post_type=product&#038;p=7300"},"modified":"2025-05-15T13:12:08","modified_gmt":"2025-05-15T06:12:08","slug":"ghe-boc-vai","status":"publish","type":"product","link":"https:\/\/lovemyhome.vn\/en\/san-pham\/ghe-boc-vai\/","title":{"rendered":"(Ti\u1ebfng Vi\u1ec7t) Gh\u1ebf b\u1ecdc v\u1ea3i"},"content":{"rendered":"<p class=\"qtranxs-available-languages-message qtranxs-available-languages-message-en\">Sorry, this entry is only available in <a href=\"https:\/\/lovemyhome.vn\/vi\/wp-json\/wp\/v2\/product\/7300\" class=\"qtranxs-available-language-link qtranxs-available-language-link-vi\" title=\"Ti\u1ebfng Vi\u1ec7t\">Vietnamese<\/a>.<\/p>","protected":false},"excerpt":{"rendered":"<p class=\"qtranxs-available-languages-message qtranxs-available-languages-message-en\">Sorry, this entry is only available in <a href=\"https:\/\/lovemyhome.vn\/vi\/wp-json\/wp\/v2\/product\/7300\" class=\"qtranxs-available-language-link qtranxs-available-language-link-vi\" title=\"Ti\u1ebfng Vi\u1ec7t\">Vietnamese<\/a>.<\/p>\n","protected":false},"featured_media":7302,"template":"","meta":[],"yoast_head":"<!-- This site is optimized with the Yoast SEO plugin v16.7 - https:\/\/yoast.com\/wordpress\/plugins\/seo\/ -->\n<title>(Ti\u1ebfng Vi\u1ec7t) Gh\u1ebf b\u1ecdc v\u1ea3i - Lovemyhome<\/title>\n<meta name=\"description\" content=\"(Ti\u1ebfng Vi\u1ec7t) Gh\u1ebf b\u1ecdc v\u1ea3i v\u1edbi khung g\u1ed7 r\u1eafn ch\u1eafc k\u1ebft h\u1ee3p v\u1edbi \u0111\u1ec7m v\u1ea3i d\u00e0y t\u1ea1o s\u1ef1 \u00eam \u00e1i cho ng\u01b0\u1eddi s\u1eed d\u1ee5ng. Gh\u1ebf b\u1ecdc v\u1ea3i s\u1ea3n xu\u1ea5t th\u1ee7 c\u00f4ng n\u00ean c\u1ea7n \u0111\u01b0\u1ee3c \u0111\u1eb7t h\u00e0ng tr\u01b0\u1edbc. 0913123345\" \/>\n<meta name=\"robots\" content=\"index, follow, max-snippet:-1, max-image-preview:large, max-video-preview:-1\" \/>\n<link rel=\"canonical\" href=\"https:\/\/lovemyhome.vn\/san-pham\/ghe-boc-vai\/\" \/>\n<meta property=\"og:locale\" content=\"en_US\" \/>\n<meta property=\"og:type\" content=\"article\" \/>\n<meta property=\"og:title\" content=\"(Ti\u1ebfng Vi\u1ec7t) Gh\u1ebf b\u1ecdc v\u1ea3i - Lovemyhome\" \/>\n<meta property=\"og:description\" content=\"{:vi}Gh\u1ebf b\u1ecdc v\u1ea3i v\u1edbi khung g\u1ed7 r\u1eafn ch\u1eafc k\u1ebft h\u1ee3p v\u1edbi \u0111\u1ec7m v\u1ea3i d\u00e0y t\u1ea1o s\u1ef1 \u00eam \u00e1i cho ng\u01b0\u1eddi s\u1eed d\u1ee5ng. Gh\u1ebf b\u1ecdc v\u1ea3i s\u1ea3n xu\u1ea5t th\u1ee7 c\u00f4ng n\u00ean c\u1ea7n \u0111\u01b0\u1ee3c \u0111\u1eb7t h\u00e0ng tr\u01b0\u1edbc. 0913123345{:}\" \/>\n<meta property=\"og:url\" content=\"https:\/\/lovemyhome.vn\/san-pham\/ghe-boc-vai\/\" \/>\n<meta property=\"og:site_name\" content=\"Lovemyhome\" \/>\n<meta property=\"article:modified_time\" content=\"2025-05-15T06:12:08+00:00\" \/>\n<meta property=\"og:image\" content=\"https:\/\/lovemyhome.vn\/wp-content\/uploads\/2025\/05\/MG_6017-scaled.jpg\" \/>\n\t<meta property=\"og:image:width\" content=\"1707\" \/>\n\t<meta property=\"og:image:height\" content=\"2560\" \/>\n<meta name=\"twitter:card\" content=\"summary\" \/>\n<meta name=\"twitter:label1\" content=\"Est. reading time\" \/>\n\t<meta name=\"twitter:data1\" content=\"1 minute\" \/>\n<script type=\"application\/ld+json\" class=\"yoast-schema-graph\">{\"@context\":\"https:\/\/schema.org\",\"@graph\":[{\"@type\":\"WebSite\",\"@id\":\"https:\/\/lovemyhome.vn\/#website\",\"url\":\"https:\/\/lovemyhome.vn\/\",\"name\":\"Lovemyhome\",\"description\":\"t\\u00f4i y\\u00eau nh\\u00e0 t\\u00f4i\",\"potentialAction\":[{\"@type\":\"SearchAction\",\"target\":{\"@type\":\"EntryPoint\",\"urlTemplate\":\"https:\/\/lovemyhome.vn\/?s={search_term_string}\"},\"query-input\":\"required name=search_term_string\"}],\"inLanguage\":\"en-US\"},{\"@type\":\"ImageObject\",\"@id\":\"https:\/\/lovemyhome.vn\/san-pham\/ghe-boc-vai\/#primaryimage\",\"inLanguage\":\"en-US\",\"url\":\"https:\/\/lovemyhome.vn\/wp-content\/uploads\/2025\/05\/MG_6017-scaled.jpg\",\"contentUrl\":\"https:\/\/lovemyhome.vn\/wp-content\/uploads\/2025\/05\/MG_6017-scaled.jpg\",\"width\":1707,\"height\":2560},{\"@type\":\"WebPage\",\"@id\":\"https:\/\/lovemyhome.vn\/san-pham\/ghe-boc-vai\/#webpage\",\"url\":\"https:\/\/lovemyhome.vn\/san-pham\/ghe-boc-vai\/\",\"name\":\"(Ti\\u1ebfng Vi\\u1ec7t) Gh\\u1ebf b\\u1ecdc v\\u1ea3i - Lovemyhome\",\"isPartOf\":{\"@id\":\"https:\/\/lovemyhome.vn\/#website\"},\"primaryImageOfPage\":{\"@id\":\"https:\/\/lovemyhome.vn\/san-pham\/ghe-boc-vai\/#primaryimage\"},\"datePublished\":\"2025-05-15T04:19:35+00:00\",\"dateModified\":\"2025-05-15T06:12:08+00:00\",\"description\":\"{:vi}Gh\\u1ebf b\\u1ecdc v\\u1ea3i v\\u1edbi khung g\\u1ed7 r\\u1eafn ch\\u1eafc k\\u1ebft h\\u1ee3p v\\u1edbi \\u0111\\u1ec7m v\\u1ea3i d\\u00e0y t\\u1ea1o s\\u1ef1 \\u00eam \\u00e1i cho ng\\u01b0\\u1eddi s\\u1eed d\\u1ee5ng. Gh\\u1ebf b\\u1ecdc v\\u1ea3i s\\u1ea3n xu\\u1ea5t th\\u1ee7 c\\u00f4ng n\\u00ean c\\u1ea7n \\u0111\\u01b0\\u1ee3c \\u0111\\u1eb7t h\\u00e0ng tr\\u01b0\\u1edbc. 0913123345{:}\",\"breadcrumb\":{\"@id\":\"https:\/\/lovemyhome.vn\/san-pham\/ghe-boc-vai\/#breadcrumb\"},\"inLanguage\":\"en-US\",\"potentialAction\":[{\"@type\":\"ReadAction\",\"target\":[\"https:\/\/lovemyhome.vn\/san-pham\/ghe-boc-vai\/\"]}]},{\"@type\":\"BreadcrumbList\",\"@id\":\"https:\/\/lovemyhome.vn\/san-pham\/ghe-boc-vai\/#breadcrumb\",\"itemListElement\":[{\"@type\":\"ListItem\",\"position\":1,\"name\":\"Home\",\"item\":\"https:\/\/lovemyhome.vn\/\"},{\"@type\":\"ListItem\",\"position\":2,\"name\":\"S\\u1ea3n ph\\u1ea9m\",\"item\":\"https:\/\/lovemyhome.vn\/cua-hang\/\"},{\"@type\":\"ListItem\",\"position\":3,\"name\":\"Gh\\u1ebf b\\u1ecdc v\\u1ea3i\"}]}]}<\/script>\n<!-- \/ Yoast SEO plugin. -->","yoast_head_json":{"title":"(Ti\u1ebfng Vi\u1ec7t) Gh\u1ebf b\u1ecdc v\u1ea3i - Lovemyhome","description":"(Ti\u1ebfng Vi\u1ec7t) Gh\u1ebf b\u1ecdc v\u1ea3i v\u1edbi khung g\u1ed7 r\u1eafn ch\u1eafc k\u1ebft h\u1ee3p v\u1edbi \u0111\u1ec7m v\u1ea3i d\u00e0y t\u1ea1o s\u1ef1 \u00eam \u00e1i cho ng\u01b0\u1eddi s\u1eed d\u1ee5ng. Gh\u1ebf b\u1ecdc v\u1ea3i s\u1ea3n xu\u1ea5t th\u1ee7 c\u00f4ng n\u00ean c\u1ea7n \u0111\u01b0\u1ee3c \u0111\u1eb7t h\u00e0ng tr\u01b0\u1edbc. 0913123345","robots":{"index":"index","follow":"follow","max-snippet":"max-snippet:-1","max-image-preview":"max-image-preview:large","max-video-preview":"max-video-preview:-1"},"canonical":"https:\/\/lovemyhome.vn\/san-pham\/ghe-boc-vai\/","og_locale":"en_US","og_type":"article","og_title":"(Ti\u1ebfng Vi\u1ec7t) Gh\u1ebf b\u1ecdc v\u1ea3i - Lovemyhome","og_description":"{:vi}Gh\u1ebf b\u1ecdc v\u1ea3i v\u1edbi khung g\u1ed7 r\u1eafn ch\u1eafc k\u1ebft h\u1ee3p v\u1edbi \u0111\u1ec7m v\u1ea3i d\u00e0y t\u1ea1o s\u1ef1 \u00eam \u00e1i cho ng\u01b0\u1eddi s\u1eed d\u1ee5ng. Gh\u1ebf b\u1ecdc v\u1ea3i s\u1ea3n xu\u1ea5t th\u1ee7 c\u00f4ng n\u00ean c\u1ea7n \u0111\u01b0\u1ee3c \u0111\u1eb7t h\u00e0ng tr\u01b0\u1edbc. 0913123345{:}","og_url":"https:\/\/lovemyhome.vn\/san-pham\/ghe-boc-vai\/","og_site_name":"Lovemyhome","article_modified_time":"2025-05-15T06:12:08+00:00","og_image":[{"width":1707,"height":2560,"url":"https:\/\/lovemyhome.vn\/wp-content\/uploads\/2025\/05\/MG_6017-scaled.jpg","path":"\/home\/lovemyho\/public_html\/wp-content\/uploads\/2025\/05\/MG_6017-scaled.jpg","size":"full","id":7302,"alt":"","pixels":4369920,"type":"image\/jpeg"}],"twitter_card":"summary","twitter_misc":{"Est. reading time":"1 minute"},"schema":{"@context":"https:\/\/schema.org","@graph":[{"@type":"WebSite","@id":"https:\/\/lovemyhome.vn\/#website","url":"https:\/\/lovemyhome.vn\/","name":"Lovemyhome","description":"t\u00f4i y\u00eau nh\u00e0 t\u00f4i","potentialAction":[{"@type":"SearchAction","target":{"@type":"EntryPoint","urlTemplate":"https:\/\/lovemyhome.vn\/?s={search_term_string}"},"query-input":"required name=search_term_string"}],"inLanguage":"en-US"},{"@type":"ImageObject","@id":"https:\/\/lovemyhome.vn\/san-pham\/ghe-boc-vai\/#primaryimage","inLanguage":"en-US","url":"https:\/\/lovemyhome.vn\/wp-content\/uploads\/2025\/05\/MG_6017-scaled.jpg","contentUrl":"https:\/\/lovemyhome.vn\/wp-content\/uploads\/2025\/05\/MG_6017-scaled.jpg","width":1707,"height":2560},{"@type":"WebPage","@id":"https:\/\/lovemyhome.vn\/san-pham\/ghe-boc-vai\/#webpage","url":"https:\/\/lovemyhome.vn\/san-pham\/ghe-boc-vai\/","name":"(Ti\u1ebfng Vi\u1ec7t) Gh\u1ebf b\u1ecdc v\u1ea3i - Lovemyhome","isPartOf":{"@id":"https:\/\/lovemyhome.vn\/#website"},"primaryImageOfPage":{"@id":"https:\/\/lovemyhome.vn\/san-pham\/ghe-boc-vai\/#primaryimage"},"datePublished":"2025-05-15T04:19:35+00:00","dateModified":"2025-05-15T06:12:08+00:00","description":"{:vi}Gh\u1ebf b\u1ecdc v\u1ea3i v\u1edbi khung g\u1ed7 r\u1eafn ch\u1eafc k\u1ebft h\u1ee3p v\u1edbi \u0111\u1ec7m v\u1ea3i d\u00e0y t\u1ea1o s\u1ef1 \u00eam \u00e1i cho ng\u01b0\u1eddi s\u1eed d\u1ee5ng. Gh\u1ebf b\u1ecdc v\u1ea3i s\u1ea3n xu\u1ea5t th\u1ee7 c\u00f4ng n\u00ean c\u1ea7n \u0111\u01b0\u1ee3c \u0111\u1eb7t h\u00e0ng tr\u01b0\u1edbc. 0913123345{:}","breadcrumb":{"@id":"https:\/\/lovemyhome.vn\/san-pham\/ghe-boc-vai\/#breadcrumb"},"inLanguage":"en-US","potentialAction":[{"@type":"ReadAction","target":["https:\/\/lovemyhome.vn\/san-pham\/ghe-boc-vai\/"]}]},{"@type":"BreadcrumbList","@id":"https:\/\/lovemyhome.vn\/san-pham\/ghe-boc-vai\/#breadcrumb","itemListElement":[{"@type":"ListItem","position":1,"name":"Home","item":"https:\/\/lovemyhome.vn\/"},{"@type":"ListItem","position":2,"name":"S\u1ea3n ph\u1ea9m","item":"https:\/\/lovemyhome.vn\/cua-hang\/"},{"@type":"ListItem","position":3,"name":"Gh\u1ebf b\u1ecdc v\u1ea3i"}]}]}},"_links":{"self":[{"href":"https:\/\/lovemyhome.vn\/en\/wp-json\/wp\/v2\/product\/7300"}],"collection":[{"href":"https:\/\/lovemyhome.vn\/en\/wp-json\/wp\/v2\/product"}],"about":[{"href":"https:\/\/lovemyhome.vn\/en\/wp-json\/wp\/v2\/types\/product"}],"wp:featuredmedia":[{"embeddable":true,"href":"https:\/\/lovemyhome.vn\/en\/wp-json\/wp\/v2\/media\/7302"}],"wp:attachment":[{"href":"https:\/\/lovemyhome.vn\/en\/wp-json\/wp\/v2\/media?parent=7300"}],"curies":[{"name":"wp","href":"https:\/\/api.w.org\/{rel}","templated":true}]}}